{"id":161908,"date":"2025-08-22T19:41:11","date_gmt":"2025-08-22T17:41:11","guid":{"rendered":"https:\/\/rockers.de\/?post_type=product&#038;p=161908"},"modified":"2025-08-27T17:15:03","modified_gmt":"2025-08-27T15:15:03","slug":"air-moon-safari-lp-vinyl-eu-1998-sealed","status":"publish","type":"product","link":"https:\/\/rockers.de\/en\/record\/air-moon-safari-lp-vinyl-eu-1998-sealed\/","title":{"rendered":"AIR-Moon Safari-LP Vinyl EU 1998 sealed"},"content":{"rendered":"<p>Includes printed inner sleeve<br \/>\nBesides being a different mastering, this issue has slightly different label and back cover design compared to the other [url=http:\/\/www.discogs.com\/release\/412038]European edition[\/url]<\/p>\n<p>Enregistr\u00e9 par Jean-Beno\u00eet Dunckel et Nicolas Godin au studio &#8222;Around the Golf&#8220; at par St\u00e9phane &#8222;Alf&#8220; Briat au studio Gang (Paris, assist\u00e9 de J\u00e9r\u00f4me Kerner) [Recorded by Jean-Beno\u00eet Dunckel and Nicolas Godin at &#8222;Around the Golf&#8220; and by St\u00e9phane &#8222;Alf&#8220; Briat at Studio Gang (Paris, assisted by J\u00e9r\u00f4me Kerner.)]<\/p>\n<p>Cordes enregistr\u00e9es \u00e1 Abbey Road Studios (Londres) [&#8230;]. [Strings recorded at Abbey Road Studios (London).]<\/p>\n<p>Mix\u00e9 [&#8230;] aux studios Plus XXX  (Paris [&#8230;]). [Mixed at Plus XXX Studios (Paris).]<br \/>\nMasteris\u00e9 [&#8230;] \u00e0 The Exchange (Londres). [Mastering at The Exchange (London)]<\/p>\n<p>Revolvair [Logo]<br \/>\nMCA [Logo]<br \/>\nDelabel Editions [Logo]<br \/>\nSource [Logo]<br \/>\nVirgin [Logo]<\/p>\n<p>Editions pour la France &amp; la Belgique :<br \/>\nRevolvair \/ Delabel Editions sauf A3 &amp; B3<br \/>\nRevolvair \/ Delabel Editions \/ Polygram Editions<\/p>\n<p>Editions pour le reste du monde :<br \/>\nRevolvair \/ MCA Publishing sauf A3 &amp; B3<br \/>\nRevolvair \/ MCA Publishing \/ Polygram Editions<\/p>\n<p>\u00a9 1998 Virgin France S.A.<\/p>\n<p>(P) &amp; (C) Source 1998<\/p>\n<p>Printed in the EU.<\/p>\n<p>Made in the EU.<\/p>\n","protected":false},"excerpt":{"rendered":"<p>Includes printed inner sleeve<br \/>\nBesides being a different mastering, this issue has slightly different label and back cover design compared to the other [url=http:\/\/www.discogs.com\/release\/412038]European edition[\/url]<\/p>\n<p>Enregistr\u00e9 par Jean-Beno\u00eet Dunckel et Nicolas Godin au studio &#8222;Around the Golf&#8220; at par St\u00e9phane &#8222;Alf&#8220; Briat au studio Gang (Paris, assist\u00e9 de J\u00e9r\u00f4me Kerner) [Recorded by Jean-Beno\u00eet Dunckel and Nicolas Godin at &#8222;Around the Golf&#8220; and by St\u00e9phane &#8222;Alf&#8220; Briat at Studio Gang (Paris, assisted by J\u00e9r\u00f4me Kerner.)]<\/p>\n<p>Cordes enregistr\u00e9es \u00e1 Abbey Road Studios (Londres) [&#8230;]. [Strings recorded at Abbey Road Studios (London).]<\/p>\n<p>Mix\u00e9 [&#8230;] aux studios Plus XXX (Paris [&#8230;]). [Mixed at Plus XXX Studios (Paris).]<br \/>\nMasteris\u00e9 [&#8230;] \u00e0 The Exchange (Londres). [Mastering at The Exchange (London)]<\/p>\n<p>Revolvair [Logo]<br \/>\nMCA [Logo]<br \/>\nDelabel Editions [Logo]<br \/>\nSource [Logo]<br \/>\nVirgin [Logo]<\/p>\n<p>Editions pour la France &amp; la Belgique :<br \/>\nRevolvair \/ Delabel Editions sauf A3 &amp; B3<br \/>\nRevolvair \/ Delabel Editions \/ Polygram Editions<\/p>\n<p>Editions pour le reste du monde :<br \/>\nRevolvair \/ MCA Publishing sauf A3 &amp; B3<br \/>\nRevolvair \/ MCA Publishing \/ Polygram Editions<\/p>\n<p>\u00a9 1998 Virgin France S.A.<\/p>\n<p>(P) &amp; (C) Source 1998<\/p>\n<p>Printed in the EU.<\/p>\n<p>Made in the EU.<\/p>\n","protected":false},"featured_media":161911,"template":"","meta":{"_acf_changed":false},"product_brand":[],"product_cat":[295],"product_tag":[],"class_list":{"0":"post-161908","1":"product","2":"type-product","3":"status-publish","4":"has-post-thumbnail","6":"product_cat-dance","7":"pa_att_artist-air","8":"pa_att_format-lp-vinyl","9":"pa_att_genre-dance","10":"pa_att_jahr-207","11":"pa_att_label-source","12":"pa_att_label-virgin","13":"pa_att_land-europe","15":"first","16":"outofstock","17":"taxable","18":"shipping-taxable","19":"purchasable","20":"product-type-simple"},"acf":[],"yoast_head":"<!-- This site is optimized with the Yoast SEO plugin v27.2 - https:\/\/yoast.com\/product\/yoast-seo-wordpress\/ -->\n<title>AIR-Moon Safari-LP Vinyl EU 1998 sealed - Rockers Records<\/title>\n<meta name=\"robots\" content=\"index, follow, max-snippet:-1, max-image-preview:large, max-video-preview:-1\" \/>\n<link rel=\"canonical\" href=\"https:\/\/rockers.de\/en\/record\/air-moon-safari-lp-vinyl-eu-1998-sealed\/\" \/>\n<meta property=\"og:locale\" content=\"en_US\" \/>\n<meta property=\"og:type\" content=\"article\" \/>\n<meta property=\"og:title\" content=\"AIR-Moon Safari-LP Vinyl EU 1998 sealed - Rockers Records\" \/>\n<meta property=\"og:description\" content=\"Includes printed inner sleeve Besides being a different mastering, this issue has slightly different label and back cover design compared to the other [url=http:\/\/www.discogs.com\/release\/412038]European edition[\/url]  Enregistr\u00e9 par Jean-Beno\u00eet Dunckel et Nicolas Godin au studio &quot;Around the Golf&quot; at par St\u00e9phane &quot;Alf&quot; Briat au studio Gang (Paris, assist\u00e9 de J\u00e9r\u00f4me Kerner) [Recorded by Jean-Beno\u00eet Dunckel and Nicolas Godin at &quot;Around the Golf&quot; and by St\u00e9phane &quot;Alf&quot; Briat at Studio Gang (Paris, assisted by J\u00e9r\u00f4me Kerner.)]  Cordes enregistr\u00e9es \u00e1 Abbey Road Studios (Londres) [...]. [Strings recorded at Abbey Road Studios (London).]  Mix\u00e9 [...] aux studios Plus XXX (Paris [...]). [Mixed at Plus XXX Studios (Paris).] Masteris\u00e9 [...] \u00e0 The Exchange (Londres). [Mastering at The Exchange (London)]  Revolvair [Logo] MCA [Logo] Delabel Editions [Logo] Source [Logo] Virgin [Logo]  Editions pour la France &amp; la Belgique : Revolvair \/ Delabel Editions sauf A3 &amp; B3 Revolvair \/ Delabel Editions \/ Polygram Editions  Editions pour le reste du monde : Revolvair \/ MCA Publishing sauf A3 &amp; B3 Revolvair \/ MCA Publishing \/ Polygram Editions  \u00a9 1998 Virgin France S.A.  (P) &amp; (C) Source 1998  Printed in the EU.  Made in the EU.\" \/>\n<meta property=\"og:url\" content=\"https:\/\/rockers.de\/en\/record\/air-moon-safari-lp-vinyl-eu-1998-sealed\/\" \/>\n<meta property=\"og:site_name\" content=\"Rockers Records\" \/>\n<meta property=\"article:modified_time\" content=\"2025-08-27T15:15:03+00:00\" \/>\n<meta property=\"og:image\" content=\"https:\/\/rockers.de\/wp-content\/uploads\/2025\/08\/AIR-Moon-Safari-LP-Vinyl-EU-1998-sealed-1.jpg\" \/>\n\t<meta property=\"og:image:width\" content=\"1800\" \/>\n\t<meta property=\"og:image:height\" content=\"1859\" \/>\n\t<meta property=\"og:image:type\" content=\"image\/jpeg\" \/>\n<meta name=\"twitter:card\" content=\"summary_large_image\" \/>\n<meta name=\"twitter:label1\" content=\"Est. reading time\" \/>\n\t<meta name=\"twitter:data1\" content=\"2 minutes\" \/>\n<script type=\"application\/ld+json\" class=\"yoast-schema-graph\">{\"@context\":\"https:\/\/schema.org\",\"@graph\":[{\"@type\":\"WebPage\",\"@id\":\"https:\/\/rockers.de\/record\/air-moon-safari-lp-vinyl-eu-1998-sealed\/\",\"url\":\"https:\/\/rockers.de\/record\/air-moon-safari-lp-vinyl-eu-1998-sealed\/\",\"name\":\"AIR-Moon Safari-LP Vinyl EU 1998 sealed - Rockers Records\",\"isPartOf\":{\"@id\":\"https:\/\/rockers.de\/#website\"},\"primaryImageOfPage\":{\"@id\":\"https:\/\/rockers.de\/record\/air-moon-safari-lp-vinyl-eu-1998-sealed\/#primaryimage\"},\"image\":{\"@id\":\"https:\/\/rockers.de\/record\/air-moon-safari-lp-vinyl-eu-1998-sealed\/#primaryimage\"},\"thumbnailUrl\":\"https:\/\/rockers.de\/wp-content\/uploads\/2025\/08\/AIR-Moon-Safari-LP-Vinyl-EU-1998-sealed-1.jpg\",\"datePublished\":\"2025-08-22T17:41:11+00:00\",\"dateModified\":\"2025-08-27T15:15:03+00:00\",\"breadcrumb\":{\"@id\":\"https:\/\/rockers.de\/record\/air-moon-safari-lp-vinyl-eu-1998-sealed\/#breadcrumb\"},\"inLanguage\":\"en-US\",\"potentialAction\":[{\"@type\":\"ReadAction\",\"target\":[\"https:\/\/rockers.de\/record\/air-moon-safari-lp-vinyl-eu-1998-sealed\/\"]}]},{\"@type\":\"ImageObject\",\"inLanguage\":\"en-US\",\"@id\":\"https:\/\/rockers.de\/record\/air-moon-safari-lp-vinyl-eu-1998-sealed\/#primaryimage\",\"url\":\"https:\/\/rockers.de\/wp-content\/uploads\/2025\/08\/AIR-Moon-Safari-LP-Vinyl-EU-1998-sealed-1.jpg\",\"contentUrl\":\"https:\/\/rockers.de\/wp-content\/uploads\/2025\/08\/AIR-Moon-Safari-LP-Vinyl-EU-1998-sealed-1.jpg\",\"width\":1800,\"height\":1859,\"caption\":\"AIR-Moon Safari-LP Vinyl EU 1998 sealed\"},{\"@type\":\"BreadcrumbList\",\"@id\":\"https:\/\/rockers.de\/record\/air-moon-safari-lp-vinyl-eu-1998-sealed\/#breadcrumb\",\"itemListElement\":[{\"@type\":\"ListItem\",\"position\":1,\"name\":\"Startseite\",\"item\":\"https:\/\/rockers.de\/\"},{\"@type\":\"ListItem\",\"position\":2,\"name\":\"Shop\",\"item\":\"https:\/\/rockers.de\/shop\/\"},{\"@type\":\"ListItem\",\"position\":3,\"name\":\"AIR-Moon Safari-LP Vinyl EU 1998 sealed\"}]},{\"@type\":\"WebSite\",\"@id\":\"https:\/\/rockers.de\/#website\",\"url\":\"https:\/\/rockers.de\/\",\"name\":\"Rockers Records\",\"description\":\"Dein Schallplatten Store in Hannover\",\"publisher\":{\"@id\":\"https:\/\/rockers.de\/#organization\"},\"potentialAction\":[{\"@type\":\"SearchAction\",\"target\":{\"@type\":\"EntryPoint\",\"urlTemplate\":\"https:\/\/rockers.de\/?s={search_term_string}\"},\"query-input\":{\"@type\":\"PropertyValueSpecification\",\"valueRequired\":true,\"valueName\":\"search_term_string\"}}],\"inLanguage\":\"en-US\"},{\"@type\":\"Organization\",\"@id\":\"https:\/\/rockers.de\/#organization\",\"name\":\"Rockers Records\",\"url\":\"https:\/\/rockers.de\/\",\"logo\":{\"@type\":\"ImageObject\",\"inLanguage\":\"en-US\",\"@id\":\"https:\/\/rockers.de\/#\/schema\/logo\/image\/\",\"url\":\"https:\/\/rockers.de\/wp-content\/uploads\/2022\/07\/Neue-Website-2022.jpg\",\"contentUrl\":\"https:\/\/rockers.de\/wp-content\/uploads\/2022\/07\/Neue-Website-2022.jpg\",\"width\":800,\"height\":800,\"caption\":\"Rockers Records\"},\"image\":{\"@id\":\"https:\/\/rockers.de\/#\/schema\/logo\/image\/\"}}]}<\/script>\n<!-- \/ Yoast SEO plugin. -->","yoast_head_json":{"title":"AIR-Moon Safari-LP Vinyl EU 1998 sealed - Rockers Records","robots":{"index":"index","follow":"follow","max-snippet":"max-snippet:-1","max-image-preview":"max-image-preview:large","max-video-preview":"max-video-preview:-1"},"canonical":"https:\/\/rockers.de\/en\/record\/air-moon-safari-lp-vinyl-eu-1998-sealed\/","og_locale":"en_US","og_type":"article","og_title":"AIR-Moon Safari-LP Vinyl EU 1998 sealed - Rockers Records","og_description":"Includes printed inner sleeve Besides being a different mastering, this issue has slightly different label and back cover design compared to the other [url=http:\/\/www.discogs.com\/release\/412038]European edition[\/url]  Enregistr\u00e9 par Jean-Beno\u00eet Dunckel et Nicolas Godin au studio \"Around the Golf\" at par St\u00e9phane \"Alf\" Briat au studio Gang (Paris, assist\u00e9 de J\u00e9r\u00f4me Kerner) [Recorded by Jean-Beno\u00eet Dunckel and Nicolas Godin at \"Around the Golf\" and by St\u00e9phane \"Alf\" Briat at Studio Gang (Paris, assisted by J\u00e9r\u00f4me Kerner.)]  Cordes enregistr\u00e9es \u00e1 Abbey Road Studios (Londres) [...]. [Strings recorded at Abbey Road Studios (London).]  Mix\u00e9 [...] aux studios Plus XXX (Paris [...]). [Mixed at Plus XXX Studios (Paris).] Masteris\u00e9 [...] \u00e0 The Exchange (Londres). [Mastering at The Exchange (London)]  Revolvair [Logo] MCA [Logo] Delabel Editions [Logo] Source [Logo] Virgin [Logo]  Editions pour la France &amp; la Belgique : Revolvair \/ Delabel Editions sauf A3 &amp; B3 Revolvair \/ Delabel Editions \/ Polygram Editions  Editions pour le reste du monde : Revolvair \/ MCA Publishing sauf A3 &amp; B3 Revolvair \/ MCA Publishing \/ Polygram Editions  \u00a9 1998 Virgin France S.A.  (P) &amp; (C) Source 1998  Printed in the EU.  Made in the EU.","og_url":"https:\/\/rockers.de\/en\/record\/air-moon-safari-lp-vinyl-eu-1998-sealed\/","og_site_name":"Rockers Records","article_modified_time":"2025-08-27T15:15:03+00:00","og_image":[{"width":1800,"height":1859,"url":"https:\/\/rockers.de\/wp-content\/uploads\/2025\/08\/AIR-Moon-Safari-LP-Vinyl-EU-1998-sealed-1.jpg","type":"image\/jpeg"}],"twitter_card":"summary_large_image","twitter_misc":{"Est. reading time":"2 minutes"},"schema":{"@context":"https:\/\/schema.org","@graph":[{"@type":"WebPage","@id":"https:\/\/rockers.de\/record\/air-moon-safari-lp-vinyl-eu-1998-sealed\/","url":"https:\/\/rockers.de\/record\/air-moon-safari-lp-vinyl-eu-1998-sealed\/","name":"AIR-Moon Safari-LP Vinyl EU 1998 sealed - Rockers Records","isPartOf":{"@id":"https:\/\/rockers.de\/#website"},"primaryImageOfPage":{"@id":"https:\/\/rockers.de\/record\/air-moon-safari-lp-vinyl-eu-1998-sealed\/#primaryimage"},"image":{"@id":"https:\/\/rockers.de\/record\/air-moon-safari-lp-vinyl-eu-1998-sealed\/#primaryimage"},"thumbnailUrl":"https:\/\/rockers.de\/wp-content\/uploads\/2025\/08\/AIR-Moon-Safari-LP-Vinyl-EU-1998-sealed-1.jpg","datePublished":"2025-08-22T17:41:11+00:00","dateModified":"2025-08-27T15:15:03+00:00","breadcrumb":{"@id":"https:\/\/rockers.de\/record\/air-moon-safari-lp-vinyl-eu-1998-sealed\/#breadcrumb"},"inLanguage":"en-US","potentialAction":[{"@type":"ReadAction","target":["https:\/\/rockers.de\/record\/air-moon-safari-lp-vinyl-eu-1998-sealed\/"]}]},{"@type":"ImageObject","inLanguage":"en-US","@id":"https:\/\/rockers.de\/record\/air-moon-safari-lp-vinyl-eu-1998-sealed\/#primaryimage","url":"https:\/\/rockers.de\/wp-content\/uploads\/2025\/08\/AIR-Moon-Safari-LP-Vinyl-EU-1998-sealed-1.jpg","contentUrl":"https:\/\/rockers.de\/wp-content\/uploads\/2025\/08\/AIR-Moon-Safari-LP-Vinyl-EU-1998-sealed-1.jpg","width":1800,"height":1859,"caption":"AIR-Moon Safari-LP Vinyl EU 1998 sealed"},{"@type":"BreadcrumbList","@id":"https:\/\/rockers.de\/record\/air-moon-safari-lp-vinyl-eu-1998-sealed\/#breadcrumb","itemListElement":[{"@type":"ListItem","position":1,"name":"Startseite","item":"https:\/\/rockers.de\/"},{"@type":"ListItem","position":2,"name":"Shop","item":"https:\/\/rockers.de\/shop\/"},{"@type":"ListItem","position":3,"name":"AIR-Moon Safari-LP Vinyl EU 1998 sealed"}]},{"@type":"WebSite","@id":"https:\/\/rockers.de\/#website","url":"https:\/\/rockers.de\/","name":"Rockers Records","description":"Your record store in Hanover","publisher":{"@id":"https:\/\/rockers.de\/#organization"},"potentialAction":[{"@type":"SearchAction","target":{"@type":"EntryPoint","urlTemplate":"https:\/\/rockers.de\/?s={search_term_string}"},"query-input":{"@type":"PropertyValueSpecification","valueRequired":true,"valueName":"search_term_string"}}],"inLanguage":"en-US"},{"@type":"Organization","@id":"https:\/\/rockers.de\/#organization","name":"Rockers Records","url":"https:\/\/rockers.de\/","logo":{"@type":"ImageObject","inLanguage":"en-US","@id":"https:\/\/rockers.de\/#\/schema\/logo\/image\/","url":"https:\/\/rockers.de\/wp-content\/uploads\/2022\/07\/Neue-Website-2022.jpg","contentUrl":"https:\/\/rockers.de\/wp-content\/uploads\/2022\/07\/Neue-Website-2022.jpg","width":800,"height":800,"caption":"Rockers Records"},"image":{"@id":"https:\/\/rockers.de\/#\/schema\/logo\/image\/"}}]}},"_links":{"self":[{"href":"https:\/\/rockers.de\/en\/wp-json\/wp\/v2\/product\/161908","targetHints":{"allow":["GET"]}}],"collection":[{"href":"https:\/\/rockers.de\/en\/wp-json\/wp\/v2\/product"}],"about":[{"href":"https:\/\/rockers.de\/en\/wp-json\/wp\/v2\/types\/product"}],"wp:featuredmedia":[{"embeddable":true,"href":"https:\/\/rockers.de\/en\/wp-json\/wp\/v2\/media\/161911"}],"wp:attachment":[{"href":"https:\/\/rockers.de\/en\/wp-json\/wp\/v2\/media?parent=161908"}],"wp:term":[{"taxonomy":"product_brand","embeddable":true,"href":"https:\/\/rockers.de\/en\/wp-json\/wp\/v2\/product_brand?post=161908"},{"taxonomy":"product_cat","embeddable":true,"href":"https:\/\/rockers.de\/en\/wp-json\/wp\/v2\/product_cat?post=161908"},{"taxonomy":"product_tag","embeddable":true,"href":"https:\/\/rockers.de\/en\/wp-json\/wp\/v2\/product_tag?post=161908"}],"curies":[{"name":"wp","href":"https:\/\/api.w.org\/{rel}","templated":true}]}}