{"id":161697,"date":"2025-08-19T10:55:36","date_gmt":"2025-08-19T08:55:36","guid":{"rendered":"https:\/\/rockers.de\/?post_type=product&#038;p=161697"},"modified":"2026-01-12T01:35:03","modified_gmt":"2026-01-12T00:35:03","slug":"drei-akkorde-beim-naechsten-mal-splitt-lp-vinyl","status":"publish","type":"product","link":"https:\/\/rockers.de\/en\/record\/drei-akkorde-beim-naechsten-mal-splitt-lp-vinyl\/","title":{"rendered":"Drei Akkorde Beim N\u00e4chsten Mal-Split-LP Vinyl"},"content":{"rendered":"<p>Random coloured vinyl, with insert and stickers.<\/p>","protected":false},"excerpt":{"rendered":"<p>comes with lyrics sheet &amp; two stickers<\/p>\n<p>MitGift:<br \/>\nVielen Dank 3 Akkorde Punk!<br \/>\nAufgenommen und abgemischt von Mr. Schmitt zwischen 2019 &#8211; 2024 in der Oettinger Villa und in der Glasbl\u00e4serei in Darmstadt<br \/>\nwww.mitgift.net<\/p>\n<p>Drei Akkorde beim n\u00e4chsten Mal:<br \/>\nAufgenommen im Wohlklang Studio Hannover vom 25. bis 27. Februar 2022 au\u00dfer &#8222;M\u00fcll&#8220; aufgenommen am 14.04.2019<br \/>\nGanz Liebe Gr\u00fc\u00dfe gehen raus an MitGift (ohne die diese Platte ganz sch\u00f6n einseitig w\u00e4re)<br \/>\nwww.3-akkor.de<br \/>\nSiamo tutti antifascisti<\/p>","protected":false},"featured_media":161699,"template":"","meta":{"_acf_changed":false},"product_brand":[],"product_cat":[538],"product_tag":[],"class_list":{"0":"post-161697","1":"product","2":"type-product","3":"status-publish","4":"has-post-thumbnail","6":"product_cat-punk-deutschland","7":"pa_att_artist-drei-akkorde-beim-naechsten-mal","8":"pa_att_artist-mitgift","9":"pa_att_format-lp-vinyl","10":"pa_att_genre-punk-deutschland","11":"pa_att_jahr-23090","12":"pa_att_label-not-on-label","13":"pa_att_land-germany","15":"first","16":"instock","17":"taxable","18":"shipping-taxable","19":"purchasable","20":"product-type-simple"},"acf":[],"yoast_head":"<!-- This site is optimized with the Yoast SEO plugin v27.3 - https:\/\/yoast.com\/product\/yoast-seo-wordpress\/ -->\n<title>Drei Akkorde Beim N\u00e4chsten Mal-Split-LP Vinyl - Rockers Records<\/title>\n<meta name=\"robots\" content=\"index, follow, max-snippet:-1, max-image-preview:large, max-video-preview:-1\" \/>\n<link rel=\"canonical\" href=\"https:\/\/rockers.de\/en\/record\/drei-akkorde-beim-naechsten-mal-splitt-lp-vinyl\/\" \/>\n<meta property=\"og:locale\" content=\"en_US\" \/>\n<meta property=\"og:type\" content=\"article\" \/>\n<meta property=\"og:title\" content=\"Drei Akkorde Beim N\u00e4chsten Mal-Split-LP Vinyl - Rockers Records\" \/>\n<meta property=\"og:description\" content=\"comes with lyrics sheet &amp; two stickers  MitGift: Vielen Dank 3 Akkorde Punk! Aufgenommen und abgemischt von Mr. Schmitt zwischen 2019 - 2024 in der Oettinger Villa und in der Glasbl\u00e4serei in Darmstadt www.mitgift.net  Drei Akkorde beim n\u00e4chsten Mal: Aufgenommen im Wohlklang Studio Hannover vom 25. bis 27. Februar 2022 au\u00dfer &quot;M\u00fcll&quot; aufgenommen am 14.04.2019 Ganz Liebe Gr\u00fc\u00dfe gehen raus an MitGift (ohne die diese Platte ganz sch\u00f6n einseitig w\u00e4re) www.3-akkor.de Siamo tutti antifascisti\" \/>\n<meta property=\"og:url\" content=\"https:\/\/rockers.de\/en\/record\/drei-akkorde-beim-naechsten-mal-splitt-lp-vinyl\/\" \/>\n<meta property=\"og:site_name\" content=\"Rockers Records\" \/>\n<meta property=\"article:modified_time\" content=\"2026-01-12T00:35:03+00:00\" \/>\n<meta property=\"og:image\" content=\"https:\/\/rockers.de\/wp-content\/uploads\/2025\/08\/Drei-Akkorde-Beim-Naechsten-Mal-Splitt-LP-Vinyl-1.jpg\" \/>\n\t<meta property=\"og:image:width\" content=\"1800\" \/>\n\t<meta property=\"og:image:height\" content=\"1859\" \/>\n\t<meta property=\"og:image:type\" content=\"image\/jpeg\" \/>\n<meta name=\"twitter:card\" content=\"summary_large_image\" \/>\n<meta name=\"twitter:label1\" content=\"Est. reading time\" \/>\n\t<meta name=\"twitter:data1\" content=\"1 minute\" \/>\n<script type=\"application\/ld+json\" class=\"yoast-schema-graph\">{\"@context\":\"https:\\\/\\\/schema.org\",\"@graph\":[{\"@type\":\"WebPage\",\"@id\":\"https:\\\/\\\/rockers.de\\\/record\\\/drei-akkorde-beim-naechsten-mal-splitt-lp-vinyl\\\/\",\"url\":\"https:\\\/\\\/rockers.de\\\/record\\\/drei-akkorde-beim-naechsten-mal-splitt-lp-vinyl\\\/\",\"name\":\"Drei Akkorde Beim N\u00e4chsten Mal-Split-LP Vinyl - Rockers Records\",\"isPartOf\":{\"@id\":\"https:\\\/\\\/rockers.de\\\/#website\"},\"primaryImageOfPage\":{\"@id\":\"https:\\\/\\\/rockers.de\\\/record\\\/drei-akkorde-beim-naechsten-mal-splitt-lp-vinyl\\\/#primaryimage\"},\"image\":{\"@id\":\"https:\\\/\\\/rockers.de\\\/record\\\/drei-akkorde-beim-naechsten-mal-splitt-lp-vinyl\\\/#primaryimage\"},\"thumbnailUrl\":\"https:\\\/\\\/rockers.de\\\/wp-content\\\/uploads\\\/2025\\\/08\\\/Drei-Akkorde-Beim-Naechsten-Mal-Splitt-LP-Vinyl-1.jpg\",\"datePublished\":\"2025-08-19T08:55:36+00:00\",\"dateModified\":\"2026-01-12T00:35:03+00:00\",\"breadcrumb\":{\"@id\":\"https:\\\/\\\/rockers.de\\\/record\\\/drei-akkorde-beim-naechsten-mal-splitt-lp-vinyl\\\/#breadcrumb\"},\"inLanguage\":\"en-US\",\"potentialAction\":[{\"@type\":\"ReadAction\",\"target\":[\"https:\\\/\\\/rockers.de\\\/record\\\/drei-akkorde-beim-naechsten-mal-splitt-lp-vinyl\\\/\"]}]},{\"@type\":\"ImageObject\",\"inLanguage\":\"en-US\",\"@id\":\"https:\\\/\\\/rockers.de\\\/record\\\/drei-akkorde-beim-naechsten-mal-splitt-lp-vinyl\\\/#primaryimage\",\"url\":\"https:\\\/\\\/rockers.de\\\/wp-content\\\/uploads\\\/2025\\\/08\\\/Drei-Akkorde-Beim-Naechsten-Mal-Splitt-LP-Vinyl-1.jpg\",\"contentUrl\":\"https:\\\/\\\/rockers.de\\\/wp-content\\\/uploads\\\/2025\\\/08\\\/Drei-Akkorde-Beim-Naechsten-Mal-Splitt-LP-Vinyl-1.jpg\",\"width\":1800,\"height\":1859,\"caption\":\"Drei Akkorde Beim N\u00e4chsten Mal-Splitt-LP Vinyl\"},{\"@type\":\"BreadcrumbList\",\"@id\":\"https:\\\/\\\/rockers.de\\\/record\\\/drei-akkorde-beim-naechsten-mal-splitt-lp-vinyl\\\/#breadcrumb\",\"itemListElement\":[{\"@type\":\"ListItem\",\"position\":1,\"name\":\"Startseite\",\"item\":\"https:\\\/\\\/rockers.de\\\/\"},{\"@type\":\"ListItem\",\"position\":2,\"name\":\"Shop\",\"item\":\"https:\\\/\\\/rockers.de\\\/shop\\\/\"},{\"@type\":\"ListItem\",\"position\":3,\"name\":\"Drei Akkorde Beim N\u00e4chsten Mal-Split-LP Vinyl\"}]},{\"@type\":\"WebSite\",\"@id\":\"https:\\\/\\\/rockers.de\\\/#website\",\"url\":\"https:\\\/\\\/rockers.de\\\/\",\"name\":\"Rockers Records\",\"description\":\"Dein Schallplatten Store in Hannover\",\"publisher\":{\"@id\":\"https:\\\/\\\/rockers.de\\\/#organization\"},\"potentialAction\":[{\"@type\":\"SearchAction\",\"target\":{\"@type\":\"EntryPoint\",\"urlTemplate\":\"https:\\\/\\\/rockers.de\\\/?s={search_term_string}\"},\"query-input\":{\"@type\":\"PropertyValueSpecification\",\"valueRequired\":true,\"valueName\":\"search_term_string\"}}],\"inLanguage\":\"en-US\"},{\"@type\":\"Organization\",\"@id\":\"https:\\\/\\\/rockers.de\\\/#organization\",\"name\":\"Rockers Records\",\"url\":\"https:\\\/\\\/rockers.de\\\/\",\"logo\":{\"@type\":\"ImageObject\",\"inLanguage\":\"en-US\",\"@id\":\"https:\\\/\\\/rockers.de\\\/#\\\/schema\\\/logo\\\/image\\\/\",\"url\":\"https:\\\/\\\/rockers.de\\\/wp-content\\\/uploads\\\/2022\\\/07\\\/Neue-Website-2022.jpg\",\"contentUrl\":\"https:\\\/\\\/rockers.de\\\/wp-content\\\/uploads\\\/2022\\\/07\\\/Neue-Website-2022.jpg\",\"width\":800,\"height\":800,\"caption\":\"Rockers Records\"},\"image\":{\"@id\":\"https:\\\/\\\/rockers.de\\\/#\\\/schema\\\/logo\\\/image\\\/\"}}]}<\/script>\n<!-- \/ Yoast SEO plugin. -->","yoast_head_json":{"title":"Drei Akkorde Beim N\u00e4chsten Mal-Split-LP Vinyl - Rockers Records","robots":{"index":"index","follow":"follow","max-snippet":"max-snippet:-1","max-image-preview":"max-image-preview:large","max-video-preview":"max-video-preview:-1"},"canonical":"https:\/\/rockers.de\/en\/record\/drei-akkorde-beim-naechsten-mal-splitt-lp-vinyl\/","og_locale":"en_US","og_type":"article","og_title":"Drei Akkorde Beim N\u00e4chsten Mal-Split-LP Vinyl - Rockers Records","og_description":"comes with lyrics sheet &amp; two stickers  MitGift: Vielen Dank 3 Akkorde Punk! Aufgenommen und abgemischt von Mr. Schmitt zwischen 2019 - 2024 in der Oettinger Villa und in der Glasbl\u00e4serei in Darmstadt www.mitgift.net  Drei Akkorde beim n\u00e4chsten Mal: Aufgenommen im Wohlklang Studio Hannover vom 25. bis 27. Februar 2022 au\u00dfer \"M\u00fcll\" aufgenommen am 14.04.2019 Ganz Liebe Gr\u00fc\u00dfe gehen raus an MitGift (ohne die diese Platte ganz sch\u00f6n einseitig w\u00e4re) www.3-akkor.de Siamo tutti antifascisti","og_url":"https:\/\/rockers.de\/en\/record\/drei-akkorde-beim-naechsten-mal-splitt-lp-vinyl\/","og_site_name":"Rockers Records","article_modified_time":"2026-01-12T00:35:03+00:00","og_image":[{"width":1800,"height":1859,"url":"https:\/\/rockers.de\/wp-content\/uploads\/2025\/08\/Drei-Akkorde-Beim-Naechsten-Mal-Splitt-LP-Vinyl-1.jpg","type":"image\/jpeg"}],"twitter_card":"summary_large_image","twitter_misc":{"Est. reading time":"1 minute"},"schema":{"@context":"https:\/\/schema.org","@graph":[{"@type":"WebPage","@id":"https:\/\/rockers.de\/record\/drei-akkorde-beim-naechsten-mal-splitt-lp-vinyl\/","url":"https:\/\/rockers.de\/record\/drei-akkorde-beim-naechsten-mal-splitt-lp-vinyl\/","name":"Drei Akkorde Beim N\u00e4chsten Mal-Split-LP Vinyl - Rockers Records","isPartOf":{"@id":"https:\/\/rockers.de\/#website"},"primaryImageOfPage":{"@id":"https:\/\/rockers.de\/record\/drei-akkorde-beim-naechsten-mal-splitt-lp-vinyl\/#primaryimage"},"image":{"@id":"https:\/\/rockers.de\/record\/drei-akkorde-beim-naechsten-mal-splitt-lp-vinyl\/#primaryimage"},"thumbnailUrl":"https:\/\/rockers.de\/wp-content\/uploads\/2025\/08\/Drei-Akkorde-Beim-Naechsten-Mal-Splitt-LP-Vinyl-1.jpg","datePublished":"2025-08-19T08:55:36+00:00","dateModified":"2026-01-12T00:35:03+00:00","breadcrumb":{"@id":"https:\/\/rockers.de\/record\/drei-akkorde-beim-naechsten-mal-splitt-lp-vinyl\/#breadcrumb"},"inLanguage":"en-US","potentialAction":[{"@type":"ReadAction","target":["https:\/\/rockers.de\/record\/drei-akkorde-beim-naechsten-mal-splitt-lp-vinyl\/"]}]},{"@type":"ImageObject","inLanguage":"en-US","@id":"https:\/\/rockers.de\/record\/drei-akkorde-beim-naechsten-mal-splitt-lp-vinyl\/#primaryimage","url":"https:\/\/rockers.de\/wp-content\/uploads\/2025\/08\/Drei-Akkorde-Beim-Naechsten-Mal-Splitt-LP-Vinyl-1.jpg","contentUrl":"https:\/\/rockers.de\/wp-content\/uploads\/2025\/08\/Drei-Akkorde-Beim-Naechsten-Mal-Splitt-LP-Vinyl-1.jpg","width":1800,"height":1859,"caption":"Drei Akkorde Beim N\u00e4chsten Mal-Splitt-LP Vinyl"},{"@type":"BreadcrumbList","@id":"https:\/\/rockers.de\/record\/drei-akkorde-beim-naechsten-mal-splitt-lp-vinyl\/#breadcrumb","itemListElement":[{"@type":"ListItem","position":1,"name":"Startseite","item":"https:\/\/rockers.de\/"},{"@type":"ListItem","position":2,"name":"Shop","item":"https:\/\/rockers.de\/shop\/"},{"@type":"ListItem","position":3,"name":"Drei Akkorde Beim N\u00e4chsten Mal-Split-LP Vinyl"}]},{"@type":"WebSite","@id":"https:\/\/rockers.de\/#website","url":"https:\/\/rockers.de\/","name":"Rockers Records","description":"Your record store in Hanover","publisher":{"@id":"https:\/\/rockers.de\/#organization"},"potentialAction":[{"@type":"SearchAction","target":{"@type":"EntryPoint","urlTemplate":"https:\/\/rockers.de\/?s={search_term_string}"},"query-input":{"@type":"PropertyValueSpecification","valueRequired":true,"valueName":"search_term_string"}}],"inLanguage":"en-US"},{"@type":"Organization","@id":"https:\/\/rockers.de\/#organization","name":"Rockers Records","url":"https:\/\/rockers.de\/","logo":{"@type":"ImageObject","inLanguage":"en-US","@id":"https:\/\/rockers.de\/#\/schema\/logo\/image\/","url":"https:\/\/rockers.de\/wp-content\/uploads\/2022\/07\/Neue-Website-2022.jpg","contentUrl":"https:\/\/rockers.de\/wp-content\/uploads\/2022\/07\/Neue-Website-2022.jpg","width":800,"height":800,"caption":"Rockers Records"},"image":{"@id":"https:\/\/rockers.de\/#\/schema\/logo\/image\/"}}]}},"_links":{"self":[{"href":"https:\/\/rockers.de\/en\/wp-json\/wp\/v2\/product\/161697","targetHints":{"allow":["GET"]}}],"collection":[{"href":"https:\/\/rockers.de\/en\/wp-json\/wp\/v2\/product"}],"about":[{"href":"https:\/\/rockers.de\/en\/wp-json\/wp\/v2\/types\/product"}],"wp:featuredmedia":[{"embeddable":true,"href":"https:\/\/rockers.de\/en\/wp-json\/wp\/v2\/media\/161699"}],"wp:attachment":[{"href":"https:\/\/rockers.de\/en\/wp-json\/wp\/v2\/media?parent=161697"}],"wp:term":[{"taxonomy":"product_brand","embeddable":true,"href":"https:\/\/rockers.de\/en\/wp-json\/wp\/v2\/product_brand?post=161697"},{"taxonomy":"product_cat","embeddable":true,"href":"https:\/\/rockers.de\/en\/wp-json\/wp\/v2\/product_cat?post=161697"},{"taxonomy":"product_tag","embeddable":true,"href":"https:\/\/rockers.de\/en\/wp-json\/wp\/v2\/product_tag?post=161697"}],"curies":[{"name":"wp","href":"https:\/\/api.w.org\/{rel}","templated":true}]}}