{"id":160426,"date":"2025-07-29T16:14:23","date_gmt":"2025-07-29T14:14:23","guid":{"rendered":"https:\/\/rockers.de\/?post_type=product&#038;p=160426"},"modified":"2025-09-11T15:25:35","modified_gmt":"2025-09-11T13:25:35","slug":"zeitschrift-mint-magazin-78-08-25-zeitschrift-black-sabbath","status":"publish","type":"product","link":"https:\/\/rockers.de\/en\/record\/zeitschrift-mint-magazin-78-08-25-zeitschrift-black-sabbath\/","title":{"rendered":"Zeitschrift-Mint Magazin # 78 08-25-Zeitschrift Black Sabbath"},"content":{"rendered":"<p>Titelstory: Das Black-Sabbath-Special<br \/>\nDie Geschichte und der Einfluss von Ozzy &amp; Co. und alle Alben im gro\u00dfen Vinyl-Guide \u2013 eine W\u00fcrdigung auf 22 Seiten. <\/p>\n<p>1975 \u2013 der gro\u00dfe R\u00fcckblick<br \/>\nWichtige Platten und Protagonisten, Konzert-Highlights und pr\u00e4gende Ereignisse eines bewegten Musikjahres.<\/p>\n<p>50 Jahre Rough Trade<br \/>\nWir sprechen mit Gr\u00fcnder Geoff Travis und Managerin Jeannette Lee \u00fcber die Anf\u00e4nge, die Pleite und erfolgreiche Label-Arbeit.  <\/p>\n<p>Brian Wilson<br \/>\nIn der Reihe \u201eRoadmap\u201c stellen wir eine Band oder \u2013 wie diesmal \u2013 einen K\u00fcnstler \u00fcber ausgew\u00e4hlte Platten vor.<\/p>\n<p>Trio<br \/>\nFrank Wonneberg befasst sich in der 46. Master-Class-Folge mit dem Deb\u00fctalbum der minimalistischen NDW-Band.<\/p>\n<p>HiFi-Equipment<br \/>\nPraxistests mit zwei MM-Tonabnehmern von Audio Technica und zwei MC-Tonabnehmern von Ortofon.<\/p>\n<p>Soundtrack Of My Life<br \/>\nBassist Hellmut Hattler \u00fcber Are You Experienced von The Jimi Hendrix Experience.<\/p>\n<p>Weitere Themen der Ausgabe<br \/>\n\u00dcber 70 LP-Besprechungen auf 34 Seiten, die Rubrik \u201e33 1\/3 Cover\u201c, News-Features, Dr. MINT, Vinyl-Vorschau, das Sleeveface des Monats und vieles mehr.<\/p>","protected":false},"excerpt":{"rendered":"<p>Titelstory: Das Black-Sabbath-Special Die Geschichte und der Einfluss von Ozzy &amp; Co. und alle Alben im gro\u00dfen Vinyl-Guide \u2013 eine<\/p>","protected":false},"featured_media":160427,"template":"","meta":{"_acf_changed":false},"product_brand":[],"product_cat":[175],"product_tag":[],"class_list":{"0":"post-160426","1":"product","2":"type-product","3":"status-publish","4":"has-post-thumbnail","6":"product_cat-rock","7":"pa_att_artist-zeitschrift","8":"pa_att_genre-rock","9":"pa_att_land-deutschland","11":"first","12":"outofstock","13":"taxable","14":"shipping-taxable","15":"purchasable","16":"product-type-simple"},"acf":[],"yoast_head":"<!-- This site is optimized with the Yoast SEO plugin v27.3 - https:\/\/yoast.com\/product\/yoast-seo-wordpress\/ -->\n<title>Zeitschrift-Mint Magazin # 78 08-25-Zeitschrift Black Sabbath - Rockers Records<\/title>\n<meta name=\"robots\" content=\"index, follow, max-snippet:-1, max-image-preview:large, max-video-preview:-1\" \/>\n<link rel=\"canonical\" href=\"https:\/\/rockers.de\/en\/record\/zeitschrift-mint-magazin-78-08-25-zeitschrift-black-sabbath\/\" \/>\n<meta property=\"og:locale\" content=\"en_US\" \/>\n<meta property=\"og:type\" content=\"article\" \/>\n<meta property=\"og:title\" content=\"Zeitschrift-Mint Magazin # 78 08-25-Zeitschrift Black Sabbath - Rockers Records\" \/>\n<meta property=\"og:description\" content=\"Titelstory: Das Black-Sabbath-Special Die Geschichte und der Einfluss von Ozzy &amp; Co. und alle Alben im gro\u00dfen Vinyl-Guide \u2013 eine\" \/>\n<meta property=\"og:url\" content=\"https:\/\/rockers.de\/en\/record\/zeitschrift-mint-magazin-78-08-25-zeitschrift-black-sabbath\/\" \/>\n<meta property=\"og:site_name\" content=\"Rockers Records\" \/>\n<meta property=\"article:modified_time\" content=\"2025-09-11T13:25:35+00:00\" \/>\n<meta property=\"og:image\" content=\"https:\/\/rockers.de\/wp-content\/uploads\/2025\/07\/Zeitschrift-Mint-Magazin-78-08-25-Zeitschrift-Black-Sabbath-1.jpg\" \/>\n\t<meta property=\"og:image:width\" content=\"1258\" \/>\n\t<meta property=\"og:image:height\" content=\"1766\" \/>\n\t<meta property=\"og:image:type\" content=\"image\/jpeg\" \/>\n<meta name=\"twitter:card\" content=\"summary_large_image\" \/>\n<meta name=\"twitter:label1\" content=\"Est. reading time\" \/>\n\t<meta name=\"twitter:data1\" content=\"1 minute\" \/>\n<script type=\"application\/ld+json\" class=\"yoast-schema-graph\">{\"@context\":\"https:\\\/\\\/schema.org\",\"@graph\":[{\"@type\":\"WebPage\",\"@id\":\"https:\\\/\\\/rockers.de\\\/record\\\/zeitschrift-mint-magazin-78-08-25-zeitschrift-black-sabbath\\\/\",\"url\":\"https:\\\/\\\/rockers.de\\\/record\\\/zeitschrift-mint-magazin-78-08-25-zeitschrift-black-sabbath\\\/\",\"name\":\"Zeitschrift-Mint Magazin # 78 08-25-Zeitschrift Black Sabbath - Rockers Records\",\"isPartOf\":{\"@id\":\"https:\\\/\\\/rockers.de\\\/#website\"},\"primaryImageOfPage\":{\"@id\":\"https:\\\/\\\/rockers.de\\\/record\\\/zeitschrift-mint-magazin-78-08-25-zeitschrift-black-sabbath\\\/#primaryimage\"},\"image\":{\"@id\":\"https:\\\/\\\/rockers.de\\\/record\\\/zeitschrift-mint-magazin-78-08-25-zeitschrift-black-sabbath\\\/#primaryimage\"},\"thumbnailUrl\":\"https:\\\/\\\/rockers.de\\\/wp-content\\\/uploads\\\/2025\\\/07\\\/Zeitschrift-Mint-Magazin-78-08-25-Zeitschrift-Black-Sabbath-1.jpg\",\"datePublished\":\"2025-07-29T14:14:23+00:00\",\"dateModified\":\"2025-09-11T13:25:35+00:00\",\"breadcrumb\":{\"@id\":\"https:\\\/\\\/rockers.de\\\/record\\\/zeitschrift-mint-magazin-78-08-25-zeitschrift-black-sabbath\\\/#breadcrumb\"},\"inLanguage\":\"en-US\",\"potentialAction\":[{\"@type\":\"ReadAction\",\"target\":[\"https:\\\/\\\/rockers.de\\\/record\\\/zeitschrift-mint-magazin-78-08-25-zeitschrift-black-sabbath\\\/\"]}]},{\"@type\":\"ImageObject\",\"inLanguage\":\"en-US\",\"@id\":\"https:\\\/\\\/rockers.de\\\/record\\\/zeitschrift-mint-magazin-78-08-25-zeitschrift-black-sabbath\\\/#primaryimage\",\"url\":\"https:\\\/\\\/rockers.de\\\/wp-content\\\/uploads\\\/2025\\\/07\\\/Zeitschrift-Mint-Magazin-78-08-25-Zeitschrift-Black-Sabbath-1.jpg\",\"contentUrl\":\"https:\\\/\\\/rockers.de\\\/wp-content\\\/uploads\\\/2025\\\/07\\\/Zeitschrift-Mint-Magazin-78-08-25-Zeitschrift-Black-Sabbath-1.jpg\",\"width\":1258,\"height\":1766,\"caption\":\"Mint Magazin # 78 08-25-Zeitschrift Black Sabbath\"},{\"@type\":\"BreadcrumbList\",\"@id\":\"https:\\\/\\\/rockers.de\\\/record\\\/zeitschrift-mint-magazin-78-08-25-zeitschrift-black-sabbath\\\/#breadcrumb\",\"itemListElement\":[{\"@type\":\"ListItem\",\"position\":1,\"name\":\"Startseite\",\"item\":\"https:\\\/\\\/rockers.de\\\/\"},{\"@type\":\"ListItem\",\"position\":2,\"name\":\"Shop\",\"item\":\"https:\\\/\\\/rockers.de\\\/shop\\\/\"},{\"@type\":\"ListItem\",\"position\":3,\"name\":\"Zeitschrift-Mint Magazin # 78 08-25-Zeitschrift Black Sabbath\"}]},{\"@type\":\"WebSite\",\"@id\":\"https:\\\/\\\/rockers.de\\\/#website\",\"url\":\"https:\\\/\\\/rockers.de\\\/\",\"name\":\"Rockers Records\",\"description\":\"Dein Schallplatten Store in Hannover\",\"publisher\":{\"@id\":\"https:\\\/\\\/rockers.de\\\/#organization\"},\"potentialAction\":[{\"@type\":\"SearchAction\",\"target\":{\"@type\":\"EntryPoint\",\"urlTemplate\":\"https:\\\/\\\/rockers.de\\\/?s={search_term_string}\"},\"query-input\":{\"@type\":\"PropertyValueSpecification\",\"valueRequired\":true,\"valueName\":\"search_term_string\"}}],\"inLanguage\":\"en-US\"},{\"@type\":\"Organization\",\"@id\":\"https:\\\/\\\/rockers.de\\\/#organization\",\"name\":\"Rockers Records\",\"url\":\"https:\\\/\\\/rockers.de\\\/\",\"logo\":{\"@type\":\"ImageObject\",\"inLanguage\":\"en-US\",\"@id\":\"https:\\\/\\\/rockers.de\\\/#\\\/schema\\\/logo\\\/image\\\/\",\"url\":\"https:\\\/\\\/rockers.de\\\/wp-content\\\/uploads\\\/2022\\\/07\\\/Neue-Website-2022.jpg\",\"contentUrl\":\"https:\\\/\\\/rockers.de\\\/wp-content\\\/uploads\\\/2022\\\/07\\\/Neue-Website-2022.jpg\",\"width\":800,\"height\":800,\"caption\":\"Rockers Records\"},\"image\":{\"@id\":\"https:\\\/\\\/rockers.de\\\/#\\\/schema\\\/logo\\\/image\\\/\"}}]}<\/script>\n<!-- \/ Yoast SEO plugin. -->","yoast_head_json":{"title":"Zeitschrift-Mint Magazin # 78 08-25-Zeitschrift Black Sabbath - Rockers Records","robots":{"index":"index","follow":"follow","max-snippet":"max-snippet:-1","max-image-preview":"max-image-preview:large","max-video-preview":"max-video-preview:-1"},"canonical":"https:\/\/rockers.de\/en\/record\/zeitschrift-mint-magazin-78-08-25-zeitschrift-black-sabbath\/","og_locale":"en_US","og_type":"article","og_title":"Zeitschrift-Mint Magazin # 78 08-25-Zeitschrift Black Sabbath - Rockers Records","og_description":"Titelstory: Das Black-Sabbath-Special Die Geschichte und der Einfluss von Ozzy &amp; Co. und alle Alben im gro\u00dfen Vinyl-Guide \u2013 eine","og_url":"https:\/\/rockers.de\/en\/record\/zeitschrift-mint-magazin-78-08-25-zeitschrift-black-sabbath\/","og_site_name":"Rockers Records","article_modified_time":"2025-09-11T13:25:35+00:00","og_image":[{"width":1258,"height":1766,"url":"https:\/\/rockers.de\/wp-content\/uploads\/2025\/07\/Zeitschrift-Mint-Magazin-78-08-25-Zeitschrift-Black-Sabbath-1.jpg","type":"image\/jpeg"}],"twitter_card":"summary_large_image","twitter_misc":{"Est. reading time":"1 minute"},"schema":{"@context":"https:\/\/schema.org","@graph":[{"@type":"WebPage","@id":"https:\/\/rockers.de\/record\/zeitschrift-mint-magazin-78-08-25-zeitschrift-black-sabbath\/","url":"https:\/\/rockers.de\/record\/zeitschrift-mint-magazin-78-08-25-zeitschrift-black-sabbath\/","name":"Zeitschrift-Mint Magazin # 78 08-25-Zeitschrift Black Sabbath - Rockers Records","isPartOf":{"@id":"https:\/\/rockers.de\/#website"},"primaryImageOfPage":{"@id":"https:\/\/rockers.de\/record\/zeitschrift-mint-magazin-78-08-25-zeitschrift-black-sabbath\/#primaryimage"},"image":{"@id":"https:\/\/rockers.de\/record\/zeitschrift-mint-magazin-78-08-25-zeitschrift-black-sabbath\/#primaryimage"},"thumbnailUrl":"https:\/\/rockers.de\/wp-content\/uploads\/2025\/07\/Zeitschrift-Mint-Magazin-78-08-25-Zeitschrift-Black-Sabbath-1.jpg","datePublished":"2025-07-29T14:14:23+00:00","dateModified":"2025-09-11T13:25:35+00:00","breadcrumb":{"@id":"https:\/\/rockers.de\/record\/zeitschrift-mint-magazin-78-08-25-zeitschrift-black-sabbath\/#breadcrumb"},"inLanguage":"en-US","potentialAction":[{"@type":"ReadAction","target":["https:\/\/rockers.de\/record\/zeitschrift-mint-magazin-78-08-25-zeitschrift-black-sabbath\/"]}]},{"@type":"ImageObject","inLanguage":"en-US","@id":"https:\/\/rockers.de\/record\/zeitschrift-mint-magazin-78-08-25-zeitschrift-black-sabbath\/#primaryimage","url":"https:\/\/rockers.de\/wp-content\/uploads\/2025\/07\/Zeitschrift-Mint-Magazin-78-08-25-Zeitschrift-Black-Sabbath-1.jpg","contentUrl":"https:\/\/rockers.de\/wp-content\/uploads\/2025\/07\/Zeitschrift-Mint-Magazin-78-08-25-Zeitschrift-Black-Sabbath-1.jpg","width":1258,"height":1766,"caption":"Mint Magazin # 78 08-25-Zeitschrift Black Sabbath"},{"@type":"BreadcrumbList","@id":"https:\/\/rockers.de\/record\/zeitschrift-mint-magazin-78-08-25-zeitschrift-black-sabbath\/#breadcrumb","itemListElement":[{"@type":"ListItem","position":1,"name":"Startseite","item":"https:\/\/rockers.de\/"},{"@type":"ListItem","position":2,"name":"Shop","item":"https:\/\/rockers.de\/shop\/"},{"@type":"ListItem","position":3,"name":"Zeitschrift-Mint Magazin # 78 08-25-Zeitschrift Black Sabbath"}]},{"@type":"WebSite","@id":"https:\/\/rockers.de\/#website","url":"https:\/\/rockers.de\/","name":"Rockers Records","description":"Your record store in Hanover","publisher":{"@id":"https:\/\/rockers.de\/#organization"},"potentialAction":[{"@type":"SearchAction","target":{"@type":"EntryPoint","urlTemplate":"https:\/\/rockers.de\/?s={search_term_string}"},"query-input":{"@type":"PropertyValueSpecification","valueRequired":true,"valueName":"search_term_string"}}],"inLanguage":"en-US"},{"@type":"Organization","@id":"https:\/\/rockers.de\/#organization","name":"Rockers Records","url":"https:\/\/rockers.de\/","logo":{"@type":"ImageObject","inLanguage":"en-US","@id":"https:\/\/rockers.de\/#\/schema\/logo\/image\/","url":"https:\/\/rockers.de\/wp-content\/uploads\/2022\/07\/Neue-Website-2022.jpg","contentUrl":"https:\/\/rockers.de\/wp-content\/uploads\/2022\/07\/Neue-Website-2022.jpg","width":800,"height":800,"caption":"Rockers Records"},"image":{"@id":"https:\/\/rockers.de\/#\/schema\/logo\/image\/"}}]}},"_links":{"self":[{"href":"https:\/\/rockers.de\/en\/wp-json\/wp\/v2\/product\/160426","targetHints":{"allow":["GET"]}}],"collection":[{"href":"https:\/\/rockers.de\/en\/wp-json\/wp\/v2\/product"}],"about":[{"href":"https:\/\/rockers.de\/en\/wp-json\/wp\/v2\/types\/product"}],"wp:featuredmedia":[{"embeddable":true,"href":"https:\/\/rockers.de\/en\/wp-json\/wp\/v2\/media\/160427"}],"wp:attachment":[{"href":"https:\/\/rockers.de\/en\/wp-json\/wp\/v2\/media?parent=160426"}],"wp:term":[{"taxonomy":"product_brand","embeddable":true,"href":"https:\/\/rockers.de\/en\/wp-json\/wp\/v2\/product_brand?post=160426"},{"taxonomy":"product_cat","embeddable":true,"href":"https:\/\/rockers.de\/en\/wp-json\/wp\/v2\/product_cat?post=160426"},{"taxonomy":"product_tag","embeddable":true,"href":"https:\/\/rockers.de\/en\/wp-json\/wp\/v2\/product_tag?post=160426"}],"curies":[{"name":"wp","href":"https:\/\/api.w.org\/{rel}","templated":true}]}}