{"id":158477,"date":"2025-07-01T14:35:36","date_gmt":"2025-07-01T12:35:36","guid":{"rendered":"https:\/\/rockers.de\/?post_type=product&#038;p=158477"},"modified":"2025-10-25T17:11:59","modified_gmt":"2025-10-25T15:11:59","slug":"the-hirsch-effekt-holon-anamnesis-rp-2012-lp-vinyl","status":"publish","type":"product","link":"https:\/\/rockers.de\/en\/record\/the-hirsch-effekt-holon-anamnesis-rp-2012-lp-vinyl\/","title":{"rendered":"The Hirsch Effekt-Holon: Anamnesis RP 2012-LP Vinyl"},"content":{"rendered":"<p>2012 repress, includes insert, gatefold sleeve.<\/p>","protected":false},"excerpt":{"rendered":"<p>\u2117 + \u00a9 The Hirsch Effekt &amp; Kapit\u00e4n Platte 2012<\/p>\n<p>2nd pressing<br \/>\nLimited edition of 500 copies (handnumbered),<br \/>\nhoused in gatefold jacket plus inlet including a downloadcode of the entire album,<br \/>\nthe following etching is on the D Side :<\/p>\n<p>WIR M\u00dcSSEN UNSERE HERZEN SCHONEN\/<br \/>\nES IST FR\u00dcHLING UND WIR SOLLTEN UNS ALLE T\u00dcREN OFFEN HALTEN\/<br \/>\nWIR SOLLTEN UNS NICHT ZU TIEF REINH\u00c4NGEN, DAMIT WIR AUCH SCHNELL WIEDER RAUSKOMMEN\/<br \/>\nNUR DU BIST WICHTIG UND DU SOLLTEST AUCH NUR ZUSEHEN, DASS ES DIR GUT GEHT\/<br \/>\nWIR M\u00dcSSEN UNS DAF\u00dcR NICHT RECHTFERTIGEN\/<br \/>\nES GIBT NICHTS ZU SAGEN UND KEINE VERPFLICHTUNG\/<br \/>\nWIR M\u00dcSSEN UNS SELBER NICHT M\u00d6GEN, SOLANGE DAS JEMAND ANDERES F\u00dcR UNS ERLEDIGT\/<br \/>\nES SOLLTE M\u00d6GLICHST EINFACH SEIN UND LEICHT\/<br \/>\nWIR M\u00dcSSEN UNS NICHT MIT DOOFEN GEF\u00dcHLEN BESCH\u00c4FTIGEN\/<br \/>\nALLES UNANGENEHME SOLLTEN WIR AUSSPERREN\/<br \/>\nWIR SOLLTEN NICHT ZU TIEF IN UNS SELBER SCHAUEN\/<br \/>\nAM SCH\u00d6NSTEN IST ES HIER AN DER OBERFL\u00c4CHE &#8211; GRAD BEI DIESEM WETTER\/<br \/>\nWIR SOLLTEN UNS \u00dcBERALL UMSCHAUEN\/<br \/>\nDAMIT WIR JA NICHTS VERPASSEN\/<br \/>\nWIR SOLLTEN JEDEN KENNEN UND VIEL FEIERN GEHEN\/<br \/>\nDAMIT WIR AM ENDE NICHT MEHR WISSEN, WER WIR SIND UND MIT DER MASSE VERSCHMELZEN\/<br \/>\nWIR SOLLEN UNS NETTE DINGE SAGEN UND DIE AUF ZETTELCHEN SCHREIBEN\/<br \/>\nABER WIR SOLLTEN DIE NICHT SO MEINEN DENN\/<br \/>\nWIR M\u00dcSSEN EINANDER NICHT LIEBEN\/<br \/>\nSOLANGE WIR IN DER LAGE SIND ROMANTIK MIT LIEBE ZU VERWECHSELN\/<br \/>\nWIR SOLLTEN KEINEN SCHMERZ ZULASSEN\/<br \/>\nALLES WAS WEH TUT IST AUTOMATISCH SCHLECHT\/<br \/>\nWIR SOLLTEN DAS LEBEN GENIE\u1e9eEN\/<br \/>\nDENN DAS LEBEN IST VIEL BESSER, WENN ALLES GUT IST<\/p>","protected":false},"featured_media":158480,"template":"","meta":{"_acf_changed":false},"product_brand":[],"product_cat":[150,557,17743],"product_tag":[],"class_list":{"0":"post-158477","1":"product","2":"type-product","3":"status-publish","4":"has-post-thumbnail","6":"product_cat-alternative-rock","7":"product_cat-death-metal","8":"product_cat-post-rock","9":"pa_att_artist-the-hirsch-effekt","10":"pa_att_format-lp-vinyl","11":"pa_att_genre-alternative-rock","12":"pa_att_jahr-184","13":"pa_att_label-kapitaen-platte","14":"pa_att_label-midsummer-records","15":"pa_att_land-germany","17":"first","18":"outofstock","19":"taxable","20":"shipping-taxable","21":"purchasable","22":"product-type-simple"},"acf":[],"yoast_head":"<!-- This site is optimized with the Yoast SEO plugin v27.3 - https:\/\/yoast.com\/product\/yoast-seo-wordpress\/ -->\n<title>The Hirsch Effekt-Holon: Anamnesis RP 2012-LP Vinyl - Rockers Records<\/title>\n<meta name=\"robots\" content=\"index, follow, max-snippet:-1, max-image-preview:large, max-video-preview:-1\" \/>\n<link rel=\"canonical\" href=\"https:\/\/rockers.de\/en\/record\/the-hirsch-effekt-holon-anamnesis-rp-2012-lp-vinyl\/\" \/>\n<meta property=\"og:locale\" content=\"en_US\" \/>\n<meta property=\"og:type\" content=\"article\" \/>\n<meta property=\"og:title\" content=\"The Hirsch Effekt-Holon: Anamnesis RP 2012-LP Vinyl - Rockers Records\" \/>\n<meta property=\"og:description\" content=\"\u2117 + \u00a9 The Hirsch Effekt &amp; Kapit\u00e4n Platte 2012  2nd pressing Limited edition of 500 copies (handnumbered), housed in gatefold jacket plus inlet including a downloadcode of the entire album, the following etching is on the D Side :  WIR M\u00dcSSEN UNSERE HERZEN SCHONEN\/ ES IST FR\u00dcHLING UND WIR SOLLTEN UNS ALLE T\u00dcREN OFFEN HALTEN\/ WIR SOLLTEN UNS NICHT ZU TIEF REINH\u00c4NGEN, DAMIT WIR AUCH SCHNELL WIEDER RAUSKOMMEN\/ NUR DU BIST WICHTIG UND DU SOLLTEST AUCH NUR ZUSEHEN, DASS ES DIR GUT GEHT\/ WIR M\u00dcSSEN UNS DAF\u00dcR NICHT RECHTFERTIGEN\/ ES GIBT NICHTS ZU SAGEN UND KEINE VERPFLICHTUNG\/ WIR M\u00dcSSEN UNS SELBER NICHT M\u00d6GEN, SOLANGE DAS JEMAND ANDERES F\u00dcR UNS ERLEDIGT\/ ES SOLLTE M\u00d6GLICHST EINFACH SEIN UND LEICHT\/ WIR M\u00dcSSEN UNS NICHT MIT DOOFEN GEF\u00dcHLEN BESCH\u00c4FTIGEN\/ ALLES UNANGENEHME SOLLTEN WIR AUSSPERREN\/ WIR SOLLTEN NICHT ZU TIEF IN UNS SELBER SCHAUEN\/ AM SCH\u00d6NSTEN IST ES HIER AN DER OBERFL\u00c4CHE - GRAD BEI DIESEM WETTER\/ WIR SOLLTEN UNS \u00dcBERALL UMSCHAUEN\/ DAMIT WIR JA NICHTS VERPASSEN\/ WIR SOLLTEN JEDEN KENNEN UND VIEL FEIERN GEHEN\/ DAMIT WIR AM ENDE NICHT MEHR WISSEN, WER WIR SIND UND MIT DER MASSE VERSCHMELZEN\/ WIR SOLLEN UNS NETTE DINGE SAGEN UND DIE AUF ZETTELCHEN SCHREIBEN\/ ABER WIR SOLLTEN DIE NICHT SO MEINEN DENN\/ WIR M\u00dcSSEN EINANDER NICHT LIEBEN\/ SOLANGE WIR IN DER LAGE SIND ROMANTIK MIT LIEBE ZU VERWECHSELN\/ WIR SOLLTEN KEINEN SCHMERZ ZULASSEN\/ ALLES WAS WEH TUT IST AUTOMATISCH SCHLECHT\/ WIR SOLLTEN DAS LEBEN GENIE\u1e9eEN\/ DENN DAS LEBEN IST VIEL BESSER, WENN ALLES GUT IST\" \/>\n<meta property=\"og:url\" content=\"https:\/\/rockers.de\/en\/record\/the-hirsch-effekt-holon-anamnesis-rp-2012-lp-vinyl\/\" \/>\n<meta property=\"og:site_name\" content=\"Rockers Records\" \/>\n<meta property=\"article:modified_time\" content=\"2025-10-25T15:11:59+00:00\" \/>\n<meta property=\"og:image\" content=\"https:\/\/rockers.de\/wp-content\/uploads\/2025\/07\/The-Hirsch-Effekt-Holon-Anamnesis-RP-2012-LP-Vinyl-1.jpg\" \/>\n\t<meta property=\"og:image:width\" content=\"1800\" \/>\n\t<meta property=\"og:image:height\" content=\"1852\" \/>\n\t<meta property=\"og:image:type\" content=\"image\/jpeg\" \/>\n<meta name=\"twitter:card\" content=\"summary_large_image\" \/>\n<meta name=\"twitter:label1\" content=\"Est. reading time\" \/>\n\t<meta name=\"twitter:data1\" content=\"2 minutes\" \/>\n<script type=\"application\/ld+json\" class=\"yoast-schema-graph\">{\"@context\":\"https:\\\/\\\/schema.org\",\"@graph\":[{\"@type\":\"WebPage\",\"@id\":\"https:\\\/\\\/rockers.de\\\/record\\\/the-hirsch-effekt-holon-anamnesis-rp-2012-lp-vinyl\\\/\",\"url\":\"https:\\\/\\\/rockers.de\\\/record\\\/the-hirsch-effekt-holon-anamnesis-rp-2012-lp-vinyl\\\/\",\"name\":\"The Hirsch Effekt-Holon: Anamnesis RP 2012-LP Vinyl - Rockers Records\",\"isPartOf\":{\"@id\":\"https:\\\/\\\/rockers.de\\\/#website\"},\"primaryImageOfPage\":{\"@id\":\"https:\\\/\\\/rockers.de\\\/record\\\/the-hirsch-effekt-holon-anamnesis-rp-2012-lp-vinyl\\\/#primaryimage\"},\"image\":{\"@id\":\"https:\\\/\\\/rockers.de\\\/record\\\/the-hirsch-effekt-holon-anamnesis-rp-2012-lp-vinyl\\\/#primaryimage\"},\"thumbnailUrl\":\"https:\\\/\\\/rockers.de\\\/wp-content\\\/uploads\\\/2025\\\/07\\\/The-Hirsch-Effekt-Holon-Anamnesis-RP-2012-LP-Vinyl-1.jpg\",\"datePublished\":\"2025-07-01T12:35:36+00:00\",\"dateModified\":\"2025-10-25T15:11:59+00:00\",\"breadcrumb\":{\"@id\":\"https:\\\/\\\/rockers.de\\\/record\\\/the-hirsch-effekt-holon-anamnesis-rp-2012-lp-vinyl\\\/#breadcrumb\"},\"inLanguage\":\"en-US\",\"potentialAction\":[{\"@type\":\"ReadAction\",\"target\":[\"https:\\\/\\\/rockers.de\\\/record\\\/the-hirsch-effekt-holon-anamnesis-rp-2012-lp-vinyl\\\/\"]}]},{\"@type\":\"ImageObject\",\"inLanguage\":\"en-US\",\"@id\":\"https:\\\/\\\/rockers.de\\\/record\\\/the-hirsch-effekt-holon-anamnesis-rp-2012-lp-vinyl\\\/#primaryimage\",\"url\":\"https:\\\/\\\/rockers.de\\\/wp-content\\\/uploads\\\/2025\\\/07\\\/The-Hirsch-Effekt-Holon-Anamnesis-RP-2012-LP-Vinyl-1.jpg\",\"contentUrl\":\"https:\\\/\\\/rockers.de\\\/wp-content\\\/uploads\\\/2025\\\/07\\\/The-Hirsch-Effekt-Holon-Anamnesis-RP-2012-LP-Vinyl-1.jpg\",\"width\":1800,\"height\":1852,\"caption\":\"The Hirsch Effekt-Holon Anamnesis RP 2012-LP Vinyl\"},{\"@type\":\"BreadcrumbList\",\"@id\":\"https:\\\/\\\/rockers.de\\\/record\\\/the-hirsch-effekt-holon-anamnesis-rp-2012-lp-vinyl\\\/#breadcrumb\",\"itemListElement\":[{\"@type\":\"ListItem\",\"position\":1,\"name\":\"Startseite\",\"item\":\"https:\\\/\\\/rockers.de\\\/\"},{\"@type\":\"ListItem\",\"position\":2,\"name\":\"Shop\",\"item\":\"https:\\\/\\\/rockers.de\\\/shop\\\/\"},{\"@type\":\"ListItem\",\"position\":3,\"name\":\"The Hirsch Effekt-Holon: Anamnesis RP 2012-LP Vinyl\"}]},{\"@type\":\"WebSite\",\"@id\":\"https:\\\/\\\/rockers.de\\\/#website\",\"url\":\"https:\\\/\\\/rockers.de\\\/\",\"name\":\"Rockers Records\",\"description\":\"Dein Schallplatten Store in Hannover\",\"publisher\":{\"@id\":\"https:\\\/\\\/rockers.de\\\/#organization\"},\"potentialAction\":[{\"@type\":\"SearchAction\",\"target\":{\"@type\":\"EntryPoint\",\"urlTemplate\":\"https:\\\/\\\/rockers.de\\\/?s={search_term_string}\"},\"query-input\":{\"@type\":\"PropertyValueSpecification\",\"valueRequired\":true,\"valueName\":\"search_term_string\"}}],\"inLanguage\":\"en-US\"},{\"@type\":\"Organization\",\"@id\":\"https:\\\/\\\/rockers.de\\\/#organization\",\"name\":\"Rockers Records\",\"url\":\"https:\\\/\\\/rockers.de\\\/\",\"logo\":{\"@type\":\"ImageObject\",\"inLanguage\":\"en-US\",\"@id\":\"https:\\\/\\\/rockers.de\\\/#\\\/schema\\\/logo\\\/image\\\/\",\"url\":\"https:\\\/\\\/rockers.de\\\/wp-content\\\/uploads\\\/2022\\\/07\\\/Neue-Website-2022.jpg\",\"contentUrl\":\"https:\\\/\\\/rockers.de\\\/wp-content\\\/uploads\\\/2022\\\/07\\\/Neue-Website-2022.jpg\",\"width\":800,\"height\":800,\"caption\":\"Rockers Records\"},\"image\":{\"@id\":\"https:\\\/\\\/rockers.de\\\/#\\\/schema\\\/logo\\\/image\\\/\"}}]}<\/script>\n<!-- \/ Yoast SEO plugin. -->","yoast_head_json":{"title":"The Hirsch Effekt-Holon: Anamnesis RP 2012-LP Vinyl - Rockers Records","robots":{"index":"index","follow":"follow","max-snippet":"max-snippet:-1","max-image-preview":"max-image-preview:large","max-video-preview":"max-video-preview:-1"},"canonical":"https:\/\/rockers.de\/en\/record\/the-hirsch-effekt-holon-anamnesis-rp-2012-lp-vinyl\/","og_locale":"en_US","og_type":"article","og_title":"The Hirsch Effekt-Holon: Anamnesis RP 2012-LP Vinyl - Rockers Records","og_description":"\u2117 + \u00a9 The Hirsch Effekt &amp; Kapit\u00e4n Platte 2012  2nd pressing Limited edition of 500 copies (handnumbered), housed in gatefold jacket plus inlet including a downloadcode of the entire album, the following etching is on the D Side :  WIR M\u00dcSSEN UNSERE HERZEN SCHONEN\/ ES IST FR\u00dcHLING UND WIR SOLLTEN UNS ALLE T\u00dcREN OFFEN HALTEN\/ WIR SOLLTEN UNS NICHT ZU TIEF REINH\u00c4NGEN, DAMIT WIR AUCH SCHNELL WIEDER RAUSKOMMEN\/ NUR DU BIST WICHTIG UND DU SOLLTEST AUCH NUR ZUSEHEN, DASS ES DIR GUT GEHT\/ WIR M\u00dcSSEN UNS DAF\u00dcR NICHT RECHTFERTIGEN\/ ES GIBT NICHTS ZU SAGEN UND KEINE VERPFLICHTUNG\/ WIR M\u00dcSSEN UNS SELBER NICHT M\u00d6GEN, SOLANGE DAS JEMAND ANDERES F\u00dcR UNS ERLEDIGT\/ ES SOLLTE M\u00d6GLICHST EINFACH SEIN UND LEICHT\/ WIR M\u00dcSSEN UNS NICHT MIT DOOFEN GEF\u00dcHLEN BESCH\u00c4FTIGEN\/ ALLES UNANGENEHME SOLLTEN WIR AUSSPERREN\/ WIR SOLLTEN NICHT ZU TIEF IN UNS SELBER SCHAUEN\/ AM SCH\u00d6NSTEN IST ES HIER AN DER OBERFL\u00c4CHE - GRAD BEI DIESEM WETTER\/ WIR SOLLTEN UNS \u00dcBERALL UMSCHAUEN\/ DAMIT WIR JA NICHTS VERPASSEN\/ WIR SOLLTEN JEDEN KENNEN UND VIEL FEIERN GEHEN\/ DAMIT WIR AM ENDE NICHT MEHR WISSEN, WER WIR SIND UND MIT DER MASSE VERSCHMELZEN\/ WIR SOLLEN UNS NETTE DINGE SAGEN UND DIE AUF ZETTELCHEN SCHREIBEN\/ ABER WIR SOLLTEN DIE NICHT SO MEINEN DENN\/ WIR M\u00dcSSEN EINANDER NICHT LIEBEN\/ SOLANGE WIR IN DER LAGE SIND ROMANTIK MIT LIEBE ZU VERWECHSELN\/ WIR SOLLTEN KEINEN SCHMERZ ZULASSEN\/ ALLES WAS WEH TUT IST AUTOMATISCH SCHLECHT\/ WIR SOLLTEN DAS LEBEN GENIE\u1e9eEN\/ DENN DAS LEBEN IST VIEL BESSER, WENN ALLES GUT IST","og_url":"https:\/\/rockers.de\/en\/record\/the-hirsch-effekt-holon-anamnesis-rp-2012-lp-vinyl\/","og_site_name":"Rockers Records","article_modified_time":"2025-10-25T15:11:59+00:00","og_image":[{"width":1800,"height":1852,"url":"https:\/\/rockers.de\/wp-content\/uploads\/2025\/07\/The-Hirsch-Effekt-Holon-Anamnesis-RP-2012-LP-Vinyl-1.jpg","type":"image\/jpeg"}],"twitter_card":"summary_large_image","twitter_misc":{"Est. reading time":"2 minutes"},"schema":{"@context":"https:\/\/schema.org","@graph":[{"@type":"WebPage","@id":"https:\/\/rockers.de\/record\/the-hirsch-effekt-holon-anamnesis-rp-2012-lp-vinyl\/","url":"https:\/\/rockers.de\/record\/the-hirsch-effekt-holon-anamnesis-rp-2012-lp-vinyl\/","name":"The Hirsch Effekt-Holon: Anamnesis RP 2012-LP Vinyl - Rockers Records","isPartOf":{"@id":"https:\/\/rockers.de\/#website"},"primaryImageOfPage":{"@id":"https:\/\/rockers.de\/record\/the-hirsch-effekt-holon-anamnesis-rp-2012-lp-vinyl\/#primaryimage"},"image":{"@id":"https:\/\/rockers.de\/record\/the-hirsch-effekt-holon-anamnesis-rp-2012-lp-vinyl\/#primaryimage"},"thumbnailUrl":"https:\/\/rockers.de\/wp-content\/uploads\/2025\/07\/The-Hirsch-Effekt-Holon-Anamnesis-RP-2012-LP-Vinyl-1.jpg","datePublished":"2025-07-01T12:35:36+00:00","dateModified":"2025-10-25T15:11:59+00:00","breadcrumb":{"@id":"https:\/\/rockers.de\/record\/the-hirsch-effekt-holon-anamnesis-rp-2012-lp-vinyl\/#breadcrumb"},"inLanguage":"en-US","potentialAction":[{"@type":"ReadAction","target":["https:\/\/rockers.de\/record\/the-hirsch-effekt-holon-anamnesis-rp-2012-lp-vinyl\/"]}]},{"@type":"ImageObject","inLanguage":"en-US","@id":"https:\/\/rockers.de\/record\/the-hirsch-effekt-holon-anamnesis-rp-2012-lp-vinyl\/#primaryimage","url":"https:\/\/rockers.de\/wp-content\/uploads\/2025\/07\/The-Hirsch-Effekt-Holon-Anamnesis-RP-2012-LP-Vinyl-1.jpg","contentUrl":"https:\/\/rockers.de\/wp-content\/uploads\/2025\/07\/The-Hirsch-Effekt-Holon-Anamnesis-RP-2012-LP-Vinyl-1.jpg","width":1800,"height":1852,"caption":"The Hirsch Effekt-Holon Anamnesis RP 2012-LP Vinyl"},{"@type":"BreadcrumbList","@id":"https:\/\/rockers.de\/record\/the-hirsch-effekt-holon-anamnesis-rp-2012-lp-vinyl\/#breadcrumb","itemListElement":[{"@type":"ListItem","position":1,"name":"Startseite","item":"https:\/\/rockers.de\/"},{"@type":"ListItem","position":2,"name":"Shop","item":"https:\/\/rockers.de\/shop\/"},{"@type":"ListItem","position":3,"name":"The Hirsch Effekt-Holon: Anamnesis RP 2012-LP Vinyl"}]},{"@type":"WebSite","@id":"https:\/\/rockers.de\/#website","url":"https:\/\/rockers.de\/","name":"Rockers Records","description":"Your record store in Hanover","publisher":{"@id":"https:\/\/rockers.de\/#organization"},"potentialAction":[{"@type":"SearchAction","target":{"@type":"EntryPoint","urlTemplate":"https:\/\/rockers.de\/?s={search_term_string}"},"query-input":{"@type":"PropertyValueSpecification","valueRequired":true,"valueName":"search_term_string"}}],"inLanguage":"en-US"},{"@type":"Organization","@id":"https:\/\/rockers.de\/#organization","name":"Rockers Records","url":"https:\/\/rockers.de\/","logo":{"@type":"ImageObject","inLanguage":"en-US","@id":"https:\/\/rockers.de\/#\/schema\/logo\/image\/","url":"https:\/\/rockers.de\/wp-content\/uploads\/2022\/07\/Neue-Website-2022.jpg","contentUrl":"https:\/\/rockers.de\/wp-content\/uploads\/2022\/07\/Neue-Website-2022.jpg","width":800,"height":800,"caption":"Rockers Records"},"image":{"@id":"https:\/\/rockers.de\/#\/schema\/logo\/image\/"}}]}},"_links":{"self":[{"href":"https:\/\/rockers.de\/en\/wp-json\/wp\/v2\/product\/158477","targetHints":{"allow":["GET"]}}],"collection":[{"href":"https:\/\/rockers.de\/en\/wp-json\/wp\/v2\/product"}],"about":[{"href":"https:\/\/rockers.de\/en\/wp-json\/wp\/v2\/types\/product"}],"wp:featuredmedia":[{"embeddable":true,"href":"https:\/\/rockers.de\/en\/wp-json\/wp\/v2\/media\/158480"}],"wp:attachment":[{"href":"https:\/\/rockers.de\/en\/wp-json\/wp\/v2\/media?parent=158477"}],"wp:term":[{"taxonomy":"product_brand","embeddable":true,"href":"https:\/\/rockers.de\/en\/wp-json\/wp\/v2\/product_brand?post=158477"},{"taxonomy":"product_cat","embeddable":true,"href":"https:\/\/rockers.de\/en\/wp-json\/wp\/v2\/product_cat?post=158477"},{"taxonomy":"product_tag","embeddable":true,"href":"https:\/\/rockers.de\/en\/wp-json\/wp\/v2\/product_tag?post=158477"}],"curies":[{"name":"wp","href":"https:\/\/api.w.org\/{rel}","templated":true}]}}