{"id":157658,"date":"2025-06-19T14:38:55","date_gmt":"2025-06-19T12:38:55","guid":{"rendered":"https:\/\/rockers.de\/?post_type=product&#038;p=157658"},"modified":"2025-12-01T22:20:02","modified_gmt":"2025-12-01T21:20:02","slug":"allan-taylor-there-was-a-time-sacd","status":"publish","type":"product","link":"https:\/\/rockers.de\/en\/record\/allan-taylor-there-was-a-time-sacd\/","title":{"rendered":"Allan Taylor-There Was A Time-SACD"},"content":{"rendered":"<p>Deluxe edition, SACD.<\/p>","protected":false},"excerpt":{"rendered":"<p>Total playing time 57:06<br \/>\nAudiobook (Hardcover)<\/p>\n<p>Nach dem gro\u00dfen Erfolg der Produktion mit Song Zuying und dem China Philharmonic Orchestra (Grammy-Nominierung 2015) arbeitete Stockfisch-Records nun erneut mit einem gro\u00dfen Symphonieorchester zusammen. Denn ein weiteres Projekt mit dem englischen Altmeister des Songwritings, Allan Taylor, wurde in die Tat umgesetzt: \u00bbThere Was a Time\u00ab. <\/p>\n<p>Die Geschichte dazu: Allan hatte schon h\u00e4ufiger auf einem bekannten italienischen Folk-Festival in der N\u00e4he der Stadt Udine gespielt. Dadurch kam der Kontakt zu dem Komponisten, Dirigenten und Arrangeur Valter Sivilotti zustande. Dieser fand gro\u00dfen Gefallen daran, ausgew\u00e4hlte Songs von Allan f\u00fcr Symphonieorchester zu arrangieren. Valter und Allan arbeiteten intensiv zusammen und diese Kooperation gipfelte 2013 in einem Livekonzert mit einem italienischen Orchester in Spilimbergo. <\/p>\n<p>G\u00fcnter Pauler h\u00f6rte ein Livemitschnitt-Demo dieser Auff\u00fchrung und war begeistert von dem Projekt: Allan\u2019s Songs mit gro\u00dfem Orchester. Das Northeimer Label engagierte das G\u00f6ttinger Symphonie Orchester unter seinem agilen und experimentierfreudigen Dirigenten Christoph-Mathias Mueller, lud Valter Sivilotti und Allan Taylor nach G\u00f6ttingen ein \u2013 und eine faszinierende und emotionsgeladene Produktion entstand. <\/p>\n<p>Allan Taylor schreibt zu dieser Aufnahme: \u00bbWhat you hear on this SACD is the product of great technical and artistic expertise on the part of Stockfisch Records. I wrote some of these songs many years ago, but I hope you enjoy the experience of hearing them in an orchestral setting. Certainly, Valter Sivilotti\u2019s empathy with my songs has created some wonderful settings, and it was a privilege to work with such a creative and empathetic musician.\u00ab <\/p>\n<p>Die Hybrid-SACDs k\u00f6nnen auf jedem herk\u00f6mmlichen CD-Player abgespielt werden, da sie einen 16bit Hybrid-Layer enthalten.<br \/>\n\u2022 Zum Abspielen des DSD Stereo-Sounds wird ein SACD-Player ben\u00f6tigt.<br \/>\n\u2022 Zum Abspielen des 5.1-Surround-Sounds werden ein mehrkanalf\u00e4higer SACD-Player und eine entsprechende Mehrkanal-Anlage ben\u00f6tigt.<\/p>","protected":false},"featured_media":157660,"template":"","meta":{"_acf_changed":false},"product_brand":[],"product_cat":[175],"product_tag":[],"class_list":{"0":"post-157658","1":"product","2":"type-product","3":"status-publish","4":"has-post-thumbnail","6":"product_cat-rock","7":"pa_att_artist-allan-taylor","8":"pa_att_artist-goettinger-symphonie-orchester","9":"pa_att_format-sacd","10":"pa_att_genre-rock","11":"pa_att_jahr-144","12":"pa_att_label-stockfisch-records","13":"pa_att_land-germany","15":"first","16":"instock","17":"taxable","18":"shipping-taxable","19":"purchasable","20":"product-type-simple"},"acf":[],"yoast_head":"<!-- This site is optimized with the Yoast SEO plugin v27.2 - https:\/\/yoast.com\/product\/yoast-seo-wordpress\/ -->\n<title>Allan Taylor-There Was A Time-SACD - Rockers Records<\/title>\n<meta name=\"robots\" content=\"index, follow, max-snippet:-1, max-image-preview:large, max-video-preview:-1\" \/>\n<link rel=\"canonical\" href=\"https:\/\/rockers.de\/en\/record\/allan-taylor-there-was-a-time-sacd\/\" \/>\n<meta property=\"og:locale\" content=\"en_US\" \/>\n<meta property=\"og:type\" content=\"article\" \/>\n<meta property=\"og:title\" content=\"Allan Taylor-There Was A Time-SACD - Rockers Records\" \/>\n<meta property=\"og:description\" content=\"Total playing time 57:06 Audiobook (Hardcover)  Nach dem gro\u00dfen Erfolg der Produktion mit Song Zuying und dem China Philharmonic Orchestra (Grammy-Nominierung 2015) arbeitete Stockfisch-Records nun erneut mit einem gro\u00dfen Symphonieorchester zusammen. Denn ein weiteres Projekt mit dem englischen Altmeister des Songwritings, Allan Taylor, wurde in die Tat umgesetzt: \u00bbThere Was a Time\u00ab.   Die Geschichte dazu: Allan hatte schon h\u00e4ufiger auf einem bekannten italienischen Folk-Festival in der N\u00e4he der Stadt Udine gespielt. Dadurch kam der Kontakt zu dem Komponisten, Dirigenten und Arrangeur Valter Sivilotti zustande. Dieser fand gro\u00dfen Gefallen daran, ausgew\u00e4hlte Songs von Allan f\u00fcr Symphonieorchester zu arrangieren. Valter und Allan arbeiteten intensiv zusammen und diese Kooperation gipfelte 2013 in einem Livekonzert mit einem italienischen Orchester in Spilimbergo.   G\u00fcnter Pauler h\u00f6rte ein Livemitschnitt-Demo dieser Auff\u00fchrung und war begeistert von dem Projekt: Allan\u2019s Songs mit gro\u00dfem Orchester. Das Northeimer Label engagierte das G\u00f6ttinger Symphonie Orchester unter seinem agilen und experimentierfreudigen Dirigenten Christoph-Mathias Mueller, lud Valter Sivilotti und Allan Taylor nach G\u00f6ttingen ein \u2013 und eine faszinierende und emotionsgeladene Produktion entstand.   Allan Taylor schreibt zu dieser Aufnahme: \u00bbWhat you hear on this SACD is the product of great technical and artistic expertise on the part of Stockfisch Records. I wrote some of these songs many years ago, but I hope you enjoy the experience of hearing them in an orchestral setting. Certainly, Valter Sivilotti\u2019s empathy with my songs has created some wonderful settings, and it was a privilege to work with such a creative and empathetic musician.\u00ab   Die Hybrid-SACDs k\u00f6nnen auf jedem herk\u00f6mmlichen CD-Player abgespielt werden, da sie einen 16bit Hybrid-Layer enthalten.  \u2022 Zum Abspielen des DSD Stereo-Sounds wird ein SACD-Player ben\u00f6tigt.  \u2022 Zum Abspielen des 5.1-Surround-Sounds werden ein mehrkanalf\u00e4higer SACD-Player und eine entsprechende Mehrkanal-Anlage ben\u00f6tigt.\" \/>\n<meta property=\"og:url\" content=\"https:\/\/rockers.de\/en\/record\/allan-taylor-there-was-a-time-sacd\/\" \/>\n<meta property=\"og:site_name\" content=\"Rockers Records\" \/>\n<meta property=\"article:modified_time\" content=\"2025-12-01T21:20:02+00:00\" \/>\n<meta property=\"og:image\" content=\"https:\/\/rockers.de\/wp-content\/uploads\/2025\/06\/Allan-Taylor-There-Was-A-Time-SACD-1.jpg\" \/>\n\t<meta property=\"og:image:width\" content=\"841\" \/>\n\t<meta property=\"og:image:height\" content=\"1133\" \/>\n\t<meta property=\"og:image:type\" content=\"image\/jpeg\" \/>\n<meta name=\"twitter:card\" content=\"summary_large_image\" \/>\n<meta name=\"twitter:label1\" content=\"Est. reading time\" \/>\n\t<meta name=\"twitter:data1\" content=\"1 minute\" \/>\n<script type=\"application\/ld+json\" class=\"yoast-schema-graph\">{\"@context\":\"https:\/\/schema.org\",\"@graph\":[{\"@type\":\"WebPage\",\"@id\":\"https:\/\/rockers.de\/record\/allan-taylor-there-was-a-time-sacd\/\",\"url\":\"https:\/\/rockers.de\/record\/allan-taylor-there-was-a-time-sacd\/\",\"name\":\"Allan Taylor-There Was A Time-SACD - Rockers Records\",\"isPartOf\":{\"@id\":\"https:\/\/rockers.de\/#website\"},\"primaryImageOfPage\":{\"@id\":\"https:\/\/rockers.de\/record\/allan-taylor-there-was-a-time-sacd\/#primaryimage\"},\"image\":{\"@id\":\"https:\/\/rockers.de\/record\/allan-taylor-there-was-a-time-sacd\/#primaryimage\"},\"thumbnailUrl\":\"https:\/\/rockers.de\/wp-content\/uploads\/2025\/06\/Allan-Taylor-There-Was-A-Time-SACD-1.jpg\",\"datePublished\":\"2025-06-19T12:38:55+00:00\",\"dateModified\":\"2025-12-01T21:20:02+00:00\",\"breadcrumb\":{\"@id\":\"https:\/\/rockers.de\/record\/allan-taylor-there-was-a-time-sacd\/#breadcrumb\"},\"inLanguage\":\"en-US\",\"potentialAction\":[{\"@type\":\"ReadAction\",\"target\":[\"https:\/\/rockers.de\/record\/allan-taylor-there-was-a-time-sacd\/\"]}]},{\"@type\":\"ImageObject\",\"inLanguage\":\"en-US\",\"@id\":\"https:\/\/rockers.de\/record\/allan-taylor-there-was-a-time-sacd\/#primaryimage\",\"url\":\"https:\/\/rockers.de\/wp-content\/uploads\/2025\/06\/Allan-Taylor-There-Was-A-Time-SACD-1.jpg\",\"contentUrl\":\"https:\/\/rockers.de\/wp-content\/uploads\/2025\/06\/Allan-Taylor-There-Was-A-Time-SACD-1.jpg\",\"width\":841,\"height\":1133,\"caption\":\"Allan Taylor-There Was A Time-SACD\"},{\"@type\":\"BreadcrumbList\",\"@id\":\"https:\/\/rockers.de\/record\/allan-taylor-there-was-a-time-sacd\/#breadcrumb\",\"itemListElement\":[{\"@type\":\"ListItem\",\"position\":1,\"name\":\"Startseite\",\"item\":\"https:\/\/rockers.de\/\"},{\"@type\":\"ListItem\",\"position\":2,\"name\":\"Shop\",\"item\":\"https:\/\/rockers.de\/shop\/\"},{\"@type\":\"ListItem\",\"position\":3,\"name\":\"Allan Taylor-There Was A Time-SACD\"}]},{\"@type\":\"WebSite\",\"@id\":\"https:\/\/rockers.de\/#website\",\"url\":\"https:\/\/rockers.de\/\",\"name\":\"Rockers Records\",\"description\":\"Dein Schallplatten Store in Hannover\",\"publisher\":{\"@id\":\"https:\/\/rockers.de\/#organization\"},\"potentialAction\":[{\"@type\":\"SearchAction\",\"target\":{\"@type\":\"EntryPoint\",\"urlTemplate\":\"https:\/\/rockers.de\/?s={search_term_string}\"},\"query-input\":{\"@type\":\"PropertyValueSpecification\",\"valueRequired\":true,\"valueName\":\"search_term_string\"}}],\"inLanguage\":\"en-US\"},{\"@type\":\"Organization\",\"@id\":\"https:\/\/rockers.de\/#organization\",\"name\":\"Rockers Records\",\"url\":\"https:\/\/rockers.de\/\",\"logo\":{\"@type\":\"ImageObject\",\"inLanguage\":\"en-US\",\"@id\":\"https:\/\/rockers.de\/#\/schema\/logo\/image\/\",\"url\":\"https:\/\/rockers.de\/wp-content\/uploads\/2022\/07\/Neue-Website-2022.jpg\",\"contentUrl\":\"https:\/\/rockers.de\/wp-content\/uploads\/2022\/07\/Neue-Website-2022.jpg\",\"width\":800,\"height\":800,\"caption\":\"Rockers Records\"},\"image\":{\"@id\":\"https:\/\/rockers.de\/#\/schema\/logo\/image\/\"}}]}<\/script>\n<!-- \/ Yoast SEO plugin. -->","yoast_head_json":{"title":"Allan Taylor-There Was A Time-SACD - Rockers Records","robots":{"index":"index","follow":"follow","max-snippet":"max-snippet:-1","max-image-preview":"max-image-preview:large","max-video-preview":"max-video-preview:-1"},"canonical":"https:\/\/rockers.de\/en\/record\/allan-taylor-there-was-a-time-sacd\/","og_locale":"en_US","og_type":"article","og_title":"Allan Taylor-There Was A Time-SACD - Rockers Records","og_description":"Total playing time 57:06 Audiobook (Hardcover)  Nach dem gro\u00dfen Erfolg der Produktion mit Song Zuying und dem China Philharmonic Orchestra (Grammy-Nominierung 2015) arbeitete Stockfisch-Records nun erneut mit einem gro\u00dfen Symphonieorchester zusammen. Denn ein weiteres Projekt mit dem englischen Altmeister des Songwritings, Allan Taylor, wurde in die Tat umgesetzt: \u00bbThere Was a Time\u00ab.   Die Geschichte dazu: Allan hatte schon h\u00e4ufiger auf einem bekannten italienischen Folk-Festival in der N\u00e4he der Stadt Udine gespielt. Dadurch kam der Kontakt zu dem Komponisten, Dirigenten und Arrangeur Valter Sivilotti zustande. Dieser fand gro\u00dfen Gefallen daran, ausgew\u00e4hlte Songs von Allan f\u00fcr Symphonieorchester zu arrangieren. Valter und Allan arbeiteten intensiv zusammen und diese Kooperation gipfelte 2013 in einem Livekonzert mit einem italienischen Orchester in Spilimbergo.   G\u00fcnter Pauler h\u00f6rte ein Livemitschnitt-Demo dieser Auff\u00fchrung und war begeistert von dem Projekt: Allan\u2019s Songs mit gro\u00dfem Orchester. Das Northeimer Label engagierte das G\u00f6ttinger Symphonie Orchester unter seinem agilen und experimentierfreudigen Dirigenten Christoph-Mathias Mueller, lud Valter Sivilotti und Allan Taylor nach G\u00f6ttingen ein \u2013 und eine faszinierende und emotionsgeladene Produktion entstand.   Allan Taylor schreibt zu dieser Aufnahme: \u00bbWhat you hear on this SACD is the product of great technical and artistic expertise on the part of Stockfisch Records. I wrote some of these songs many years ago, but I hope you enjoy the experience of hearing them in an orchestral setting. Certainly, Valter Sivilotti\u2019s empathy with my songs has created some wonderful settings, and it was a privilege to work with such a creative and empathetic musician.\u00ab   Die Hybrid-SACDs k\u00f6nnen auf jedem herk\u00f6mmlichen CD-Player abgespielt werden, da sie einen 16bit Hybrid-Layer enthalten.  \u2022 Zum Abspielen des DSD Stereo-Sounds wird ein SACD-Player ben\u00f6tigt.  \u2022 Zum Abspielen des 5.1-Surround-Sounds werden ein mehrkanalf\u00e4higer SACD-Player und eine entsprechende Mehrkanal-Anlage ben\u00f6tigt.","og_url":"https:\/\/rockers.de\/en\/record\/allan-taylor-there-was-a-time-sacd\/","og_site_name":"Rockers Records","article_modified_time":"2025-12-01T21:20:02+00:00","og_image":[{"width":841,"height":1133,"url":"https:\/\/rockers.de\/wp-content\/uploads\/2025\/06\/Allan-Taylor-There-Was-A-Time-SACD-1.jpg","type":"image\/jpeg"}],"twitter_card":"summary_large_image","twitter_misc":{"Est. reading time":"1 minute"},"schema":{"@context":"https:\/\/schema.org","@graph":[{"@type":"WebPage","@id":"https:\/\/rockers.de\/record\/allan-taylor-there-was-a-time-sacd\/","url":"https:\/\/rockers.de\/record\/allan-taylor-there-was-a-time-sacd\/","name":"Allan Taylor-There Was A Time-SACD - Rockers Records","isPartOf":{"@id":"https:\/\/rockers.de\/#website"},"primaryImageOfPage":{"@id":"https:\/\/rockers.de\/record\/allan-taylor-there-was-a-time-sacd\/#primaryimage"},"image":{"@id":"https:\/\/rockers.de\/record\/allan-taylor-there-was-a-time-sacd\/#primaryimage"},"thumbnailUrl":"https:\/\/rockers.de\/wp-content\/uploads\/2025\/06\/Allan-Taylor-There-Was-A-Time-SACD-1.jpg","datePublished":"2025-06-19T12:38:55+00:00","dateModified":"2025-12-01T21:20:02+00:00","breadcrumb":{"@id":"https:\/\/rockers.de\/record\/allan-taylor-there-was-a-time-sacd\/#breadcrumb"},"inLanguage":"en-US","potentialAction":[{"@type":"ReadAction","target":["https:\/\/rockers.de\/record\/allan-taylor-there-was-a-time-sacd\/"]}]},{"@type":"ImageObject","inLanguage":"en-US","@id":"https:\/\/rockers.de\/record\/allan-taylor-there-was-a-time-sacd\/#primaryimage","url":"https:\/\/rockers.de\/wp-content\/uploads\/2025\/06\/Allan-Taylor-There-Was-A-Time-SACD-1.jpg","contentUrl":"https:\/\/rockers.de\/wp-content\/uploads\/2025\/06\/Allan-Taylor-There-Was-A-Time-SACD-1.jpg","width":841,"height":1133,"caption":"Allan Taylor-There Was A Time-SACD"},{"@type":"BreadcrumbList","@id":"https:\/\/rockers.de\/record\/allan-taylor-there-was-a-time-sacd\/#breadcrumb","itemListElement":[{"@type":"ListItem","position":1,"name":"Startseite","item":"https:\/\/rockers.de\/"},{"@type":"ListItem","position":2,"name":"Shop","item":"https:\/\/rockers.de\/shop\/"},{"@type":"ListItem","position":3,"name":"Allan Taylor-There Was A Time-SACD"}]},{"@type":"WebSite","@id":"https:\/\/rockers.de\/#website","url":"https:\/\/rockers.de\/","name":"Rockers Records","description":"Your record store in Hanover","publisher":{"@id":"https:\/\/rockers.de\/#organization"},"potentialAction":[{"@type":"SearchAction","target":{"@type":"EntryPoint","urlTemplate":"https:\/\/rockers.de\/?s={search_term_string}"},"query-input":{"@type":"PropertyValueSpecification","valueRequired":true,"valueName":"search_term_string"}}],"inLanguage":"en-US"},{"@type":"Organization","@id":"https:\/\/rockers.de\/#organization","name":"Rockers Records","url":"https:\/\/rockers.de\/","logo":{"@type":"ImageObject","inLanguage":"en-US","@id":"https:\/\/rockers.de\/#\/schema\/logo\/image\/","url":"https:\/\/rockers.de\/wp-content\/uploads\/2022\/07\/Neue-Website-2022.jpg","contentUrl":"https:\/\/rockers.de\/wp-content\/uploads\/2022\/07\/Neue-Website-2022.jpg","width":800,"height":800,"caption":"Rockers Records"},"image":{"@id":"https:\/\/rockers.de\/#\/schema\/logo\/image\/"}}]}},"_links":{"self":[{"href":"https:\/\/rockers.de\/en\/wp-json\/wp\/v2\/product\/157658","targetHints":{"allow":["GET"]}}],"collection":[{"href":"https:\/\/rockers.de\/en\/wp-json\/wp\/v2\/product"}],"about":[{"href":"https:\/\/rockers.de\/en\/wp-json\/wp\/v2\/types\/product"}],"wp:featuredmedia":[{"embeddable":true,"href":"https:\/\/rockers.de\/en\/wp-json\/wp\/v2\/media\/157660"}],"wp:attachment":[{"href":"https:\/\/rockers.de\/en\/wp-json\/wp\/v2\/media?parent=157658"}],"wp:term":[{"taxonomy":"product_brand","embeddable":true,"href":"https:\/\/rockers.de\/en\/wp-json\/wp\/v2\/product_brand?post=157658"},{"taxonomy":"product_cat","embeddable":true,"href":"https:\/\/rockers.de\/en\/wp-json\/wp\/v2\/product_cat?post=157658"},{"taxonomy":"product_tag","embeddable":true,"href":"https:\/\/rockers.de\/en\/wp-json\/wp\/v2\/product_tag?post=157658"}],"curies":[{"name":"wp","href":"https:\/\/api.w.org\/{rel}","templated":true}]}}