{"id":156875,"date":"2025-06-07T13:32:22","date_gmt":"2025-06-07T11:32:22","guid":{"rendered":"https:\/\/rockers.de\/?post_type=product&#038;p=156875"},"modified":"2025-06-07T13:32:23","modified_gmt":"2025-06-07T11:32:23","slug":"moddi-bratebrann-lp-vinyl","status":"publish","type":"product","link":"https:\/\/rockers.de\/en\/record\/moddi-bratebrann-lp-vinyl\/","title":{"rendered":"Moddi-Br\u00e5tebrann-LP Vinyl"},"content":{"rendered":"<p>Double album released on vinyl 2022-06-31.<\/p>\n<p>Recorded at Kysten Studio in Troms\u00f8, Kr\u00e5keslottet in Senja, Ocean Sound Recordings in Giske, Brygga Studio in Trondheim, Musikkonservatoriet in Troms\u00f8, Sigurd&#8217;s bedroom in Ottestad, at \u00c5satun in Vangsvik, cottage of Geir H\u00e5vard in Lenvik, living room of Marie Tveiten in Torshov, Nova Seas oppdrettslokalitet 10893 Rens\u00f8ya Nord and tapped\u00f8rken i smelteverket Finnfjord.<\/p>\n<p>Kn\u00f8lhvalsangen p\u00e5 I det bl\u00e5 l\u00e5nt fra Sofia Aniceto i LoVe Ocean Observatory Project. <\/p>\n<p>Urfremf\u00f8rt under Varangerfestivalen 2019.<br \/>\nUtgitt med st\u00f8tte fra Fond for ut\u00f8vende kunstnere.<\/p>\n<p>Barcode bottom left on flipside of album cover is printed upside down.<\/p>","protected":false},"excerpt":{"rendered":"<p>Double album released on vinyl 2022-06-31.<\/p>\n<p>Recorded at Kysten Studio in Troms\u00f8, Kr\u00e5keslottet in Senja, Ocean Sound Recordings in Giske, Brygga Studio in Trondheim, Musikkonservatoriet in Troms\u00f8, Sigurd&#8217;s bedroom in Ottestad, at \u00c5satun in Vangsvik, cottage of Geir H\u00e5vard in Lenvik, living room of Marie Tveiten in Torshov, Nova Seas oppdrettslokalitet 10893 Rens\u00f8ya Nord and tapped\u00f8rken i smelteverket Finnfjord.<\/p>\n<p>Kn\u00f8lhvalsangen p\u00e5 I det bl\u00e5 l\u00e5nt fra Sofia Aniceto i LoVe Ocean Observatory Project. <\/p>\n<p>Urfremf\u00f8rt under Varangerfestivalen 2019.<br \/>\nUtgitt med st\u00f8tte fra Fond for ut\u00f8vende kunstnere.<\/p>\n<p>Barcode bottom left on flipside of album cover is printed upside down.<\/p>","protected":false},"featured_media":156877,"template":"","meta":{"_acf_changed":false},"product_brand":[],"product_cat":[150],"product_tag":[],"class_list":{"0":"post-156875","1":"product","2":"type-product","3":"status-publish","4":"has-post-thumbnail","6":"product_cat-alternative-rock","7":"pa_att_artist-moddi","8":"pa_att_format-lp-vinyl","9":"pa_att_genre-alternative-rock","10":"pa_att_jahr-37","11":"pa_att_label-propeller-recordings","12":"pa_att_land-norway","14":"first","15":"instock","16":"taxable","17":"shipping-taxable","18":"purchasable","19":"product-type-simple"},"acf":[],"yoast_head":"<!-- This site is optimized with the Yoast SEO plugin v27.3 - https:\/\/yoast.com\/product\/yoast-seo-wordpress\/ -->\n<title>Moddi-Br\u00e5tebrann-LP Vinyl - Rockers Records<\/title>\n<meta name=\"robots\" content=\"index, follow, max-snippet:-1, max-image-preview:large, max-video-preview:-1\" \/>\n<link rel=\"canonical\" href=\"https:\/\/rockers.de\/en\/record\/moddi-bratebrann-lp-vinyl\/\" \/>\n<meta property=\"og:locale\" content=\"en_US\" \/>\n<meta property=\"og:type\" content=\"article\" \/>\n<meta property=\"og:title\" content=\"Moddi-Br\u00e5tebrann-LP Vinyl - Rockers Records\" \/>\n<meta property=\"og:description\" content=\"Double album released on vinyl 2022-06-31.  Recorded at Kysten Studio in Troms\u00f8, Kr\u00e5keslottet in Senja, Ocean Sound Recordings in Giske, Brygga Studio in Trondheim, Musikkonservatoriet in Troms\u00f8, Sigurd&#039;s bedroom in Ottestad, at \u00c5satun in Vangsvik, cottage of Geir H\u00e5vard in Lenvik, living room of Marie Tveiten in Torshov, Nova Seas oppdrettslokalitet 10893 Rens\u00f8ya Nord and tapped\u00f8rken i smelteverket Finnfjord.  Kn\u00f8lhvalsangen p\u00e5 I det bl\u00e5 l\u00e5nt fra Sofia Aniceto i LoVe Ocean Observatory Project.   Urfremf\u00f8rt under Varangerfestivalen 2019. Utgitt med st\u00f8tte fra Fond for ut\u00f8vende kunstnere.  Barcode bottom left on flipside of album cover is printed upside down.\" \/>\n<meta property=\"og:url\" content=\"https:\/\/rockers.de\/en\/record\/moddi-bratebrann-lp-vinyl\/\" \/>\n<meta property=\"og:site_name\" content=\"Rockers Records\" \/>\n<meta property=\"article:modified_time\" content=\"2025-06-07T11:32:23+00:00\" \/>\n<meta property=\"og:image\" content=\"https:\/\/rockers.de\/wp-content\/uploads\/2025\/06\/Moddi-Bratebrann-LP-Vinyl-1.jpg\" \/>\n\t<meta property=\"og:image:width\" content=\"1800\" \/>\n\t<meta property=\"og:image:height\" content=\"1859\" \/>\n\t<meta property=\"og:image:type\" content=\"image\/jpeg\" \/>\n<meta name=\"twitter:card\" content=\"summary_large_image\" \/>\n<meta name=\"twitter:label1\" content=\"Est. reading time\" \/>\n\t<meta name=\"twitter:data1\" content=\"1 minute\" \/>\n<script type=\"application\/ld+json\" class=\"yoast-schema-graph\">{\"@context\":\"https:\\\/\\\/schema.org\",\"@graph\":[{\"@type\":\"WebPage\",\"@id\":\"https:\\\/\\\/rockers.de\\\/record\\\/moddi-bratebrann-lp-vinyl\\\/\",\"url\":\"https:\\\/\\\/rockers.de\\\/record\\\/moddi-bratebrann-lp-vinyl\\\/\",\"name\":\"Moddi-Br\u00e5tebrann-LP Vinyl - Rockers Records\",\"isPartOf\":{\"@id\":\"https:\\\/\\\/rockers.de\\\/#website\"},\"primaryImageOfPage\":{\"@id\":\"https:\\\/\\\/rockers.de\\\/record\\\/moddi-bratebrann-lp-vinyl\\\/#primaryimage\"},\"image\":{\"@id\":\"https:\\\/\\\/rockers.de\\\/record\\\/moddi-bratebrann-lp-vinyl\\\/#primaryimage\"},\"thumbnailUrl\":\"https:\\\/\\\/rockers.de\\\/wp-content\\\/uploads\\\/2025\\\/06\\\/Moddi-Bratebrann-LP-Vinyl-1.jpg\",\"datePublished\":\"2025-06-07T11:32:22+00:00\",\"dateModified\":\"2025-06-07T11:32:23+00:00\",\"breadcrumb\":{\"@id\":\"https:\\\/\\\/rockers.de\\\/record\\\/moddi-bratebrann-lp-vinyl\\\/#breadcrumb\"},\"inLanguage\":\"en-US\",\"potentialAction\":[{\"@type\":\"ReadAction\",\"target\":[\"https:\\\/\\\/rockers.de\\\/record\\\/moddi-bratebrann-lp-vinyl\\\/\"]}]},{\"@type\":\"ImageObject\",\"inLanguage\":\"en-US\",\"@id\":\"https:\\\/\\\/rockers.de\\\/record\\\/moddi-bratebrann-lp-vinyl\\\/#primaryimage\",\"url\":\"https:\\\/\\\/rockers.de\\\/wp-content\\\/uploads\\\/2025\\\/06\\\/Moddi-Bratebrann-LP-Vinyl-1.jpg\",\"contentUrl\":\"https:\\\/\\\/rockers.de\\\/wp-content\\\/uploads\\\/2025\\\/06\\\/Moddi-Bratebrann-LP-Vinyl-1.jpg\",\"width\":1800,\"height\":1859,\"caption\":\"Moddi-Br\u00e5tebrann-LP Vinyl\"},{\"@type\":\"BreadcrumbList\",\"@id\":\"https:\\\/\\\/rockers.de\\\/record\\\/moddi-bratebrann-lp-vinyl\\\/#breadcrumb\",\"itemListElement\":[{\"@type\":\"ListItem\",\"position\":1,\"name\":\"Startseite\",\"item\":\"https:\\\/\\\/rockers.de\\\/\"},{\"@type\":\"ListItem\",\"position\":2,\"name\":\"Shop\",\"item\":\"https:\\\/\\\/rockers.de\\\/shop\\\/\"},{\"@type\":\"ListItem\",\"position\":3,\"name\":\"Moddi-Br\u00e5tebrann-LP Vinyl\"}]},{\"@type\":\"WebSite\",\"@id\":\"https:\\\/\\\/rockers.de\\\/#website\",\"url\":\"https:\\\/\\\/rockers.de\\\/\",\"name\":\"Rockers Records\",\"description\":\"Dein Schallplatten Store in Hannover\",\"publisher\":{\"@id\":\"https:\\\/\\\/rockers.de\\\/#organization\"},\"potentialAction\":[{\"@type\":\"SearchAction\",\"target\":{\"@type\":\"EntryPoint\",\"urlTemplate\":\"https:\\\/\\\/rockers.de\\\/?s={search_term_string}\"},\"query-input\":{\"@type\":\"PropertyValueSpecification\",\"valueRequired\":true,\"valueName\":\"search_term_string\"}}],\"inLanguage\":\"en-US\"},{\"@type\":\"Organization\",\"@id\":\"https:\\\/\\\/rockers.de\\\/#organization\",\"name\":\"Rockers Records\",\"url\":\"https:\\\/\\\/rockers.de\\\/\",\"logo\":{\"@type\":\"ImageObject\",\"inLanguage\":\"en-US\",\"@id\":\"https:\\\/\\\/rockers.de\\\/#\\\/schema\\\/logo\\\/image\\\/\",\"url\":\"https:\\\/\\\/rockers.de\\\/wp-content\\\/uploads\\\/2022\\\/07\\\/Neue-Website-2022.jpg\",\"contentUrl\":\"https:\\\/\\\/rockers.de\\\/wp-content\\\/uploads\\\/2022\\\/07\\\/Neue-Website-2022.jpg\",\"width\":800,\"height\":800,\"caption\":\"Rockers Records\"},\"image\":{\"@id\":\"https:\\\/\\\/rockers.de\\\/#\\\/schema\\\/logo\\\/image\\\/\"}}]}<\/script>\n<!-- \/ Yoast SEO plugin. -->","yoast_head_json":{"title":"Moddi-Br\u00e5tebrann-LP Vinyl - Rockers Records","robots":{"index":"index","follow":"follow","max-snippet":"max-snippet:-1","max-image-preview":"max-image-preview:large","max-video-preview":"max-video-preview:-1"},"canonical":"https:\/\/rockers.de\/en\/record\/moddi-bratebrann-lp-vinyl\/","og_locale":"en_US","og_type":"article","og_title":"Moddi-Br\u00e5tebrann-LP Vinyl - Rockers Records","og_description":"Double album released on vinyl 2022-06-31.  Recorded at Kysten Studio in Troms\u00f8, Kr\u00e5keslottet in Senja, Ocean Sound Recordings in Giske, Brygga Studio in Trondheim, Musikkonservatoriet in Troms\u00f8, Sigurd's bedroom in Ottestad, at \u00c5satun in Vangsvik, cottage of Geir H\u00e5vard in Lenvik, living room of Marie Tveiten in Torshov, Nova Seas oppdrettslokalitet 10893 Rens\u00f8ya Nord and tapped\u00f8rken i smelteverket Finnfjord.  Kn\u00f8lhvalsangen p\u00e5 I det bl\u00e5 l\u00e5nt fra Sofia Aniceto i LoVe Ocean Observatory Project.   Urfremf\u00f8rt under Varangerfestivalen 2019. Utgitt med st\u00f8tte fra Fond for ut\u00f8vende kunstnere.  Barcode bottom left on flipside of album cover is printed upside down.","og_url":"https:\/\/rockers.de\/en\/record\/moddi-bratebrann-lp-vinyl\/","og_site_name":"Rockers Records","article_modified_time":"2025-06-07T11:32:23+00:00","og_image":[{"width":1800,"height":1859,"url":"https:\/\/rockers.de\/wp-content\/uploads\/2025\/06\/Moddi-Bratebrann-LP-Vinyl-1.jpg","type":"image\/jpeg"}],"twitter_card":"summary_large_image","twitter_misc":{"Est. reading time":"1 minute"},"schema":{"@context":"https:\/\/schema.org","@graph":[{"@type":"WebPage","@id":"https:\/\/rockers.de\/record\/moddi-bratebrann-lp-vinyl\/","url":"https:\/\/rockers.de\/record\/moddi-bratebrann-lp-vinyl\/","name":"Moddi-Br\u00e5tebrann-LP Vinyl - Rockers Records","isPartOf":{"@id":"https:\/\/rockers.de\/#website"},"primaryImageOfPage":{"@id":"https:\/\/rockers.de\/record\/moddi-bratebrann-lp-vinyl\/#primaryimage"},"image":{"@id":"https:\/\/rockers.de\/record\/moddi-bratebrann-lp-vinyl\/#primaryimage"},"thumbnailUrl":"https:\/\/rockers.de\/wp-content\/uploads\/2025\/06\/Moddi-Bratebrann-LP-Vinyl-1.jpg","datePublished":"2025-06-07T11:32:22+00:00","dateModified":"2025-06-07T11:32:23+00:00","breadcrumb":{"@id":"https:\/\/rockers.de\/record\/moddi-bratebrann-lp-vinyl\/#breadcrumb"},"inLanguage":"en-US","potentialAction":[{"@type":"ReadAction","target":["https:\/\/rockers.de\/record\/moddi-bratebrann-lp-vinyl\/"]}]},{"@type":"ImageObject","inLanguage":"en-US","@id":"https:\/\/rockers.de\/record\/moddi-bratebrann-lp-vinyl\/#primaryimage","url":"https:\/\/rockers.de\/wp-content\/uploads\/2025\/06\/Moddi-Bratebrann-LP-Vinyl-1.jpg","contentUrl":"https:\/\/rockers.de\/wp-content\/uploads\/2025\/06\/Moddi-Bratebrann-LP-Vinyl-1.jpg","width":1800,"height":1859,"caption":"Moddi-Br\u00e5tebrann-LP Vinyl"},{"@type":"BreadcrumbList","@id":"https:\/\/rockers.de\/record\/moddi-bratebrann-lp-vinyl\/#breadcrumb","itemListElement":[{"@type":"ListItem","position":1,"name":"Startseite","item":"https:\/\/rockers.de\/"},{"@type":"ListItem","position":2,"name":"Shop","item":"https:\/\/rockers.de\/shop\/"},{"@type":"ListItem","position":3,"name":"Moddi-Br\u00e5tebrann-LP Vinyl"}]},{"@type":"WebSite","@id":"https:\/\/rockers.de\/#website","url":"https:\/\/rockers.de\/","name":"Rockers Records","description":"Your record store in Hanover","publisher":{"@id":"https:\/\/rockers.de\/#organization"},"potentialAction":[{"@type":"SearchAction","target":{"@type":"EntryPoint","urlTemplate":"https:\/\/rockers.de\/?s={search_term_string}"},"query-input":{"@type":"PropertyValueSpecification","valueRequired":true,"valueName":"search_term_string"}}],"inLanguage":"en-US"},{"@type":"Organization","@id":"https:\/\/rockers.de\/#organization","name":"Rockers Records","url":"https:\/\/rockers.de\/","logo":{"@type":"ImageObject","inLanguage":"en-US","@id":"https:\/\/rockers.de\/#\/schema\/logo\/image\/","url":"https:\/\/rockers.de\/wp-content\/uploads\/2022\/07\/Neue-Website-2022.jpg","contentUrl":"https:\/\/rockers.de\/wp-content\/uploads\/2022\/07\/Neue-Website-2022.jpg","width":800,"height":800,"caption":"Rockers Records"},"image":{"@id":"https:\/\/rockers.de\/#\/schema\/logo\/image\/"}}]}},"_links":{"self":[{"href":"https:\/\/rockers.de\/en\/wp-json\/wp\/v2\/product\/156875","targetHints":{"allow":["GET"]}}],"collection":[{"href":"https:\/\/rockers.de\/en\/wp-json\/wp\/v2\/product"}],"about":[{"href":"https:\/\/rockers.de\/en\/wp-json\/wp\/v2\/types\/product"}],"wp:featuredmedia":[{"embeddable":true,"href":"https:\/\/rockers.de\/en\/wp-json\/wp\/v2\/media\/156877"}],"wp:attachment":[{"href":"https:\/\/rockers.de\/en\/wp-json\/wp\/v2\/media?parent=156875"}],"wp:term":[{"taxonomy":"product_brand","embeddable":true,"href":"https:\/\/rockers.de\/en\/wp-json\/wp\/v2\/product_brand?post=156875"},{"taxonomy":"product_cat","embeddable":true,"href":"https:\/\/rockers.de\/en\/wp-json\/wp\/v2\/product_cat?post=156875"},{"taxonomy":"product_tag","embeddable":true,"href":"https:\/\/rockers.de\/en\/wp-json\/wp\/v2\/product_tag?post=156875"}],"curies":[{"name":"wp","href":"https:\/\/api.w.org\/{rel}","templated":true}]}}