{"id":155730,"date":"2025-05-16T11:22:22","date_gmt":"2025-05-16T09:22:22","guid":{"rendered":"https:\/\/rockers.de\/?post_type=product&#038;p=155730"},"modified":"2025-05-16T11:22:22","modified_gmt":"2025-05-16T09:22:22","slug":"the-bluesanovas-bluesanova-cd","status":"publish","type":"product","link":"https:\/\/rockers.de\/en\/record\/the-bluesanovas-bluesanova-cd\/","title":{"rendered":"The Bluesanovas-Bluesanova-CD"},"content":{"rendered":"<p>2015 gegr\u00fcndet und bereits im Jahr 2016 waren die Bluesanovas Teil des j\u00e4hrlichen Hildesheimer Bluesfestvials, sowie im Folgejahr beim Bluesfestival in Binz. Sp\u00e4testens mit dem Erscheinen in der 90. Ausgabe der \u00bbBluesnews\u00ab sind sie ein essentieller Teil der Nachwuchsbands der deutschen Bluesszene. 2018 folgte das erste Album \u00bbBluesanovas\u00ab unter dem Label Timezone.<\/p>","protected":false},"excerpt":{"rendered":"<p>2015 gegr\u00fcndet und bereits im Jahr 2016 waren die Bluesanovas Teil des j\u00e4hrlichen Hildesheimer Bluesfestvials, sowie im Folgejahr beim Bluesfestival in Binz. Sp\u00e4testens mit dem Erscheinen in der 90. Ausgabe der \u00bbBluesnews\u00ab sind sie ein essentieller Teil der Nachwuchsbands der deutschen Bluesszene. 2018 folgte das erste Album \u00bbBluesanovas\u00ab unter dem Label Timezone.<\/p>","protected":false},"featured_media":155732,"template":"","meta":{"_acf_changed":false},"product_brand":[],"product_cat":[554],"product_tag":[],"class_list":{"0":"post-155730","1":"product","2":"type-product","3":"status-publish","4":"has-post-thumbnail","6":"product_cat-blues","7":"pa_att_artist-the-bluesanovas","8":"pa_att_format-cd","9":"pa_att_genre-blues","10":"pa_att_jahr-365","11":"pa_att_label-timezone-records","12":"pa_att_land-germany","14":"first","15":"instock","16":"taxable","17":"shipping-taxable","18":"purchasable","19":"product-type-simple"},"acf":[],"yoast_head":"<!-- This site is optimized with the Yoast SEO plugin v27.3 - https:\/\/yoast.com\/product\/yoast-seo-wordpress\/ -->\n<title>The Bluesanovas-Bluesanova-CD - Rockers Records<\/title>\n<meta name=\"robots\" content=\"index, follow, max-snippet:-1, max-image-preview:large, max-video-preview:-1\" \/>\n<link rel=\"canonical\" href=\"https:\/\/rockers.de\/en\/record\/the-bluesanovas-bluesanova-cd\/\" \/>\n<meta property=\"og:locale\" content=\"en_US\" \/>\n<meta property=\"og:type\" content=\"article\" \/>\n<meta property=\"og:title\" content=\"The Bluesanovas-Bluesanova-CD - Rockers Records\" \/>\n<meta property=\"og:description\" content=\"2015 gegr\u00fcndet und bereits im Jahr 2016 waren die Bluesanovas Teil des j\u00e4hrlichen Hildesheimer Bluesfestvials, sowie im Folgejahr beim Bluesfestival in Binz. Sp\u00e4testens mit dem Erscheinen in der 90. Ausgabe der \u00bbBluesnews\u00ab sind sie ein essentieller Teil der Nachwuchsbands der deutschen Bluesszene. 2018 folgte das erste Album \u00bbBluesanovas\u00ab unter dem Label Timezone.\" \/>\n<meta property=\"og:url\" content=\"https:\/\/rockers.de\/en\/record\/the-bluesanovas-bluesanova-cd\/\" \/>\n<meta property=\"og:site_name\" content=\"Rockers Records\" \/>\n<meta property=\"og:image\" content=\"https:\/\/rockers.de\/wp-content\/uploads\/2025\/05\/The-Bluesanovas-Bluesanova-CD-1.jpg\" \/>\n\t<meta property=\"og:image:width\" content=\"854\" \/>\n\t<meta property=\"og:image:height\" content=\"741\" \/>\n\t<meta property=\"og:image:type\" content=\"image\/jpeg\" \/>\n<meta name=\"twitter:card\" content=\"summary_large_image\" \/>\n<meta name=\"twitter:label1\" content=\"Est. reading time\" \/>\n\t<meta name=\"twitter:data1\" content=\"1 minute\" \/>\n<script type=\"application\/ld+json\" class=\"yoast-schema-graph\">{\"@context\":\"https:\\\/\\\/schema.org\",\"@graph\":[{\"@type\":\"WebPage\",\"@id\":\"https:\\\/\\\/rockers.de\\\/record\\\/the-bluesanovas-bluesanova-cd\\\/\",\"url\":\"https:\\\/\\\/rockers.de\\\/record\\\/the-bluesanovas-bluesanova-cd\\\/\",\"name\":\"The Bluesanovas-Bluesanova-CD - Rockers Records\",\"isPartOf\":{\"@id\":\"https:\\\/\\\/rockers.de\\\/#website\"},\"primaryImageOfPage\":{\"@id\":\"https:\\\/\\\/rockers.de\\\/record\\\/the-bluesanovas-bluesanova-cd\\\/#primaryimage\"},\"image\":{\"@id\":\"https:\\\/\\\/rockers.de\\\/record\\\/the-bluesanovas-bluesanova-cd\\\/#primaryimage\"},\"thumbnailUrl\":\"https:\\\/\\\/rockers.de\\\/wp-content\\\/uploads\\\/2025\\\/05\\\/The-Bluesanovas-Bluesanova-CD-1.jpg\",\"datePublished\":\"2025-05-16T09:22:22+00:00\",\"breadcrumb\":{\"@id\":\"https:\\\/\\\/rockers.de\\\/record\\\/the-bluesanovas-bluesanova-cd\\\/#breadcrumb\"},\"inLanguage\":\"en-US\",\"potentialAction\":[{\"@type\":\"ReadAction\",\"target\":[\"https:\\\/\\\/rockers.de\\\/record\\\/the-bluesanovas-bluesanova-cd\\\/\"]}]},{\"@type\":\"ImageObject\",\"inLanguage\":\"en-US\",\"@id\":\"https:\\\/\\\/rockers.de\\\/record\\\/the-bluesanovas-bluesanova-cd\\\/#primaryimage\",\"url\":\"https:\\\/\\\/rockers.de\\\/wp-content\\\/uploads\\\/2025\\\/05\\\/The-Bluesanovas-Bluesanova-CD-1.jpg\",\"contentUrl\":\"https:\\\/\\\/rockers.de\\\/wp-content\\\/uploads\\\/2025\\\/05\\\/The-Bluesanovas-Bluesanova-CD-1.jpg\",\"width\":854,\"height\":741,\"caption\":\"The Bluesanovas-Bluesanova-CD\"},{\"@type\":\"BreadcrumbList\",\"@id\":\"https:\\\/\\\/rockers.de\\\/record\\\/the-bluesanovas-bluesanova-cd\\\/#breadcrumb\",\"itemListElement\":[{\"@type\":\"ListItem\",\"position\":1,\"name\":\"Startseite\",\"item\":\"https:\\\/\\\/rockers.de\\\/\"},{\"@type\":\"ListItem\",\"position\":2,\"name\":\"Shop\",\"item\":\"https:\\\/\\\/rockers.de\\\/shop\\\/\"},{\"@type\":\"ListItem\",\"position\":3,\"name\":\"The Bluesanovas-Bluesanova-CD\"}]},{\"@type\":\"WebSite\",\"@id\":\"https:\\\/\\\/rockers.de\\\/#website\",\"url\":\"https:\\\/\\\/rockers.de\\\/\",\"name\":\"Rockers Records\",\"description\":\"Dein Schallplatten Store in Hannover\",\"publisher\":{\"@id\":\"https:\\\/\\\/rockers.de\\\/#organization\"},\"potentialAction\":[{\"@type\":\"SearchAction\",\"target\":{\"@type\":\"EntryPoint\",\"urlTemplate\":\"https:\\\/\\\/rockers.de\\\/?s={search_term_string}\"},\"query-input\":{\"@type\":\"PropertyValueSpecification\",\"valueRequired\":true,\"valueName\":\"search_term_string\"}}],\"inLanguage\":\"en-US\"},{\"@type\":\"Organization\",\"@id\":\"https:\\\/\\\/rockers.de\\\/#organization\",\"name\":\"Rockers Records\",\"url\":\"https:\\\/\\\/rockers.de\\\/\",\"logo\":{\"@type\":\"ImageObject\",\"inLanguage\":\"en-US\",\"@id\":\"https:\\\/\\\/rockers.de\\\/#\\\/schema\\\/logo\\\/image\\\/\",\"url\":\"https:\\\/\\\/rockers.de\\\/wp-content\\\/uploads\\\/2022\\\/07\\\/Neue-Website-2022.jpg\",\"contentUrl\":\"https:\\\/\\\/rockers.de\\\/wp-content\\\/uploads\\\/2022\\\/07\\\/Neue-Website-2022.jpg\",\"width\":800,\"height\":800,\"caption\":\"Rockers Records\"},\"image\":{\"@id\":\"https:\\\/\\\/rockers.de\\\/#\\\/schema\\\/logo\\\/image\\\/\"}}]}<\/script>\n<!-- \/ Yoast SEO plugin. -->","yoast_head_json":{"title":"The Bluesanovas-Bluesanova-CD - Rockers Records","robots":{"index":"index","follow":"follow","max-snippet":"max-snippet:-1","max-image-preview":"max-image-preview:large","max-video-preview":"max-video-preview:-1"},"canonical":"https:\/\/rockers.de\/en\/record\/the-bluesanovas-bluesanova-cd\/","og_locale":"en_US","og_type":"article","og_title":"The Bluesanovas-Bluesanova-CD - Rockers Records","og_description":"2015 gegr\u00fcndet und bereits im Jahr 2016 waren die Bluesanovas Teil des j\u00e4hrlichen Hildesheimer Bluesfestvials, sowie im Folgejahr beim Bluesfestival in Binz. Sp\u00e4testens mit dem Erscheinen in der 90. Ausgabe der \u00bbBluesnews\u00ab sind sie ein essentieller Teil der Nachwuchsbands der deutschen Bluesszene. 2018 folgte das erste Album \u00bbBluesanovas\u00ab unter dem Label Timezone.","og_url":"https:\/\/rockers.de\/en\/record\/the-bluesanovas-bluesanova-cd\/","og_site_name":"Rockers Records","og_image":[{"width":854,"height":741,"url":"https:\/\/rockers.de\/wp-content\/uploads\/2025\/05\/The-Bluesanovas-Bluesanova-CD-1.jpg","type":"image\/jpeg"}],"twitter_card":"summary_large_image","twitter_misc":{"Est. reading time":"1 minute"},"schema":{"@context":"https:\/\/schema.org","@graph":[{"@type":"WebPage","@id":"https:\/\/rockers.de\/record\/the-bluesanovas-bluesanova-cd\/","url":"https:\/\/rockers.de\/record\/the-bluesanovas-bluesanova-cd\/","name":"The Bluesanovas-Bluesanova-CD - Rockers Records","isPartOf":{"@id":"https:\/\/rockers.de\/#website"},"primaryImageOfPage":{"@id":"https:\/\/rockers.de\/record\/the-bluesanovas-bluesanova-cd\/#primaryimage"},"image":{"@id":"https:\/\/rockers.de\/record\/the-bluesanovas-bluesanova-cd\/#primaryimage"},"thumbnailUrl":"https:\/\/rockers.de\/wp-content\/uploads\/2025\/05\/The-Bluesanovas-Bluesanova-CD-1.jpg","datePublished":"2025-05-16T09:22:22+00:00","breadcrumb":{"@id":"https:\/\/rockers.de\/record\/the-bluesanovas-bluesanova-cd\/#breadcrumb"},"inLanguage":"en-US","potentialAction":[{"@type":"ReadAction","target":["https:\/\/rockers.de\/record\/the-bluesanovas-bluesanova-cd\/"]}]},{"@type":"ImageObject","inLanguage":"en-US","@id":"https:\/\/rockers.de\/record\/the-bluesanovas-bluesanova-cd\/#primaryimage","url":"https:\/\/rockers.de\/wp-content\/uploads\/2025\/05\/The-Bluesanovas-Bluesanova-CD-1.jpg","contentUrl":"https:\/\/rockers.de\/wp-content\/uploads\/2025\/05\/The-Bluesanovas-Bluesanova-CD-1.jpg","width":854,"height":741,"caption":"The Bluesanovas-Bluesanova-CD"},{"@type":"BreadcrumbList","@id":"https:\/\/rockers.de\/record\/the-bluesanovas-bluesanova-cd\/#breadcrumb","itemListElement":[{"@type":"ListItem","position":1,"name":"Startseite","item":"https:\/\/rockers.de\/"},{"@type":"ListItem","position":2,"name":"Shop","item":"https:\/\/rockers.de\/shop\/"},{"@type":"ListItem","position":3,"name":"The Bluesanovas-Bluesanova-CD"}]},{"@type":"WebSite","@id":"https:\/\/rockers.de\/#website","url":"https:\/\/rockers.de\/","name":"Rockers Records","description":"Your record store in Hanover","publisher":{"@id":"https:\/\/rockers.de\/#organization"},"potentialAction":[{"@type":"SearchAction","target":{"@type":"EntryPoint","urlTemplate":"https:\/\/rockers.de\/?s={search_term_string}"},"query-input":{"@type":"PropertyValueSpecification","valueRequired":true,"valueName":"search_term_string"}}],"inLanguage":"en-US"},{"@type":"Organization","@id":"https:\/\/rockers.de\/#organization","name":"Rockers Records","url":"https:\/\/rockers.de\/","logo":{"@type":"ImageObject","inLanguage":"en-US","@id":"https:\/\/rockers.de\/#\/schema\/logo\/image\/","url":"https:\/\/rockers.de\/wp-content\/uploads\/2022\/07\/Neue-Website-2022.jpg","contentUrl":"https:\/\/rockers.de\/wp-content\/uploads\/2022\/07\/Neue-Website-2022.jpg","width":800,"height":800,"caption":"Rockers Records"},"image":{"@id":"https:\/\/rockers.de\/#\/schema\/logo\/image\/"}}]}},"_links":{"self":[{"href":"https:\/\/rockers.de\/en\/wp-json\/wp\/v2\/product\/155730","targetHints":{"allow":["GET"]}}],"collection":[{"href":"https:\/\/rockers.de\/en\/wp-json\/wp\/v2\/product"}],"about":[{"href":"https:\/\/rockers.de\/en\/wp-json\/wp\/v2\/types\/product"}],"wp:featuredmedia":[{"embeddable":true,"href":"https:\/\/rockers.de\/en\/wp-json\/wp\/v2\/media\/155732"}],"wp:attachment":[{"href":"https:\/\/rockers.de\/en\/wp-json\/wp\/v2\/media?parent=155730"}],"wp:term":[{"taxonomy":"product_brand","embeddable":true,"href":"https:\/\/rockers.de\/en\/wp-json\/wp\/v2\/product_brand?post=155730"},{"taxonomy":"product_cat","embeddable":true,"href":"https:\/\/rockers.de\/en\/wp-json\/wp\/v2\/product_cat?post=155730"},{"taxonomy":"product_tag","embeddable":true,"href":"https:\/\/rockers.de\/en\/wp-json\/wp\/v2\/product_tag?post=155730"}],"curies":[{"name":"wp","href":"https:\/\/api.w.org\/{rel}","templated":true}]}}