{"id":153699,"date":"2025-04-04T12:53:58","date_gmt":"2025-04-04T10:53:58","guid":{"rendered":"https:\/\/rockers.de\/record\/such-a-surge-under-pressure-2lp-coloured-vinyl-rsd-2025\/"},"modified":"2025-04-04T12:55:41","modified_gmt":"2025-04-04T10:55:41","slug":"such-a-surge-under-pressure-2lp-coloured-vinyl-rsd-2025","status":"publish","type":"product","link":"https:\/\/rockers.de\/en\/record\/such-a-surge-under-pressure-2lp-coloured-vinyl-rsd-2025\/","title":{"rendered":"SUCH A SURGE &#8211; Under Pressure &#8211; 2LP Coloured Vinyl  RSD 2025"},"content":{"rendered":"<p>Hochwerige Re-Issue zum 30 j\u00e4hrigen Jubil\u00e4um des Deb\u00fcts der Crossover Pioniere, exklsuiv zum RSD.<\/p>","protected":false},"excerpt":{"rendered":"<p>Hochwerige Re-Issue zum 30 j\u00e4hrigen Jubil\u00e4um des Deb\u00fcts der Crossover Pioniere, exklsuiv zum RSD.<\/p>","protected":false},"featured_media":0,"template":"","meta":{"_acf_changed":false},"product_brand":[],"product_cat":[23554],"product_tag":[],"class_list":{"0":"post-153699","1":"product","2":"type-product","3":"status-publish","5":"product_cat-rsd-2025","6":"pa_artist-such-a-surge","7":"pa_att_artist-such-a-surge","8":"pa_att_format-lp","9":"pa_att_genre-rock","10":"pa_att_jahr-23090","11":"pa_att_label-sony-music-catalog-epic","12":"pa_format-lp","13":"pa_jahr-23565","14":"pa_label-sony-music-catalog-epic","15":"pa_lieferant-sony","17":"first","18":"outofstock","19":"taxable","20":"shipping-taxable","21":"purchasable","22":"product-type-simple"},"acf":[],"yoast_head":"<!-- This site is optimized with the Yoast SEO plugin v27.3 - https:\/\/yoast.com\/product\/yoast-seo-wordpress\/ -->\n<title>SUCH A SURGE - Under Pressure - 2LP Coloured Vinyl RSD 2025 - Rockers Records<\/title>\n<meta name=\"robots\" content=\"index, follow, max-snippet:-1, max-image-preview:large, max-video-preview:-1\" \/>\n<link rel=\"canonical\" href=\"https:\/\/rockers.de\/en\/record\/such-a-surge-under-pressure-2lp-coloured-vinyl-rsd-2025\/\" \/>\n<meta property=\"og:locale\" content=\"en_US\" \/>\n<meta property=\"og:type\" content=\"article\" \/>\n<meta property=\"og:title\" content=\"SUCH A SURGE - Under Pressure - 2LP Coloured Vinyl RSD 2025 - Rockers Records\" \/>\n<meta property=\"og:description\" content=\"Hochwerige Re-Issue zum 30 j\u00e4hrigen Jubil\u00e4um des Deb\u00fcts der Crossover Pioniere, exklsuiv zum RSD.\" \/>\n<meta property=\"og:url\" content=\"https:\/\/rockers.de\/en\/record\/such-a-surge-under-pressure-2lp-coloured-vinyl-rsd-2025\/\" \/>\n<meta property=\"og:site_name\" content=\"Rockers Records\" \/>\n<meta property=\"article:modified_time\" content=\"2025-04-04T10:55:41+00:00\" \/>\n<meta name=\"twitter:card\" content=\"summary_large_image\" \/>\n<script type=\"application\/ld+json\" class=\"yoast-schema-graph\">{\"@context\":\"https:\\\/\\\/schema.org\",\"@graph\":[{\"@type\":\"WebPage\",\"@id\":\"https:\\\/\\\/rockers.de\\\/record\\\/such-a-surge-under-pressure-2lp-coloured-vinyl-rsd-2025\\\/\",\"url\":\"https:\\\/\\\/rockers.de\\\/record\\\/such-a-surge-under-pressure-2lp-coloured-vinyl-rsd-2025\\\/\",\"name\":\"SUCH A SURGE - Under Pressure - 2LP Coloured Vinyl RSD 2025 - Rockers Records\",\"isPartOf\":{\"@id\":\"https:\\\/\\\/rockers.de\\\/#website\"},\"datePublished\":\"2025-04-04T10:53:58+00:00\",\"dateModified\":\"2025-04-04T10:55:41+00:00\",\"breadcrumb\":{\"@id\":\"https:\\\/\\\/rockers.de\\\/record\\\/such-a-surge-under-pressure-2lp-coloured-vinyl-rsd-2025\\\/#breadcrumb\"},\"inLanguage\":\"en-US\",\"potentialAction\":[{\"@type\":\"ReadAction\",\"target\":[\"https:\\\/\\\/rockers.de\\\/record\\\/such-a-surge-under-pressure-2lp-coloured-vinyl-rsd-2025\\\/\"]}]},{\"@type\":\"BreadcrumbList\",\"@id\":\"https:\\\/\\\/rockers.de\\\/record\\\/such-a-surge-under-pressure-2lp-coloured-vinyl-rsd-2025\\\/#breadcrumb\",\"itemListElement\":[{\"@type\":\"ListItem\",\"position\":1,\"name\":\"Startseite\",\"item\":\"https:\\\/\\\/rockers.de\\\/\"},{\"@type\":\"ListItem\",\"position\":2,\"name\":\"Shop\",\"item\":\"https:\\\/\\\/rockers.de\\\/shop\\\/\"},{\"@type\":\"ListItem\",\"position\":3,\"name\":\"SUCH A SURGE &#8211; Under Pressure &#8211; 2LP Coloured Vinyl RSD 2025\"}]},{\"@type\":\"WebSite\",\"@id\":\"https:\\\/\\\/rockers.de\\\/#website\",\"url\":\"https:\\\/\\\/rockers.de\\\/\",\"name\":\"Rockers Records\",\"description\":\"Dein Schallplatten Store in Hannover\",\"publisher\":{\"@id\":\"https:\\\/\\\/rockers.de\\\/#organization\"},\"potentialAction\":[{\"@type\":\"SearchAction\",\"target\":{\"@type\":\"EntryPoint\",\"urlTemplate\":\"https:\\\/\\\/rockers.de\\\/?s={search_term_string}\"},\"query-input\":{\"@type\":\"PropertyValueSpecification\",\"valueRequired\":true,\"valueName\":\"search_term_string\"}}],\"inLanguage\":\"en-US\"},{\"@type\":\"Organization\",\"@id\":\"https:\\\/\\\/rockers.de\\\/#organization\",\"name\":\"Rockers Records\",\"url\":\"https:\\\/\\\/rockers.de\\\/\",\"logo\":{\"@type\":\"ImageObject\",\"inLanguage\":\"en-US\",\"@id\":\"https:\\\/\\\/rockers.de\\\/#\\\/schema\\\/logo\\\/image\\\/\",\"url\":\"https:\\\/\\\/rockers.de\\\/wp-content\\\/uploads\\\/2022\\\/07\\\/Neue-Website-2022.jpg\",\"contentUrl\":\"https:\\\/\\\/rockers.de\\\/wp-content\\\/uploads\\\/2022\\\/07\\\/Neue-Website-2022.jpg\",\"width\":800,\"height\":800,\"caption\":\"Rockers Records\"},\"image\":{\"@id\":\"https:\\\/\\\/rockers.de\\\/#\\\/schema\\\/logo\\\/image\\\/\"}}]}<\/script>\n<!-- \/ Yoast SEO plugin. -->","yoast_head_json":{"title":"SUCH A SURGE - Under Pressure - 2LP Coloured Vinyl RSD 2025 - Rockers Records","robots":{"index":"index","follow":"follow","max-snippet":"max-snippet:-1","max-image-preview":"max-image-preview:large","max-video-preview":"max-video-preview:-1"},"canonical":"https:\/\/rockers.de\/en\/record\/such-a-surge-under-pressure-2lp-coloured-vinyl-rsd-2025\/","og_locale":"en_US","og_type":"article","og_title":"SUCH A SURGE - Under Pressure - 2LP Coloured Vinyl RSD 2025 - Rockers Records","og_description":"Hochwerige Re-Issue zum 30 j\u00e4hrigen Jubil\u00e4um des Deb\u00fcts der Crossover Pioniere, exklsuiv zum RSD.","og_url":"https:\/\/rockers.de\/en\/record\/such-a-surge-under-pressure-2lp-coloured-vinyl-rsd-2025\/","og_site_name":"Rockers Records","article_modified_time":"2025-04-04T10:55:41+00:00","twitter_card":"summary_large_image","schema":{"@context":"https:\/\/schema.org","@graph":[{"@type":"WebPage","@id":"https:\/\/rockers.de\/record\/such-a-surge-under-pressure-2lp-coloured-vinyl-rsd-2025\/","url":"https:\/\/rockers.de\/record\/such-a-surge-under-pressure-2lp-coloured-vinyl-rsd-2025\/","name":"SUCH A SURGE - Under Pressure - 2LP Coloured Vinyl RSD 2025 - Rockers Records","isPartOf":{"@id":"https:\/\/rockers.de\/#website"},"datePublished":"2025-04-04T10:53:58+00:00","dateModified":"2025-04-04T10:55:41+00:00","breadcrumb":{"@id":"https:\/\/rockers.de\/record\/such-a-surge-under-pressure-2lp-coloured-vinyl-rsd-2025\/#breadcrumb"},"inLanguage":"en-US","potentialAction":[{"@type":"ReadAction","target":["https:\/\/rockers.de\/record\/such-a-surge-under-pressure-2lp-coloured-vinyl-rsd-2025\/"]}]},{"@type":"BreadcrumbList","@id":"https:\/\/rockers.de\/record\/such-a-surge-under-pressure-2lp-coloured-vinyl-rsd-2025\/#breadcrumb","itemListElement":[{"@type":"ListItem","position":1,"name":"Startseite","item":"https:\/\/rockers.de\/"},{"@type":"ListItem","position":2,"name":"Shop","item":"https:\/\/rockers.de\/shop\/"},{"@type":"ListItem","position":3,"name":"SUCH A SURGE &#8211; Under Pressure &#8211; 2LP Coloured Vinyl RSD 2025"}]},{"@type":"WebSite","@id":"https:\/\/rockers.de\/#website","url":"https:\/\/rockers.de\/","name":"Rockers Records","description":"Your record store in Hanover","publisher":{"@id":"https:\/\/rockers.de\/#organization"},"potentialAction":[{"@type":"SearchAction","target":{"@type":"EntryPoint","urlTemplate":"https:\/\/rockers.de\/?s={search_term_string}"},"query-input":{"@type":"PropertyValueSpecification","valueRequired":true,"valueName":"search_term_string"}}],"inLanguage":"en-US"},{"@type":"Organization","@id":"https:\/\/rockers.de\/#organization","name":"Rockers Records","url":"https:\/\/rockers.de\/","logo":{"@type":"ImageObject","inLanguage":"en-US","@id":"https:\/\/rockers.de\/#\/schema\/logo\/image\/","url":"https:\/\/rockers.de\/wp-content\/uploads\/2022\/07\/Neue-Website-2022.jpg","contentUrl":"https:\/\/rockers.de\/wp-content\/uploads\/2022\/07\/Neue-Website-2022.jpg","width":800,"height":800,"caption":"Rockers Records"},"image":{"@id":"https:\/\/rockers.de\/#\/schema\/logo\/image\/"}}]}},"_links":{"self":[{"href":"https:\/\/rockers.de\/en\/wp-json\/wp\/v2\/product\/153699","targetHints":{"allow":["GET"]}}],"collection":[{"href":"https:\/\/rockers.de\/en\/wp-json\/wp\/v2\/product"}],"about":[{"href":"https:\/\/rockers.de\/en\/wp-json\/wp\/v2\/types\/product"}],"wp:attachment":[{"href":"https:\/\/rockers.de\/en\/wp-json\/wp\/v2\/media?parent=153699"}],"wp:term":[{"taxonomy":"product_brand","embeddable":true,"href":"https:\/\/rockers.de\/en\/wp-json\/wp\/v2\/product_brand?post=153699"},{"taxonomy":"product_cat","embeddable":true,"href":"https:\/\/rockers.de\/en\/wp-json\/wp\/v2\/product_cat?post=153699"},{"taxonomy":"product_tag","embeddable":true,"href":"https:\/\/rockers.de\/en\/wp-json\/wp\/v2\/product_tag?post=153699"}],"curies":[{"name":"wp","href":"https:\/\/api.w.org\/{rel}","templated":true}]}}