{"id":152887,"date":"2025-03-22T14:53:01","date_gmt":"2025-03-22T13:53:01","guid":{"rendered":"https:\/\/rockers.de\/?post_type=product&#038;p=152887"},"modified":"2025-03-22T14:53:02","modified_gmt":"2025-03-22T13:53:02","slug":"cosmic-trip-machine-the-curse-of-lord-space-devil-green-lp-vinyl","status":"publish","type":"product","link":"https:\/\/rockers.de\/en\/record\/cosmic-trip-machine-the-curse-of-lord-space-devil-green-lp-vinyl\/","title":{"rendered":"Cosmic Trip Machine-The Curse Of Lord Space Devil green-LP Vinyl"},"content":{"rendered":"<p>Gatefold sleeve. <\/p>\n<p>An exploration of madness, disease and depression which leads to peace inspired by The Book of AM and dedicated to Leslie Mackenzie and Juan Arkotxa.<\/p>\n<p>Track A1 inspired by Jing Ye Si, Li-Po<br \/>\nTrack A2 inspired by Great Compassion Dharani Sutra<br \/>\nTrack A4 inspired by Dao De Jing, Taoism Book, Chapter 47<br \/>\nTrack A5 inspired by Vishnu Purana, chap. III<br \/>\nTrack A6 construction sonore abstraite num\u00e9ro 23 (sans malhonn\u00eatet\u00e9 intellectuelle)<br \/>\nTrack B1 inspired by The Secret Sermon in Hermes Trismegistus&#8216; Corpus Hermeticum<br \/>\nTrack B3 inspired by Nam M\u00f4 Quan Th\u00ea \u00c2m B\u00f4 T\u00e1t Buddhist Goddess<br \/>\nTrack B4 inspired by William Blake&#8217;s Hear the voice of the Bard<\/p>\n<p>Recorded and mixed an NoHype Studio. Mastered at Foon.<\/p>\n<p>Total pressing of 500 copies<br \/>\n100 copies on green transparent vinyl (this)<br \/>\n400 copies on black vinyl<\/p>","protected":false},"excerpt":{"rendered":"<p>Gatefold sleeve.<\/p>\n<p>An exploration of madness, disease and depression which leads to peace inspired by The Book of AM and dedicated to Leslie Mackenzie and Juan Arkotxa.<\/p>\n<p>Track A1 inspired by Jing Ye Si, Li-Po<br \/>\nTrack A2 inspired by Great Compassion Dharani Sutra<br \/>\nTrack A4 inspired by Dao De Jing, Taoism Book, Chapter 47<br \/>\nTrack A5 inspired by Vishnu Purana, chap. III<br \/>\nTrack A6 construction sonore abstraite num\u00e9ro 23 (sans malhonn\u00eatet\u00e9 intellectuelle)<br \/>\nTrack B1 inspired by The Secret Sermon in Hermes Trismegistus&#8216; Corpus Hermeticum<br \/>\nTrack B3 inspired by Nam M\u00f4 Quan Th\u00ea \u00c2m B\u00f4 T\u00e1t Buddhist Goddess<br \/>\nTrack B4 inspired by William Blake&#8217;s Hear the voice of the Bard<\/p>\n<p>Recorded and mixed an NoHype Studio. Mastered at Foon.<\/p>\n<p>Total pressing of 500 copies<br \/>\n100 copies on green transparent vinyl (this)<br \/>\n400 copies on black vinyl<\/p>","protected":false},"featured_media":152891,"template":"","meta":{"_acf_changed":false},"product_brand":[],"product_cat":[150],"product_tag":[],"class_list":{"0":"post-152887","1":"product","2":"type-product","3":"status-publish","4":"has-post-thumbnail","6":"product_cat-alternative-rock","7":"pa_att_artist-cosmic-trip-machine","8":"pa_att_format-lp-vinyl","9":"pa_att_genre-alternative-rock","10":"pa_att_jahr-534","11":"pa_att_label-nasoni-records","12":"pa_att_label-open-your-eyes","13":"pa_att_land-germany","15":"first","16":"instock","17":"taxable","18":"shipping-taxable","19":"purchasable","20":"product-type-simple"},"acf":[],"yoast_head":"<!-- This site is optimized with the Yoast SEO plugin v27.3 - https:\/\/yoast.com\/product\/yoast-seo-wordpress\/ -->\n<title>Cosmic Trip Machine-The Curse Of Lord Space Devil green-LP Vinyl - Rockers Records<\/title>\n<meta name=\"robots\" content=\"index, follow, max-snippet:-1, max-image-preview:large, max-video-preview:-1\" \/>\n<link rel=\"canonical\" href=\"https:\/\/rockers.de\/en\/record\/cosmic-trip-machine-the-curse-of-lord-space-devil-green-lp-vinyl\/\" \/>\n<meta property=\"og:locale\" content=\"en_US\" \/>\n<meta property=\"og:type\" content=\"article\" \/>\n<meta property=\"og:title\" content=\"Cosmic Trip Machine-The Curse Of Lord Space Devil green-LP Vinyl - Rockers Records\" \/>\n<meta property=\"og:description\" content=\"Gatefold sleeve.  An exploration of madness, disease and depression which leads to peace inspired by The Book of AM and dedicated to Leslie Mackenzie and Juan Arkotxa.  Track A1 inspired by Jing Ye Si, Li-Po Track A2 inspired by Great Compassion Dharani Sutra Track A4 inspired by Dao De Jing, Taoism Book, Chapter 47 Track A5 inspired by Vishnu Purana, chap. III Track A6 construction sonore abstraite num\u00e9ro 23 (sans malhonn\u00eatet\u00e9 intellectuelle) Track B1 inspired by The Secret Sermon in Hermes Trismegistus&#039; Corpus Hermeticum Track B3 inspired by Nam M\u00f4 Quan Th\u00ea \u00c2m B\u00f4 T\u00e1t Buddhist Goddess Track B4 inspired by William Blake&#039;s Hear the voice of the Bard  Recorded and mixed an NoHype Studio. Mastered at Foon.  Total pressing of 500 copies 100 copies on green transparent vinyl (this) 400 copies on black vinyl\" \/>\n<meta property=\"og:url\" content=\"https:\/\/rockers.de\/en\/record\/cosmic-trip-machine-the-curse-of-lord-space-devil-green-lp-vinyl\/\" \/>\n<meta property=\"og:site_name\" content=\"Rockers Records\" \/>\n<meta property=\"article:modified_time\" content=\"2025-03-22T13:53:02+00:00\" \/>\n<meta property=\"og:image\" content=\"https:\/\/rockers.de\/wp-content\/uploads\/2025\/03\/Cosmic-Trip-Machine-The-Curse-Of-Lord-Space-Devil-green-LP-Vinyl-1.jpg\" \/>\n\t<meta property=\"og:image:width\" content=\"1800\" \/>\n\t<meta property=\"og:image:height\" content=\"1853\" \/>\n\t<meta property=\"og:image:type\" content=\"image\/jpeg\" \/>\n<meta name=\"twitter:card\" content=\"summary_large_image\" \/>\n<meta name=\"twitter:label1\" content=\"Est. reading time\" \/>\n\t<meta name=\"twitter:data1\" content=\"1 minute\" \/>\n<script type=\"application\/ld+json\" class=\"yoast-schema-graph\">{\"@context\":\"https:\\\/\\\/schema.org\",\"@graph\":[{\"@type\":\"WebPage\",\"@id\":\"https:\\\/\\\/rockers.de\\\/record\\\/cosmic-trip-machine-the-curse-of-lord-space-devil-green-lp-vinyl\\\/\",\"url\":\"https:\\\/\\\/rockers.de\\\/record\\\/cosmic-trip-machine-the-curse-of-lord-space-devil-green-lp-vinyl\\\/\",\"name\":\"Cosmic Trip Machine-The Curse Of Lord Space Devil green-LP Vinyl - Rockers Records\",\"isPartOf\":{\"@id\":\"https:\\\/\\\/rockers.de\\\/#website\"},\"primaryImageOfPage\":{\"@id\":\"https:\\\/\\\/rockers.de\\\/record\\\/cosmic-trip-machine-the-curse-of-lord-space-devil-green-lp-vinyl\\\/#primaryimage\"},\"image\":{\"@id\":\"https:\\\/\\\/rockers.de\\\/record\\\/cosmic-trip-machine-the-curse-of-lord-space-devil-green-lp-vinyl\\\/#primaryimage\"},\"thumbnailUrl\":\"https:\\\/\\\/rockers.de\\\/wp-content\\\/uploads\\\/2025\\\/03\\\/Cosmic-Trip-Machine-The-Curse-Of-Lord-Space-Devil-green-LP-Vinyl-1.jpg\",\"datePublished\":\"2025-03-22T13:53:01+00:00\",\"dateModified\":\"2025-03-22T13:53:02+00:00\",\"breadcrumb\":{\"@id\":\"https:\\\/\\\/rockers.de\\\/record\\\/cosmic-trip-machine-the-curse-of-lord-space-devil-green-lp-vinyl\\\/#breadcrumb\"},\"inLanguage\":\"en-US\",\"potentialAction\":[{\"@type\":\"ReadAction\",\"target\":[\"https:\\\/\\\/rockers.de\\\/record\\\/cosmic-trip-machine-the-curse-of-lord-space-devil-green-lp-vinyl\\\/\"]}]},{\"@type\":\"ImageObject\",\"inLanguage\":\"en-US\",\"@id\":\"https:\\\/\\\/rockers.de\\\/record\\\/cosmic-trip-machine-the-curse-of-lord-space-devil-green-lp-vinyl\\\/#primaryimage\",\"url\":\"https:\\\/\\\/rockers.de\\\/wp-content\\\/uploads\\\/2025\\\/03\\\/Cosmic-Trip-Machine-The-Curse-Of-Lord-Space-Devil-green-LP-Vinyl-1.jpg\",\"contentUrl\":\"https:\\\/\\\/rockers.de\\\/wp-content\\\/uploads\\\/2025\\\/03\\\/Cosmic-Trip-Machine-The-Curse-Of-Lord-Space-Devil-green-LP-Vinyl-1.jpg\",\"width\":1800,\"height\":1853,\"caption\":\"Cosmic Trip Machine-The Curse Of Lord Space Devil green-LP Vinyl\"},{\"@type\":\"BreadcrumbList\",\"@id\":\"https:\\\/\\\/rockers.de\\\/record\\\/cosmic-trip-machine-the-curse-of-lord-space-devil-green-lp-vinyl\\\/#breadcrumb\",\"itemListElement\":[{\"@type\":\"ListItem\",\"position\":1,\"name\":\"Startseite\",\"item\":\"https:\\\/\\\/rockers.de\\\/\"},{\"@type\":\"ListItem\",\"position\":2,\"name\":\"Shop\",\"item\":\"https:\\\/\\\/rockers.de\\\/shop\\\/\"},{\"@type\":\"ListItem\",\"position\":3,\"name\":\"Cosmic Trip Machine-The Curse Of Lord Space Devil green-LP Vinyl\"}]},{\"@type\":\"WebSite\",\"@id\":\"https:\\\/\\\/rockers.de\\\/#website\",\"url\":\"https:\\\/\\\/rockers.de\\\/\",\"name\":\"Rockers Records\",\"description\":\"Dein Schallplatten Store in Hannover\",\"publisher\":{\"@id\":\"https:\\\/\\\/rockers.de\\\/#organization\"},\"potentialAction\":[{\"@type\":\"SearchAction\",\"target\":{\"@type\":\"EntryPoint\",\"urlTemplate\":\"https:\\\/\\\/rockers.de\\\/?s={search_term_string}\"},\"query-input\":{\"@type\":\"PropertyValueSpecification\",\"valueRequired\":true,\"valueName\":\"search_term_string\"}}],\"inLanguage\":\"en-US\"},{\"@type\":\"Organization\",\"@id\":\"https:\\\/\\\/rockers.de\\\/#organization\",\"name\":\"Rockers Records\",\"url\":\"https:\\\/\\\/rockers.de\\\/\",\"logo\":{\"@type\":\"ImageObject\",\"inLanguage\":\"en-US\",\"@id\":\"https:\\\/\\\/rockers.de\\\/#\\\/schema\\\/logo\\\/image\\\/\",\"url\":\"https:\\\/\\\/rockers.de\\\/wp-content\\\/uploads\\\/2022\\\/07\\\/Neue-Website-2022.jpg\",\"contentUrl\":\"https:\\\/\\\/rockers.de\\\/wp-content\\\/uploads\\\/2022\\\/07\\\/Neue-Website-2022.jpg\",\"width\":800,\"height\":800,\"caption\":\"Rockers Records\"},\"image\":{\"@id\":\"https:\\\/\\\/rockers.de\\\/#\\\/schema\\\/logo\\\/image\\\/\"}}]}<\/script>\n<!-- \/ Yoast SEO plugin. -->","yoast_head_json":{"title":"Cosmic Trip Machine-The Curse Of Lord Space Devil green-LP Vinyl - Rockers Records","robots":{"index":"index","follow":"follow","max-snippet":"max-snippet:-1","max-image-preview":"max-image-preview:large","max-video-preview":"max-video-preview:-1"},"canonical":"https:\/\/rockers.de\/en\/record\/cosmic-trip-machine-the-curse-of-lord-space-devil-green-lp-vinyl\/","og_locale":"en_US","og_type":"article","og_title":"Cosmic Trip Machine-The Curse Of Lord Space Devil green-LP Vinyl - Rockers Records","og_description":"Gatefold sleeve.  An exploration of madness, disease and depression which leads to peace inspired by The Book of AM and dedicated to Leslie Mackenzie and Juan Arkotxa.  Track A1 inspired by Jing Ye Si, Li-Po Track A2 inspired by Great Compassion Dharani Sutra Track A4 inspired by Dao De Jing, Taoism Book, Chapter 47 Track A5 inspired by Vishnu Purana, chap. III Track A6 construction sonore abstraite num\u00e9ro 23 (sans malhonn\u00eatet\u00e9 intellectuelle) Track B1 inspired by The Secret Sermon in Hermes Trismegistus' Corpus Hermeticum Track B3 inspired by Nam M\u00f4 Quan Th\u00ea \u00c2m B\u00f4 T\u00e1t Buddhist Goddess Track B4 inspired by William Blake's Hear the voice of the Bard  Recorded and mixed an NoHype Studio. Mastered at Foon.  Total pressing of 500 copies 100 copies on green transparent vinyl (this) 400 copies on black vinyl","og_url":"https:\/\/rockers.de\/en\/record\/cosmic-trip-machine-the-curse-of-lord-space-devil-green-lp-vinyl\/","og_site_name":"Rockers Records","article_modified_time":"2025-03-22T13:53:02+00:00","og_image":[{"width":1800,"height":1853,"url":"https:\/\/rockers.de\/wp-content\/uploads\/2025\/03\/Cosmic-Trip-Machine-The-Curse-Of-Lord-Space-Devil-green-LP-Vinyl-1.jpg","type":"image\/jpeg"}],"twitter_card":"summary_large_image","twitter_misc":{"Est. reading time":"1 minute"},"schema":{"@context":"https:\/\/schema.org","@graph":[{"@type":"WebPage","@id":"https:\/\/rockers.de\/record\/cosmic-trip-machine-the-curse-of-lord-space-devil-green-lp-vinyl\/","url":"https:\/\/rockers.de\/record\/cosmic-trip-machine-the-curse-of-lord-space-devil-green-lp-vinyl\/","name":"Cosmic Trip Machine-The Curse Of Lord Space Devil green-LP Vinyl - Rockers Records","isPartOf":{"@id":"https:\/\/rockers.de\/#website"},"primaryImageOfPage":{"@id":"https:\/\/rockers.de\/record\/cosmic-trip-machine-the-curse-of-lord-space-devil-green-lp-vinyl\/#primaryimage"},"image":{"@id":"https:\/\/rockers.de\/record\/cosmic-trip-machine-the-curse-of-lord-space-devil-green-lp-vinyl\/#primaryimage"},"thumbnailUrl":"https:\/\/rockers.de\/wp-content\/uploads\/2025\/03\/Cosmic-Trip-Machine-The-Curse-Of-Lord-Space-Devil-green-LP-Vinyl-1.jpg","datePublished":"2025-03-22T13:53:01+00:00","dateModified":"2025-03-22T13:53:02+00:00","breadcrumb":{"@id":"https:\/\/rockers.de\/record\/cosmic-trip-machine-the-curse-of-lord-space-devil-green-lp-vinyl\/#breadcrumb"},"inLanguage":"en-US","potentialAction":[{"@type":"ReadAction","target":["https:\/\/rockers.de\/record\/cosmic-trip-machine-the-curse-of-lord-space-devil-green-lp-vinyl\/"]}]},{"@type":"ImageObject","inLanguage":"en-US","@id":"https:\/\/rockers.de\/record\/cosmic-trip-machine-the-curse-of-lord-space-devil-green-lp-vinyl\/#primaryimage","url":"https:\/\/rockers.de\/wp-content\/uploads\/2025\/03\/Cosmic-Trip-Machine-The-Curse-Of-Lord-Space-Devil-green-LP-Vinyl-1.jpg","contentUrl":"https:\/\/rockers.de\/wp-content\/uploads\/2025\/03\/Cosmic-Trip-Machine-The-Curse-Of-Lord-Space-Devil-green-LP-Vinyl-1.jpg","width":1800,"height":1853,"caption":"Cosmic Trip Machine-The Curse Of Lord Space Devil green-LP Vinyl"},{"@type":"BreadcrumbList","@id":"https:\/\/rockers.de\/record\/cosmic-trip-machine-the-curse-of-lord-space-devil-green-lp-vinyl\/#breadcrumb","itemListElement":[{"@type":"ListItem","position":1,"name":"Startseite","item":"https:\/\/rockers.de\/"},{"@type":"ListItem","position":2,"name":"Shop","item":"https:\/\/rockers.de\/shop\/"},{"@type":"ListItem","position":3,"name":"Cosmic Trip Machine-The Curse Of Lord Space Devil green-LP Vinyl"}]},{"@type":"WebSite","@id":"https:\/\/rockers.de\/#website","url":"https:\/\/rockers.de\/","name":"Rockers Records","description":"Your record store in Hanover","publisher":{"@id":"https:\/\/rockers.de\/#organization"},"potentialAction":[{"@type":"SearchAction","target":{"@type":"EntryPoint","urlTemplate":"https:\/\/rockers.de\/?s={search_term_string}"},"query-input":{"@type":"PropertyValueSpecification","valueRequired":true,"valueName":"search_term_string"}}],"inLanguage":"en-US"},{"@type":"Organization","@id":"https:\/\/rockers.de\/#organization","name":"Rockers Records","url":"https:\/\/rockers.de\/","logo":{"@type":"ImageObject","inLanguage":"en-US","@id":"https:\/\/rockers.de\/#\/schema\/logo\/image\/","url":"https:\/\/rockers.de\/wp-content\/uploads\/2022\/07\/Neue-Website-2022.jpg","contentUrl":"https:\/\/rockers.de\/wp-content\/uploads\/2022\/07\/Neue-Website-2022.jpg","width":800,"height":800,"caption":"Rockers Records"},"image":{"@id":"https:\/\/rockers.de\/#\/schema\/logo\/image\/"}}]}},"_links":{"self":[{"href":"https:\/\/rockers.de\/en\/wp-json\/wp\/v2\/product\/152887","targetHints":{"allow":["GET"]}}],"collection":[{"href":"https:\/\/rockers.de\/en\/wp-json\/wp\/v2\/product"}],"about":[{"href":"https:\/\/rockers.de\/en\/wp-json\/wp\/v2\/types\/product"}],"wp:featuredmedia":[{"embeddable":true,"href":"https:\/\/rockers.de\/en\/wp-json\/wp\/v2\/media\/152891"}],"wp:attachment":[{"href":"https:\/\/rockers.de\/en\/wp-json\/wp\/v2\/media?parent=152887"}],"wp:term":[{"taxonomy":"product_brand","embeddable":true,"href":"https:\/\/rockers.de\/en\/wp-json\/wp\/v2\/product_brand?post=152887"},{"taxonomy":"product_cat","embeddable":true,"href":"https:\/\/rockers.de\/en\/wp-json\/wp\/v2\/product_cat?post=152887"},{"taxonomy":"product_tag","embeddable":true,"href":"https:\/\/rockers.de\/en\/wp-json\/wp\/v2\/product_tag?post=152887"}],"curies":[{"name":"wp","href":"https:\/\/api.w.org\/{rel}","templated":true}]}}