{"id":151352,"date":"2025-02-27T12:09:19","date_gmt":"2025-02-27T11:09:19","guid":{"rendered":"https:\/\/rockers.de\/?post_type=product&#038;p=151352"},"modified":"2025-02-27T12:09:19","modified_gmt":"2025-02-27T11:09:19","slug":"moaning-cities-d-klein-lp-vinyl","status":"publish","type":"product","link":"https:\/\/rockers.de\/en\/record\/moaning-cities-d-klein-lp-vinyl\/","title":{"rendered":"Moaning Cities-D.Klein-LP Vinyl"},"content":{"rendered":"<p>GATEFOLD 12&#8243; LP Standard Black Vinyl (Limited to 500 copies)<br \/>\nreleased September 23, 2016 <\/p>\n<p>All songs written and performed by Moaning Cities.<br \/>\nRecorded and mixed by Laurent Roo Eyen at Koko studio in December 2015 in Sprimont, Belgium. <\/p>\n<p>Inner sleeve with lyrics and artwork by David Crunelle<\/p>\n<p>Thanks on the back cover :<br \/>\nWe&#8217;d like to thanks our families, friends and loved ones and all the bands we met on the roads of Europe who gave us the juice to carry on with our music. All of you have inspired us along the way and will keep inspiring us.<\/p>\n<p>Special thanks to Hugues Fernet and his wooden ship, Roo and the whole gang at Koko Studio, thanks to Greg, Del and casper at EXAG&#8216; Records, David Crunelle, Burtie, Matt Cha, Jean-Gui Teheux, fred Alstadt, Wim Leppens, Jan Opdekamp, Jo\u00ebl Bovy, Luca Landi, Matte, Vanessa R. Gracinhas, Jeremy Meunier, Alice Alby, Emmanuel Angeli, Julien Poullet, Ga\u00ebtan Gauthier, Nico Neefs, No\u00e9mie Gast, Laurent Walschot, Mathias Witzkiold, Suzie, Julien Fournier, Monique, all the folks at Atelier 2010 and Magasin 4, Mehdi Benkler, FORKS, Stef, Guido, Daniel &amp; everyone at Keymusic Brussels , And to all those whom we met on the road these last two years, may our paths cross again.<br \/>\nTHANK YOU  <\/p>","protected":false},"excerpt":{"rendered":"<p>GATEFOLD 12&#8243; LP Standard Black Vinyl (Limited to 500 copies)<br \/>\nreleased September 23, 2016<\/p>\n<p>All songs written and performed by Moaning Cities.<br \/>\nRecorded and mixed by Laurent Roo Eyen at Koko studio in December 2015 in Sprimont, Belgium.<\/p>\n<p>Inner sleeve with lyrics and artwork by David Crunelle<\/p>\n<p>Thanks on the back cover :<br \/>\nWe&#8217;d like to thanks our families, friends and loved ones and all the bands we met on the roads of Europe who gave us the juice to carry on with our music. All of you have inspired us along the way and will keep inspiring us.<\/p>\n<p>Special thanks to Hugues Fernet and his wooden ship, Roo and the whole gang at Koko Studio, thanks to Greg, Del and casper at EXAG&#8216; Records, David Crunelle, Burtie, Matt Cha, Jean-Gui Teheux, fred Alstadt, Wim Leppens, Jan Opdekamp, Jo\u00ebl Bovy, Luca Landi, Matte, Vanessa R. Gracinhas, Jeremy Meunier, Alice Alby, Emmanuel Angeli, Julien Poullet, Ga\u00ebtan Gauthier, Nico Neefs, No\u00e9mie Gast, Laurent Walschot, Mathias Witzkiold, Suzie, Julien Fournier, Monique, all the folks at Atelier 2010 and Magasin 4, Mehdi Benkler, FORKS, Stef, Guido, Daniel &amp; everyone at Keymusic Brussels , And to all those whom we met on the road these last two years, may our paths cross again.<br \/>\nTHANK YOU<\/p>","protected":false},"featured_media":151354,"template":"","meta":{"_acf_changed":false},"product_brand":[],"product_cat":[150],"product_tag":[],"class_list":{"0":"post-151352","1":"product","2":"type-product","3":"status-publish","4":"has-post-thumbnail","6":"product_cat-alternative-rock","7":"pa_att_artist-moaning-cities","8":"pa_att_format-lp-vinyl","9":"pa_att_genre-alternative-rock","10":"pa_att_jahr-144","11":"pa_att_label-exag-records","12":"pa_att_land-belgium","14":"first","15":"instock","16":"taxable","17":"shipping-taxable","18":"purchasable","19":"product-type-simple"},"acf":[],"yoast_head":"<!-- This site is optimized with the Yoast SEO plugin v27.3 - https:\/\/yoast.com\/product\/yoast-seo-wordpress\/ -->\n<title>Moaning Cities-D.Klein-LP Vinyl - Rockers Records<\/title>\n<meta name=\"robots\" content=\"index, follow, max-snippet:-1, max-image-preview:large, max-video-preview:-1\" \/>\n<link rel=\"canonical\" href=\"https:\/\/rockers.de\/en\/record\/moaning-cities-d-klein-lp-vinyl\/\" \/>\n<meta property=\"og:locale\" content=\"en_US\" \/>\n<meta property=\"og:type\" content=\"article\" \/>\n<meta property=\"og:title\" content=\"Moaning Cities-D.Klein-LP Vinyl - Rockers Records\" \/>\n<meta property=\"og:description\" content=\"GATEFOLD 12&quot; LP Standard Black Vinyl (Limited to 500 copies) released September 23, 2016  All songs written and performed by Moaning Cities. Recorded and mixed by Laurent Roo Eyen at Koko studio in December 2015 in Sprimont, Belgium.  Inner sleeve with lyrics and artwork by David Crunelle  Thanks on the back cover : We&#039;d like to thanks our families, friends and loved ones and all the bands we met on the roads of Europe who gave us the juice to carry on with our music. All of you have inspired us along the way and will keep inspiring us.  Special thanks to Hugues Fernet and his wooden ship, Roo and the whole gang at Koko Studio, thanks to Greg, Del and casper at EXAG&#039; Records, David Crunelle, Burtie, Matt Cha, Jean-Gui Teheux, fred Alstadt, Wim Leppens, Jan Opdekamp, Jo\u00ebl Bovy, Luca Landi, Matte, Vanessa R. Gracinhas, Jeremy Meunier, Alice Alby, Emmanuel Angeli, Julien Poullet, Ga\u00ebtan Gauthier, Nico Neefs, No\u00e9mie Gast, Laurent Walschot, Mathias Witzkiold, Suzie, Julien Fournier, Monique, all the folks at Atelier 2010 and Magasin 4, Mehdi Benkler, FORKS, Stef, Guido, Daniel &amp; everyone at Keymusic Brussels , And to all those whom we met on the road these last two years, may our paths cross again. THANK YOU\" \/>\n<meta property=\"og:url\" content=\"https:\/\/rockers.de\/en\/record\/moaning-cities-d-klein-lp-vinyl\/\" \/>\n<meta property=\"og:site_name\" content=\"Rockers Records\" \/>\n<meta property=\"og:image\" content=\"https:\/\/rockers.de\/wp-content\/uploads\/2025\/02\/Moaning-Cities-D.Klein-LP-Vinyl-1.jpg\" \/>\n\t<meta property=\"og:image:width\" content=\"1800\" \/>\n\t<meta property=\"og:image:height\" content=\"1859\" \/>\n\t<meta property=\"og:image:type\" content=\"image\/jpeg\" \/>\n<meta name=\"twitter:card\" content=\"summary_large_image\" \/>\n<meta name=\"twitter:label1\" content=\"Est. reading time\" \/>\n\t<meta name=\"twitter:data1\" content=\"2 minutes\" \/>\n<script type=\"application\/ld+json\" class=\"yoast-schema-graph\">{\"@context\":\"https:\\\/\\\/schema.org\",\"@graph\":[{\"@type\":\"WebPage\",\"@id\":\"https:\\\/\\\/rockers.de\\\/record\\\/moaning-cities-d-klein-lp-vinyl\\\/\",\"url\":\"https:\\\/\\\/rockers.de\\\/record\\\/moaning-cities-d-klein-lp-vinyl\\\/\",\"name\":\"Moaning Cities-D.Klein-LP Vinyl - Rockers Records\",\"isPartOf\":{\"@id\":\"https:\\\/\\\/rockers.de\\\/#website\"},\"primaryImageOfPage\":{\"@id\":\"https:\\\/\\\/rockers.de\\\/record\\\/moaning-cities-d-klein-lp-vinyl\\\/#primaryimage\"},\"image\":{\"@id\":\"https:\\\/\\\/rockers.de\\\/record\\\/moaning-cities-d-klein-lp-vinyl\\\/#primaryimage\"},\"thumbnailUrl\":\"https:\\\/\\\/rockers.de\\\/wp-content\\\/uploads\\\/2025\\\/02\\\/Moaning-Cities-D.Klein-LP-Vinyl-1.jpg\",\"datePublished\":\"2025-02-27T11:09:19+00:00\",\"breadcrumb\":{\"@id\":\"https:\\\/\\\/rockers.de\\\/record\\\/moaning-cities-d-klein-lp-vinyl\\\/#breadcrumb\"},\"inLanguage\":\"en-US\",\"potentialAction\":[{\"@type\":\"ReadAction\",\"target\":[\"https:\\\/\\\/rockers.de\\\/record\\\/moaning-cities-d-klein-lp-vinyl\\\/\"]}]},{\"@type\":\"ImageObject\",\"inLanguage\":\"en-US\",\"@id\":\"https:\\\/\\\/rockers.de\\\/record\\\/moaning-cities-d-klein-lp-vinyl\\\/#primaryimage\",\"url\":\"https:\\\/\\\/rockers.de\\\/wp-content\\\/uploads\\\/2025\\\/02\\\/Moaning-Cities-D.Klein-LP-Vinyl-1.jpg\",\"contentUrl\":\"https:\\\/\\\/rockers.de\\\/wp-content\\\/uploads\\\/2025\\\/02\\\/Moaning-Cities-D.Klein-LP-Vinyl-1.jpg\",\"width\":1800,\"height\":1859,\"caption\":\"Moaning Cities-D.Klein-LP Vinyl\"},{\"@type\":\"BreadcrumbList\",\"@id\":\"https:\\\/\\\/rockers.de\\\/record\\\/moaning-cities-d-klein-lp-vinyl\\\/#breadcrumb\",\"itemListElement\":[{\"@type\":\"ListItem\",\"position\":1,\"name\":\"Startseite\",\"item\":\"https:\\\/\\\/rockers.de\\\/\"},{\"@type\":\"ListItem\",\"position\":2,\"name\":\"Shop\",\"item\":\"https:\\\/\\\/rockers.de\\\/shop\\\/\"},{\"@type\":\"ListItem\",\"position\":3,\"name\":\"Moaning Cities-D.Klein-LP Vinyl\"}]},{\"@type\":\"WebSite\",\"@id\":\"https:\\\/\\\/rockers.de\\\/#website\",\"url\":\"https:\\\/\\\/rockers.de\\\/\",\"name\":\"Rockers Records\",\"description\":\"Dein Schallplatten Store in Hannover\",\"publisher\":{\"@id\":\"https:\\\/\\\/rockers.de\\\/#organization\"},\"potentialAction\":[{\"@type\":\"SearchAction\",\"target\":{\"@type\":\"EntryPoint\",\"urlTemplate\":\"https:\\\/\\\/rockers.de\\\/?s={search_term_string}\"},\"query-input\":{\"@type\":\"PropertyValueSpecification\",\"valueRequired\":true,\"valueName\":\"search_term_string\"}}],\"inLanguage\":\"en-US\"},{\"@type\":\"Organization\",\"@id\":\"https:\\\/\\\/rockers.de\\\/#organization\",\"name\":\"Rockers Records\",\"url\":\"https:\\\/\\\/rockers.de\\\/\",\"logo\":{\"@type\":\"ImageObject\",\"inLanguage\":\"en-US\",\"@id\":\"https:\\\/\\\/rockers.de\\\/#\\\/schema\\\/logo\\\/image\\\/\",\"url\":\"https:\\\/\\\/rockers.de\\\/wp-content\\\/uploads\\\/2022\\\/07\\\/Neue-Website-2022.jpg\",\"contentUrl\":\"https:\\\/\\\/rockers.de\\\/wp-content\\\/uploads\\\/2022\\\/07\\\/Neue-Website-2022.jpg\",\"width\":800,\"height\":800,\"caption\":\"Rockers Records\"},\"image\":{\"@id\":\"https:\\\/\\\/rockers.de\\\/#\\\/schema\\\/logo\\\/image\\\/\"}}]}<\/script>\n<!-- \/ Yoast SEO plugin. -->","yoast_head_json":{"title":"Moaning Cities-D.Klein-LP Vinyl - Rockers Records","robots":{"index":"index","follow":"follow","max-snippet":"max-snippet:-1","max-image-preview":"max-image-preview:large","max-video-preview":"max-video-preview:-1"},"canonical":"https:\/\/rockers.de\/en\/record\/moaning-cities-d-klein-lp-vinyl\/","og_locale":"en_US","og_type":"article","og_title":"Moaning Cities-D.Klein-LP Vinyl - Rockers Records","og_description":"GATEFOLD 12\" LP Standard Black Vinyl (Limited to 500 copies) released September 23, 2016  All songs written and performed by Moaning Cities. Recorded and mixed by Laurent Roo Eyen at Koko studio in December 2015 in Sprimont, Belgium.  Inner sleeve with lyrics and artwork by David Crunelle  Thanks on the back cover : We'd like to thanks our families, friends and loved ones and all the bands we met on the roads of Europe who gave us the juice to carry on with our music. All of you have inspired us along the way and will keep inspiring us.  Special thanks to Hugues Fernet and his wooden ship, Roo and the whole gang at Koko Studio, thanks to Greg, Del and casper at EXAG' Records, David Crunelle, Burtie, Matt Cha, Jean-Gui Teheux, fred Alstadt, Wim Leppens, Jan Opdekamp, Jo\u00ebl Bovy, Luca Landi, Matte, Vanessa R. Gracinhas, Jeremy Meunier, Alice Alby, Emmanuel Angeli, Julien Poullet, Ga\u00ebtan Gauthier, Nico Neefs, No\u00e9mie Gast, Laurent Walschot, Mathias Witzkiold, Suzie, Julien Fournier, Monique, all the folks at Atelier 2010 and Magasin 4, Mehdi Benkler, FORKS, Stef, Guido, Daniel &amp; everyone at Keymusic Brussels , And to all those whom we met on the road these last two years, may our paths cross again. THANK YOU","og_url":"https:\/\/rockers.de\/en\/record\/moaning-cities-d-klein-lp-vinyl\/","og_site_name":"Rockers Records","og_image":[{"width":1800,"height":1859,"url":"https:\/\/rockers.de\/wp-content\/uploads\/2025\/02\/Moaning-Cities-D.Klein-LP-Vinyl-1.jpg","type":"image\/jpeg"}],"twitter_card":"summary_large_image","twitter_misc":{"Est. reading time":"2 minutes"},"schema":{"@context":"https:\/\/schema.org","@graph":[{"@type":"WebPage","@id":"https:\/\/rockers.de\/record\/moaning-cities-d-klein-lp-vinyl\/","url":"https:\/\/rockers.de\/record\/moaning-cities-d-klein-lp-vinyl\/","name":"Moaning Cities-D.Klein-LP Vinyl - Rockers Records","isPartOf":{"@id":"https:\/\/rockers.de\/#website"},"primaryImageOfPage":{"@id":"https:\/\/rockers.de\/record\/moaning-cities-d-klein-lp-vinyl\/#primaryimage"},"image":{"@id":"https:\/\/rockers.de\/record\/moaning-cities-d-klein-lp-vinyl\/#primaryimage"},"thumbnailUrl":"https:\/\/rockers.de\/wp-content\/uploads\/2025\/02\/Moaning-Cities-D.Klein-LP-Vinyl-1.jpg","datePublished":"2025-02-27T11:09:19+00:00","breadcrumb":{"@id":"https:\/\/rockers.de\/record\/moaning-cities-d-klein-lp-vinyl\/#breadcrumb"},"inLanguage":"en-US","potentialAction":[{"@type":"ReadAction","target":["https:\/\/rockers.de\/record\/moaning-cities-d-klein-lp-vinyl\/"]}]},{"@type":"ImageObject","inLanguage":"en-US","@id":"https:\/\/rockers.de\/record\/moaning-cities-d-klein-lp-vinyl\/#primaryimage","url":"https:\/\/rockers.de\/wp-content\/uploads\/2025\/02\/Moaning-Cities-D.Klein-LP-Vinyl-1.jpg","contentUrl":"https:\/\/rockers.de\/wp-content\/uploads\/2025\/02\/Moaning-Cities-D.Klein-LP-Vinyl-1.jpg","width":1800,"height":1859,"caption":"Moaning Cities-D.Klein-LP Vinyl"},{"@type":"BreadcrumbList","@id":"https:\/\/rockers.de\/record\/moaning-cities-d-klein-lp-vinyl\/#breadcrumb","itemListElement":[{"@type":"ListItem","position":1,"name":"Startseite","item":"https:\/\/rockers.de\/"},{"@type":"ListItem","position":2,"name":"Shop","item":"https:\/\/rockers.de\/shop\/"},{"@type":"ListItem","position":3,"name":"Moaning Cities-D.Klein-LP Vinyl"}]},{"@type":"WebSite","@id":"https:\/\/rockers.de\/#website","url":"https:\/\/rockers.de\/","name":"Rockers Records","description":"Your record store in Hanover","publisher":{"@id":"https:\/\/rockers.de\/#organization"},"potentialAction":[{"@type":"SearchAction","target":{"@type":"EntryPoint","urlTemplate":"https:\/\/rockers.de\/?s={search_term_string}"},"query-input":{"@type":"PropertyValueSpecification","valueRequired":true,"valueName":"search_term_string"}}],"inLanguage":"en-US"},{"@type":"Organization","@id":"https:\/\/rockers.de\/#organization","name":"Rockers Records","url":"https:\/\/rockers.de\/","logo":{"@type":"ImageObject","inLanguage":"en-US","@id":"https:\/\/rockers.de\/#\/schema\/logo\/image\/","url":"https:\/\/rockers.de\/wp-content\/uploads\/2022\/07\/Neue-Website-2022.jpg","contentUrl":"https:\/\/rockers.de\/wp-content\/uploads\/2022\/07\/Neue-Website-2022.jpg","width":800,"height":800,"caption":"Rockers Records"},"image":{"@id":"https:\/\/rockers.de\/#\/schema\/logo\/image\/"}}]}},"_links":{"self":[{"href":"https:\/\/rockers.de\/en\/wp-json\/wp\/v2\/product\/151352","targetHints":{"allow":["GET"]}}],"collection":[{"href":"https:\/\/rockers.de\/en\/wp-json\/wp\/v2\/product"}],"about":[{"href":"https:\/\/rockers.de\/en\/wp-json\/wp\/v2\/types\/product"}],"wp:featuredmedia":[{"embeddable":true,"href":"https:\/\/rockers.de\/en\/wp-json\/wp\/v2\/media\/151354"}],"wp:attachment":[{"href":"https:\/\/rockers.de\/en\/wp-json\/wp\/v2\/media?parent=151352"}],"wp:term":[{"taxonomy":"product_brand","embeddable":true,"href":"https:\/\/rockers.de\/en\/wp-json\/wp\/v2\/product_brand?post=151352"},{"taxonomy":"product_cat","embeddable":true,"href":"https:\/\/rockers.de\/en\/wp-json\/wp\/v2\/product_cat?post=151352"},{"taxonomy":"product_tag","embeddable":true,"href":"https:\/\/rockers.de\/en\/wp-json\/wp\/v2\/product_tag?post=151352"}],"curies":[{"name":"wp","href":"https:\/\/api.w.org\/{rel}","templated":true}]}}