{"id":146777,"date":"2024-11-22T14:04:22","date_gmt":"2024-11-22T13:04:22","guid":{"rendered":"https:\/\/rockers.de\/record\/buffalo-springfield-and-the-byrds-live-at-the-monterey-international-pop-festival\/"},"modified":"2024-11-30T00:13:48","modified_gmt":"2024-11-29T23:13:48","slug":"buffalo-springfield-and-the-byrds-live-at-the-monterey-international-pop-festival","status":"publish","type":"product","link":"https:\/\/rockers.de\/en\/record\/buffalo-springfield-and-the-byrds-live-at-the-monterey-international-pop-festival\/","title":{"rendered":"Buffalo Springfield and The Byrds: Live at the Monterey International Pop Festival"},"content":{"rendered":"<p>Buffalo Springfield und The Byrds und Live at Monterey International Pop Festival: The Byrds &#8211; Samstag, 17. Juni 1967 \/ The Buffalo Springfield &#8211; Sonntag, 18. Juni 1967.<br \/>\nDie beiden wichtigsten amerikanischen Rockbands, die auf dem Monterey International Pop Festival auftraten &#8211; Buffalo Springfield und The Byrds &#8211; hatten eines gemeinsam: David Crosby. Diese Auftritte markieren einen Schl\u00fcsselmoment in Crosbys Karriere: Einer seiner letzten Auftritte, bevor er die Byrds verlie\u00df, und, als er auf Wunsch von Stephen Stills bei Buffalo Springfield einsprang, die Anf\u00e4nge der Partnerschaft, aus der Crosby, Stills und Nash werden sollten. W\u00e4hrend die Auftritte von Otis, The Who, Janis Joplin und Jimi Hendrix revolution\u00e4re Momente waren, erz\u00e4hlen die Auftritte von The Byrds und Buffalo Springfield eine andere Geschichte, n\u00e4mlich die eines K\u00fcnstlers, der die Rockmusik selbst weiterentwickelt hat. Frisch remastered, mit originalgetreuem Coverdesign: Die LP-Verpackung hat einen hochgl\u00e4nzenden Klappumschlag mit bedruckten Innenh\u00fcllen. Produziert von Lou Adler. Die Vinylfarbe ist eine LP in Sky Blue (The Byrds) und eine in Orchid (Buffalo Springfield)<\/p>","protected":false},"excerpt":{"rendered":"<p>Buffalo Springfield und The Byrds und Live at Monterey International Pop Festival: The Byrds &#8211; Samstag, 17. Juni 1967 \/<\/p>","protected":false},"featured_media":0,"template":"","meta":{"_acf_changed":false},"product_brand":[],"product_cat":[22454],"product_tag":[],"class_list":{"0":"post-146777","1":"product","2":"type-product","3":"status-publish","5":"product_cat-rsd-black-friday-2024","6":"pa_artist-byrds-the-buffalo-springfield","7":"pa_att_artist-byrds","8":"pa_att_format-lp-vinyl","9":"pa_att_genre-rock","10":"pa_att_jahr-20554","11":"pa_att_label-the-monterey-international-pop","12":"pa_format-lp-vinyl","13":"pa_jahr-22618","14":"pa_label-the-monterey-international-pop","15":"pa_lieferant-spv","17":"first","18":"outofstock","19":"taxable","20":"shipping-taxable","21":"purchasable","22":"product-type-simple"},"acf":[],"yoast_head":"<!-- This site is optimized with the Yoast SEO plugin v27.3 - https:\/\/yoast.com\/product\/yoast-seo-wordpress\/ -->\n<title>Buffalo Springfield and The Byrds: Live at the Monterey International Pop Festival - Rockers Records<\/title>\n<meta name=\"robots\" content=\"index, follow, max-snippet:-1, max-image-preview:large, max-video-preview:-1\" \/>\n<link rel=\"canonical\" href=\"https:\/\/rockers.de\/en\/record\/buffalo-springfield-and-the-byrds-live-at-the-monterey-international-pop-festival\/\" \/>\n<meta property=\"og:locale\" content=\"en_US\" \/>\n<meta property=\"og:type\" content=\"article\" \/>\n<meta property=\"og:title\" content=\"Buffalo Springfield and The Byrds: Live at the Monterey International Pop Festival - Rockers Records\" \/>\n<meta property=\"og:description\" content=\"Buffalo Springfield und The Byrds und Live at Monterey International Pop Festival: The Byrds &#8211; Samstag, 17. Juni 1967 \/\" \/>\n<meta property=\"og:url\" content=\"https:\/\/rockers.de\/en\/record\/buffalo-springfield-and-the-byrds-live-at-the-monterey-international-pop-festival\/\" \/>\n<meta property=\"og:site_name\" content=\"Rockers Records\" \/>\n<meta property=\"article:modified_time\" content=\"2024-11-29T23:13:48+00:00\" \/>\n<meta name=\"twitter:card\" content=\"summary_large_image\" \/>\n<meta name=\"twitter:label1\" content=\"Est. reading time\" \/>\n\t<meta name=\"twitter:data1\" content=\"1 minute\" \/>\n<script type=\"application\/ld+json\" class=\"yoast-schema-graph\">{\"@context\":\"https:\\\/\\\/schema.org\",\"@graph\":[{\"@type\":\"WebPage\",\"@id\":\"https:\\\/\\\/rockers.de\\\/record\\\/buffalo-springfield-and-the-byrds-live-at-the-monterey-international-pop-festival\\\/\",\"url\":\"https:\\\/\\\/rockers.de\\\/record\\\/buffalo-springfield-and-the-byrds-live-at-the-monterey-international-pop-festival\\\/\",\"name\":\"Buffalo Springfield and The Byrds: Live at the Monterey International Pop Festival - Rockers Records\",\"isPartOf\":{\"@id\":\"https:\\\/\\\/rockers.de\\\/#website\"},\"datePublished\":\"2024-11-22T13:04:22+00:00\",\"dateModified\":\"2024-11-29T23:13:48+00:00\",\"breadcrumb\":{\"@id\":\"https:\\\/\\\/rockers.de\\\/record\\\/buffalo-springfield-and-the-byrds-live-at-the-monterey-international-pop-festival\\\/#breadcrumb\"},\"inLanguage\":\"en-US\",\"potentialAction\":[{\"@type\":\"ReadAction\",\"target\":[\"https:\\\/\\\/rockers.de\\\/record\\\/buffalo-springfield-and-the-byrds-live-at-the-monterey-international-pop-festival\\\/\"]}]},{\"@type\":\"BreadcrumbList\",\"@id\":\"https:\\\/\\\/rockers.de\\\/record\\\/buffalo-springfield-and-the-byrds-live-at-the-monterey-international-pop-festival\\\/#breadcrumb\",\"itemListElement\":[{\"@type\":\"ListItem\",\"position\":1,\"name\":\"Startseite\",\"item\":\"https:\\\/\\\/rockers.de\\\/\"},{\"@type\":\"ListItem\",\"position\":2,\"name\":\"Shop\",\"item\":\"https:\\\/\\\/rockers.de\\\/shop\\\/\"},{\"@type\":\"ListItem\",\"position\":3,\"name\":\"Buffalo Springfield and The Byrds: Live at the Monterey International Pop Festival\"}]},{\"@type\":\"WebSite\",\"@id\":\"https:\\\/\\\/rockers.de\\\/#website\",\"url\":\"https:\\\/\\\/rockers.de\\\/\",\"name\":\"Rockers Records\",\"description\":\"Dein Schallplatten Store in Hannover\",\"publisher\":{\"@id\":\"https:\\\/\\\/rockers.de\\\/#organization\"},\"potentialAction\":[{\"@type\":\"SearchAction\",\"target\":{\"@type\":\"EntryPoint\",\"urlTemplate\":\"https:\\\/\\\/rockers.de\\\/?s={search_term_string}\"},\"query-input\":{\"@type\":\"PropertyValueSpecification\",\"valueRequired\":true,\"valueName\":\"search_term_string\"}}],\"inLanguage\":\"en-US\"},{\"@type\":\"Organization\",\"@id\":\"https:\\\/\\\/rockers.de\\\/#organization\",\"name\":\"Rockers Records\",\"url\":\"https:\\\/\\\/rockers.de\\\/\",\"logo\":{\"@type\":\"ImageObject\",\"inLanguage\":\"en-US\",\"@id\":\"https:\\\/\\\/rockers.de\\\/#\\\/schema\\\/logo\\\/image\\\/\",\"url\":\"https:\\\/\\\/rockers.de\\\/wp-content\\\/uploads\\\/2022\\\/07\\\/Neue-Website-2022.jpg\",\"contentUrl\":\"https:\\\/\\\/rockers.de\\\/wp-content\\\/uploads\\\/2022\\\/07\\\/Neue-Website-2022.jpg\",\"width\":800,\"height\":800,\"caption\":\"Rockers Records\"},\"image\":{\"@id\":\"https:\\\/\\\/rockers.de\\\/#\\\/schema\\\/logo\\\/image\\\/\"}}]}<\/script>\n<!-- \/ Yoast SEO plugin. -->","yoast_head_json":{"title":"Buffalo Springfield and The Byrds: Live at the Monterey International Pop Festival - Rockers Records","robots":{"index":"index","follow":"follow","max-snippet":"max-snippet:-1","max-image-preview":"max-image-preview:large","max-video-preview":"max-video-preview:-1"},"canonical":"https:\/\/rockers.de\/en\/record\/buffalo-springfield-and-the-byrds-live-at-the-monterey-international-pop-festival\/","og_locale":"en_US","og_type":"article","og_title":"Buffalo Springfield and The Byrds: Live at the Monterey International Pop Festival - Rockers Records","og_description":"Buffalo Springfield und The Byrds und Live at Monterey International Pop Festival: The Byrds &#8211; Samstag, 17. Juni 1967 \/","og_url":"https:\/\/rockers.de\/en\/record\/buffalo-springfield-and-the-byrds-live-at-the-monterey-international-pop-festival\/","og_site_name":"Rockers Records","article_modified_time":"2024-11-29T23:13:48+00:00","twitter_card":"summary_large_image","twitter_misc":{"Est. reading time":"1 minute"},"schema":{"@context":"https:\/\/schema.org","@graph":[{"@type":"WebPage","@id":"https:\/\/rockers.de\/record\/buffalo-springfield-and-the-byrds-live-at-the-monterey-international-pop-festival\/","url":"https:\/\/rockers.de\/record\/buffalo-springfield-and-the-byrds-live-at-the-monterey-international-pop-festival\/","name":"Buffalo Springfield and The Byrds: Live at the Monterey International Pop Festival - Rockers Records","isPartOf":{"@id":"https:\/\/rockers.de\/#website"},"datePublished":"2024-11-22T13:04:22+00:00","dateModified":"2024-11-29T23:13:48+00:00","breadcrumb":{"@id":"https:\/\/rockers.de\/record\/buffalo-springfield-and-the-byrds-live-at-the-monterey-international-pop-festival\/#breadcrumb"},"inLanguage":"en-US","potentialAction":[{"@type":"ReadAction","target":["https:\/\/rockers.de\/record\/buffalo-springfield-and-the-byrds-live-at-the-monterey-international-pop-festival\/"]}]},{"@type":"BreadcrumbList","@id":"https:\/\/rockers.de\/record\/buffalo-springfield-and-the-byrds-live-at-the-monterey-international-pop-festival\/#breadcrumb","itemListElement":[{"@type":"ListItem","position":1,"name":"Startseite","item":"https:\/\/rockers.de\/"},{"@type":"ListItem","position":2,"name":"Shop","item":"https:\/\/rockers.de\/shop\/"},{"@type":"ListItem","position":3,"name":"Buffalo Springfield and The Byrds: Live at the Monterey International Pop Festival"}]},{"@type":"WebSite","@id":"https:\/\/rockers.de\/#website","url":"https:\/\/rockers.de\/","name":"Rockers Records","description":"Your record store in Hanover","publisher":{"@id":"https:\/\/rockers.de\/#organization"},"potentialAction":[{"@type":"SearchAction","target":{"@type":"EntryPoint","urlTemplate":"https:\/\/rockers.de\/?s={search_term_string}"},"query-input":{"@type":"PropertyValueSpecification","valueRequired":true,"valueName":"search_term_string"}}],"inLanguage":"en-US"},{"@type":"Organization","@id":"https:\/\/rockers.de\/#organization","name":"Rockers Records","url":"https:\/\/rockers.de\/","logo":{"@type":"ImageObject","inLanguage":"en-US","@id":"https:\/\/rockers.de\/#\/schema\/logo\/image\/","url":"https:\/\/rockers.de\/wp-content\/uploads\/2022\/07\/Neue-Website-2022.jpg","contentUrl":"https:\/\/rockers.de\/wp-content\/uploads\/2022\/07\/Neue-Website-2022.jpg","width":800,"height":800,"caption":"Rockers Records"},"image":{"@id":"https:\/\/rockers.de\/#\/schema\/logo\/image\/"}}]}},"_links":{"self":[{"href":"https:\/\/rockers.de\/en\/wp-json\/wp\/v2\/product\/146777","targetHints":{"allow":["GET"]}}],"collection":[{"href":"https:\/\/rockers.de\/en\/wp-json\/wp\/v2\/product"}],"about":[{"href":"https:\/\/rockers.de\/en\/wp-json\/wp\/v2\/types\/product"}],"wp:attachment":[{"href":"https:\/\/rockers.de\/en\/wp-json\/wp\/v2\/media?parent=146777"}],"wp:term":[{"taxonomy":"product_brand","embeddable":true,"href":"https:\/\/rockers.de\/en\/wp-json\/wp\/v2\/product_brand?post=146777"},{"taxonomy":"product_cat","embeddable":true,"href":"https:\/\/rockers.de\/en\/wp-json\/wp\/v2\/product_cat?post=146777"},{"taxonomy":"product_tag","embeddable":true,"href":"https:\/\/rockers.de\/en\/wp-json\/wp\/v2\/product_tag?post=146777"}],"curies":[{"name":"wp","href":"https:\/\/api.w.org\/{rel}","templated":true}]}}