{"id":146762,"date":"2024-11-22T14:03:53","date_gmt":"2024-11-22T13:03:53","guid":{"rendered":"https:\/\/rockers.de\/record\/herz-wo-ich-geboren-bin-feat-christian-friedel\/"},"modified":"2024-11-30T00:13:45","modified_gmt":"2024-11-29T23:13:45","slug":"herz-wo-ich-geboren-bin-feat-christian-friedel","status":"publish","type":"product","link":"https:\/\/rockers.de\/en\/record\/herz-wo-ich-geboren-bin-feat-christian-friedel\/","title":{"rendered":"Herz \/ Wo ich geboren bin (feat. Christian Friedel)"},"content":{"rendered":"<p>Wie Phoenix &#8211; mit \u201eZu Asche, Zu Staub\u201d &#8211; hat sich das MOKA EFTI ORCHESTRA 2018 und 2019 zu ungeahnten H\u00f6henflug erhoben. Geboren aus dem Bauch der international erfolgreichen TV-Serie Babylon Berlin spielt das 14-k\u00f6pfige Ensemble um die Komponisten Nikko Weidemann und Mario Kamien sowie Arrangeur\/ MD Sebastian Borkowski vor ausverkauften H\u00e4usern in ganz Deutschland. HERZ \/ Wo ich geboren bin sind die ersten Beiden Singles  seit geraumer Zeit und bietet ein erstes Lebenszeichen zu dem 2025 erscheinenden neuen Album der Band. Mit Christian Friedel hat man einen kongenialen Gesangspartner gefunden. Christian Friedel ist nicht nur aus Babylon Berlin bekannt, sondern zudem S\u00e4nger bei  Woods of Birnam und mit &#8222;The Zone of Interest&#8220; gerade in aller Munde. Die Vinyl kommt in einer liebevollen 10&#8243; Gr\u00f6sse und hat mit 45RPM die bestm\u00f6gliche Soundqualit\u00e4t.<\/p>","protected":false},"excerpt":{"rendered":"<p>Wie Phoenix &#8211; mit \u201eZu Asche, Zu Staub\u201d &#8211; hat sich das MOKA EFTI ORCHESTRA 2018 und 2019 zu ungeahnten<\/p>","protected":false},"featured_media":0,"template":"","meta":{"_acf_changed":false},"product_brand":[],"product_cat":[22454],"product_tag":[],"class_list":{"0":"post-146762","1":"product","2":"type-product","3":"status-publish","5":"product_cat-rsd-black-friday-2024","6":"pa_artist-moka-efti-orchestra","7":"pa_att_artist-moka-efti-orchestra","8":"pa_att_format-10-vinyl","9":"pa_att_genre-pop","10":"pa_att_jahr-20554","11":"pa_att_label-motor-music","12":"pa_format-10-vinyl","13":"pa_jahr-22618","14":"pa_label-motor-music","15":"pa_lieferant-edel","17":"first","18":"outofstock","19":"taxable","20":"shipping-taxable","21":"purchasable","22":"product-type-simple"},"acf":[],"yoast_head":"<!-- This site is optimized with the Yoast SEO plugin v27.3 - https:\/\/yoast.com\/product\/yoast-seo-wordpress\/ -->\n<title>Herz \/ Wo ich geboren bin (feat. Christian Friedel) - Rockers Records<\/title>\n<meta name=\"robots\" content=\"index, follow, max-snippet:-1, max-image-preview:large, max-video-preview:-1\" \/>\n<link rel=\"canonical\" href=\"https:\/\/rockers.de\/en\/record\/herz-wo-ich-geboren-bin-feat-christian-friedel\/\" \/>\n<meta property=\"og:locale\" content=\"en_US\" \/>\n<meta property=\"og:type\" content=\"article\" \/>\n<meta property=\"og:title\" content=\"Herz \/ Wo ich geboren bin (feat. Christian Friedel) - Rockers Records\" \/>\n<meta property=\"og:description\" content=\"Wie Phoenix &#8211; mit \u201eZu Asche, Zu Staub\u201d &#8211; hat sich das MOKA EFTI ORCHESTRA 2018 und 2019 zu ungeahnten\" \/>\n<meta property=\"og:url\" content=\"https:\/\/rockers.de\/en\/record\/herz-wo-ich-geboren-bin-feat-christian-friedel\/\" \/>\n<meta property=\"og:site_name\" content=\"Rockers Records\" \/>\n<meta property=\"article:modified_time\" content=\"2024-11-29T23:13:45+00:00\" \/>\n<meta name=\"twitter:card\" content=\"summary_large_image\" \/>\n<meta name=\"twitter:label1\" content=\"Est. reading time\" \/>\n\t<meta name=\"twitter:data1\" content=\"1 minute\" \/>\n<script type=\"application\/ld+json\" class=\"yoast-schema-graph\">{\"@context\":\"https:\\\/\\\/schema.org\",\"@graph\":[{\"@type\":\"WebPage\",\"@id\":\"https:\\\/\\\/rockers.de\\\/record\\\/herz-wo-ich-geboren-bin-feat-christian-friedel\\\/\",\"url\":\"https:\\\/\\\/rockers.de\\\/record\\\/herz-wo-ich-geboren-bin-feat-christian-friedel\\\/\",\"name\":\"Herz \\\/ Wo ich geboren bin (feat. Christian Friedel) - Rockers Records\",\"isPartOf\":{\"@id\":\"https:\\\/\\\/rockers.de\\\/#website\"},\"datePublished\":\"2024-11-22T13:03:53+00:00\",\"dateModified\":\"2024-11-29T23:13:45+00:00\",\"breadcrumb\":{\"@id\":\"https:\\\/\\\/rockers.de\\\/record\\\/herz-wo-ich-geboren-bin-feat-christian-friedel\\\/#breadcrumb\"},\"inLanguage\":\"en-US\",\"potentialAction\":[{\"@type\":\"ReadAction\",\"target\":[\"https:\\\/\\\/rockers.de\\\/record\\\/herz-wo-ich-geboren-bin-feat-christian-friedel\\\/\"]}]},{\"@type\":\"BreadcrumbList\",\"@id\":\"https:\\\/\\\/rockers.de\\\/record\\\/herz-wo-ich-geboren-bin-feat-christian-friedel\\\/#breadcrumb\",\"itemListElement\":[{\"@type\":\"ListItem\",\"position\":1,\"name\":\"Startseite\",\"item\":\"https:\\\/\\\/rockers.de\\\/\"},{\"@type\":\"ListItem\",\"position\":2,\"name\":\"Shop\",\"item\":\"https:\\\/\\\/rockers.de\\\/shop\\\/\"},{\"@type\":\"ListItem\",\"position\":3,\"name\":\"Herz \\\/ Wo ich geboren bin (feat. Christian Friedel)\"}]},{\"@type\":\"WebSite\",\"@id\":\"https:\\\/\\\/rockers.de\\\/#website\",\"url\":\"https:\\\/\\\/rockers.de\\\/\",\"name\":\"Rockers Records\",\"description\":\"Dein Schallplatten Store in Hannover\",\"publisher\":{\"@id\":\"https:\\\/\\\/rockers.de\\\/#organization\"},\"potentialAction\":[{\"@type\":\"SearchAction\",\"target\":{\"@type\":\"EntryPoint\",\"urlTemplate\":\"https:\\\/\\\/rockers.de\\\/?s={search_term_string}\"},\"query-input\":{\"@type\":\"PropertyValueSpecification\",\"valueRequired\":true,\"valueName\":\"search_term_string\"}}],\"inLanguage\":\"en-US\"},{\"@type\":\"Organization\",\"@id\":\"https:\\\/\\\/rockers.de\\\/#organization\",\"name\":\"Rockers Records\",\"url\":\"https:\\\/\\\/rockers.de\\\/\",\"logo\":{\"@type\":\"ImageObject\",\"inLanguage\":\"en-US\",\"@id\":\"https:\\\/\\\/rockers.de\\\/#\\\/schema\\\/logo\\\/image\\\/\",\"url\":\"https:\\\/\\\/rockers.de\\\/wp-content\\\/uploads\\\/2022\\\/07\\\/Neue-Website-2022.jpg\",\"contentUrl\":\"https:\\\/\\\/rockers.de\\\/wp-content\\\/uploads\\\/2022\\\/07\\\/Neue-Website-2022.jpg\",\"width\":800,\"height\":800,\"caption\":\"Rockers Records\"},\"image\":{\"@id\":\"https:\\\/\\\/rockers.de\\\/#\\\/schema\\\/logo\\\/image\\\/\"}}]}<\/script>\n<!-- \/ Yoast SEO plugin. -->","yoast_head_json":{"title":"Herz \/ Wo ich geboren bin (feat. Christian Friedel) - Rockers Records","robots":{"index":"index","follow":"follow","max-snippet":"max-snippet:-1","max-image-preview":"max-image-preview:large","max-video-preview":"max-video-preview:-1"},"canonical":"https:\/\/rockers.de\/en\/record\/herz-wo-ich-geboren-bin-feat-christian-friedel\/","og_locale":"en_US","og_type":"article","og_title":"Herz \/ Wo ich geboren bin (feat. Christian Friedel) - Rockers Records","og_description":"Wie Phoenix &#8211; mit \u201eZu Asche, Zu Staub\u201d &#8211; hat sich das MOKA EFTI ORCHESTRA 2018 und 2019 zu ungeahnten","og_url":"https:\/\/rockers.de\/en\/record\/herz-wo-ich-geboren-bin-feat-christian-friedel\/","og_site_name":"Rockers Records","article_modified_time":"2024-11-29T23:13:45+00:00","twitter_card":"summary_large_image","twitter_misc":{"Est. reading time":"1 minute"},"schema":{"@context":"https:\/\/schema.org","@graph":[{"@type":"WebPage","@id":"https:\/\/rockers.de\/record\/herz-wo-ich-geboren-bin-feat-christian-friedel\/","url":"https:\/\/rockers.de\/record\/herz-wo-ich-geboren-bin-feat-christian-friedel\/","name":"Herz \/ Wo ich geboren bin (feat. Christian Friedel) - Rockers Records","isPartOf":{"@id":"https:\/\/rockers.de\/#website"},"datePublished":"2024-11-22T13:03:53+00:00","dateModified":"2024-11-29T23:13:45+00:00","breadcrumb":{"@id":"https:\/\/rockers.de\/record\/herz-wo-ich-geboren-bin-feat-christian-friedel\/#breadcrumb"},"inLanguage":"en-US","potentialAction":[{"@type":"ReadAction","target":["https:\/\/rockers.de\/record\/herz-wo-ich-geboren-bin-feat-christian-friedel\/"]}]},{"@type":"BreadcrumbList","@id":"https:\/\/rockers.de\/record\/herz-wo-ich-geboren-bin-feat-christian-friedel\/#breadcrumb","itemListElement":[{"@type":"ListItem","position":1,"name":"Startseite","item":"https:\/\/rockers.de\/"},{"@type":"ListItem","position":2,"name":"Shop","item":"https:\/\/rockers.de\/shop\/"},{"@type":"ListItem","position":3,"name":"Herz \/ Wo ich geboren bin (feat. Christian Friedel)"}]},{"@type":"WebSite","@id":"https:\/\/rockers.de\/#website","url":"https:\/\/rockers.de\/","name":"Rockers Records","description":"Your record store in Hanover","publisher":{"@id":"https:\/\/rockers.de\/#organization"},"potentialAction":[{"@type":"SearchAction","target":{"@type":"EntryPoint","urlTemplate":"https:\/\/rockers.de\/?s={search_term_string}"},"query-input":{"@type":"PropertyValueSpecification","valueRequired":true,"valueName":"search_term_string"}}],"inLanguage":"en-US"},{"@type":"Organization","@id":"https:\/\/rockers.de\/#organization","name":"Rockers Records","url":"https:\/\/rockers.de\/","logo":{"@type":"ImageObject","inLanguage":"en-US","@id":"https:\/\/rockers.de\/#\/schema\/logo\/image\/","url":"https:\/\/rockers.de\/wp-content\/uploads\/2022\/07\/Neue-Website-2022.jpg","contentUrl":"https:\/\/rockers.de\/wp-content\/uploads\/2022\/07\/Neue-Website-2022.jpg","width":800,"height":800,"caption":"Rockers Records"},"image":{"@id":"https:\/\/rockers.de\/#\/schema\/logo\/image\/"}}]}},"_links":{"self":[{"href":"https:\/\/rockers.de\/en\/wp-json\/wp\/v2\/product\/146762","targetHints":{"allow":["GET"]}}],"collection":[{"href":"https:\/\/rockers.de\/en\/wp-json\/wp\/v2\/product"}],"about":[{"href":"https:\/\/rockers.de\/en\/wp-json\/wp\/v2\/types\/product"}],"wp:attachment":[{"href":"https:\/\/rockers.de\/en\/wp-json\/wp\/v2\/media?parent=146762"}],"wp:term":[{"taxonomy":"product_brand","embeddable":true,"href":"https:\/\/rockers.de\/en\/wp-json\/wp\/v2\/product_brand?post=146762"},{"taxonomy":"product_cat","embeddable":true,"href":"https:\/\/rockers.de\/en\/wp-json\/wp\/v2\/product_cat?post=146762"},{"taxonomy":"product_tag","embeddable":true,"href":"https:\/\/rockers.de\/en\/wp-json\/wp\/v2\/product_tag?post=146762"}],"curies":[{"name":"wp","href":"https:\/\/api.w.org\/{rel}","templated":true}]}}