{"id":146723,"date":"2024-11-22T14:03:29","date_gmt":"2024-11-22T13:03:29","guid":{"rendered":"https:\/\/rockers.de\/record\/the-most-beautifullest-thing-in-this-rsd-bf2024\/"},"modified":"2024-11-30T00:13:32","modified_gmt":"2024-11-29T23:13:32","slug":"the-most-beautifullest-thing-in-this-rsd-bf2024","status":"publish","type":"product","link":"https:\/\/rockers.de\/en\/record\/the-most-beautifullest-thing-in-this-rsd-bf2024\/","title":{"rendered":"The Most Beautifullest Thing In This  (RSD BF2024)"},"content":{"rendered":"<p>Keith Murray wurde als Mitglied der Gruppe Def Squad zum ersten Mal in der Welt des Hip Hop bekannt. Andere Squad-Mitglieder waren Redman (sp\u00e4ter von Wu-Tang Clan) und Erick Sermon (von EPMD). Auf The Most Beautifullest Thing In The World fungiert Sermon als Hauptproduzent, wobei auch Redman einen Beitrag leistet &#8211; ebenso wie Busta Rhymes. Murrays Deb\u00fctalbum erreichte Platz 34 der Billboard Top 200 und eine Top-10-Position in den Top R&amp;B\/Hip-Hop-Alben-Charts. Zur Feier des 30-j\u00e4hrigen Jubil\u00e4ums dieser herausragenden Aufnahme pr\u00e4sentiert Get On Down The Most Beautifullest Thing in der sch\u00f6nsten Aufmachung, die es je gab &#8211; als Doppel-LP in einer exklusiven farbigen Black Friday-Pressung in einem Gatefold-Jacket mit einem OBI. Um die Dinge noch sch\u00f6ner zu machen, schlie\u00dft die Wiederver\u00f6ffentlichung mit einer Auswahl an Songs, die bisher nur auf 12 Zoll erschienen sind.<\/p>","protected":false},"excerpt":{"rendered":"<p>Keith Murray wurde als Mitglied der Gruppe Def Squad zum ersten Mal in der Welt des Hip Hop bekannt. Andere<\/p>","protected":false},"featured_media":0,"template":"","meta":{"_acf_changed":false},"product_brand":[],"product_cat":[22454],"product_tag":[],"class_list":{"0":"post-146723","1":"product","2":"type-product","3":"status-publish","5":"product_cat-rsd-black-friday-2024","6":"pa_artist-murray-keith","7":"pa_att_artist-murray","8":"pa_att_format-lp-vinyl","9":"pa_att_genre-hip-hop","10":"pa_att_jahr-20554","11":"pa_att_label-get-on-down","12":"pa_format-lp-vinyl","13":"pa_jahr-22618","14":"pa_label-get-on-down","15":"pa_lieferant-good-to-go","17":"first","18":"outofstock","19":"taxable","20":"shipping-taxable","21":"purchasable","22":"product-type-simple"},"acf":[],"yoast_head":"<!-- This site is optimized with the Yoast SEO plugin v27.3 - https:\/\/yoast.com\/product\/yoast-seo-wordpress\/ -->\n<title>The Most Beautifullest Thing In This (RSD BF2024) - Rockers Records<\/title>\n<meta name=\"robots\" content=\"index, follow, max-snippet:-1, max-image-preview:large, max-video-preview:-1\" \/>\n<link rel=\"canonical\" href=\"https:\/\/rockers.de\/en\/record\/the-most-beautifullest-thing-in-this-rsd-bf2024\/\" \/>\n<meta property=\"og:locale\" content=\"en_US\" \/>\n<meta property=\"og:type\" content=\"article\" \/>\n<meta property=\"og:title\" content=\"The Most Beautifullest Thing In This (RSD BF2024) - Rockers Records\" \/>\n<meta property=\"og:description\" content=\"Keith Murray wurde als Mitglied der Gruppe Def Squad zum ersten Mal in der Welt des Hip Hop bekannt. Andere\" \/>\n<meta property=\"og:url\" content=\"https:\/\/rockers.de\/en\/record\/the-most-beautifullest-thing-in-this-rsd-bf2024\/\" \/>\n<meta property=\"og:site_name\" content=\"Rockers Records\" \/>\n<meta property=\"article:modified_time\" content=\"2024-11-29T23:13:32+00:00\" \/>\n<meta name=\"twitter:card\" content=\"summary_large_image\" \/>\n<meta name=\"twitter:label1\" content=\"Est. reading time\" \/>\n\t<meta name=\"twitter:data1\" content=\"1 minute\" \/>\n<script type=\"application\/ld+json\" class=\"yoast-schema-graph\">{\"@context\":\"https:\\\/\\\/schema.org\",\"@graph\":[{\"@type\":\"WebPage\",\"@id\":\"https:\\\/\\\/rockers.de\\\/record\\\/the-most-beautifullest-thing-in-this-rsd-bf2024\\\/\",\"url\":\"https:\\\/\\\/rockers.de\\\/record\\\/the-most-beautifullest-thing-in-this-rsd-bf2024\\\/\",\"name\":\"The Most Beautifullest Thing In This (RSD BF2024) - Rockers Records\",\"isPartOf\":{\"@id\":\"https:\\\/\\\/rockers.de\\\/#website\"},\"datePublished\":\"2024-11-22T13:03:29+00:00\",\"dateModified\":\"2024-11-29T23:13:32+00:00\",\"breadcrumb\":{\"@id\":\"https:\\\/\\\/rockers.de\\\/record\\\/the-most-beautifullest-thing-in-this-rsd-bf2024\\\/#breadcrumb\"},\"inLanguage\":\"en-US\",\"potentialAction\":[{\"@type\":\"ReadAction\",\"target\":[\"https:\\\/\\\/rockers.de\\\/record\\\/the-most-beautifullest-thing-in-this-rsd-bf2024\\\/\"]}]},{\"@type\":\"BreadcrumbList\",\"@id\":\"https:\\\/\\\/rockers.de\\\/record\\\/the-most-beautifullest-thing-in-this-rsd-bf2024\\\/#breadcrumb\",\"itemListElement\":[{\"@type\":\"ListItem\",\"position\":1,\"name\":\"Startseite\",\"item\":\"https:\\\/\\\/rockers.de\\\/\"},{\"@type\":\"ListItem\",\"position\":2,\"name\":\"Shop\",\"item\":\"https:\\\/\\\/rockers.de\\\/shop\\\/\"},{\"@type\":\"ListItem\",\"position\":3,\"name\":\"The Most Beautifullest Thing In This (RSD BF2024)\"}]},{\"@type\":\"WebSite\",\"@id\":\"https:\\\/\\\/rockers.de\\\/#website\",\"url\":\"https:\\\/\\\/rockers.de\\\/\",\"name\":\"Rockers Records\",\"description\":\"Dein Schallplatten Store in Hannover\",\"publisher\":{\"@id\":\"https:\\\/\\\/rockers.de\\\/#organization\"},\"potentialAction\":[{\"@type\":\"SearchAction\",\"target\":{\"@type\":\"EntryPoint\",\"urlTemplate\":\"https:\\\/\\\/rockers.de\\\/?s={search_term_string}\"},\"query-input\":{\"@type\":\"PropertyValueSpecification\",\"valueRequired\":true,\"valueName\":\"search_term_string\"}}],\"inLanguage\":\"en-US\"},{\"@type\":\"Organization\",\"@id\":\"https:\\\/\\\/rockers.de\\\/#organization\",\"name\":\"Rockers Records\",\"url\":\"https:\\\/\\\/rockers.de\\\/\",\"logo\":{\"@type\":\"ImageObject\",\"inLanguage\":\"en-US\",\"@id\":\"https:\\\/\\\/rockers.de\\\/#\\\/schema\\\/logo\\\/image\\\/\",\"url\":\"https:\\\/\\\/rockers.de\\\/wp-content\\\/uploads\\\/2022\\\/07\\\/Neue-Website-2022.jpg\",\"contentUrl\":\"https:\\\/\\\/rockers.de\\\/wp-content\\\/uploads\\\/2022\\\/07\\\/Neue-Website-2022.jpg\",\"width\":800,\"height\":800,\"caption\":\"Rockers Records\"},\"image\":{\"@id\":\"https:\\\/\\\/rockers.de\\\/#\\\/schema\\\/logo\\\/image\\\/\"}}]}<\/script>\n<!-- \/ Yoast SEO plugin. -->","yoast_head_json":{"title":"The Most Beautifullest Thing In This (RSD BF2024) - Rockers Records","robots":{"index":"index","follow":"follow","max-snippet":"max-snippet:-1","max-image-preview":"max-image-preview:large","max-video-preview":"max-video-preview:-1"},"canonical":"https:\/\/rockers.de\/en\/record\/the-most-beautifullest-thing-in-this-rsd-bf2024\/","og_locale":"en_US","og_type":"article","og_title":"The Most Beautifullest Thing In This (RSD BF2024) - Rockers Records","og_description":"Keith Murray wurde als Mitglied der Gruppe Def Squad zum ersten Mal in der Welt des Hip Hop bekannt. Andere","og_url":"https:\/\/rockers.de\/en\/record\/the-most-beautifullest-thing-in-this-rsd-bf2024\/","og_site_name":"Rockers Records","article_modified_time":"2024-11-29T23:13:32+00:00","twitter_card":"summary_large_image","twitter_misc":{"Est. reading time":"1 minute"},"schema":{"@context":"https:\/\/schema.org","@graph":[{"@type":"WebPage","@id":"https:\/\/rockers.de\/record\/the-most-beautifullest-thing-in-this-rsd-bf2024\/","url":"https:\/\/rockers.de\/record\/the-most-beautifullest-thing-in-this-rsd-bf2024\/","name":"The Most Beautifullest Thing In This (RSD BF2024) - Rockers Records","isPartOf":{"@id":"https:\/\/rockers.de\/#website"},"datePublished":"2024-11-22T13:03:29+00:00","dateModified":"2024-11-29T23:13:32+00:00","breadcrumb":{"@id":"https:\/\/rockers.de\/record\/the-most-beautifullest-thing-in-this-rsd-bf2024\/#breadcrumb"},"inLanguage":"en-US","potentialAction":[{"@type":"ReadAction","target":["https:\/\/rockers.de\/record\/the-most-beautifullest-thing-in-this-rsd-bf2024\/"]}]},{"@type":"BreadcrumbList","@id":"https:\/\/rockers.de\/record\/the-most-beautifullest-thing-in-this-rsd-bf2024\/#breadcrumb","itemListElement":[{"@type":"ListItem","position":1,"name":"Startseite","item":"https:\/\/rockers.de\/"},{"@type":"ListItem","position":2,"name":"Shop","item":"https:\/\/rockers.de\/shop\/"},{"@type":"ListItem","position":3,"name":"The Most Beautifullest Thing In This (RSD BF2024)"}]},{"@type":"WebSite","@id":"https:\/\/rockers.de\/#website","url":"https:\/\/rockers.de\/","name":"Rockers Records","description":"Your record store in Hanover","publisher":{"@id":"https:\/\/rockers.de\/#organization"},"potentialAction":[{"@type":"SearchAction","target":{"@type":"EntryPoint","urlTemplate":"https:\/\/rockers.de\/?s={search_term_string}"},"query-input":{"@type":"PropertyValueSpecification","valueRequired":true,"valueName":"search_term_string"}}],"inLanguage":"en-US"},{"@type":"Organization","@id":"https:\/\/rockers.de\/#organization","name":"Rockers Records","url":"https:\/\/rockers.de\/","logo":{"@type":"ImageObject","inLanguage":"en-US","@id":"https:\/\/rockers.de\/#\/schema\/logo\/image\/","url":"https:\/\/rockers.de\/wp-content\/uploads\/2022\/07\/Neue-Website-2022.jpg","contentUrl":"https:\/\/rockers.de\/wp-content\/uploads\/2022\/07\/Neue-Website-2022.jpg","width":800,"height":800,"caption":"Rockers Records"},"image":{"@id":"https:\/\/rockers.de\/#\/schema\/logo\/image\/"}}]}},"_links":{"self":[{"href":"https:\/\/rockers.de\/en\/wp-json\/wp\/v2\/product\/146723","targetHints":{"allow":["GET"]}}],"collection":[{"href":"https:\/\/rockers.de\/en\/wp-json\/wp\/v2\/product"}],"about":[{"href":"https:\/\/rockers.de\/en\/wp-json\/wp\/v2\/types\/product"}],"wp:attachment":[{"href":"https:\/\/rockers.de\/en\/wp-json\/wp\/v2\/media?parent=146723"}],"wp:term":[{"taxonomy":"product_brand","embeddable":true,"href":"https:\/\/rockers.de\/en\/wp-json\/wp\/v2\/product_brand?post=146723"},{"taxonomy":"product_cat","embeddable":true,"href":"https:\/\/rockers.de\/en\/wp-json\/wp\/v2\/product_cat?post=146723"},{"taxonomy":"product_tag","embeddable":true,"href":"https:\/\/rockers.de\/en\/wp-json\/wp\/v2\/product_tag?post=146723"}],"curies":[{"name":"wp","href":"https:\/\/api.w.org\/{rel}","templated":true}]}}