{"id":144751,"date":"2024-10-14T16:22:10","date_gmt":"2024-10-14T14:22:10","guid":{"rendered":"https:\/\/rockers.de\/?post_type=product&#038;p=144751"},"modified":"2024-12-05T13:49:57","modified_gmt":"2024-12-05T12:49:57","slug":"apsilon-haut-wie-pelz-lp-vinyl","status":"publish","type":"product","link":"https:\/\/rockers.de\/en\/record\/apsilon-haut-wie-pelz-lp-vinyl\/","title":{"rendered":"Apsilon-Haut wie Pelz-LP Vinyl"},"content":{"rendered":"<p>Gatefold sleeve.<\/p>","protected":false},"excerpt":{"rendered":"<p>Mit Songs wie \u201eBaba\u201c, EPs wie \u201e32 Z\u00e4hne\u201c oder \u201eBlei\u201c und Zusammenarbeiten mit Bazzazian, LUVRE47 oder Wa22ermann hat Apsilon sich in gerade mal zwei Jahren vom Newcomer aus Berlin-Moabit zu einem echten Hoffnungstr\u00e4ger f\u00fcr hiesigen HipHop entwickelt. Mit \u201eHaut wie Pelz\u201c ver\u00f6ffentlicht Apsilon jetzt sein langerwartetes Deb\u00fctalbum.<\/p>\n<p>Die Idee f\u00fcr \u201eHaut wie Pelz\u201c kam Apsilon nach der Ver\u00f6ffentlichung seiner Single \u201eBaba\u201c im Jahr 2023, mit der er sich auf ber\u00fchrende Weise an seinen Vater wandte. \u201eNach dem Release ist mir klar geworden, in welche Richtung das Album gehen soll\u201c, erinnert sich Apsilon. Zusammen mit seinem kleinen Bruder und Executive Produzent Arman haben sie das letzte Jahr den Sound und die Vision hinter dem Album kreiert.<\/p>\n<p>Material: Gatefold inkl. schwarzer 140g-LP.<\/p>","protected":false},"featured_media":144754,"template":"","meta":{"_acf_changed":false},"product_brand":[],"product_cat":[195],"product_tag":[],"class_list":{"0":"post-144751","1":"product","2":"type-product","3":"status-publish","4":"has-post-thumbnail","6":"product_cat-deutscher-hip-hop","7":"pa_att_artist-apsilon","8":"pa_att_format-lp-vinyl","9":"pa_att_genre-deutscher-hip-hop","10":"pa_att_jahr-20554","11":"pa_att_label-four-music-productions-gmbh","12":"pa_att_land-germany","14":"first","15":"outofstock","16":"taxable","17":"shipping-taxable","18":"purchasable","19":"product-type-simple"},"acf":[],"yoast_head":"<!-- This site is optimized with the Yoast SEO plugin v27.3 - https:\/\/yoast.com\/product\/yoast-seo-wordpress\/ -->\n<title>Apsilon-Haut wie Pelz-LP Vinyl - Rockers Records<\/title>\n<meta name=\"robots\" content=\"index, follow, max-snippet:-1, max-image-preview:large, max-video-preview:-1\" \/>\n<link rel=\"canonical\" href=\"https:\/\/rockers.de\/en\/record\/apsilon-haut-wie-pelz-lp-vinyl\/\" \/>\n<meta property=\"og:locale\" content=\"en_US\" \/>\n<meta property=\"og:type\" content=\"article\" \/>\n<meta property=\"og:title\" content=\"Apsilon-Haut wie Pelz-LP Vinyl - Rockers Records\" \/>\n<meta property=\"og:description\" content=\"Mit Songs wie \u201eBaba\u201c, EPs wie \u201e32 Z\u00e4hne\u201c oder \u201eBlei\u201c und Zusammenarbeiten mit Bazzazian, LUVRE47 oder Wa22ermann hat Apsilon sich in gerade mal zwei Jahren vom Newcomer aus Berlin-Moabit zu einem echten Hoffnungstr\u00e4ger f\u00fcr hiesigen HipHop entwickelt. Mit \u201eHaut wie Pelz\u201c ver\u00f6ffentlicht Apsilon jetzt sein langerwartetes Deb\u00fctalbum.  Die Idee f\u00fcr \u201eHaut wie Pelz\u201c kam Apsilon nach der Ver\u00f6ffentlichung seiner Single \u201eBaba\u201c im Jahr 2023, mit der er sich auf ber\u00fchrende Weise an seinen Vater wandte. \u201eNach dem Release ist mir klar geworden, in welche Richtung das Album gehen soll\u201c, erinnert sich Apsilon. Zusammen mit seinem kleinen Bruder und Executive Produzent Arman haben sie das letzte Jahr den Sound und die Vision hinter dem Album kreiert.  Material: Gatefold inkl. schwarzer 140g-LP.\" \/>\n<meta property=\"og:url\" content=\"https:\/\/rockers.de\/en\/record\/apsilon-haut-wie-pelz-lp-vinyl\/\" \/>\n<meta property=\"og:site_name\" content=\"Rockers Records\" \/>\n<meta property=\"article:modified_time\" content=\"2024-12-05T12:49:57+00:00\" \/>\n<meta property=\"og:image\" content=\"https:\/\/rockers.de\/wp-content\/uploads\/2024\/10\/Apsilon-Haut-wie-Pelz-LP-Vinyl-1.jpg\" \/>\n\t<meta property=\"og:image:width\" content=\"1800\" \/>\n\t<meta property=\"og:image:height\" content=\"1859\" \/>\n\t<meta property=\"og:image:type\" content=\"image\/jpeg\" \/>\n<meta name=\"twitter:card\" content=\"summary_large_image\" \/>\n<meta name=\"twitter:label1\" content=\"Est. reading time\" \/>\n\t<meta name=\"twitter:data1\" content=\"1 minute\" \/>\n<script type=\"application\/ld+json\" class=\"yoast-schema-graph\">{\"@context\":\"https:\\\/\\\/schema.org\",\"@graph\":[{\"@type\":\"WebPage\",\"@id\":\"https:\\\/\\\/rockers.de\\\/record\\\/apsilon-haut-wie-pelz-lp-vinyl\\\/\",\"url\":\"https:\\\/\\\/rockers.de\\\/record\\\/apsilon-haut-wie-pelz-lp-vinyl\\\/\",\"name\":\"Apsilon-Haut wie Pelz-LP Vinyl - Rockers Records\",\"isPartOf\":{\"@id\":\"https:\\\/\\\/rockers.de\\\/#website\"},\"primaryImageOfPage\":{\"@id\":\"https:\\\/\\\/rockers.de\\\/record\\\/apsilon-haut-wie-pelz-lp-vinyl\\\/#primaryimage\"},\"image\":{\"@id\":\"https:\\\/\\\/rockers.de\\\/record\\\/apsilon-haut-wie-pelz-lp-vinyl\\\/#primaryimage\"},\"thumbnailUrl\":\"https:\\\/\\\/rockers.de\\\/wp-content\\\/uploads\\\/2024\\\/10\\\/Apsilon-Haut-wie-Pelz-LP-Vinyl-1.jpg\",\"datePublished\":\"2024-10-14T14:22:10+00:00\",\"dateModified\":\"2024-12-05T12:49:57+00:00\",\"breadcrumb\":{\"@id\":\"https:\\\/\\\/rockers.de\\\/record\\\/apsilon-haut-wie-pelz-lp-vinyl\\\/#breadcrumb\"},\"inLanguage\":\"en-US\",\"potentialAction\":[{\"@type\":\"ReadAction\",\"target\":[\"https:\\\/\\\/rockers.de\\\/record\\\/apsilon-haut-wie-pelz-lp-vinyl\\\/\"]}]},{\"@type\":\"ImageObject\",\"inLanguage\":\"en-US\",\"@id\":\"https:\\\/\\\/rockers.de\\\/record\\\/apsilon-haut-wie-pelz-lp-vinyl\\\/#primaryimage\",\"url\":\"https:\\\/\\\/rockers.de\\\/wp-content\\\/uploads\\\/2024\\\/10\\\/Apsilon-Haut-wie-Pelz-LP-Vinyl-1.jpg\",\"contentUrl\":\"https:\\\/\\\/rockers.de\\\/wp-content\\\/uploads\\\/2024\\\/10\\\/Apsilon-Haut-wie-Pelz-LP-Vinyl-1.jpg\",\"width\":1800,\"height\":1859,\"caption\":\"Apsilon-Haut wie Pelz-LP Vinyl\"},{\"@type\":\"BreadcrumbList\",\"@id\":\"https:\\\/\\\/rockers.de\\\/record\\\/apsilon-haut-wie-pelz-lp-vinyl\\\/#breadcrumb\",\"itemListElement\":[{\"@type\":\"ListItem\",\"position\":1,\"name\":\"Startseite\",\"item\":\"https:\\\/\\\/rockers.de\\\/\"},{\"@type\":\"ListItem\",\"position\":2,\"name\":\"Shop\",\"item\":\"https:\\\/\\\/rockers.de\\\/shop\\\/\"},{\"@type\":\"ListItem\",\"position\":3,\"name\":\"Apsilon-Haut wie Pelz-LP Vinyl\"}]},{\"@type\":\"WebSite\",\"@id\":\"https:\\\/\\\/rockers.de\\\/#website\",\"url\":\"https:\\\/\\\/rockers.de\\\/\",\"name\":\"Rockers Records\",\"description\":\"Dein Schallplatten Store in Hannover\",\"publisher\":{\"@id\":\"https:\\\/\\\/rockers.de\\\/#organization\"},\"potentialAction\":[{\"@type\":\"SearchAction\",\"target\":{\"@type\":\"EntryPoint\",\"urlTemplate\":\"https:\\\/\\\/rockers.de\\\/?s={search_term_string}\"},\"query-input\":{\"@type\":\"PropertyValueSpecification\",\"valueRequired\":true,\"valueName\":\"search_term_string\"}}],\"inLanguage\":\"en-US\"},{\"@type\":\"Organization\",\"@id\":\"https:\\\/\\\/rockers.de\\\/#organization\",\"name\":\"Rockers Records\",\"url\":\"https:\\\/\\\/rockers.de\\\/\",\"logo\":{\"@type\":\"ImageObject\",\"inLanguage\":\"en-US\",\"@id\":\"https:\\\/\\\/rockers.de\\\/#\\\/schema\\\/logo\\\/image\\\/\",\"url\":\"https:\\\/\\\/rockers.de\\\/wp-content\\\/uploads\\\/2022\\\/07\\\/Neue-Website-2022.jpg\",\"contentUrl\":\"https:\\\/\\\/rockers.de\\\/wp-content\\\/uploads\\\/2022\\\/07\\\/Neue-Website-2022.jpg\",\"width\":800,\"height\":800,\"caption\":\"Rockers Records\"},\"image\":{\"@id\":\"https:\\\/\\\/rockers.de\\\/#\\\/schema\\\/logo\\\/image\\\/\"}}]}<\/script>\n<!-- \/ Yoast SEO plugin. -->","yoast_head_json":{"title":"Apsilon-Haut wie Pelz-LP Vinyl - Rockers Records","robots":{"index":"index","follow":"follow","max-snippet":"max-snippet:-1","max-image-preview":"max-image-preview:large","max-video-preview":"max-video-preview:-1"},"canonical":"https:\/\/rockers.de\/en\/record\/apsilon-haut-wie-pelz-lp-vinyl\/","og_locale":"en_US","og_type":"article","og_title":"Apsilon-Haut wie Pelz-LP Vinyl - Rockers Records","og_description":"Mit Songs wie \u201eBaba\u201c, EPs wie \u201e32 Z\u00e4hne\u201c oder \u201eBlei\u201c und Zusammenarbeiten mit Bazzazian, LUVRE47 oder Wa22ermann hat Apsilon sich in gerade mal zwei Jahren vom Newcomer aus Berlin-Moabit zu einem echten Hoffnungstr\u00e4ger f\u00fcr hiesigen HipHop entwickelt. Mit \u201eHaut wie Pelz\u201c ver\u00f6ffentlicht Apsilon jetzt sein langerwartetes Deb\u00fctalbum.  Die Idee f\u00fcr \u201eHaut wie Pelz\u201c kam Apsilon nach der Ver\u00f6ffentlichung seiner Single \u201eBaba\u201c im Jahr 2023, mit der er sich auf ber\u00fchrende Weise an seinen Vater wandte. \u201eNach dem Release ist mir klar geworden, in welche Richtung das Album gehen soll\u201c, erinnert sich Apsilon. Zusammen mit seinem kleinen Bruder und Executive Produzent Arman haben sie das letzte Jahr den Sound und die Vision hinter dem Album kreiert.  Material: Gatefold inkl. schwarzer 140g-LP.","og_url":"https:\/\/rockers.de\/en\/record\/apsilon-haut-wie-pelz-lp-vinyl\/","og_site_name":"Rockers Records","article_modified_time":"2024-12-05T12:49:57+00:00","og_image":[{"width":1800,"height":1859,"url":"https:\/\/rockers.de\/wp-content\/uploads\/2024\/10\/Apsilon-Haut-wie-Pelz-LP-Vinyl-1.jpg","type":"image\/jpeg"}],"twitter_card":"summary_large_image","twitter_misc":{"Est. reading time":"1 minute"},"schema":{"@context":"https:\/\/schema.org","@graph":[{"@type":"WebPage","@id":"https:\/\/rockers.de\/record\/apsilon-haut-wie-pelz-lp-vinyl\/","url":"https:\/\/rockers.de\/record\/apsilon-haut-wie-pelz-lp-vinyl\/","name":"Apsilon-Haut wie Pelz-LP Vinyl - Rockers Records","isPartOf":{"@id":"https:\/\/rockers.de\/#website"},"primaryImageOfPage":{"@id":"https:\/\/rockers.de\/record\/apsilon-haut-wie-pelz-lp-vinyl\/#primaryimage"},"image":{"@id":"https:\/\/rockers.de\/record\/apsilon-haut-wie-pelz-lp-vinyl\/#primaryimage"},"thumbnailUrl":"https:\/\/rockers.de\/wp-content\/uploads\/2024\/10\/Apsilon-Haut-wie-Pelz-LP-Vinyl-1.jpg","datePublished":"2024-10-14T14:22:10+00:00","dateModified":"2024-12-05T12:49:57+00:00","breadcrumb":{"@id":"https:\/\/rockers.de\/record\/apsilon-haut-wie-pelz-lp-vinyl\/#breadcrumb"},"inLanguage":"en-US","potentialAction":[{"@type":"ReadAction","target":["https:\/\/rockers.de\/record\/apsilon-haut-wie-pelz-lp-vinyl\/"]}]},{"@type":"ImageObject","inLanguage":"en-US","@id":"https:\/\/rockers.de\/record\/apsilon-haut-wie-pelz-lp-vinyl\/#primaryimage","url":"https:\/\/rockers.de\/wp-content\/uploads\/2024\/10\/Apsilon-Haut-wie-Pelz-LP-Vinyl-1.jpg","contentUrl":"https:\/\/rockers.de\/wp-content\/uploads\/2024\/10\/Apsilon-Haut-wie-Pelz-LP-Vinyl-1.jpg","width":1800,"height":1859,"caption":"Apsilon-Haut wie Pelz-LP Vinyl"},{"@type":"BreadcrumbList","@id":"https:\/\/rockers.de\/record\/apsilon-haut-wie-pelz-lp-vinyl\/#breadcrumb","itemListElement":[{"@type":"ListItem","position":1,"name":"Startseite","item":"https:\/\/rockers.de\/"},{"@type":"ListItem","position":2,"name":"Shop","item":"https:\/\/rockers.de\/shop\/"},{"@type":"ListItem","position":3,"name":"Apsilon-Haut wie Pelz-LP Vinyl"}]},{"@type":"WebSite","@id":"https:\/\/rockers.de\/#website","url":"https:\/\/rockers.de\/","name":"Rockers Records","description":"Your record store in Hanover","publisher":{"@id":"https:\/\/rockers.de\/#organization"},"potentialAction":[{"@type":"SearchAction","target":{"@type":"EntryPoint","urlTemplate":"https:\/\/rockers.de\/?s={search_term_string}"},"query-input":{"@type":"PropertyValueSpecification","valueRequired":true,"valueName":"search_term_string"}}],"inLanguage":"en-US"},{"@type":"Organization","@id":"https:\/\/rockers.de\/#organization","name":"Rockers Records","url":"https:\/\/rockers.de\/","logo":{"@type":"ImageObject","inLanguage":"en-US","@id":"https:\/\/rockers.de\/#\/schema\/logo\/image\/","url":"https:\/\/rockers.de\/wp-content\/uploads\/2022\/07\/Neue-Website-2022.jpg","contentUrl":"https:\/\/rockers.de\/wp-content\/uploads\/2022\/07\/Neue-Website-2022.jpg","width":800,"height":800,"caption":"Rockers Records"},"image":{"@id":"https:\/\/rockers.de\/#\/schema\/logo\/image\/"}}]}},"_links":{"self":[{"href":"https:\/\/rockers.de\/en\/wp-json\/wp\/v2\/product\/144751","targetHints":{"allow":["GET"]}}],"collection":[{"href":"https:\/\/rockers.de\/en\/wp-json\/wp\/v2\/product"}],"about":[{"href":"https:\/\/rockers.de\/en\/wp-json\/wp\/v2\/types\/product"}],"wp:featuredmedia":[{"embeddable":true,"href":"https:\/\/rockers.de\/en\/wp-json\/wp\/v2\/media\/144754"}],"wp:attachment":[{"href":"https:\/\/rockers.de\/en\/wp-json\/wp\/v2\/media?parent=144751"}],"wp:term":[{"taxonomy":"product_brand","embeddable":true,"href":"https:\/\/rockers.de\/en\/wp-json\/wp\/v2\/product_brand?post=144751"},{"taxonomy":"product_cat","embeddable":true,"href":"https:\/\/rockers.de\/en\/wp-json\/wp\/v2\/product_cat?post=144751"},{"taxonomy":"product_tag","embeddable":true,"href":"https:\/\/rockers.de\/en\/wp-json\/wp\/v2\/product_tag?post=144751"}],"curies":[{"name":"wp","href":"https:\/\/api.w.org\/{rel}","templated":true}]}}