{"id":14437,"date":"2022-09-02T11:39:51","date_gmt":"2022-09-02T09:39:51","guid":{"rendered":"https:\/\/rockersstore.de\/record\/ben-howard-collections-from-the-whiteout-lp-vinyl\/"},"modified":"2024-10-16T18:14:29","modified_gmt":"2024-10-16T16:14:29","slug":"ben-howard-collections-from-the-whiteout-lp-vinyl","status":"publish","type":"product","link":"https:\/\/rockers.de\/en\/record\/ben-howard-collections-from-the-whiteout-lp-vinyl\/","title":{"rendered":"Ben Howard-Collections From The Whiteout-LP Vinyl"},"content":{"rendered":"<p>Gatefold sleeve.<\/p>","protected":false},"excerpt":{"rendered":"<p>Packaged in a gatefold sleeve.<br \/>\nEach LP comes in a custom inner sleeve.<br \/>\nIncludes a download coupon.<br \/>\nA long sticker is applied to the left hand side of front sleeve, showing album title and track listing.<br \/>\n500 signed copies (limited to UK addresses) were available from RecordStore UK.<br \/>\nSome copies have a hype sticker on front cover.<br \/>\nSide D has a groove with no audio<br \/>\nRunouts are etched except MPO\u00ae ## ###### which is engraved.<\/p>\n<p>An Island Records release (P) &amp; (C) 2021 Ben Howard Music Limited under exclusive license to Universal Music Operations Limited. A Universal Music Company.<br \/>\nMade in the EU.<br \/>\nUniversal International Music B.V. &#8218;S-Gravelandseweg 80, 1217 EW Hilversum, Netherlands.<\/p>\n<p>All songs written by Ben Howard (Warner\/Chappell Music Ltd), with contributions from Aaron Dessner (Sony\/ATV) and Yussef Dayes (Kobalt Music Ltd)<\/p>\n<p>Mixed [&#8230;] at Long Pond, New York, U.S.<br \/>\nMastered [&#8230;] at Sterling Sound, New Jersey, U.S.<\/p>\n<p>A1 to B1, B5 to C2, C4: Recorded at Long Pond, New York, U.S.<br \/>\nB2, B3: Recorded at Long Pond, New York, U.S., La Frette Studios and La Ga\u00eet\u00e9 Lyrique, Paris, France<br \/>\nB4: Recorded at Long Pond, New York, U.S., La Frette Studios, Studio Delta and La Ga\u00eet\u00e9 Lyrique, Paris, France<br \/>\nC3: Recorded at Long Pond, New York, U.S., La Frette Studios, Paris, France<\/p>\n","protected":false},"featured_media":14438,"template":"","meta":{"_acf_changed":false},"product_brand":[],"product_cat":[150],"product_tag":[],"class_list":{"0":"post-14437","1":"product","2":"type-product","3":"status-publish","4":"has-post-thumbnail","6":"product_cat-alternative-rock","7":"pa_att_artist-ben-howard","8":"pa_att_format-lp-vinyl","9":"pa_att_genre-alternative-rock","10":"pa_att_jahr-92","11":"pa_att_label-island-records","12":"pa_att_land-europe","14":"first","15":"instock","16":"taxable","17":"shipping-taxable","18":"purchasable","19":"product-type-simple"},"acf":[],"yoast_head":"<!-- This site is optimized with the Yoast SEO plugin v27.3 - https:\/\/yoast.com\/product\/yoast-seo-wordpress\/ -->\n<title>Ben Howard-Collections From The Whiteout-LP Vinyl - Rockers Records<\/title>\n<meta name=\"robots\" content=\"index, follow, max-snippet:-1, max-image-preview:large, max-video-preview:-1\" \/>\n<link rel=\"canonical\" href=\"https:\/\/rockers.de\/en\/record\/ben-howard-collections-from-the-whiteout-lp-vinyl\/\" \/>\n<meta property=\"og:locale\" content=\"en_US\" \/>\n<meta property=\"og:type\" content=\"article\" \/>\n<meta property=\"og:title\" content=\"Ben Howard-Collections From The Whiteout-LP Vinyl - Rockers Records\" \/>\n<meta property=\"og:description\" content=\"Packaged in a gatefold sleeve. Each LP comes in a custom inner sleeve. Includes a download coupon. A long sticker is applied to the left hand side of front sleeve, showing album title and track listing. 500 signed copies (limited to UK addresses) were available from RecordStore UK. Some copies have a hype sticker on front cover. Side D has a groove with no audio Runouts are etched except MPO\u00ae ## ###### which is engraved.  An Island Records release (P) &amp; (C) 2021 Ben Howard Music Limited under exclusive license to Universal Music Operations Limited. A Universal Music Company. Made in the EU. Universal International Music B.V. &#039;S-Gravelandseweg 80, 1217 EW Hilversum, Netherlands.  All songs written by Ben Howard (Warner\/Chappell Music Ltd), with contributions from Aaron Dessner (Sony\/ATV) and Yussef Dayes (Kobalt Music Ltd)  Mixed [...] at Long Pond, New York, U.S. Mastered [...] at Sterling Sound, New Jersey, U.S.  A1 to B1, B5 to C2, C4: Recorded at Long Pond, New York, U.S. B2, B3: Recorded at Long Pond, New York, U.S., La Frette Studios and La Ga\u00eet\u00e9 Lyrique, Paris, France B4: Recorded at Long Pond, New York, U.S., La Frette Studios, Studio Delta and La Ga\u00eet\u00e9 Lyrique, Paris, France C3: Recorded at Long Pond, New York, U.S., La Frette Studios, Paris, France\" \/>\n<meta property=\"og:url\" content=\"https:\/\/rockers.de\/en\/record\/ben-howard-collections-from-the-whiteout-lp-vinyl\/\" \/>\n<meta property=\"og:site_name\" content=\"Rockers Records\" \/>\n<meta property=\"article:modified_time\" content=\"2024-10-16T16:14:29+00:00\" \/>\n<meta property=\"og:image\" content=\"https:\/\/rockers.de\/wp-content\/uploads\/2022\/09\/Ben-Howard-Collections-From-The-Whiteout-LP-Vinyl.jpg\" \/>\n\t<meta property=\"og:image:width\" content=\"1536\" \/>\n\t<meta property=\"og:image:height\" content=\"1586\" \/>\n\t<meta property=\"og:image:type\" content=\"image\/jpeg\" \/>\n<meta name=\"twitter:card\" content=\"summary_large_image\" \/>\n<meta name=\"twitter:label1\" content=\"Est. reading time\" \/>\n\t<meta name=\"twitter:data1\" content=\"2 minutes\" \/>\n<script type=\"application\/ld+json\" class=\"yoast-schema-graph\">{\"@context\":\"https:\\\/\\\/schema.org\",\"@graph\":[{\"@type\":\"WebPage\",\"@id\":\"https:\\\/\\\/rockers.de\\\/record\\\/ben-howard-collections-from-the-whiteout-lp-vinyl\\\/\",\"url\":\"https:\\\/\\\/rockers.de\\\/record\\\/ben-howard-collections-from-the-whiteout-lp-vinyl\\\/\",\"name\":\"Ben Howard-Collections From The Whiteout-LP Vinyl - Rockers Records\",\"isPartOf\":{\"@id\":\"https:\\\/\\\/rockers.de\\\/#website\"},\"primaryImageOfPage\":{\"@id\":\"https:\\\/\\\/rockers.de\\\/record\\\/ben-howard-collections-from-the-whiteout-lp-vinyl\\\/#primaryimage\"},\"image\":{\"@id\":\"https:\\\/\\\/rockers.de\\\/record\\\/ben-howard-collections-from-the-whiteout-lp-vinyl\\\/#primaryimage\"},\"thumbnailUrl\":\"https:\\\/\\\/rockers.de\\\/wp-content\\\/uploads\\\/2022\\\/09\\\/Ben-Howard-Collections-From-The-Whiteout-LP-Vinyl.jpg\",\"datePublished\":\"2022-09-02T09:39:51+00:00\",\"dateModified\":\"2024-10-16T16:14:29+00:00\",\"breadcrumb\":{\"@id\":\"https:\\\/\\\/rockers.de\\\/record\\\/ben-howard-collections-from-the-whiteout-lp-vinyl\\\/#breadcrumb\"},\"inLanguage\":\"en-US\",\"potentialAction\":[{\"@type\":\"ReadAction\",\"target\":[\"https:\\\/\\\/rockers.de\\\/record\\\/ben-howard-collections-from-the-whiteout-lp-vinyl\\\/\"]}]},{\"@type\":\"ImageObject\",\"inLanguage\":\"en-US\",\"@id\":\"https:\\\/\\\/rockers.de\\\/record\\\/ben-howard-collections-from-the-whiteout-lp-vinyl\\\/#primaryimage\",\"url\":\"https:\\\/\\\/rockers.de\\\/wp-content\\\/uploads\\\/2022\\\/09\\\/Ben-Howard-Collections-From-The-Whiteout-LP-Vinyl.jpg\",\"contentUrl\":\"https:\\\/\\\/rockers.de\\\/wp-content\\\/uploads\\\/2022\\\/09\\\/Ben-Howard-Collections-From-The-Whiteout-LP-Vinyl.jpg\",\"width\":1536,\"height\":1586,\"caption\":\"Ben Howard-Collections From The Whiteout-LP (Vinyl)-01\"},{\"@type\":\"BreadcrumbList\",\"@id\":\"https:\\\/\\\/rockers.de\\\/record\\\/ben-howard-collections-from-the-whiteout-lp-vinyl\\\/#breadcrumb\",\"itemListElement\":[{\"@type\":\"ListItem\",\"position\":1,\"name\":\"Startseite\",\"item\":\"https:\\\/\\\/rockers.de\\\/\"},{\"@type\":\"ListItem\",\"position\":2,\"name\":\"Shop\",\"item\":\"https:\\\/\\\/rockers.de\\\/shop\\\/\"},{\"@type\":\"ListItem\",\"position\":3,\"name\":\"Ben Howard-Collections From The Whiteout-LP Vinyl\"}]},{\"@type\":\"WebSite\",\"@id\":\"https:\\\/\\\/rockers.de\\\/#website\",\"url\":\"https:\\\/\\\/rockers.de\\\/\",\"name\":\"Rockers Records\",\"description\":\"Dein Schallplatten Store in Hannover\",\"publisher\":{\"@id\":\"https:\\\/\\\/rockers.de\\\/#organization\"},\"potentialAction\":[{\"@type\":\"SearchAction\",\"target\":{\"@type\":\"EntryPoint\",\"urlTemplate\":\"https:\\\/\\\/rockers.de\\\/?s={search_term_string}\"},\"query-input\":{\"@type\":\"PropertyValueSpecification\",\"valueRequired\":true,\"valueName\":\"search_term_string\"}}],\"inLanguage\":\"en-US\"},{\"@type\":\"Organization\",\"@id\":\"https:\\\/\\\/rockers.de\\\/#organization\",\"name\":\"Rockers Records\",\"url\":\"https:\\\/\\\/rockers.de\\\/\",\"logo\":{\"@type\":\"ImageObject\",\"inLanguage\":\"en-US\",\"@id\":\"https:\\\/\\\/rockers.de\\\/#\\\/schema\\\/logo\\\/image\\\/\",\"url\":\"https:\\\/\\\/rockers.de\\\/wp-content\\\/uploads\\\/2022\\\/07\\\/Neue-Website-2022.jpg\",\"contentUrl\":\"https:\\\/\\\/rockers.de\\\/wp-content\\\/uploads\\\/2022\\\/07\\\/Neue-Website-2022.jpg\",\"width\":800,\"height\":800,\"caption\":\"Rockers Records\"},\"image\":{\"@id\":\"https:\\\/\\\/rockers.de\\\/#\\\/schema\\\/logo\\\/image\\\/\"}}]}<\/script>\n<!-- \/ Yoast SEO plugin. -->","yoast_head_json":{"title":"Ben Howard-Collections From The Whiteout-LP Vinyl - Rockers Records","robots":{"index":"index","follow":"follow","max-snippet":"max-snippet:-1","max-image-preview":"max-image-preview:large","max-video-preview":"max-video-preview:-1"},"canonical":"https:\/\/rockers.de\/en\/record\/ben-howard-collections-from-the-whiteout-lp-vinyl\/","og_locale":"en_US","og_type":"article","og_title":"Ben Howard-Collections From The Whiteout-LP Vinyl - Rockers Records","og_description":"Packaged in a gatefold sleeve. Each LP comes in a custom inner sleeve. Includes a download coupon. A long sticker is applied to the left hand side of front sleeve, showing album title and track listing. 500 signed copies (limited to UK addresses) were available from RecordStore UK. Some copies have a hype sticker on front cover. Side D has a groove with no audio Runouts are etched except MPO\u00ae ## ###### which is engraved.  An Island Records release (P) &amp; (C) 2021 Ben Howard Music Limited under exclusive license to Universal Music Operations Limited. A Universal Music Company. Made in the EU. Universal International Music B.V. 'S-Gravelandseweg 80, 1217 EW Hilversum, Netherlands.  All songs written by Ben Howard (Warner\/Chappell Music Ltd), with contributions from Aaron Dessner (Sony\/ATV) and Yussef Dayes (Kobalt Music Ltd)  Mixed [...] at Long Pond, New York, U.S. Mastered [...] at Sterling Sound, New Jersey, U.S.  A1 to B1, B5 to C2, C4: Recorded at Long Pond, New York, U.S. B2, B3: Recorded at Long Pond, New York, U.S., La Frette Studios and La Ga\u00eet\u00e9 Lyrique, Paris, France B4: Recorded at Long Pond, New York, U.S., La Frette Studios, Studio Delta and La Ga\u00eet\u00e9 Lyrique, Paris, France C3: Recorded at Long Pond, New York, U.S., La Frette Studios, Paris, France","og_url":"https:\/\/rockers.de\/en\/record\/ben-howard-collections-from-the-whiteout-lp-vinyl\/","og_site_name":"Rockers Records","article_modified_time":"2024-10-16T16:14:29+00:00","og_image":[{"width":1536,"height":1586,"url":"https:\/\/rockers.de\/wp-content\/uploads\/2022\/09\/Ben-Howard-Collections-From-The-Whiteout-LP-Vinyl.jpg","type":"image\/jpeg"}],"twitter_card":"summary_large_image","twitter_misc":{"Est. reading time":"2 minutes"},"schema":{"@context":"https:\/\/schema.org","@graph":[{"@type":"WebPage","@id":"https:\/\/rockers.de\/record\/ben-howard-collections-from-the-whiteout-lp-vinyl\/","url":"https:\/\/rockers.de\/record\/ben-howard-collections-from-the-whiteout-lp-vinyl\/","name":"Ben Howard-Collections From The Whiteout-LP Vinyl - Rockers Records","isPartOf":{"@id":"https:\/\/rockers.de\/#website"},"primaryImageOfPage":{"@id":"https:\/\/rockers.de\/record\/ben-howard-collections-from-the-whiteout-lp-vinyl\/#primaryimage"},"image":{"@id":"https:\/\/rockers.de\/record\/ben-howard-collections-from-the-whiteout-lp-vinyl\/#primaryimage"},"thumbnailUrl":"https:\/\/rockers.de\/wp-content\/uploads\/2022\/09\/Ben-Howard-Collections-From-The-Whiteout-LP-Vinyl.jpg","datePublished":"2022-09-02T09:39:51+00:00","dateModified":"2024-10-16T16:14:29+00:00","breadcrumb":{"@id":"https:\/\/rockers.de\/record\/ben-howard-collections-from-the-whiteout-lp-vinyl\/#breadcrumb"},"inLanguage":"en-US","potentialAction":[{"@type":"ReadAction","target":["https:\/\/rockers.de\/record\/ben-howard-collections-from-the-whiteout-lp-vinyl\/"]}]},{"@type":"ImageObject","inLanguage":"en-US","@id":"https:\/\/rockers.de\/record\/ben-howard-collections-from-the-whiteout-lp-vinyl\/#primaryimage","url":"https:\/\/rockers.de\/wp-content\/uploads\/2022\/09\/Ben-Howard-Collections-From-The-Whiteout-LP-Vinyl.jpg","contentUrl":"https:\/\/rockers.de\/wp-content\/uploads\/2022\/09\/Ben-Howard-Collections-From-The-Whiteout-LP-Vinyl.jpg","width":1536,"height":1586,"caption":"Ben Howard-Collections From The Whiteout-LP (Vinyl)-01"},{"@type":"BreadcrumbList","@id":"https:\/\/rockers.de\/record\/ben-howard-collections-from-the-whiteout-lp-vinyl\/#breadcrumb","itemListElement":[{"@type":"ListItem","position":1,"name":"Startseite","item":"https:\/\/rockers.de\/"},{"@type":"ListItem","position":2,"name":"Shop","item":"https:\/\/rockers.de\/shop\/"},{"@type":"ListItem","position":3,"name":"Ben Howard-Collections From The Whiteout-LP Vinyl"}]},{"@type":"WebSite","@id":"https:\/\/rockers.de\/#website","url":"https:\/\/rockers.de\/","name":"Rockers Records","description":"Your record store in Hanover","publisher":{"@id":"https:\/\/rockers.de\/#organization"},"potentialAction":[{"@type":"SearchAction","target":{"@type":"EntryPoint","urlTemplate":"https:\/\/rockers.de\/?s={search_term_string}"},"query-input":{"@type":"PropertyValueSpecification","valueRequired":true,"valueName":"search_term_string"}}],"inLanguage":"en-US"},{"@type":"Organization","@id":"https:\/\/rockers.de\/#organization","name":"Rockers Records","url":"https:\/\/rockers.de\/","logo":{"@type":"ImageObject","inLanguage":"en-US","@id":"https:\/\/rockers.de\/#\/schema\/logo\/image\/","url":"https:\/\/rockers.de\/wp-content\/uploads\/2022\/07\/Neue-Website-2022.jpg","contentUrl":"https:\/\/rockers.de\/wp-content\/uploads\/2022\/07\/Neue-Website-2022.jpg","width":800,"height":800,"caption":"Rockers Records"},"image":{"@id":"https:\/\/rockers.de\/#\/schema\/logo\/image\/"}}]}},"_links":{"self":[{"href":"https:\/\/rockers.de\/en\/wp-json\/wp\/v2\/product\/14437","targetHints":{"allow":["GET"]}}],"collection":[{"href":"https:\/\/rockers.de\/en\/wp-json\/wp\/v2\/product"}],"about":[{"href":"https:\/\/rockers.de\/en\/wp-json\/wp\/v2\/types\/product"}],"wp:featuredmedia":[{"embeddable":true,"href":"https:\/\/rockers.de\/en\/wp-json\/wp\/v2\/media\/14438"}],"wp:attachment":[{"href":"https:\/\/rockers.de\/en\/wp-json\/wp\/v2\/media?parent=14437"}],"wp:term":[{"taxonomy":"product_brand","embeddable":true,"href":"https:\/\/rockers.de\/en\/wp-json\/wp\/v2\/product_brand?post=14437"},{"taxonomy":"product_cat","embeddable":true,"href":"https:\/\/rockers.de\/en\/wp-json\/wp\/v2\/product_cat?post=14437"},{"taxonomy":"product_tag","embeddable":true,"href":"https:\/\/rockers.de\/en\/wp-json\/wp\/v2\/product_tag?post=14437"}],"curies":[{"name":"wp","href":"https:\/\/api.w.org\/{rel}","templated":true}]}}