{"id":139591,"date":"2024-07-09T17:22:32","date_gmt":"2024-07-09T15:22:32","guid":{"rendered":"https:\/\/rockers.de\/?post_type=product&#038;p=139591"},"modified":"2024-08-02T19:50:07","modified_gmt":"2024-08-02T17:50:07","slug":"mamont-passing-through-the-mastery-door-blue-lp-vinyl","status":"publish","type":"product","link":"https:\/\/rockers.de\/en\/record\/mamont-passing-through-the-mastery-door-blue-lp-vinyl\/","title":{"rendered":"Mamont-Passing Through The Mastery Door-blue LP Vinyl"},"content":{"rendered":"<p>Limited edition on blue vinyl, gatefold sleeve, numbered.<\/p>","protected":false},"excerpt":{"rendered":"<p>Recorded in one week at Deep Blue Studios in Nyk\u00f6ping 2012<\/p>\n<p>Thank you: Nicko Dimarino, Mats Florstam, Thomas W\u00e5rds\u00e4ter, Kenneth Andersson, Daniel Johansson, Kjell, Studiefr\u00e4mjandet, Micke Lind, Robin Gnista, the almighty Sleep, all our drivers, family and friends who have helped create this album.<\/p>\n<p>&#8212;<\/p>\n<p>200x black<br \/>\n200x transparent orange<br \/>\n100x transparent blue (this)<br \/>\nAll high-quality heavy 180g vinyl.<br \/>\nMatt laquered 300gsm gatefold cover.<br \/>\nHandnumbered.<\/p>","protected":false},"featured_media":139594,"template":"","meta":{"_acf_changed":false},"product_brand":[],"product_cat":[150],"product_tag":[],"class_list":{"0":"post-139591","1":"product","2":"type-product","3":"status-publish","4":"has-post-thumbnail","6":"product_cat-alternative-rock","7":"pa_att_artist-mamont","8":"pa_att_format-lp-vinyl","9":"pa_att_genre-alternative-rock","10":"pa_att_jahr-98","11":"pa_att_label-bilocation-records","12":"pa_att_land-germany","14":"first","15":"outofstock","16":"taxable","17":"shipping-taxable","18":"purchasable","19":"product-type-simple"},"acf":[],"yoast_head":"<!-- This site is optimized with the Yoast SEO plugin v27.3 - https:\/\/yoast.com\/product\/yoast-seo-wordpress\/ -->\n<title>Mamont-Passing Through The Mastery Door-blue LP Vinyl - Rockers Records<\/title>\n<meta name=\"robots\" content=\"index, follow, max-snippet:-1, max-image-preview:large, max-video-preview:-1\" \/>\n<link rel=\"canonical\" href=\"https:\/\/rockers.de\/en\/record\/mamont-passing-through-the-mastery-door-blue-lp-vinyl\/\" \/>\n<meta property=\"og:locale\" content=\"en_US\" \/>\n<meta property=\"og:type\" content=\"article\" \/>\n<meta property=\"og:title\" content=\"Mamont-Passing Through The Mastery Door-blue LP Vinyl - Rockers Records\" \/>\n<meta property=\"og:description\" content=\"Recorded in one week at Deep Blue Studios in Nyk\u00f6ping 2012  Thank you: Nicko Dimarino, Mats Florstam, Thomas W\u00e5rds\u00e4ter, Kenneth Andersson, Daniel Johansson, Kjell, Studiefr\u00e4mjandet, Micke Lind, Robin Gnista, the almighty Sleep, all our drivers, family and friends who have helped create this album.  --  200x black 200x transparent orange 100x transparent blue (this) All high-quality heavy 180g vinyl. Matt laquered 300gsm gatefold cover. Handnumbered.\" \/>\n<meta property=\"og:url\" content=\"https:\/\/rockers.de\/en\/record\/mamont-passing-through-the-mastery-door-blue-lp-vinyl\/\" \/>\n<meta property=\"og:site_name\" content=\"Rockers Records\" \/>\n<meta property=\"article:modified_time\" content=\"2024-08-02T17:50:07+00:00\" \/>\n<meta property=\"og:image\" content=\"https:\/\/rockers.de\/wp-content\/uploads\/2024\/07\/Mamont-Passing-Through-The-Mastery-Door-blue-LP-Vinyl-1.jpg\" \/>\n\t<meta property=\"og:image:width\" content=\"1800\" \/>\n\t<meta property=\"og:image:height\" content=\"1859\" \/>\n\t<meta property=\"og:image:type\" content=\"image\/jpeg\" \/>\n<meta name=\"twitter:card\" content=\"summary_large_image\" \/>\n<meta name=\"twitter:label1\" content=\"Est. reading time\" \/>\n\t<meta name=\"twitter:data1\" content=\"1 minute\" \/>\n<script type=\"application\/ld+json\" class=\"yoast-schema-graph\">{\"@context\":\"https:\\\/\\\/schema.org\",\"@graph\":[{\"@type\":\"WebPage\",\"@id\":\"https:\\\/\\\/rockers.de\\\/record\\\/mamont-passing-through-the-mastery-door-blue-lp-vinyl\\\/\",\"url\":\"https:\\\/\\\/rockers.de\\\/record\\\/mamont-passing-through-the-mastery-door-blue-lp-vinyl\\\/\",\"name\":\"Mamont-Passing Through The Mastery Door-blue LP Vinyl - Rockers Records\",\"isPartOf\":{\"@id\":\"https:\\\/\\\/rockers.de\\\/#website\"},\"primaryImageOfPage\":{\"@id\":\"https:\\\/\\\/rockers.de\\\/record\\\/mamont-passing-through-the-mastery-door-blue-lp-vinyl\\\/#primaryimage\"},\"image\":{\"@id\":\"https:\\\/\\\/rockers.de\\\/record\\\/mamont-passing-through-the-mastery-door-blue-lp-vinyl\\\/#primaryimage\"},\"thumbnailUrl\":\"https:\\\/\\\/rockers.de\\\/wp-content\\\/uploads\\\/2024\\\/07\\\/Mamont-Passing-Through-The-Mastery-Door-blue-LP-Vinyl-1.jpg\",\"datePublished\":\"2024-07-09T15:22:32+00:00\",\"dateModified\":\"2024-08-02T17:50:07+00:00\",\"breadcrumb\":{\"@id\":\"https:\\\/\\\/rockers.de\\\/record\\\/mamont-passing-through-the-mastery-door-blue-lp-vinyl\\\/#breadcrumb\"},\"inLanguage\":\"en-US\",\"potentialAction\":[{\"@type\":\"ReadAction\",\"target\":[\"https:\\\/\\\/rockers.de\\\/record\\\/mamont-passing-through-the-mastery-door-blue-lp-vinyl\\\/\"]}]},{\"@type\":\"ImageObject\",\"inLanguage\":\"en-US\",\"@id\":\"https:\\\/\\\/rockers.de\\\/record\\\/mamont-passing-through-the-mastery-door-blue-lp-vinyl\\\/#primaryimage\",\"url\":\"https:\\\/\\\/rockers.de\\\/wp-content\\\/uploads\\\/2024\\\/07\\\/Mamont-Passing-Through-The-Mastery-Door-blue-LP-Vinyl-1.jpg\",\"contentUrl\":\"https:\\\/\\\/rockers.de\\\/wp-content\\\/uploads\\\/2024\\\/07\\\/Mamont-Passing-Through-The-Mastery-Door-blue-LP-Vinyl-1.jpg\",\"width\":1800,\"height\":1859,\"caption\":\"Mamont-Passing Through The Mastery Door-blue LP Vinyl\"},{\"@type\":\"BreadcrumbList\",\"@id\":\"https:\\\/\\\/rockers.de\\\/record\\\/mamont-passing-through-the-mastery-door-blue-lp-vinyl\\\/#breadcrumb\",\"itemListElement\":[{\"@type\":\"ListItem\",\"position\":1,\"name\":\"Startseite\",\"item\":\"https:\\\/\\\/rockers.de\\\/\"},{\"@type\":\"ListItem\",\"position\":2,\"name\":\"Shop\",\"item\":\"https:\\\/\\\/rockers.de\\\/shop\\\/\"},{\"@type\":\"ListItem\",\"position\":3,\"name\":\"Mamont-Passing Through The Mastery Door-blue LP Vinyl\"}]},{\"@type\":\"WebSite\",\"@id\":\"https:\\\/\\\/rockers.de\\\/#website\",\"url\":\"https:\\\/\\\/rockers.de\\\/\",\"name\":\"Rockers Records\",\"description\":\"Dein Schallplatten Store in Hannover\",\"publisher\":{\"@id\":\"https:\\\/\\\/rockers.de\\\/#organization\"},\"potentialAction\":[{\"@type\":\"SearchAction\",\"target\":{\"@type\":\"EntryPoint\",\"urlTemplate\":\"https:\\\/\\\/rockers.de\\\/?s={search_term_string}\"},\"query-input\":{\"@type\":\"PropertyValueSpecification\",\"valueRequired\":true,\"valueName\":\"search_term_string\"}}],\"inLanguage\":\"en-US\"},{\"@type\":\"Organization\",\"@id\":\"https:\\\/\\\/rockers.de\\\/#organization\",\"name\":\"Rockers Records\",\"url\":\"https:\\\/\\\/rockers.de\\\/\",\"logo\":{\"@type\":\"ImageObject\",\"inLanguage\":\"en-US\",\"@id\":\"https:\\\/\\\/rockers.de\\\/#\\\/schema\\\/logo\\\/image\\\/\",\"url\":\"https:\\\/\\\/rockers.de\\\/wp-content\\\/uploads\\\/2022\\\/07\\\/Neue-Website-2022.jpg\",\"contentUrl\":\"https:\\\/\\\/rockers.de\\\/wp-content\\\/uploads\\\/2022\\\/07\\\/Neue-Website-2022.jpg\",\"width\":800,\"height\":800,\"caption\":\"Rockers Records\"},\"image\":{\"@id\":\"https:\\\/\\\/rockers.de\\\/#\\\/schema\\\/logo\\\/image\\\/\"}}]}<\/script>\n<!-- \/ Yoast SEO plugin. -->","yoast_head_json":{"title":"Mamont-Passing Through The Mastery Door-blue LP Vinyl - Rockers Records","robots":{"index":"index","follow":"follow","max-snippet":"max-snippet:-1","max-image-preview":"max-image-preview:large","max-video-preview":"max-video-preview:-1"},"canonical":"https:\/\/rockers.de\/en\/record\/mamont-passing-through-the-mastery-door-blue-lp-vinyl\/","og_locale":"en_US","og_type":"article","og_title":"Mamont-Passing Through The Mastery Door-blue LP Vinyl - Rockers Records","og_description":"Recorded in one week at Deep Blue Studios in Nyk\u00f6ping 2012  Thank you: Nicko Dimarino, Mats Florstam, Thomas W\u00e5rds\u00e4ter, Kenneth Andersson, Daniel Johansson, Kjell, Studiefr\u00e4mjandet, Micke Lind, Robin Gnista, the almighty Sleep, all our drivers, family and friends who have helped create this album.  --  200x black 200x transparent orange 100x transparent blue (this) All high-quality heavy 180g vinyl. Matt laquered 300gsm gatefold cover. Handnumbered.","og_url":"https:\/\/rockers.de\/en\/record\/mamont-passing-through-the-mastery-door-blue-lp-vinyl\/","og_site_name":"Rockers Records","article_modified_time":"2024-08-02T17:50:07+00:00","og_image":[{"width":1800,"height":1859,"url":"https:\/\/rockers.de\/wp-content\/uploads\/2024\/07\/Mamont-Passing-Through-The-Mastery-Door-blue-LP-Vinyl-1.jpg","type":"image\/jpeg"}],"twitter_card":"summary_large_image","twitter_misc":{"Est. reading time":"1 minute"},"schema":{"@context":"https:\/\/schema.org","@graph":[{"@type":"WebPage","@id":"https:\/\/rockers.de\/record\/mamont-passing-through-the-mastery-door-blue-lp-vinyl\/","url":"https:\/\/rockers.de\/record\/mamont-passing-through-the-mastery-door-blue-lp-vinyl\/","name":"Mamont-Passing Through The Mastery Door-blue LP Vinyl - Rockers Records","isPartOf":{"@id":"https:\/\/rockers.de\/#website"},"primaryImageOfPage":{"@id":"https:\/\/rockers.de\/record\/mamont-passing-through-the-mastery-door-blue-lp-vinyl\/#primaryimage"},"image":{"@id":"https:\/\/rockers.de\/record\/mamont-passing-through-the-mastery-door-blue-lp-vinyl\/#primaryimage"},"thumbnailUrl":"https:\/\/rockers.de\/wp-content\/uploads\/2024\/07\/Mamont-Passing-Through-The-Mastery-Door-blue-LP-Vinyl-1.jpg","datePublished":"2024-07-09T15:22:32+00:00","dateModified":"2024-08-02T17:50:07+00:00","breadcrumb":{"@id":"https:\/\/rockers.de\/record\/mamont-passing-through-the-mastery-door-blue-lp-vinyl\/#breadcrumb"},"inLanguage":"en-US","potentialAction":[{"@type":"ReadAction","target":["https:\/\/rockers.de\/record\/mamont-passing-through-the-mastery-door-blue-lp-vinyl\/"]}]},{"@type":"ImageObject","inLanguage":"en-US","@id":"https:\/\/rockers.de\/record\/mamont-passing-through-the-mastery-door-blue-lp-vinyl\/#primaryimage","url":"https:\/\/rockers.de\/wp-content\/uploads\/2024\/07\/Mamont-Passing-Through-The-Mastery-Door-blue-LP-Vinyl-1.jpg","contentUrl":"https:\/\/rockers.de\/wp-content\/uploads\/2024\/07\/Mamont-Passing-Through-The-Mastery-Door-blue-LP-Vinyl-1.jpg","width":1800,"height":1859,"caption":"Mamont-Passing Through The Mastery Door-blue LP Vinyl"},{"@type":"BreadcrumbList","@id":"https:\/\/rockers.de\/record\/mamont-passing-through-the-mastery-door-blue-lp-vinyl\/#breadcrumb","itemListElement":[{"@type":"ListItem","position":1,"name":"Startseite","item":"https:\/\/rockers.de\/"},{"@type":"ListItem","position":2,"name":"Shop","item":"https:\/\/rockers.de\/shop\/"},{"@type":"ListItem","position":3,"name":"Mamont-Passing Through The Mastery Door-blue LP Vinyl"}]},{"@type":"WebSite","@id":"https:\/\/rockers.de\/#website","url":"https:\/\/rockers.de\/","name":"Rockers Records","description":"Your record store in Hanover","publisher":{"@id":"https:\/\/rockers.de\/#organization"},"potentialAction":[{"@type":"SearchAction","target":{"@type":"EntryPoint","urlTemplate":"https:\/\/rockers.de\/?s={search_term_string}"},"query-input":{"@type":"PropertyValueSpecification","valueRequired":true,"valueName":"search_term_string"}}],"inLanguage":"en-US"},{"@type":"Organization","@id":"https:\/\/rockers.de\/#organization","name":"Rockers Records","url":"https:\/\/rockers.de\/","logo":{"@type":"ImageObject","inLanguage":"en-US","@id":"https:\/\/rockers.de\/#\/schema\/logo\/image\/","url":"https:\/\/rockers.de\/wp-content\/uploads\/2022\/07\/Neue-Website-2022.jpg","contentUrl":"https:\/\/rockers.de\/wp-content\/uploads\/2022\/07\/Neue-Website-2022.jpg","width":800,"height":800,"caption":"Rockers Records"},"image":{"@id":"https:\/\/rockers.de\/#\/schema\/logo\/image\/"}}]}},"_links":{"self":[{"href":"https:\/\/rockers.de\/en\/wp-json\/wp\/v2\/product\/139591","targetHints":{"allow":["GET"]}}],"collection":[{"href":"https:\/\/rockers.de\/en\/wp-json\/wp\/v2\/product"}],"about":[{"href":"https:\/\/rockers.de\/en\/wp-json\/wp\/v2\/types\/product"}],"wp:featuredmedia":[{"embeddable":true,"href":"https:\/\/rockers.de\/en\/wp-json\/wp\/v2\/media\/139594"}],"wp:attachment":[{"href":"https:\/\/rockers.de\/en\/wp-json\/wp\/v2\/media?parent=139591"}],"wp:term":[{"taxonomy":"product_brand","embeddable":true,"href":"https:\/\/rockers.de\/en\/wp-json\/wp\/v2\/product_brand?post=139591"},{"taxonomy":"product_cat","embeddable":true,"href":"https:\/\/rockers.de\/en\/wp-json\/wp\/v2\/product_cat?post=139591"},{"taxonomy":"product_tag","embeddable":true,"href":"https:\/\/rockers.de\/en\/wp-json\/wp\/v2\/product_tag?post=139591"}],"curies":[{"name":"wp","href":"https:\/\/api.w.org\/{rel}","templated":true}]}}