{"id":138516,"date":"2024-06-19T15:41:07","date_gmt":"2024-06-19T13:41:07","guid":{"rendered":"https:\/\/rockers.de\/?post_type=product&#038;p=138516"},"modified":"2024-11-11T17:40:42","modified_gmt":"2024-11-11T16:40:42","slug":"peter-thomas-martin-boettcher-edgar-wallace-original-filmmusik-lp-vinyl","status":"publish","type":"product","link":"https:\/\/rockers.de\/en\/record\/peter-thomas-martin-boettcher-edgar-wallace-original-filmmusik-lp-vinyl\/","title":{"rendered":"Peter Thomas-Martin B\u00f6ttcher &#8211; Edgar Wallace (Original Filmmusik)-LP Vinyl"},"content":{"rendered":"<p>Music from Edgar Wallace movies and other crime movies.<\/p>","protected":false},"excerpt":{"rendered":"<p>Originalmusik aus Edgar-Wallace- und anderen Kriminalfilmen<\/p>\n<p>&#8222;Im Banne Des Unheimlichen&#8220; (The Hand Of Power) Goldmann TB 117 &#8211; A1, A9<br \/>\n&#8222;Der Hexer&#8220; (The Ringer) Goldmann TB 30 &#8211; A3, A4<br \/>\n&#8222;Die Blaue Hand&#8220; (The Blue Hand) Goldmann TB 6 &#8211; B2<br \/>\n&#8222;Der Unheimliche M\u00f6nch&#8220; (The Terror) Goldmann TB 203 &#8211; A6<br \/>\n&#8222;Das Verr\u00e4tertor&#8220; (The Traitors Gate) Goldmann TB 45 &#8211; A8, B5<br \/>\n&#8222;Die Seltsame Gr\u00e4fin&#8220; (The Strange Countess) Goldmann TB 49 &#8211; B6<br \/>\n&#8222;Der Zinker&#8220; (The Sqeaker) Goldmann TB 200 &#8211; B7<br \/>\nund<br \/>\n&#8222;Das Phantom Von Soho&#8220; &#8211; A2; &#8222;Der M\u00f6nch Mit der Peitsche&#8220; &#8211; A7, ; &#8222;Die Gruft Mit Dem R\u00e4tselschloss&#8220; &#8211; B3; &#8222;Das Ungeheur Von London City&#8220; &#8211; B4; &#8222;Der Bucklige Von Soho&#8220; &#8211; B1<\/p>\n<p>A5 is not written on the cover, only on the label.<\/p>\n<p>Album produziert f\u00fcr Celine Records<\/p>\n<p>LP-Schnitt durch Internationales Musikstudio N\u00fcrnberg<br \/>\n\u00a9 Schacht Musik Verlage, Hamburg<br \/>\nIm Vertrieb Collosseum<br \/>\nIm Vertrieb Colosseum-Schallplatten, N\u00fcrnberg<\/p>\n<p>Made in Germany<\/p>","protected":false},"featured_media":138518,"template":"","meta":{"_acf_changed":false},"product_brand":[],"product_cat":[563],"product_tag":[],"class_list":{"0":"post-138516","1":"product","2":"type-product","3":"status-publish","4":"has-post-thumbnail","6":"product_cat-soundtracks","7":"pa_att_artist-martin-boettcher","8":"pa_att_artist-peter-thomas","9":"pa_att_format-lp-vinyl","10":"pa_att_genre-soundtracks","11":"pa_att_jahr-3970","12":"pa_att_label-celine-records","13":"pa_att_land-germany","15":"first","16":"outofstock","17":"taxable","18":"shipping-taxable","19":"purchasable","20":"product-type-simple"},"acf":[],"yoast_head":"<!-- This site is optimized with the Yoast SEO plugin v27.3 - https:\/\/yoast.com\/product\/yoast-seo-wordpress\/ -->\n<title>Peter Thomas-Martin B\u00f6ttcher - Edgar Wallace (Original Filmmusik)-LP Vinyl - Rockers Records<\/title>\n<meta name=\"robots\" content=\"index, follow, max-snippet:-1, max-image-preview:large, max-video-preview:-1\" \/>\n<link rel=\"canonical\" href=\"https:\/\/rockers.de\/en\/record\/peter-thomas-martin-boettcher-edgar-wallace-original-filmmusik-lp-vinyl\/\" \/>\n<meta property=\"og:locale\" content=\"en_US\" \/>\n<meta property=\"og:type\" content=\"article\" \/>\n<meta property=\"og:title\" content=\"Peter Thomas-Martin B\u00f6ttcher - Edgar Wallace (Original Filmmusik)-LP Vinyl - Rockers Records\" \/>\n<meta property=\"og:description\" content=\"Originalmusik aus Edgar-Wallace- und anderen Kriminalfilmen  &quot;Im Banne Des Unheimlichen&quot; (The Hand Of Power) Goldmann TB 117 - A1, A9 &quot;Der Hexer&quot; (The Ringer) Goldmann TB 30 - A3, A4 &quot;Die Blaue Hand&quot; (The Blue Hand) Goldmann TB 6 - B2 &quot;Der Unheimliche M\u00f6nch&quot; (The Terror) Goldmann TB 203 - A6 &quot;Das Verr\u00e4tertor&quot; (The Traitors Gate) Goldmann TB 45 - A8, B5 &quot;Die Seltsame Gr\u00e4fin&quot; (The Strange Countess) Goldmann TB 49 - B6 &quot;Der Zinker&quot; (The Sqeaker) Goldmann TB 200 - B7 und &quot;Das Phantom Von Soho&quot; - A2; &quot;Der M\u00f6nch Mit der Peitsche&quot; - A7, ; &quot;Die Gruft Mit Dem R\u00e4tselschloss&quot; - B3; &quot;Das Ungeheur Von London City&quot; - B4; &quot;Der Bucklige Von Soho&quot; - B1  A5 is not written on the cover, only on the label.  Album produziert f\u00fcr Celine Records  LP-Schnitt durch Internationales Musikstudio N\u00fcrnberg \u00a9 Schacht Musik Verlage, Hamburg Im Vertrieb Collosseum Im Vertrieb Colosseum-Schallplatten, N\u00fcrnberg  Made in Germany\" \/>\n<meta property=\"og:url\" content=\"https:\/\/rockers.de\/en\/record\/peter-thomas-martin-boettcher-edgar-wallace-original-filmmusik-lp-vinyl\/\" \/>\n<meta property=\"og:site_name\" content=\"Rockers Records\" \/>\n<meta property=\"article:modified_time\" content=\"2024-11-11T16:40:42+00:00\" \/>\n<meta property=\"og:image\" content=\"https:\/\/rockers.de\/wp-content\/uploads\/2024\/06\/Peter-Thomas-Martin-Boettcher-Edgar-Wallace-Original-Filmmusik-LP-Vinyl-1.jpg\" \/>\n\t<meta property=\"og:image:width\" content=\"1800\" \/>\n\t<meta property=\"og:image:height\" content=\"1859\" \/>\n\t<meta property=\"og:image:type\" content=\"image\/jpeg\" \/>\n<meta name=\"twitter:card\" content=\"summary_large_image\" \/>\n<meta name=\"twitter:label1\" content=\"Est. reading time\" \/>\n\t<meta name=\"twitter:data1\" content=\"1 minute\" \/>\n<script type=\"application\/ld+json\" class=\"yoast-schema-graph\">{\"@context\":\"https:\\\/\\\/schema.org\",\"@graph\":[{\"@type\":\"WebPage\",\"@id\":\"https:\\\/\\\/rockers.de\\\/record\\\/peter-thomas-martin-boettcher-edgar-wallace-original-filmmusik-lp-vinyl\\\/\",\"url\":\"https:\\\/\\\/rockers.de\\\/record\\\/peter-thomas-martin-boettcher-edgar-wallace-original-filmmusik-lp-vinyl\\\/\",\"name\":\"Peter Thomas-Martin B\u00f6ttcher - Edgar Wallace (Original Filmmusik)-LP Vinyl - Rockers Records\",\"isPartOf\":{\"@id\":\"https:\\\/\\\/rockers.de\\\/#website\"},\"primaryImageOfPage\":{\"@id\":\"https:\\\/\\\/rockers.de\\\/record\\\/peter-thomas-martin-boettcher-edgar-wallace-original-filmmusik-lp-vinyl\\\/#primaryimage\"},\"image\":{\"@id\":\"https:\\\/\\\/rockers.de\\\/record\\\/peter-thomas-martin-boettcher-edgar-wallace-original-filmmusik-lp-vinyl\\\/#primaryimage\"},\"thumbnailUrl\":\"https:\\\/\\\/rockers.de\\\/wp-content\\\/uploads\\\/2024\\\/06\\\/Peter-Thomas-Martin-Boettcher-Edgar-Wallace-Original-Filmmusik-LP-Vinyl-1.jpg\",\"datePublished\":\"2024-06-19T13:41:07+00:00\",\"dateModified\":\"2024-11-11T16:40:42+00:00\",\"breadcrumb\":{\"@id\":\"https:\\\/\\\/rockers.de\\\/record\\\/peter-thomas-martin-boettcher-edgar-wallace-original-filmmusik-lp-vinyl\\\/#breadcrumb\"},\"inLanguage\":\"en-US\",\"potentialAction\":[{\"@type\":\"ReadAction\",\"target\":[\"https:\\\/\\\/rockers.de\\\/record\\\/peter-thomas-martin-boettcher-edgar-wallace-original-filmmusik-lp-vinyl\\\/\"]}]},{\"@type\":\"ImageObject\",\"inLanguage\":\"en-US\",\"@id\":\"https:\\\/\\\/rockers.de\\\/record\\\/peter-thomas-martin-boettcher-edgar-wallace-original-filmmusik-lp-vinyl\\\/#primaryimage\",\"url\":\"https:\\\/\\\/rockers.de\\\/wp-content\\\/uploads\\\/2024\\\/06\\\/Peter-Thomas-Martin-Boettcher-Edgar-Wallace-Original-Filmmusik-LP-Vinyl-1.jpg\",\"contentUrl\":\"https:\\\/\\\/rockers.de\\\/wp-content\\\/uploads\\\/2024\\\/06\\\/Peter-Thomas-Martin-Boettcher-Edgar-Wallace-Original-Filmmusik-LP-Vinyl-1.jpg\",\"width\":1800,\"height\":1859,\"caption\":\"Peter Thomas-Martin B\u00f6ttcher - Edgar Wallace (Original Filmmusik)-LP Vinyl\"},{\"@type\":\"BreadcrumbList\",\"@id\":\"https:\\\/\\\/rockers.de\\\/record\\\/peter-thomas-martin-boettcher-edgar-wallace-original-filmmusik-lp-vinyl\\\/#breadcrumb\",\"itemListElement\":[{\"@type\":\"ListItem\",\"position\":1,\"name\":\"Startseite\",\"item\":\"https:\\\/\\\/rockers.de\\\/\"},{\"@type\":\"ListItem\",\"position\":2,\"name\":\"Shop\",\"item\":\"https:\\\/\\\/rockers.de\\\/shop\\\/\"},{\"@type\":\"ListItem\",\"position\":3,\"name\":\"Peter Thomas-Martin B\u00f6ttcher &#8211; Edgar Wallace (Original Filmmusik)-LP Vinyl\"}]},{\"@type\":\"WebSite\",\"@id\":\"https:\\\/\\\/rockers.de\\\/#website\",\"url\":\"https:\\\/\\\/rockers.de\\\/\",\"name\":\"Rockers Records\",\"description\":\"Dein Schallplatten Store in Hannover\",\"publisher\":{\"@id\":\"https:\\\/\\\/rockers.de\\\/#organization\"},\"potentialAction\":[{\"@type\":\"SearchAction\",\"target\":{\"@type\":\"EntryPoint\",\"urlTemplate\":\"https:\\\/\\\/rockers.de\\\/?s={search_term_string}\"},\"query-input\":{\"@type\":\"PropertyValueSpecification\",\"valueRequired\":true,\"valueName\":\"search_term_string\"}}],\"inLanguage\":\"en-US\"},{\"@type\":\"Organization\",\"@id\":\"https:\\\/\\\/rockers.de\\\/#organization\",\"name\":\"Rockers Records\",\"url\":\"https:\\\/\\\/rockers.de\\\/\",\"logo\":{\"@type\":\"ImageObject\",\"inLanguage\":\"en-US\",\"@id\":\"https:\\\/\\\/rockers.de\\\/#\\\/schema\\\/logo\\\/image\\\/\",\"url\":\"https:\\\/\\\/rockers.de\\\/wp-content\\\/uploads\\\/2022\\\/07\\\/Neue-Website-2022.jpg\",\"contentUrl\":\"https:\\\/\\\/rockers.de\\\/wp-content\\\/uploads\\\/2022\\\/07\\\/Neue-Website-2022.jpg\",\"width\":800,\"height\":800,\"caption\":\"Rockers Records\"},\"image\":{\"@id\":\"https:\\\/\\\/rockers.de\\\/#\\\/schema\\\/logo\\\/image\\\/\"}}]}<\/script>\n<!-- \/ Yoast SEO plugin. -->","yoast_head_json":{"title":"Peter Thomas-Martin B\u00f6ttcher - Edgar Wallace (Original Filmmusik)-LP Vinyl - Rockers Records","robots":{"index":"index","follow":"follow","max-snippet":"max-snippet:-1","max-image-preview":"max-image-preview:large","max-video-preview":"max-video-preview:-1"},"canonical":"https:\/\/rockers.de\/en\/record\/peter-thomas-martin-boettcher-edgar-wallace-original-filmmusik-lp-vinyl\/","og_locale":"en_US","og_type":"article","og_title":"Peter Thomas-Martin B\u00f6ttcher - Edgar Wallace (Original Filmmusik)-LP Vinyl - Rockers Records","og_description":"Originalmusik aus Edgar-Wallace- und anderen Kriminalfilmen  \"Im Banne Des Unheimlichen\" (The Hand Of Power) Goldmann TB 117 - A1, A9 \"Der Hexer\" (The Ringer) Goldmann TB 30 - A3, A4 \"Die Blaue Hand\" (The Blue Hand) Goldmann TB 6 - B2 \"Der Unheimliche M\u00f6nch\" (The Terror) Goldmann TB 203 - A6 \"Das Verr\u00e4tertor\" (The Traitors Gate) Goldmann TB 45 - A8, B5 \"Die Seltsame Gr\u00e4fin\" (The Strange Countess) Goldmann TB 49 - B6 \"Der Zinker\" (The Sqeaker) Goldmann TB 200 - B7 und \"Das Phantom Von Soho\" - A2; \"Der M\u00f6nch Mit der Peitsche\" - A7, ; \"Die Gruft Mit Dem R\u00e4tselschloss\" - B3; \"Das Ungeheur Von London City\" - B4; \"Der Bucklige Von Soho\" - B1  A5 is not written on the cover, only on the label.  Album produziert f\u00fcr Celine Records  LP-Schnitt durch Internationales Musikstudio N\u00fcrnberg \u00a9 Schacht Musik Verlage, Hamburg Im Vertrieb Collosseum Im Vertrieb Colosseum-Schallplatten, N\u00fcrnberg  Made in Germany","og_url":"https:\/\/rockers.de\/en\/record\/peter-thomas-martin-boettcher-edgar-wallace-original-filmmusik-lp-vinyl\/","og_site_name":"Rockers Records","article_modified_time":"2024-11-11T16:40:42+00:00","og_image":[{"width":1800,"height":1859,"url":"https:\/\/rockers.de\/wp-content\/uploads\/2024\/06\/Peter-Thomas-Martin-Boettcher-Edgar-Wallace-Original-Filmmusik-LP-Vinyl-1.jpg","type":"image\/jpeg"}],"twitter_card":"summary_large_image","twitter_misc":{"Est. reading time":"1 minute"},"schema":{"@context":"https:\/\/schema.org","@graph":[{"@type":"WebPage","@id":"https:\/\/rockers.de\/record\/peter-thomas-martin-boettcher-edgar-wallace-original-filmmusik-lp-vinyl\/","url":"https:\/\/rockers.de\/record\/peter-thomas-martin-boettcher-edgar-wallace-original-filmmusik-lp-vinyl\/","name":"Peter Thomas-Martin B\u00f6ttcher - Edgar Wallace (Original Filmmusik)-LP Vinyl - Rockers Records","isPartOf":{"@id":"https:\/\/rockers.de\/#website"},"primaryImageOfPage":{"@id":"https:\/\/rockers.de\/record\/peter-thomas-martin-boettcher-edgar-wallace-original-filmmusik-lp-vinyl\/#primaryimage"},"image":{"@id":"https:\/\/rockers.de\/record\/peter-thomas-martin-boettcher-edgar-wallace-original-filmmusik-lp-vinyl\/#primaryimage"},"thumbnailUrl":"https:\/\/rockers.de\/wp-content\/uploads\/2024\/06\/Peter-Thomas-Martin-Boettcher-Edgar-Wallace-Original-Filmmusik-LP-Vinyl-1.jpg","datePublished":"2024-06-19T13:41:07+00:00","dateModified":"2024-11-11T16:40:42+00:00","breadcrumb":{"@id":"https:\/\/rockers.de\/record\/peter-thomas-martin-boettcher-edgar-wallace-original-filmmusik-lp-vinyl\/#breadcrumb"},"inLanguage":"en-US","potentialAction":[{"@type":"ReadAction","target":["https:\/\/rockers.de\/record\/peter-thomas-martin-boettcher-edgar-wallace-original-filmmusik-lp-vinyl\/"]}]},{"@type":"ImageObject","inLanguage":"en-US","@id":"https:\/\/rockers.de\/record\/peter-thomas-martin-boettcher-edgar-wallace-original-filmmusik-lp-vinyl\/#primaryimage","url":"https:\/\/rockers.de\/wp-content\/uploads\/2024\/06\/Peter-Thomas-Martin-Boettcher-Edgar-Wallace-Original-Filmmusik-LP-Vinyl-1.jpg","contentUrl":"https:\/\/rockers.de\/wp-content\/uploads\/2024\/06\/Peter-Thomas-Martin-Boettcher-Edgar-Wallace-Original-Filmmusik-LP-Vinyl-1.jpg","width":1800,"height":1859,"caption":"Peter Thomas-Martin B\u00f6ttcher - Edgar Wallace (Original Filmmusik)-LP Vinyl"},{"@type":"BreadcrumbList","@id":"https:\/\/rockers.de\/record\/peter-thomas-martin-boettcher-edgar-wallace-original-filmmusik-lp-vinyl\/#breadcrumb","itemListElement":[{"@type":"ListItem","position":1,"name":"Startseite","item":"https:\/\/rockers.de\/"},{"@type":"ListItem","position":2,"name":"Shop","item":"https:\/\/rockers.de\/shop\/"},{"@type":"ListItem","position":3,"name":"Peter Thomas-Martin B\u00f6ttcher &#8211; Edgar Wallace (Original Filmmusik)-LP Vinyl"}]},{"@type":"WebSite","@id":"https:\/\/rockers.de\/#website","url":"https:\/\/rockers.de\/","name":"Rockers Records","description":"Your record store in Hanover","publisher":{"@id":"https:\/\/rockers.de\/#organization"},"potentialAction":[{"@type":"SearchAction","target":{"@type":"EntryPoint","urlTemplate":"https:\/\/rockers.de\/?s={search_term_string}"},"query-input":{"@type":"PropertyValueSpecification","valueRequired":true,"valueName":"search_term_string"}}],"inLanguage":"en-US"},{"@type":"Organization","@id":"https:\/\/rockers.de\/#organization","name":"Rockers Records","url":"https:\/\/rockers.de\/","logo":{"@type":"ImageObject","inLanguage":"en-US","@id":"https:\/\/rockers.de\/#\/schema\/logo\/image\/","url":"https:\/\/rockers.de\/wp-content\/uploads\/2022\/07\/Neue-Website-2022.jpg","contentUrl":"https:\/\/rockers.de\/wp-content\/uploads\/2022\/07\/Neue-Website-2022.jpg","width":800,"height":800,"caption":"Rockers Records"},"image":{"@id":"https:\/\/rockers.de\/#\/schema\/logo\/image\/"}}]}},"_links":{"self":[{"href":"https:\/\/rockers.de\/en\/wp-json\/wp\/v2\/product\/138516","targetHints":{"allow":["GET"]}}],"collection":[{"href":"https:\/\/rockers.de\/en\/wp-json\/wp\/v2\/product"}],"about":[{"href":"https:\/\/rockers.de\/en\/wp-json\/wp\/v2\/types\/product"}],"wp:featuredmedia":[{"embeddable":true,"href":"https:\/\/rockers.de\/en\/wp-json\/wp\/v2\/media\/138518"}],"wp:attachment":[{"href":"https:\/\/rockers.de\/en\/wp-json\/wp\/v2\/media?parent=138516"}],"wp:term":[{"taxonomy":"product_brand","embeddable":true,"href":"https:\/\/rockers.de\/en\/wp-json\/wp\/v2\/product_brand?post=138516"},{"taxonomy":"product_cat","embeddable":true,"href":"https:\/\/rockers.de\/en\/wp-json\/wp\/v2\/product_cat?post=138516"},{"taxonomy":"product_tag","embeddable":true,"href":"https:\/\/rockers.de\/en\/wp-json\/wp\/v2\/product_tag?post=138516"}],"curies":[{"name":"wp","href":"https:\/\/api.w.org\/{rel}","templated":true}]}}