{"id":137404,"date":"2024-06-03T16:32:12","date_gmt":"2024-06-03T14:32:12","guid":{"rendered":"https:\/\/rockers.de\/?post_type=product&#038;p=137404"},"modified":"2026-01-18T16:39:44","modified_gmt":"2026-01-18T15:39:44","slug":"voivod-dimension-hatroess-splatter-lp-vinyl","status":"publish","type":"product","link":"https:\/\/rockers.de\/en\/record\/voivod-dimension-hatroess-splatter-lp-vinyl\/","title":{"rendered":"Vo\u00efvod-Dimension Hatr\u00f6ss-splatter LP Vinyl"},"content":{"rendered":"<p>Reissue on splatter vinyl, with poster.<\/p>","protected":false},"excerpt":{"rendered":"<p>Dimension Hatr\u00f6ss is the fourth studio album by the Canadian heavy metal band Voivod. It was released in 1988 on Noise Records and is a concept album which narrates the exploits of Voivod\u2019s mascot cyborg Korgull. Now as part of the 40th anniversary celebrations for Noise, this classic album gets a limited edition reissue on splatter vinyl with album cover poster.<\/p>\n<p>The cover concept and artwork was produced by drummer Michel Langevin. Estimated sales are more than 70,000 copies, worldwide. In 2017, Dimension Hatr\u00f6ss was added by the US magazine Rolling Stone to its Top 100 Metal Albums of All Time list at No. 78.<\/p>\n<p>[Back cover]<br \/>\n[&#8230;]<br \/>\nMixed And Recorded At Musiclab, West-Berlin From December, 4th, 1987 To January, 4th 1988<br \/>\n[&#8230;]<br \/>\n\u2117 &amp; \u00a9 1988 Sanctuary Records Group Ltd., a BMG Company.<br \/>\n[&#8230;]<br \/>\nManufactured in the Czech Republic<\/p>\n","protected":false},"featured_media":137412,"template":"","meta":{"_acf_changed":false},"product_brand":[],"product_cat":[97,17957],"product_tag":[],"class_list":{"0":"post-137404","1":"product","2":"type-product","3":"status-publish","4":"has-post-thumbnail","6":"product_cat-heavy-metal","7":"product_cat-thrash-metal","8":"pa_att_artist-voivod","9":"pa_att_format-lp-vinyl","10":"pa_att_genre-heavy-metal","11":"pa_att_jahr-18232","12":"pa_att_label-bmg","13":"pa_att_label-noise-3","14":"pa_att_land-europe","16":"first","17":"instock","18":"taxable","19":"shipping-taxable","20":"purchasable","21":"product-type-simple"},"acf":[],"yoast_head":"<!-- This site is optimized with the Yoast SEO plugin v27.3 - https:\/\/yoast.com\/product\/yoast-seo-wordpress\/ -->\n<title>Vo\u00efvod-Dimension Hatr\u00f6ss-splatter LP Vinyl - Rockers Records<\/title>\n<meta name=\"robots\" content=\"index, follow, max-snippet:-1, max-image-preview:large, max-video-preview:-1\" \/>\n<link rel=\"canonical\" href=\"https:\/\/rockers.de\/en\/record\/voivod-dimension-hatroess-splatter-lp-vinyl\/\" \/>\n<meta property=\"og:locale\" content=\"en_US\" \/>\n<meta property=\"og:type\" content=\"article\" \/>\n<meta property=\"og:title\" content=\"Vo\u00efvod-Dimension Hatr\u00f6ss-splatter LP Vinyl - Rockers Records\" \/>\n<meta property=\"og:description\" content=\"Dimension Hatr\u00f6ss is the fourth studio album by the Canadian heavy metal band Voivod. It was released in 1988 on Noise Records and is a concept album which narrates the exploits of Voivod\u2019s mascot cyborg Korgull. Now as part of the 40th anniversary celebrations for Noise, this classic album gets a limited edition reissue on splatter vinyl with album cover poster.  The cover concept and artwork was produced by drummer Michel Langevin. Estimated sales are more than 70,000 copies, worldwide. In 2017, Dimension Hatr\u00f6ss was added by the US magazine Rolling Stone to its Top 100 Metal Albums of All Time list at No. 78.  [Back cover] [...] Mixed And Recorded At Musiclab, West-Berlin From December, 4th, 1987 To January, 4th 1988 [...] \u2117 &amp; \u00a9 1988 Sanctuary Records Group Ltd., a BMG Company. [...] Manufactured in the Czech Republic\" \/>\n<meta property=\"og:url\" content=\"https:\/\/rockers.de\/en\/record\/voivod-dimension-hatroess-splatter-lp-vinyl\/\" \/>\n<meta property=\"og:site_name\" content=\"Rockers Records\" \/>\n<meta property=\"article:modified_time\" content=\"2026-01-18T15:39:44+00:00\" \/>\n<meta property=\"og:image\" content=\"https:\/\/rockers.de\/wp-content\/uploads\/2024\/06\/Voivod-Dimension-Hatroess-splatter-LP-Vinyl-1.jpg\" \/>\n\t<meta property=\"og:image:width\" content=\"1800\" \/>\n\t<meta property=\"og:image:height\" content=\"1859\" \/>\n\t<meta property=\"og:image:type\" content=\"image\/jpeg\" \/>\n<meta name=\"twitter:card\" content=\"summary_large_image\" \/>\n<meta name=\"twitter:label1\" content=\"Est. reading time\" \/>\n\t<meta name=\"twitter:data1\" content=\"1 minute\" \/>\n<script type=\"application\/ld+json\" class=\"yoast-schema-graph\">{\"@context\":\"https:\\\/\\\/schema.org\",\"@graph\":[{\"@type\":\"WebPage\",\"@id\":\"https:\\\/\\\/rockers.de\\\/record\\\/voivod-dimension-hatroess-splatter-lp-vinyl\\\/\",\"url\":\"https:\\\/\\\/rockers.de\\\/record\\\/voivod-dimension-hatroess-splatter-lp-vinyl\\\/\",\"name\":\"Vo\u00efvod-Dimension Hatr\u00f6ss-splatter LP Vinyl - Rockers Records\",\"isPartOf\":{\"@id\":\"https:\\\/\\\/rockers.de\\\/#website\"},\"primaryImageOfPage\":{\"@id\":\"https:\\\/\\\/rockers.de\\\/record\\\/voivod-dimension-hatroess-splatter-lp-vinyl\\\/#primaryimage\"},\"image\":{\"@id\":\"https:\\\/\\\/rockers.de\\\/record\\\/voivod-dimension-hatroess-splatter-lp-vinyl\\\/#primaryimage\"},\"thumbnailUrl\":\"https:\\\/\\\/rockers.de\\\/wp-content\\\/uploads\\\/2024\\\/06\\\/Voivod-Dimension-Hatroess-splatter-LP-Vinyl-1.jpg\",\"datePublished\":\"2024-06-03T14:32:12+00:00\",\"dateModified\":\"2026-01-18T15:39:44+00:00\",\"breadcrumb\":{\"@id\":\"https:\\\/\\\/rockers.de\\\/record\\\/voivod-dimension-hatroess-splatter-lp-vinyl\\\/#breadcrumb\"},\"inLanguage\":\"en-US\",\"potentialAction\":[{\"@type\":\"ReadAction\",\"target\":[\"https:\\\/\\\/rockers.de\\\/record\\\/voivod-dimension-hatroess-splatter-lp-vinyl\\\/\"]}]},{\"@type\":\"ImageObject\",\"inLanguage\":\"en-US\",\"@id\":\"https:\\\/\\\/rockers.de\\\/record\\\/voivod-dimension-hatroess-splatter-lp-vinyl\\\/#primaryimage\",\"url\":\"https:\\\/\\\/rockers.de\\\/wp-content\\\/uploads\\\/2024\\\/06\\\/Voivod-Dimension-Hatroess-splatter-LP-Vinyl-1.jpg\",\"contentUrl\":\"https:\\\/\\\/rockers.de\\\/wp-content\\\/uploads\\\/2024\\\/06\\\/Voivod-Dimension-Hatroess-splatter-LP-Vinyl-1.jpg\",\"width\":1800,\"height\":1859,\"caption\":\"Vo\u00efvod-Dimension Hatr\u00f6ss-splatter LP Vinyl\"},{\"@type\":\"BreadcrumbList\",\"@id\":\"https:\\\/\\\/rockers.de\\\/record\\\/voivod-dimension-hatroess-splatter-lp-vinyl\\\/#breadcrumb\",\"itemListElement\":[{\"@type\":\"ListItem\",\"position\":1,\"name\":\"Startseite\",\"item\":\"https:\\\/\\\/rockers.de\\\/\"},{\"@type\":\"ListItem\",\"position\":2,\"name\":\"Shop\",\"item\":\"https:\\\/\\\/rockers.de\\\/shop\\\/\"},{\"@type\":\"ListItem\",\"position\":3,\"name\":\"Vo\u00efvod-Dimension Hatr\u00f6ss-splatter LP Vinyl\"}]},{\"@type\":\"WebSite\",\"@id\":\"https:\\\/\\\/rockers.de\\\/#website\",\"url\":\"https:\\\/\\\/rockers.de\\\/\",\"name\":\"Rockers Records\",\"description\":\"Dein Schallplatten Store in Hannover\",\"publisher\":{\"@id\":\"https:\\\/\\\/rockers.de\\\/#organization\"},\"potentialAction\":[{\"@type\":\"SearchAction\",\"target\":{\"@type\":\"EntryPoint\",\"urlTemplate\":\"https:\\\/\\\/rockers.de\\\/?s={search_term_string}\"},\"query-input\":{\"@type\":\"PropertyValueSpecification\",\"valueRequired\":true,\"valueName\":\"search_term_string\"}}],\"inLanguage\":\"en-US\"},{\"@type\":\"Organization\",\"@id\":\"https:\\\/\\\/rockers.de\\\/#organization\",\"name\":\"Rockers Records\",\"url\":\"https:\\\/\\\/rockers.de\\\/\",\"logo\":{\"@type\":\"ImageObject\",\"inLanguage\":\"en-US\",\"@id\":\"https:\\\/\\\/rockers.de\\\/#\\\/schema\\\/logo\\\/image\\\/\",\"url\":\"https:\\\/\\\/rockers.de\\\/wp-content\\\/uploads\\\/2022\\\/07\\\/Neue-Website-2022.jpg\",\"contentUrl\":\"https:\\\/\\\/rockers.de\\\/wp-content\\\/uploads\\\/2022\\\/07\\\/Neue-Website-2022.jpg\",\"width\":800,\"height\":800,\"caption\":\"Rockers Records\"},\"image\":{\"@id\":\"https:\\\/\\\/rockers.de\\\/#\\\/schema\\\/logo\\\/image\\\/\"}}]}<\/script>\n<!-- \/ Yoast SEO plugin. -->","yoast_head_json":{"title":"Vo\u00efvod-Dimension Hatr\u00f6ss-splatter LP Vinyl - Rockers Records","robots":{"index":"index","follow":"follow","max-snippet":"max-snippet:-1","max-image-preview":"max-image-preview:large","max-video-preview":"max-video-preview:-1"},"canonical":"https:\/\/rockers.de\/en\/record\/voivod-dimension-hatroess-splatter-lp-vinyl\/","og_locale":"en_US","og_type":"article","og_title":"Vo\u00efvod-Dimension Hatr\u00f6ss-splatter LP Vinyl - Rockers Records","og_description":"Dimension Hatr\u00f6ss is the fourth studio album by the Canadian heavy metal band Voivod. It was released in 1988 on Noise Records and is a concept album which narrates the exploits of Voivod\u2019s mascot cyborg Korgull. Now as part of the 40th anniversary celebrations for Noise, this classic album gets a limited edition reissue on splatter vinyl with album cover poster.  The cover concept and artwork was produced by drummer Michel Langevin. Estimated sales are more than 70,000 copies, worldwide. In 2017, Dimension Hatr\u00f6ss was added by the US magazine Rolling Stone to its Top 100 Metal Albums of All Time list at No. 78.  [Back cover] [...] Mixed And Recorded At Musiclab, West-Berlin From December, 4th, 1987 To January, 4th 1988 [...] \u2117 &amp; \u00a9 1988 Sanctuary Records Group Ltd., a BMG Company. [...] Manufactured in the Czech Republic","og_url":"https:\/\/rockers.de\/en\/record\/voivod-dimension-hatroess-splatter-lp-vinyl\/","og_site_name":"Rockers Records","article_modified_time":"2026-01-18T15:39:44+00:00","og_image":[{"width":1800,"height":1859,"url":"https:\/\/rockers.de\/wp-content\/uploads\/2024\/06\/Voivod-Dimension-Hatroess-splatter-LP-Vinyl-1.jpg","type":"image\/jpeg"}],"twitter_card":"summary_large_image","twitter_misc":{"Est. reading time":"1 minute"},"schema":{"@context":"https:\/\/schema.org","@graph":[{"@type":"WebPage","@id":"https:\/\/rockers.de\/record\/voivod-dimension-hatroess-splatter-lp-vinyl\/","url":"https:\/\/rockers.de\/record\/voivod-dimension-hatroess-splatter-lp-vinyl\/","name":"Vo\u00efvod-Dimension Hatr\u00f6ss-splatter LP Vinyl - Rockers Records","isPartOf":{"@id":"https:\/\/rockers.de\/#website"},"primaryImageOfPage":{"@id":"https:\/\/rockers.de\/record\/voivod-dimension-hatroess-splatter-lp-vinyl\/#primaryimage"},"image":{"@id":"https:\/\/rockers.de\/record\/voivod-dimension-hatroess-splatter-lp-vinyl\/#primaryimage"},"thumbnailUrl":"https:\/\/rockers.de\/wp-content\/uploads\/2024\/06\/Voivod-Dimension-Hatroess-splatter-LP-Vinyl-1.jpg","datePublished":"2024-06-03T14:32:12+00:00","dateModified":"2026-01-18T15:39:44+00:00","breadcrumb":{"@id":"https:\/\/rockers.de\/record\/voivod-dimension-hatroess-splatter-lp-vinyl\/#breadcrumb"},"inLanguage":"en-US","potentialAction":[{"@type":"ReadAction","target":["https:\/\/rockers.de\/record\/voivod-dimension-hatroess-splatter-lp-vinyl\/"]}]},{"@type":"ImageObject","inLanguage":"en-US","@id":"https:\/\/rockers.de\/record\/voivod-dimension-hatroess-splatter-lp-vinyl\/#primaryimage","url":"https:\/\/rockers.de\/wp-content\/uploads\/2024\/06\/Voivod-Dimension-Hatroess-splatter-LP-Vinyl-1.jpg","contentUrl":"https:\/\/rockers.de\/wp-content\/uploads\/2024\/06\/Voivod-Dimension-Hatroess-splatter-LP-Vinyl-1.jpg","width":1800,"height":1859,"caption":"Vo\u00efvod-Dimension Hatr\u00f6ss-splatter LP Vinyl"},{"@type":"BreadcrumbList","@id":"https:\/\/rockers.de\/record\/voivod-dimension-hatroess-splatter-lp-vinyl\/#breadcrumb","itemListElement":[{"@type":"ListItem","position":1,"name":"Startseite","item":"https:\/\/rockers.de\/"},{"@type":"ListItem","position":2,"name":"Shop","item":"https:\/\/rockers.de\/shop\/"},{"@type":"ListItem","position":3,"name":"Vo\u00efvod-Dimension Hatr\u00f6ss-splatter LP Vinyl"}]},{"@type":"WebSite","@id":"https:\/\/rockers.de\/#website","url":"https:\/\/rockers.de\/","name":"Rockers Records","description":"Your record store in Hanover","publisher":{"@id":"https:\/\/rockers.de\/#organization"},"potentialAction":[{"@type":"SearchAction","target":{"@type":"EntryPoint","urlTemplate":"https:\/\/rockers.de\/?s={search_term_string}"},"query-input":{"@type":"PropertyValueSpecification","valueRequired":true,"valueName":"search_term_string"}}],"inLanguage":"en-US"},{"@type":"Organization","@id":"https:\/\/rockers.de\/#organization","name":"Rockers Records","url":"https:\/\/rockers.de\/","logo":{"@type":"ImageObject","inLanguage":"en-US","@id":"https:\/\/rockers.de\/#\/schema\/logo\/image\/","url":"https:\/\/rockers.de\/wp-content\/uploads\/2022\/07\/Neue-Website-2022.jpg","contentUrl":"https:\/\/rockers.de\/wp-content\/uploads\/2022\/07\/Neue-Website-2022.jpg","width":800,"height":800,"caption":"Rockers Records"},"image":{"@id":"https:\/\/rockers.de\/#\/schema\/logo\/image\/"}}]}},"_links":{"self":[{"href":"https:\/\/rockers.de\/en\/wp-json\/wp\/v2\/product\/137404","targetHints":{"allow":["GET"]}}],"collection":[{"href":"https:\/\/rockers.de\/en\/wp-json\/wp\/v2\/product"}],"about":[{"href":"https:\/\/rockers.de\/en\/wp-json\/wp\/v2\/types\/product"}],"wp:featuredmedia":[{"embeddable":true,"href":"https:\/\/rockers.de\/en\/wp-json\/wp\/v2\/media\/137412"}],"wp:attachment":[{"href":"https:\/\/rockers.de\/en\/wp-json\/wp\/v2\/media?parent=137404"}],"wp:term":[{"taxonomy":"product_brand","embeddable":true,"href":"https:\/\/rockers.de\/en\/wp-json\/wp\/v2\/product_brand?post=137404"},{"taxonomy":"product_cat","embeddable":true,"href":"https:\/\/rockers.de\/en\/wp-json\/wp\/v2\/product_cat?post=137404"},{"taxonomy":"product_tag","embeddable":true,"href":"https:\/\/rockers.de\/en\/wp-json\/wp\/v2\/product_tag?post=137404"}],"curies":[{"name":"wp","href":"https:\/\/api.w.org\/{rel}","templated":true}]}}