{"id":137151,"date":"2024-05-30T18:04:47","date_gmt":"2024-05-30T16:04:47","guid":{"rendered":"https:\/\/rockers.de\/?post_type=product&#038;p=137151"},"modified":"2024-06-01T15:00:05","modified_gmt":"2024-06-01T13:00:05","slug":"farin-urlaub-am-ende-der-sonne-lp-vinyl-2005","status":"publish","type":"product","link":"https:\/\/rockers.de\/en\/record\/farin-urlaub-am-ende-der-sonne-lp-vinyl-2005\/","title":{"rendered":"Farin Urlaub-Am Ende Der Sonne-LP Vinyl 2005"},"content":{"rendered":"<p>Comes with a printed innersleeve with lyrics.<\/p>\n<p>Dedicated to Dr. Erika Fuchs.<\/p>\n<p>Recorded at Nagelstudio. Strings recorded at Audiomania.<br \/>\nMixed at Casa Pepe Studio.<br \/>\nMastered at LXK Studio.<br \/>\nPublished by PMS Musikverlag GmbH.<br \/>\n\u2117 &amp; \u00a9 2005 by V\u00f6lker h\u00f6rt die Tontr\u00e4ger<\/p>\n<p>*Noch Einmal is a locked bonus track on the Vinyl version. Album ends after Dusche and you have to pick the needle up and move it past the locked groove to play the bonus track.<\/p>","protected":false},"excerpt":{"rendered":"<p>Comes with a printed innersleeve with lyrics.<\/p>\n<p>Dedicated to Dr. Erika Fuchs.<\/p>\n<p>Recorded at Nagelstudio. Strings recorded at Audiomania.<br \/>\nMixed at Casa Pepe Studio.<br \/>\nMastered at LXK Studio.<br \/>\nPublished by PMS Musikverlag GmbH.<br \/>\n\u2117 &amp; \u00a9 2005 by V\u00f6lker h\u00f6rt die Tontr\u00e4ger<\/p>\n<p>*Noch Einmal is a locked bonus track on the Vinyl version. Album ends after Dusche and you have to pick the needle up and move it past the locked groove to play the bonus track.<\/p>","protected":false},"featured_media":137156,"template":"","meta":{"_acf_changed":false},"product_brand":[],"product_cat":[538],"product_tag":[],"class_list":{"0":"post-137151","1":"product","2":"type-product","3":"status-publish","4":"has-post-thumbnail","6":"product_cat-punk-deutschland","7":"pa_att_artist-die-aerzte","8":"pa_att_artist-farin-urlaub","9":"pa_att_format-lp-vinyl","10":"pa_att_genre-punk-deutschland","11":"pa_att_jahr-243","12":"pa_att_label-voelker-hoert-die-tontraeger","13":"pa_att_land-germany","15":"first","16":"outofstock","17":"taxable","18":"shipping-taxable","19":"purchasable","20":"product-type-simple"},"acf":[],"yoast_head":"<!-- This site is optimized with the Yoast SEO plugin v27.3 - https:\/\/yoast.com\/product\/yoast-seo-wordpress\/ -->\n<title>Farin Urlaub-Am Ende Der Sonne-LP Vinyl 2005 - Rockers Records<\/title>\n<meta name=\"robots\" content=\"index, follow, max-snippet:-1, max-image-preview:large, max-video-preview:-1\" \/>\n<link rel=\"canonical\" href=\"https:\/\/rockers.de\/en\/record\/farin-urlaub-am-ende-der-sonne-lp-vinyl-2005\/\" \/>\n<meta property=\"og:locale\" content=\"en_US\" \/>\n<meta property=\"og:type\" content=\"article\" \/>\n<meta property=\"og:title\" content=\"Farin Urlaub-Am Ende Der Sonne-LP Vinyl 2005 - Rockers Records\" \/>\n<meta property=\"og:description\" content=\"Comes with a printed innersleeve with lyrics.  Dedicated to Dr. Erika Fuchs.  Recorded at Nagelstudio. Strings recorded at Audiomania. Mixed at Casa Pepe Studio. Mastered at LXK Studio. Published by PMS Musikverlag GmbH. \u2117 &amp; \u00a9 2005 by V\u00f6lker h\u00f6rt die Tontr\u00e4ger  *Noch Einmal is a locked bonus track on the Vinyl version. Album ends after Dusche and you have to pick the needle up and move it past the locked groove to play the bonus track.\" \/>\n<meta property=\"og:url\" content=\"https:\/\/rockers.de\/en\/record\/farin-urlaub-am-ende-der-sonne-lp-vinyl-2005\/\" \/>\n<meta property=\"og:site_name\" content=\"Rockers Records\" \/>\n<meta property=\"article:modified_time\" content=\"2024-06-01T13:00:05+00:00\" \/>\n<meta property=\"og:image\" content=\"https:\/\/rockers.de\/wp-content\/uploads\/2024\/05\/Farin-Urlaub-Am-Ende-Der-Sonne-LP-Vinyl-2005-1.jpg\" \/>\n\t<meta property=\"og:image:width\" content=\"1800\" \/>\n\t<meta property=\"og:image:height\" content=\"1859\" \/>\n\t<meta property=\"og:image:type\" content=\"image\/jpeg\" \/>\n<meta name=\"twitter:card\" content=\"summary_large_image\" \/>\n<meta name=\"twitter:label1\" content=\"Est. reading time\" \/>\n\t<meta name=\"twitter:data1\" content=\"1 minute\" \/>\n<script type=\"application\/ld+json\" class=\"yoast-schema-graph\">{\"@context\":\"https:\\\/\\\/schema.org\",\"@graph\":[{\"@type\":\"WebPage\",\"@id\":\"https:\\\/\\\/rockers.de\\\/record\\\/farin-urlaub-am-ende-der-sonne-lp-vinyl-2005\\\/\",\"url\":\"https:\\\/\\\/rockers.de\\\/record\\\/farin-urlaub-am-ende-der-sonne-lp-vinyl-2005\\\/\",\"name\":\"Farin Urlaub-Am Ende Der Sonne-LP Vinyl 2005 - Rockers Records\",\"isPartOf\":{\"@id\":\"https:\\\/\\\/rockers.de\\\/#website\"},\"primaryImageOfPage\":{\"@id\":\"https:\\\/\\\/rockers.de\\\/record\\\/farin-urlaub-am-ende-der-sonne-lp-vinyl-2005\\\/#primaryimage\"},\"image\":{\"@id\":\"https:\\\/\\\/rockers.de\\\/record\\\/farin-urlaub-am-ende-der-sonne-lp-vinyl-2005\\\/#primaryimage\"},\"thumbnailUrl\":\"https:\\\/\\\/rockers.de\\\/wp-content\\\/uploads\\\/2024\\\/05\\\/Farin-Urlaub-Am-Ende-Der-Sonne-LP-Vinyl-2005-1.jpg\",\"datePublished\":\"2024-05-30T16:04:47+00:00\",\"dateModified\":\"2024-06-01T13:00:05+00:00\",\"breadcrumb\":{\"@id\":\"https:\\\/\\\/rockers.de\\\/record\\\/farin-urlaub-am-ende-der-sonne-lp-vinyl-2005\\\/#breadcrumb\"},\"inLanguage\":\"en-US\",\"potentialAction\":[{\"@type\":\"ReadAction\",\"target\":[\"https:\\\/\\\/rockers.de\\\/record\\\/farin-urlaub-am-ende-der-sonne-lp-vinyl-2005\\\/\"]}]},{\"@type\":\"ImageObject\",\"inLanguage\":\"en-US\",\"@id\":\"https:\\\/\\\/rockers.de\\\/record\\\/farin-urlaub-am-ende-der-sonne-lp-vinyl-2005\\\/#primaryimage\",\"url\":\"https:\\\/\\\/rockers.de\\\/wp-content\\\/uploads\\\/2024\\\/05\\\/Farin-Urlaub-Am-Ende-Der-Sonne-LP-Vinyl-2005-1.jpg\",\"contentUrl\":\"https:\\\/\\\/rockers.de\\\/wp-content\\\/uploads\\\/2024\\\/05\\\/Farin-Urlaub-Am-Ende-Der-Sonne-LP-Vinyl-2005-1.jpg\",\"width\":1800,\"height\":1859,\"caption\":\"Farin Urlaub-Am Ende Der Sonne-LP Vinyl 2005\"},{\"@type\":\"BreadcrumbList\",\"@id\":\"https:\\\/\\\/rockers.de\\\/record\\\/farin-urlaub-am-ende-der-sonne-lp-vinyl-2005\\\/#breadcrumb\",\"itemListElement\":[{\"@type\":\"ListItem\",\"position\":1,\"name\":\"Startseite\",\"item\":\"https:\\\/\\\/rockers.de\\\/\"},{\"@type\":\"ListItem\",\"position\":2,\"name\":\"Shop\",\"item\":\"https:\\\/\\\/rockers.de\\\/shop\\\/\"},{\"@type\":\"ListItem\",\"position\":3,\"name\":\"Farin Urlaub-Am Ende Der Sonne-LP Vinyl 2005\"}]},{\"@type\":\"WebSite\",\"@id\":\"https:\\\/\\\/rockers.de\\\/#website\",\"url\":\"https:\\\/\\\/rockers.de\\\/\",\"name\":\"Rockers Records\",\"description\":\"Dein Schallplatten Store in Hannover\",\"publisher\":{\"@id\":\"https:\\\/\\\/rockers.de\\\/#organization\"},\"potentialAction\":[{\"@type\":\"SearchAction\",\"target\":{\"@type\":\"EntryPoint\",\"urlTemplate\":\"https:\\\/\\\/rockers.de\\\/?s={search_term_string}\"},\"query-input\":{\"@type\":\"PropertyValueSpecification\",\"valueRequired\":true,\"valueName\":\"search_term_string\"}}],\"inLanguage\":\"en-US\"},{\"@type\":\"Organization\",\"@id\":\"https:\\\/\\\/rockers.de\\\/#organization\",\"name\":\"Rockers Records\",\"url\":\"https:\\\/\\\/rockers.de\\\/\",\"logo\":{\"@type\":\"ImageObject\",\"inLanguage\":\"en-US\",\"@id\":\"https:\\\/\\\/rockers.de\\\/#\\\/schema\\\/logo\\\/image\\\/\",\"url\":\"https:\\\/\\\/rockers.de\\\/wp-content\\\/uploads\\\/2022\\\/07\\\/Neue-Website-2022.jpg\",\"contentUrl\":\"https:\\\/\\\/rockers.de\\\/wp-content\\\/uploads\\\/2022\\\/07\\\/Neue-Website-2022.jpg\",\"width\":800,\"height\":800,\"caption\":\"Rockers Records\"},\"image\":{\"@id\":\"https:\\\/\\\/rockers.de\\\/#\\\/schema\\\/logo\\\/image\\\/\"}}]}<\/script>\n<!-- \/ Yoast SEO plugin. -->","yoast_head_json":{"title":"Farin Urlaub-Am Ende Der Sonne-LP Vinyl 2005 - Rockers Records","robots":{"index":"index","follow":"follow","max-snippet":"max-snippet:-1","max-image-preview":"max-image-preview:large","max-video-preview":"max-video-preview:-1"},"canonical":"https:\/\/rockers.de\/en\/record\/farin-urlaub-am-ende-der-sonne-lp-vinyl-2005\/","og_locale":"en_US","og_type":"article","og_title":"Farin Urlaub-Am Ende Der Sonne-LP Vinyl 2005 - Rockers Records","og_description":"Comes with a printed innersleeve with lyrics.  Dedicated to Dr. Erika Fuchs.  Recorded at Nagelstudio. Strings recorded at Audiomania. Mixed at Casa Pepe Studio. Mastered at LXK Studio. Published by PMS Musikverlag GmbH. \u2117 &amp; \u00a9 2005 by V\u00f6lker h\u00f6rt die Tontr\u00e4ger  *Noch Einmal is a locked bonus track on the Vinyl version. Album ends after Dusche and you have to pick the needle up and move it past the locked groove to play the bonus track.","og_url":"https:\/\/rockers.de\/en\/record\/farin-urlaub-am-ende-der-sonne-lp-vinyl-2005\/","og_site_name":"Rockers Records","article_modified_time":"2024-06-01T13:00:05+00:00","og_image":[{"width":1800,"height":1859,"url":"https:\/\/rockers.de\/wp-content\/uploads\/2024\/05\/Farin-Urlaub-Am-Ende-Der-Sonne-LP-Vinyl-2005-1.jpg","type":"image\/jpeg"}],"twitter_card":"summary_large_image","twitter_misc":{"Est. reading time":"1 minute"},"schema":{"@context":"https:\/\/schema.org","@graph":[{"@type":"WebPage","@id":"https:\/\/rockers.de\/record\/farin-urlaub-am-ende-der-sonne-lp-vinyl-2005\/","url":"https:\/\/rockers.de\/record\/farin-urlaub-am-ende-der-sonne-lp-vinyl-2005\/","name":"Farin Urlaub-Am Ende Der Sonne-LP Vinyl 2005 - Rockers Records","isPartOf":{"@id":"https:\/\/rockers.de\/#website"},"primaryImageOfPage":{"@id":"https:\/\/rockers.de\/record\/farin-urlaub-am-ende-der-sonne-lp-vinyl-2005\/#primaryimage"},"image":{"@id":"https:\/\/rockers.de\/record\/farin-urlaub-am-ende-der-sonne-lp-vinyl-2005\/#primaryimage"},"thumbnailUrl":"https:\/\/rockers.de\/wp-content\/uploads\/2024\/05\/Farin-Urlaub-Am-Ende-Der-Sonne-LP-Vinyl-2005-1.jpg","datePublished":"2024-05-30T16:04:47+00:00","dateModified":"2024-06-01T13:00:05+00:00","breadcrumb":{"@id":"https:\/\/rockers.de\/record\/farin-urlaub-am-ende-der-sonne-lp-vinyl-2005\/#breadcrumb"},"inLanguage":"en-US","potentialAction":[{"@type":"ReadAction","target":["https:\/\/rockers.de\/record\/farin-urlaub-am-ende-der-sonne-lp-vinyl-2005\/"]}]},{"@type":"ImageObject","inLanguage":"en-US","@id":"https:\/\/rockers.de\/record\/farin-urlaub-am-ende-der-sonne-lp-vinyl-2005\/#primaryimage","url":"https:\/\/rockers.de\/wp-content\/uploads\/2024\/05\/Farin-Urlaub-Am-Ende-Der-Sonne-LP-Vinyl-2005-1.jpg","contentUrl":"https:\/\/rockers.de\/wp-content\/uploads\/2024\/05\/Farin-Urlaub-Am-Ende-Der-Sonne-LP-Vinyl-2005-1.jpg","width":1800,"height":1859,"caption":"Farin Urlaub-Am Ende Der Sonne-LP Vinyl 2005"},{"@type":"BreadcrumbList","@id":"https:\/\/rockers.de\/record\/farin-urlaub-am-ende-der-sonne-lp-vinyl-2005\/#breadcrumb","itemListElement":[{"@type":"ListItem","position":1,"name":"Startseite","item":"https:\/\/rockers.de\/"},{"@type":"ListItem","position":2,"name":"Shop","item":"https:\/\/rockers.de\/shop\/"},{"@type":"ListItem","position":3,"name":"Farin Urlaub-Am Ende Der Sonne-LP Vinyl 2005"}]},{"@type":"WebSite","@id":"https:\/\/rockers.de\/#website","url":"https:\/\/rockers.de\/","name":"Rockers Records","description":"Your record store in Hanover","publisher":{"@id":"https:\/\/rockers.de\/#organization"},"potentialAction":[{"@type":"SearchAction","target":{"@type":"EntryPoint","urlTemplate":"https:\/\/rockers.de\/?s={search_term_string}"},"query-input":{"@type":"PropertyValueSpecification","valueRequired":true,"valueName":"search_term_string"}}],"inLanguage":"en-US"},{"@type":"Organization","@id":"https:\/\/rockers.de\/#organization","name":"Rockers Records","url":"https:\/\/rockers.de\/","logo":{"@type":"ImageObject","inLanguage":"en-US","@id":"https:\/\/rockers.de\/#\/schema\/logo\/image\/","url":"https:\/\/rockers.de\/wp-content\/uploads\/2022\/07\/Neue-Website-2022.jpg","contentUrl":"https:\/\/rockers.de\/wp-content\/uploads\/2022\/07\/Neue-Website-2022.jpg","width":800,"height":800,"caption":"Rockers Records"},"image":{"@id":"https:\/\/rockers.de\/#\/schema\/logo\/image\/"}}]}},"_links":{"self":[{"href":"https:\/\/rockers.de\/en\/wp-json\/wp\/v2\/product\/137151","targetHints":{"allow":["GET"]}}],"collection":[{"href":"https:\/\/rockers.de\/en\/wp-json\/wp\/v2\/product"}],"about":[{"href":"https:\/\/rockers.de\/en\/wp-json\/wp\/v2\/types\/product"}],"wp:featuredmedia":[{"embeddable":true,"href":"https:\/\/rockers.de\/en\/wp-json\/wp\/v2\/media\/137156"}],"wp:attachment":[{"href":"https:\/\/rockers.de\/en\/wp-json\/wp\/v2\/media?parent=137151"}],"wp:term":[{"taxonomy":"product_brand","embeddable":true,"href":"https:\/\/rockers.de\/en\/wp-json\/wp\/v2\/product_brand?post=137151"},{"taxonomy":"product_cat","embeddable":true,"href":"https:\/\/rockers.de\/en\/wp-json\/wp\/v2\/product_cat?post=137151"},{"taxonomy":"product_tag","embeddable":true,"href":"https:\/\/rockers.de\/en\/wp-json\/wp\/v2\/product_tag?post=137151"}],"curies":[{"name":"wp","href":"https:\/\/api.w.org\/{rel}","templated":true}]}}