{"id":133700,"date":"2024-03-19T16:27:43","date_gmt":"2024-03-19T15:27:43","guid":{"rendered":"https:\/\/rockers.de\/?post_type=product&#038;p=133700"},"modified":"2024-05-31T20:25:05","modified_gmt":"2024-05-31T18:25:05","slug":"joachim-ernst-berendt-hinuebergehen-das-wunder-des-spaetwerks-cd","status":"publish","type":"product","link":"https:\/\/rockers.de\/en\/record\/joachim-ernst-berendt-hinuebergehen-das-wunder-des-spaetwerks-cd\/","title":{"rendered":"Joachim Ernst Berendt-Hin\u00fcbergehen (Das Wunder Des Sp\u00e4twerks)-CD"},"content":{"rendered":"<p>Die Musik zum Buch<br \/>\nDiese 3 CDs und das dazugeh\u00f6rige 250seitige Buch gibt es nur bei Zweitausendeins<br \/>\n\u00a9 &amp; \u2117 1993 Copyright f\u00fcr diese Zusammensetzung by Network Medien GmbH<br \/>\nMade in Germany<\/p>\n<p>Double jewel case packaging with 12-page booklet<\/p>","protected":false},"excerpt":{"rendered":"<p>Die Musik zum Buch<br \/>\nDiese 3 CDs und das dazugeh\u00f6rige 250seitige Buch gibt es nur bei Zweitausendeins<br \/>\n\u00a9 &amp; \u2117 1993 Copyright f\u00fcr diese Zusammensetzung by Network Medien GmbH<br \/>\nMade in Germany<\/p>\n<p>Double jewel case packaging with 12-page booklet<\/p>","protected":false},"featured_media":133702,"template":"","meta":{"_acf_changed":false},"product_brand":[],"product_cat":[561],"product_tag":[],"class_list":{"0":"post-133700","1":"product","2":"type-product","3":"status-publish","4":"has-post-thumbnail","6":"product_cat-klassik","7":"pa_att_artist-joachim-ernst-berendt","8":"pa_att_format-cd","9":"pa_att_genre-klassik","10":"pa_att_jahr-274","11":"pa_att_label-network-medien","12":"pa_att_land-germany","14":"first","15":"outofstock","16":"taxable","17":"shipping-taxable","18":"purchasable","19":"product-type-simple"},"acf":[],"yoast_head":"<!-- This site is optimized with the Yoast SEO plugin v27.3 - https:\/\/yoast.com\/product\/yoast-seo-wordpress\/ -->\n<title>Joachim Ernst Berendt-Hin\u00fcbergehen (Das Wunder Des Sp\u00e4twerks)-CD - Rockers Records<\/title>\n<meta name=\"robots\" content=\"index, follow, max-snippet:-1, max-image-preview:large, max-video-preview:-1\" \/>\n<link rel=\"canonical\" href=\"https:\/\/rockers.de\/en\/record\/joachim-ernst-berendt-hinuebergehen-das-wunder-des-spaetwerks-cd\/\" \/>\n<meta property=\"og:locale\" content=\"en_US\" \/>\n<meta property=\"og:type\" content=\"article\" \/>\n<meta property=\"og:title\" content=\"Joachim Ernst Berendt-Hin\u00fcbergehen (Das Wunder Des Sp\u00e4twerks)-CD - Rockers Records\" \/>\n<meta property=\"og:description\" content=\"Die Musik zum Buch Diese 3 CDs und das dazugeh\u00f6rige 250seitige Buch gibt es nur bei Zweitausendeins \u00a9 &amp; \u2117 1993 Copyright f\u00fcr diese Zusammensetzung by Network Medien GmbH Made in Germany  Double jewel case packaging with 12-page booklet\" \/>\n<meta property=\"og:url\" content=\"https:\/\/rockers.de\/en\/record\/joachim-ernst-berendt-hinuebergehen-das-wunder-des-spaetwerks-cd\/\" \/>\n<meta property=\"og:site_name\" content=\"Rockers Records\" \/>\n<meta property=\"article:modified_time\" content=\"2024-05-31T18:25:05+00:00\" \/>\n<meta property=\"og:image\" content=\"https:\/\/rockers.de\/wp-content\/uploads\/2024\/03\/Joachim-Ernst-Berendt-Hinuebergehen-Das-Wunder-Des-Spaetwerks-CD-.jpg\" \/>\n\t<meta property=\"og:image:width\" content=\"854\" \/>\n\t<meta property=\"og:image:height\" content=\"741\" \/>\n\t<meta property=\"og:image:type\" content=\"image\/jpeg\" \/>\n<meta name=\"twitter:card\" content=\"summary_large_image\" \/>\n<meta name=\"twitter:label1\" content=\"Est. reading time\" \/>\n\t<meta name=\"twitter:data1\" content=\"1 minute\" \/>\n<script type=\"application\/ld+json\" class=\"yoast-schema-graph\">{\"@context\":\"https:\\\/\\\/schema.org\",\"@graph\":[{\"@type\":\"WebPage\",\"@id\":\"https:\\\/\\\/rockers.de\\\/record\\\/joachim-ernst-berendt-hinuebergehen-das-wunder-des-spaetwerks-cd\\\/\",\"url\":\"https:\\\/\\\/rockers.de\\\/record\\\/joachim-ernst-berendt-hinuebergehen-das-wunder-des-spaetwerks-cd\\\/\",\"name\":\"Joachim Ernst Berendt-Hin\u00fcbergehen (Das Wunder Des Sp\u00e4twerks)-CD - Rockers Records\",\"isPartOf\":{\"@id\":\"https:\\\/\\\/rockers.de\\\/#website\"},\"primaryImageOfPage\":{\"@id\":\"https:\\\/\\\/rockers.de\\\/record\\\/joachim-ernst-berendt-hinuebergehen-das-wunder-des-spaetwerks-cd\\\/#primaryimage\"},\"image\":{\"@id\":\"https:\\\/\\\/rockers.de\\\/record\\\/joachim-ernst-berendt-hinuebergehen-das-wunder-des-spaetwerks-cd\\\/#primaryimage\"},\"thumbnailUrl\":\"https:\\\/\\\/rockers.de\\\/wp-content\\\/uploads\\\/2024\\\/03\\\/Joachim-Ernst-Berendt-Hinuebergehen-Das-Wunder-Des-Spaetwerks-CD-.jpg\",\"datePublished\":\"2024-03-19T15:27:43+00:00\",\"dateModified\":\"2024-05-31T18:25:05+00:00\",\"breadcrumb\":{\"@id\":\"https:\\\/\\\/rockers.de\\\/record\\\/joachim-ernst-berendt-hinuebergehen-das-wunder-des-spaetwerks-cd\\\/#breadcrumb\"},\"inLanguage\":\"en-US\",\"potentialAction\":[{\"@type\":\"ReadAction\",\"target\":[\"https:\\\/\\\/rockers.de\\\/record\\\/joachim-ernst-berendt-hinuebergehen-das-wunder-des-spaetwerks-cd\\\/\"]}]},{\"@type\":\"ImageObject\",\"inLanguage\":\"en-US\",\"@id\":\"https:\\\/\\\/rockers.de\\\/record\\\/joachim-ernst-berendt-hinuebergehen-das-wunder-des-spaetwerks-cd\\\/#primaryimage\",\"url\":\"https:\\\/\\\/rockers.de\\\/wp-content\\\/uploads\\\/2024\\\/03\\\/Joachim-Ernst-Berendt-Hinuebergehen-Das-Wunder-Des-Spaetwerks-CD-.jpg\",\"contentUrl\":\"https:\\\/\\\/rockers.de\\\/wp-content\\\/uploads\\\/2024\\\/03\\\/Joachim-Ernst-Berendt-Hinuebergehen-Das-Wunder-Des-Spaetwerks-CD-.jpg\",\"width\":854,\"height\":741,\"caption\":\"Joachim Ernst Berendt-Hin\u00fcbergehen (Das Wunder Des Sp\u00e4twerks)-CD\"},{\"@type\":\"BreadcrumbList\",\"@id\":\"https:\\\/\\\/rockers.de\\\/record\\\/joachim-ernst-berendt-hinuebergehen-das-wunder-des-spaetwerks-cd\\\/#breadcrumb\",\"itemListElement\":[{\"@type\":\"ListItem\",\"position\":1,\"name\":\"Startseite\",\"item\":\"https:\\\/\\\/rockers.de\\\/\"},{\"@type\":\"ListItem\",\"position\":2,\"name\":\"Shop\",\"item\":\"https:\\\/\\\/rockers.de\\\/shop\\\/\"},{\"@type\":\"ListItem\",\"position\":3,\"name\":\"Joachim Ernst Berendt-Hin\u00fcbergehen (Das Wunder Des Sp\u00e4twerks)-CD\"}]},{\"@type\":\"WebSite\",\"@id\":\"https:\\\/\\\/rockers.de\\\/#website\",\"url\":\"https:\\\/\\\/rockers.de\\\/\",\"name\":\"Rockers Records\",\"description\":\"Dein Schallplatten Store in Hannover\",\"publisher\":{\"@id\":\"https:\\\/\\\/rockers.de\\\/#organization\"},\"potentialAction\":[{\"@type\":\"SearchAction\",\"target\":{\"@type\":\"EntryPoint\",\"urlTemplate\":\"https:\\\/\\\/rockers.de\\\/?s={search_term_string}\"},\"query-input\":{\"@type\":\"PropertyValueSpecification\",\"valueRequired\":true,\"valueName\":\"search_term_string\"}}],\"inLanguage\":\"en-US\"},{\"@type\":\"Organization\",\"@id\":\"https:\\\/\\\/rockers.de\\\/#organization\",\"name\":\"Rockers Records\",\"url\":\"https:\\\/\\\/rockers.de\\\/\",\"logo\":{\"@type\":\"ImageObject\",\"inLanguage\":\"en-US\",\"@id\":\"https:\\\/\\\/rockers.de\\\/#\\\/schema\\\/logo\\\/image\\\/\",\"url\":\"https:\\\/\\\/rockers.de\\\/wp-content\\\/uploads\\\/2022\\\/07\\\/Neue-Website-2022.jpg\",\"contentUrl\":\"https:\\\/\\\/rockers.de\\\/wp-content\\\/uploads\\\/2022\\\/07\\\/Neue-Website-2022.jpg\",\"width\":800,\"height\":800,\"caption\":\"Rockers Records\"},\"image\":{\"@id\":\"https:\\\/\\\/rockers.de\\\/#\\\/schema\\\/logo\\\/image\\\/\"}}]}<\/script>\n<!-- \/ Yoast SEO plugin. -->","yoast_head_json":{"title":"Joachim Ernst Berendt-Hin\u00fcbergehen (Das Wunder Des Sp\u00e4twerks)-CD - Rockers Records","robots":{"index":"index","follow":"follow","max-snippet":"max-snippet:-1","max-image-preview":"max-image-preview:large","max-video-preview":"max-video-preview:-1"},"canonical":"https:\/\/rockers.de\/en\/record\/joachim-ernst-berendt-hinuebergehen-das-wunder-des-spaetwerks-cd\/","og_locale":"en_US","og_type":"article","og_title":"Joachim Ernst Berendt-Hin\u00fcbergehen (Das Wunder Des Sp\u00e4twerks)-CD - Rockers Records","og_description":"Die Musik zum Buch Diese 3 CDs und das dazugeh\u00f6rige 250seitige Buch gibt es nur bei Zweitausendeins \u00a9 &amp; \u2117 1993 Copyright f\u00fcr diese Zusammensetzung by Network Medien GmbH Made in Germany  Double jewel case packaging with 12-page booklet","og_url":"https:\/\/rockers.de\/en\/record\/joachim-ernst-berendt-hinuebergehen-das-wunder-des-spaetwerks-cd\/","og_site_name":"Rockers Records","article_modified_time":"2024-05-31T18:25:05+00:00","og_image":[{"width":854,"height":741,"url":"https:\/\/rockers.de\/wp-content\/uploads\/2024\/03\/Joachim-Ernst-Berendt-Hinuebergehen-Das-Wunder-Des-Spaetwerks-CD-.jpg","type":"image\/jpeg"}],"twitter_card":"summary_large_image","twitter_misc":{"Est. reading time":"1 minute"},"schema":{"@context":"https:\/\/schema.org","@graph":[{"@type":"WebPage","@id":"https:\/\/rockers.de\/record\/joachim-ernst-berendt-hinuebergehen-das-wunder-des-spaetwerks-cd\/","url":"https:\/\/rockers.de\/record\/joachim-ernst-berendt-hinuebergehen-das-wunder-des-spaetwerks-cd\/","name":"Joachim Ernst Berendt-Hin\u00fcbergehen (Das Wunder Des Sp\u00e4twerks)-CD - Rockers Records","isPartOf":{"@id":"https:\/\/rockers.de\/#website"},"primaryImageOfPage":{"@id":"https:\/\/rockers.de\/record\/joachim-ernst-berendt-hinuebergehen-das-wunder-des-spaetwerks-cd\/#primaryimage"},"image":{"@id":"https:\/\/rockers.de\/record\/joachim-ernst-berendt-hinuebergehen-das-wunder-des-spaetwerks-cd\/#primaryimage"},"thumbnailUrl":"https:\/\/rockers.de\/wp-content\/uploads\/2024\/03\/Joachim-Ernst-Berendt-Hinuebergehen-Das-Wunder-Des-Spaetwerks-CD-.jpg","datePublished":"2024-03-19T15:27:43+00:00","dateModified":"2024-05-31T18:25:05+00:00","breadcrumb":{"@id":"https:\/\/rockers.de\/record\/joachim-ernst-berendt-hinuebergehen-das-wunder-des-spaetwerks-cd\/#breadcrumb"},"inLanguage":"en-US","potentialAction":[{"@type":"ReadAction","target":["https:\/\/rockers.de\/record\/joachim-ernst-berendt-hinuebergehen-das-wunder-des-spaetwerks-cd\/"]}]},{"@type":"ImageObject","inLanguage":"en-US","@id":"https:\/\/rockers.de\/record\/joachim-ernst-berendt-hinuebergehen-das-wunder-des-spaetwerks-cd\/#primaryimage","url":"https:\/\/rockers.de\/wp-content\/uploads\/2024\/03\/Joachim-Ernst-Berendt-Hinuebergehen-Das-Wunder-Des-Spaetwerks-CD-.jpg","contentUrl":"https:\/\/rockers.de\/wp-content\/uploads\/2024\/03\/Joachim-Ernst-Berendt-Hinuebergehen-Das-Wunder-Des-Spaetwerks-CD-.jpg","width":854,"height":741,"caption":"Joachim Ernst Berendt-Hin\u00fcbergehen (Das Wunder Des Sp\u00e4twerks)-CD"},{"@type":"BreadcrumbList","@id":"https:\/\/rockers.de\/record\/joachim-ernst-berendt-hinuebergehen-das-wunder-des-spaetwerks-cd\/#breadcrumb","itemListElement":[{"@type":"ListItem","position":1,"name":"Startseite","item":"https:\/\/rockers.de\/"},{"@type":"ListItem","position":2,"name":"Shop","item":"https:\/\/rockers.de\/shop\/"},{"@type":"ListItem","position":3,"name":"Joachim Ernst Berendt-Hin\u00fcbergehen (Das Wunder Des Sp\u00e4twerks)-CD"}]},{"@type":"WebSite","@id":"https:\/\/rockers.de\/#website","url":"https:\/\/rockers.de\/","name":"Rockers Records","description":"Your record store in Hanover","publisher":{"@id":"https:\/\/rockers.de\/#organization"},"potentialAction":[{"@type":"SearchAction","target":{"@type":"EntryPoint","urlTemplate":"https:\/\/rockers.de\/?s={search_term_string}"},"query-input":{"@type":"PropertyValueSpecification","valueRequired":true,"valueName":"search_term_string"}}],"inLanguage":"en-US"},{"@type":"Organization","@id":"https:\/\/rockers.de\/#organization","name":"Rockers Records","url":"https:\/\/rockers.de\/","logo":{"@type":"ImageObject","inLanguage":"en-US","@id":"https:\/\/rockers.de\/#\/schema\/logo\/image\/","url":"https:\/\/rockers.de\/wp-content\/uploads\/2022\/07\/Neue-Website-2022.jpg","contentUrl":"https:\/\/rockers.de\/wp-content\/uploads\/2022\/07\/Neue-Website-2022.jpg","width":800,"height":800,"caption":"Rockers Records"},"image":{"@id":"https:\/\/rockers.de\/#\/schema\/logo\/image\/"}}]}},"_links":{"self":[{"href":"https:\/\/rockers.de\/en\/wp-json\/wp\/v2\/product\/133700","targetHints":{"allow":["GET"]}}],"collection":[{"href":"https:\/\/rockers.de\/en\/wp-json\/wp\/v2\/product"}],"about":[{"href":"https:\/\/rockers.de\/en\/wp-json\/wp\/v2\/types\/product"}],"wp:featuredmedia":[{"embeddable":true,"href":"https:\/\/rockers.de\/en\/wp-json\/wp\/v2\/media\/133702"}],"wp:attachment":[{"href":"https:\/\/rockers.de\/en\/wp-json\/wp\/v2\/media?parent=133700"}],"wp:term":[{"taxonomy":"product_brand","embeddable":true,"href":"https:\/\/rockers.de\/en\/wp-json\/wp\/v2\/product_brand?post=133700"},{"taxonomy":"product_cat","embeddable":true,"href":"https:\/\/rockers.de\/en\/wp-json\/wp\/v2\/product_cat?post=133700"},{"taxonomy":"product_tag","embeddable":true,"href":"https:\/\/rockers.de\/en\/wp-json\/wp\/v2\/product_tag?post=133700"}],"curies":[{"name":"wp","href":"https:\/\/api.w.org\/{rel}","templated":true}]}}