{"id":132913,"date":"2024-03-04T18:01:51","date_gmt":"2024-03-04T17:01:51","guid":{"rendered":"https:\/\/rockers.de\/?post_type=product&#038;p=132913"},"modified":"2024-03-06T18:59:34","modified_gmt":"2024-03-06T17:59:34","slug":"deichkind-wer-sagt-denn-das-lp-vinyl-3","status":"publish","type":"product","link":"https:\/\/rockers.de\/en\/record\/deichkind-wer-sagt-denn-das-lp-vinyl-3\/","title":{"rendered":"Deichkind-Wer Sagt Denn Das?-LP Vinyl"},"content":{"rendered":"<p>Gatefold sleeve, with printed inner sleeves, insert and poster.<\/p>","protected":false},"excerpt":{"rendered":"<p>180g pressing<br \/>\nIncludes downloadcode for the complete album incl. Instrumentals<\/p>\n<p>A1: Mit freundlicher Genehmigung der Letterbox Filmproduktion GmbH<br \/>\nD4: contains elements from &#8222;New Day&#8220;. Published by Copyright Control.<\/p>\n<p>Alle Titel produziert in einem Tonstudio in Berlin.<br \/>\nAlle Titel gemastert in einem Masteringstudio in Hamburg.<br \/>\nAlle Titel aufgenommen in einem Tonstudio in Berlin.<br \/>\nMix: A5, B1, B2, C1, C2, C4, D1, D2, D3, D4, D5: Waldstudios<\/p>\n<p>Published<br \/>\nAlle Titel: Tiergarten Musikverlag Philipp Gruetering, Sony\/ATV Music Publishing, Liberty Land Sebastian Duerre Musikverlag, Sony\/ATV Music Publishing, Warner Chappell<br \/>\nA2: zus\u00e4tzlich BMG Rights Management, Copyright Control, Krautskitchen Publishing\/Hanseatic Musikverlag<br \/>\nA4: zus\u00e4tzlich Copyright Control, Edition Boche, Tods &amp; Freds Musikverlag, Buback, Summen &amp; Score Musikverlag\/Flex-Ton<br \/>\nA5: zus\u00e4tzlich Copyright Control<br \/>\nB1: zus\u00e4tzlich Copyright Control, Summen &amp; Score Musikverlag\/Flex-Ton<br \/>\nB2: zus\u00e4tzlich BMG Rights Management, Copyright Control, Lietzensee<br \/>\nB3: zus\u00e4tzlich Copyright Control, Edition Boche, Tods &amp; Freds Musikverlag, Buback<br \/>\nB4: zus\u00e4tzlich Copyright Control, Summen &amp; Score Musikverlag\/Flex-Ton<br \/>\nC2: zus\u00e4tzlich Summen &amp; Score Musikverlag\/Flex-Ton<br \/>\nC3: zus\u00e4tzlich Summen &amp; Score Musikverlag\/Flex-Ton<br \/>\nC4: zus\u00e4tzlich Copyright Control, Summen &amp; Score Musikverlag\/Flex-Ton<br \/>\nD1: zus\u00e4tzlich Summen &amp; Score Musikverlag\/Flex-Ton<br \/>\nD4: zus\u00e4tzlich Copyright Control, Krautskitchen Publishing\/Hanseatic Musikverlag<\/p>","protected":false},"featured_media":132915,"template":"","meta":{"_acf_changed":false},"product_brand":[],"product_cat":[195],"product_tag":[],"class_list":{"0":"post-132913","1":"product","2":"type-product","3":"status-publish","4":"has-post-thumbnail","6":"product_cat-deutscher-hip-hop","7":"pa_att_artist-deichkind","8":"pa_att_format-lp-vinyl","9":"pa_att_genre-deutscher-hip-hop","10":"pa_att_jahr-137","11":"pa_att_label-deichkind-enterprises","12":"pa_att_label-sultan-guenther-music","13":"pa_att_land-germany","15":"first","16":"outofstock","17":"taxable","18":"shipping-taxable","19":"purchasable","20":"product-type-simple"},"acf":[],"yoast_head":"<!-- This site is optimized with the Yoast SEO plugin v27.3 - https:\/\/yoast.com\/product\/yoast-seo-wordpress\/ -->\n<title>Deichkind-Wer Sagt Denn Das?-LP Vinyl - Rockers Records<\/title>\n<meta name=\"robots\" content=\"index, follow, max-snippet:-1, max-image-preview:large, max-video-preview:-1\" \/>\n<link rel=\"canonical\" href=\"https:\/\/rockers.de\/en\/record\/deichkind-wer-sagt-denn-das-lp-vinyl-3\/\" \/>\n<meta property=\"og:locale\" content=\"en_US\" \/>\n<meta property=\"og:type\" content=\"article\" \/>\n<meta property=\"og:title\" content=\"Deichkind-Wer Sagt Denn Das?-LP Vinyl - Rockers Records\" \/>\n<meta property=\"og:description\" content=\"180g pressing Includes downloadcode for the complete album incl. Instrumentals  A1: Mit freundlicher Genehmigung der Letterbox Filmproduktion GmbH D4: contains elements from &quot;New Day&quot;. Published by Copyright Control.  Alle Titel produziert in einem Tonstudio in Berlin. Alle Titel gemastert in einem Masteringstudio in Hamburg. Alle Titel aufgenommen in einem Tonstudio in Berlin. Mix: A5, B1, B2, C1, C2, C4, D1, D2, D3, D4, D5: Waldstudios  Published Alle Titel: Tiergarten Musikverlag Philipp Gruetering, Sony\/ATV Music Publishing, Liberty Land Sebastian Duerre Musikverlag, Sony\/ATV Music Publishing, Warner Chappell A2: zus\u00e4tzlich BMG Rights Management, Copyright Control, Krautskitchen Publishing\/Hanseatic Musikverlag A4: zus\u00e4tzlich Copyright Control, Edition Boche, Tods &amp; Freds Musikverlag, Buback, Summen &amp; Score Musikverlag\/Flex-Ton A5: zus\u00e4tzlich Copyright Control B1: zus\u00e4tzlich Copyright Control, Summen &amp; Score Musikverlag\/Flex-Ton B2: zus\u00e4tzlich BMG Rights Management, Copyright Control, Lietzensee B3: zus\u00e4tzlich Copyright Control, Edition Boche, Tods &amp; Freds Musikverlag, Buback B4: zus\u00e4tzlich Copyright Control, Summen &amp; Score Musikverlag\/Flex-Ton C2: zus\u00e4tzlich Summen &amp; Score Musikverlag\/Flex-Ton C3: zus\u00e4tzlich Summen &amp; Score Musikverlag\/Flex-Ton C4: zus\u00e4tzlich Copyright Control, Summen &amp; Score Musikverlag\/Flex-Ton D1: zus\u00e4tzlich Summen &amp; Score Musikverlag\/Flex-Ton D4: zus\u00e4tzlich Copyright Control, Krautskitchen Publishing\/Hanseatic Musikverlag\" \/>\n<meta property=\"og:url\" content=\"https:\/\/rockers.de\/en\/record\/deichkind-wer-sagt-denn-das-lp-vinyl-3\/\" \/>\n<meta property=\"og:site_name\" content=\"Rockers Records\" \/>\n<meta property=\"article:modified_time\" content=\"2024-03-06T17:59:34+00:00\" \/>\n<meta property=\"og:image\" content=\"https:\/\/rockers.de\/wp-content\/uploads\/2024\/03\/Deichkind-Wer-Sagt-Denn-Das-LP-Vinyl-1.jpg\" \/>\n\t<meta property=\"og:image:width\" content=\"1800\" \/>\n\t<meta property=\"og:image:height\" content=\"1859\" \/>\n\t<meta property=\"og:image:type\" content=\"image\/jpeg\" \/>\n<meta name=\"twitter:card\" content=\"summary_large_image\" \/>\n<meta name=\"twitter:label1\" content=\"Est. reading time\" \/>\n\t<meta name=\"twitter:data1\" content=\"2 minutes\" \/>\n<script type=\"application\/ld+json\" class=\"yoast-schema-graph\">{\"@context\":\"https:\\\/\\\/schema.org\",\"@graph\":[{\"@type\":\"WebPage\",\"@id\":\"https:\\\/\\\/rockers.de\\\/record\\\/deichkind-wer-sagt-denn-das-lp-vinyl-3\\\/\",\"url\":\"https:\\\/\\\/rockers.de\\\/record\\\/deichkind-wer-sagt-denn-das-lp-vinyl-3\\\/\",\"name\":\"Deichkind-Wer Sagt Denn Das?-LP Vinyl - Rockers Records\",\"isPartOf\":{\"@id\":\"https:\\\/\\\/rockers.de\\\/#website\"},\"primaryImageOfPage\":{\"@id\":\"https:\\\/\\\/rockers.de\\\/record\\\/deichkind-wer-sagt-denn-das-lp-vinyl-3\\\/#primaryimage\"},\"image\":{\"@id\":\"https:\\\/\\\/rockers.de\\\/record\\\/deichkind-wer-sagt-denn-das-lp-vinyl-3\\\/#primaryimage\"},\"thumbnailUrl\":\"https:\\\/\\\/rockers.de\\\/wp-content\\\/uploads\\\/2024\\\/03\\\/Deichkind-Wer-Sagt-Denn-Das-LP-Vinyl-1.jpg\",\"datePublished\":\"2024-03-04T17:01:51+00:00\",\"dateModified\":\"2024-03-06T17:59:34+00:00\",\"breadcrumb\":{\"@id\":\"https:\\\/\\\/rockers.de\\\/record\\\/deichkind-wer-sagt-denn-das-lp-vinyl-3\\\/#breadcrumb\"},\"inLanguage\":\"en-US\",\"potentialAction\":[{\"@type\":\"ReadAction\",\"target\":[\"https:\\\/\\\/rockers.de\\\/record\\\/deichkind-wer-sagt-denn-das-lp-vinyl-3\\\/\"]}]},{\"@type\":\"ImageObject\",\"inLanguage\":\"en-US\",\"@id\":\"https:\\\/\\\/rockers.de\\\/record\\\/deichkind-wer-sagt-denn-das-lp-vinyl-3\\\/#primaryimage\",\"url\":\"https:\\\/\\\/rockers.de\\\/wp-content\\\/uploads\\\/2024\\\/03\\\/Deichkind-Wer-Sagt-Denn-Das-LP-Vinyl-1.jpg\",\"contentUrl\":\"https:\\\/\\\/rockers.de\\\/wp-content\\\/uploads\\\/2024\\\/03\\\/Deichkind-Wer-Sagt-Denn-Das-LP-Vinyl-1.jpg\",\"width\":1800,\"height\":1859,\"caption\":\"Deichkind-Wer Sagt Denn Das-LP Vinyl\"},{\"@type\":\"BreadcrumbList\",\"@id\":\"https:\\\/\\\/rockers.de\\\/record\\\/deichkind-wer-sagt-denn-das-lp-vinyl-3\\\/#breadcrumb\",\"itemListElement\":[{\"@type\":\"ListItem\",\"position\":1,\"name\":\"Startseite\",\"item\":\"https:\\\/\\\/rockers.de\\\/\"},{\"@type\":\"ListItem\",\"position\":2,\"name\":\"Shop\",\"item\":\"https:\\\/\\\/rockers.de\\\/shop\\\/\"},{\"@type\":\"ListItem\",\"position\":3,\"name\":\"Deichkind-Wer Sagt Denn Das?-LP Vinyl\"}]},{\"@type\":\"WebSite\",\"@id\":\"https:\\\/\\\/rockers.de\\\/#website\",\"url\":\"https:\\\/\\\/rockers.de\\\/\",\"name\":\"Rockers Records\",\"description\":\"Dein Schallplatten Store in Hannover\",\"publisher\":{\"@id\":\"https:\\\/\\\/rockers.de\\\/#organization\"},\"potentialAction\":[{\"@type\":\"SearchAction\",\"target\":{\"@type\":\"EntryPoint\",\"urlTemplate\":\"https:\\\/\\\/rockers.de\\\/?s={search_term_string}\"},\"query-input\":{\"@type\":\"PropertyValueSpecification\",\"valueRequired\":true,\"valueName\":\"search_term_string\"}}],\"inLanguage\":\"en-US\"},{\"@type\":\"Organization\",\"@id\":\"https:\\\/\\\/rockers.de\\\/#organization\",\"name\":\"Rockers Records\",\"url\":\"https:\\\/\\\/rockers.de\\\/\",\"logo\":{\"@type\":\"ImageObject\",\"inLanguage\":\"en-US\",\"@id\":\"https:\\\/\\\/rockers.de\\\/#\\\/schema\\\/logo\\\/image\\\/\",\"url\":\"https:\\\/\\\/rockers.de\\\/wp-content\\\/uploads\\\/2022\\\/07\\\/Neue-Website-2022.jpg\",\"contentUrl\":\"https:\\\/\\\/rockers.de\\\/wp-content\\\/uploads\\\/2022\\\/07\\\/Neue-Website-2022.jpg\",\"width\":800,\"height\":800,\"caption\":\"Rockers Records\"},\"image\":{\"@id\":\"https:\\\/\\\/rockers.de\\\/#\\\/schema\\\/logo\\\/image\\\/\"}}]}<\/script>\n<!-- \/ Yoast SEO plugin. -->","yoast_head_json":{"title":"Deichkind-Wer Sagt Denn Das?-LP Vinyl - Rockers Records","robots":{"index":"index","follow":"follow","max-snippet":"max-snippet:-1","max-image-preview":"max-image-preview:large","max-video-preview":"max-video-preview:-1"},"canonical":"https:\/\/rockers.de\/en\/record\/deichkind-wer-sagt-denn-das-lp-vinyl-3\/","og_locale":"en_US","og_type":"article","og_title":"Deichkind-Wer Sagt Denn Das?-LP Vinyl - Rockers Records","og_description":"180g pressing Includes downloadcode for the complete album incl. Instrumentals  A1: Mit freundlicher Genehmigung der Letterbox Filmproduktion GmbH D4: contains elements from \"New Day\". Published by Copyright Control.  Alle Titel produziert in einem Tonstudio in Berlin. Alle Titel gemastert in einem Masteringstudio in Hamburg. Alle Titel aufgenommen in einem Tonstudio in Berlin. Mix: A5, B1, B2, C1, C2, C4, D1, D2, D3, D4, D5: Waldstudios  Published Alle Titel: Tiergarten Musikverlag Philipp Gruetering, Sony\/ATV Music Publishing, Liberty Land Sebastian Duerre Musikverlag, Sony\/ATV Music Publishing, Warner Chappell A2: zus\u00e4tzlich BMG Rights Management, Copyright Control, Krautskitchen Publishing\/Hanseatic Musikverlag A4: zus\u00e4tzlich Copyright Control, Edition Boche, Tods &amp; Freds Musikverlag, Buback, Summen &amp; Score Musikverlag\/Flex-Ton A5: zus\u00e4tzlich Copyright Control B1: zus\u00e4tzlich Copyright Control, Summen &amp; Score Musikverlag\/Flex-Ton B2: zus\u00e4tzlich BMG Rights Management, Copyright Control, Lietzensee B3: zus\u00e4tzlich Copyright Control, Edition Boche, Tods &amp; Freds Musikverlag, Buback B4: zus\u00e4tzlich Copyright Control, Summen &amp; Score Musikverlag\/Flex-Ton C2: zus\u00e4tzlich Summen &amp; Score Musikverlag\/Flex-Ton C3: zus\u00e4tzlich Summen &amp; Score Musikverlag\/Flex-Ton C4: zus\u00e4tzlich Copyright Control, Summen &amp; Score Musikverlag\/Flex-Ton D1: zus\u00e4tzlich Summen &amp; Score Musikverlag\/Flex-Ton D4: zus\u00e4tzlich Copyright Control, Krautskitchen Publishing\/Hanseatic Musikverlag","og_url":"https:\/\/rockers.de\/en\/record\/deichkind-wer-sagt-denn-das-lp-vinyl-3\/","og_site_name":"Rockers Records","article_modified_time":"2024-03-06T17:59:34+00:00","og_image":[{"width":1800,"height":1859,"url":"https:\/\/rockers.de\/wp-content\/uploads\/2024\/03\/Deichkind-Wer-Sagt-Denn-Das-LP-Vinyl-1.jpg","type":"image\/jpeg"}],"twitter_card":"summary_large_image","twitter_misc":{"Est. reading time":"2 minutes"},"schema":{"@context":"https:\/\/schema.org","@graph":[{"@type":"WebPage","@id":"https:\/\/rockers.de\/record\/deichkind-wer-sagt-denn-das-lp-vinyl-3\/","url":"https:\/\/rockers.de\/record\/deichkind-wer-sagt-denn-das-lp-vinyl-3\/","name":"Deichkind-Wer Sagt Denn Das?-LP Vinyl - Rockers Records","isPartOf":{"@id":"https:\/\/rockers.de\/#website"},"primaryImageOfPage":{"@id":"https:\/\/rockers.de\/record\/deichkind-wer-sagt-denn-das-lp-vinyl-3\/#primaryimage"},"image":{"@id":"https:\/\/rockers.de\/record\/deichkind-wer-sagt-denn-das-lp-vinyl-3\/#primaryimage"},"thumbnailUrl":"https:\/\/rockers.de\/wp-content\/uploads\/2024\/03\/Deichkind-Wer-Sagt-Denn-Das-LP-Vinyl-1.jpg","datePublished":"2024-03-04T17:01:51+00:00","dateModified":"2024-03-06T17:59:34+00:00","breadcrumb":{"@id":"https:\/\/rockers.de\/record\/deichkind-wer-sagt-denn-das-lp-vinyl-3\/#breadcrumb"},"inLanguage":"en-US","potentialAction":[{"@type":"ReadAction","target":["https:\/\/rockers.de\/record\/deichkind-wer-sagt-denn-das-lp-vinyl-3\/"]}]},{"@type":"ImageObject","inLanguage":"en-US","@id":"https:\/\/rockers.de\/record\/deichkind-wer-sagt-denn-das-lp-vinyl-3\/#primaryimage","url":"https:\/\/rockers.de\/wp-content\/uploads\/2024\/03\/Deichkind-Wer-Sagt-Denn-Das-LP-Vinyl-1.jpg","contentUrl":"https:\/\/rockers.de\/wp-content\/uploads\/2024\/03\/Deichkind-Wer-Sagt-Denn-Das-LP-Vinyl-1.jpg","width":1800,"height":1859,"caption":"Deichkind-Wer Sagt Denn Das-LP Vinyl"},{"@type":"BreadcrumbList","@id":"https:\/\/rockers.de\/record\/deichkind-wer-sagt-denn-das-lp-vinyl-3\/#breadcrumb","itemListElement":[{"@type":"ListItem","position":1,"name":"Startseite","item":"https:\/\/rockers.de\/"},{"@type":"ListItem","position":2,"name":"Shop","item":"https:\/\/rockers.de\/shop\/"},{"@type":"ListItem","position":3,"name":"Deichkind-Wer Sagt Denn Das?-LP Vinyl"}]},{"@type":"WebSite","@id":"https:\/\/rockers.de\/#website","url":"https:\/\/rockers.de\/","name":"Rockers Records","description":"Your record store in Hanover","publisher":{"@id":"https:\/\/rockers.de\/#organization"},"potentialAction":[{"@type":"SearchAction","target":{"@type":"EntryPoint","urlTemplate":"https:\/\/rockers.de\/?s={search_term_string}"},"query-input":{"@type":"PropertyValueSpecification","valueRequired":true,"valueName":"search_term_string"}}],"inLanguage":"en-US"},{"@type":"Organization","@id":"https:\/\/rockers.de\/#organization","name":"Rockers Records","url":"https:\/\/rockers.de\/","logo":{"@type":"ImageObject","inLanguage":"en-US","@id":"https:\/\/rockers.de\/#\/schema\/logo\/image\/","url":"https:\/\/rockers.de\/wp-content\/uploads\/2022\/07\/Neue-Website-2022.jpg","contentUrl":"https:\/\/rockers.de\/wp-content\/uploads\/2022\/07\/Neue-Website-2022.jpg","width":800,"height":800,"caption":"Rockers Records"},"image":{"@id":"https:\/\/rockers.de\/#\/schema\/logo\/image\/"}}]}},"_links":{"self":[{"href":"https:\/\/rockers.de\/en\/wp-json\/wp\/v2\/product\/132913","targetHints":{"allow":["GET"]}}],"collection":[{"href":"https:\/\/rockers.de\/en\/wp-json\/wp\/v2\/product"}],"about":[{"href":"https:\/\/rockers.de\/en\/wp-json\/wp\/v2\/types\/product"}],"wp:featuredmedia":[{"embeddable":true,"href":"https:\/\/rockers.de\/en\/wp-json\/wp\/v2\/media\/132915"}],"wp:attachment":[{"href":"https:\/\/rockers.de\/en\/wp-json\/wp\/v2\/media?parent=132913"}],"wp:term":[{"taxonomy":"product_brand","embeddable":true,"href":"https:\/\/rockers.de\/en\/wp-json\/wp\/v2\/product_brand?post=132913"},{"taxonomy":"product_cat","embeddable":true,"href":"https:\/\/rockers.de\/en\/wp-json\/wp\/v2\/product_cat?post=132913"},{"taxonomy":"product_tag","embeddable":true,"href":"https:\/\/rockers.de\/en\/wp-json\/wp\/v2\/product_tag?post=132913"}],"curies":[{"name":"wp","href":"https:\/\/api.w.org\/{rel}","templated":true}]}}