{"id":132912,"date":"2024-03-04T18:06:22","date_gmt":"2024-03-04T17:06:22","guid":{"rendered":"https:\/\/rockers.de\/?post_type=product&#038;p=132912"},"modified":"2024-03-13T16:08:01","modified_gmt":"2024-03-13T15:08:01","slug":"various-calypso-madame-west-indian-female-singers-1954-1968-lp-vinyl","status":"publish","type":"product","link":"https:\/\/rockers.de\/en\/record\/various-calypso-madame-west-indian-female-singers-1954-1968-lp-vinyl\/","title":{"rendered":"Various-Calypso Madame! (West Indian Female Singers 1954\u200b-1968)-LP Vinyl"},"content":{"rendered":"<p>alternative release including distributor credits on the back sleeve (on the lower right, between &#8222;MaAuLa Records&#8220; logo and barcode)<\/p>\n<p>Release Dates:<br \/>\n1954: Tracks A6, B7<br \/>\n1956: Tracks A3, B5<br \/>\n1957: Tracks A1, A5, B2, B3<br \/>\n1960: Tracks A2, B4<br \/>\n1962: Tracks A7, B1<br \/>\n1968: Tracks A4, B6<\/p>\n<p>Tom Stakhanov &#8211; Souvenirs:<br \/>\n1963, Nassau, Bahamas. Le c\u00e9l\u00e8bre hornythologue Tom Stakhanov, en d\u00e9placement dans les cara\u00efbes dans le cadre de ses observations d&#8217;oiseaux, notamment de poulettes, tombe amoureux du calypso et plus pr\u00e9cis\u00e9ment de ses chanteuses. Il commence doucement \u00e0 accumuler des disques de musiques carib\u00e9ennes, ce qui lui permettra de se rem\u00e9morer le climat tropical lorsqu\u2019il devra rentrer \u00e0 Paris. Revenu de son voyage, le patron d&#8217;un fameux bar tiki de la capitale fran\u00e7aise, Cedrico dit \u00ab le manager \u00bb, lui fait rencontrer les non moins fameux The Loire Valley Calypsos, orchestre nourrissant une passion commune pour la musique exotique. Apr\u00e8s quelques soir\u00e9es arros\u00e9es de \u00ab chartreuse \u00bb ou de \u00ab cr\u00e9mant \u00bb, ils sympathisent et ensemble, se convainquent qu&#8217;il est n\u00e9cessaire de replacer dignement la chanteuse sur la carte du calypso. \u00ab Make calypso female singers great again \u00bb. Ainsi na\u00eetra \u00ab Calypso Madame ! \u00bb, la premi\u00e8re compilation de chanteuses de calypso. <\/p>\n<p>1963, Nassau, Bahamas<br \/>\nThe well-known hornythologist Tom Stakhanov, traveling in the West Indies for bird watching, including chicks, fall in love with calypso music and, to be more specific, with the female singers. He starts to dig for Caribbean records to remind himself the tropical mood when he will be back in Paris. One night, back home in a famous tiki bar in the French capital, Cedrico AKA \u00ab The Manager \u00bb introduces him to the no less famous The Loire Valley Calypsos, a band very enthusiatic about exotic music. After drinking \u00ab chartreuse \u00bb and \u00ab cr\u00e9mant \u00bb, and becoming friends, they convice themselves that it is highly important to &#8222;Make calypso female singers great again&#8220;. This was born \u00ab Calypso Madame \u00bb. <\/p>\n<p>Special thanks to Caribbean Music Group to let us use the two Calypso Rose&#8217;s songs.<\/p>","protected":false},"excerpt":{"rendered":"<p>alternative release including distributor credits on the back sleeve (on the lower right, between &#8222;MaAuLa Records&#8220; logo and barcode)<\/p>\n<p>Release Dates:<br \/>\n1954: Tracks A6, B7<br \/>\n1956: Tracks A3, B5<br \/>\n1957: Tracks A1, A5, B2, B3<br \/>\n1960: Tracks A2, B4<br \/>\n1962: Tracks A7, B1<br \/>\n1968: Tracks A4, B6<\/p>\n<p>Tom Stakhanov &#8211; Souvenirs:<br \/>\n1963, Nassau, Bahamas. Le c\u00e9l\u00e8bre hornythologue Tom Stakhanov, en d\u00e9placement dans les cara\u00efbes dans le cadre de ses observations d&#8217;oiseaux, notamment de poulettes, tombe amoureux du calypso et plus pr\u00e9cis\u00e9ment de ses chanteuses. Il commence doucement \u00e0 accumuler des disques de musiques carib\u00e9ennes, ce qui lui permettra de se rem\u00e9morer le climat tropical lorsqu\u2019il devra rentrer \u00e0 Paris. Revenu de son voyage, le patron d&#8217;un fameux bar tiki de la capitale fran\u00e7aise, Cedrico dit \u00ab le manager \u00bb, lui fait rencontrer les non moins fameux The Loire Valley Calypsos, orchestre nourrissant une passion commune pour la musique exotique. Apr\u00e8s quelques soir\u00e9es arros\u00e9es de \u00ab chartreuse \u00bb ou de \u00ab cr\u00e9mant \u00bb, ils sympathisent et ensemble, se convainquent qu&#8217;il est n\u00e9cessaire de replacer dignement la chanteuse sur la carte du calypso. \u00ab Make calypso female singers great again \u00bb. Ainsi na\u00eetra \u00ab Calypso Madame ! \u00bb, la premi\u00e8re compilation de chanteuses de calypso.<\/p>\n<p>1963, Nassau, Bahamas<br \/>\nThe well-known hornythologist Tom Stakhanov, traveling in the West Indies for bird watching, including chicks, fall in love with calypso music and, to be more specific, with the female singers. He starts to dig for Caribbean records to remind himself the tropical mood when he will be back in Paris. One night, back home in a famous tiki bar in the French capital, Cedrico AKA \u00ab The Manager \u00bb introduces him to the no less famous The Loire Valley Calypsos, a band very enthusiatic about exotic music. After drinking \u00ab chartreuse \u00bb and \u00ab cr\u00e9mant \u00bb, and becoming friends, they convice themselves that it is highly important to &#8222;Make calypso female singers great again&#8220;. This was born \u00ab Calypso Madame \u00bb.<\/p>\n<p>Special thanks to Caribbean Music Group to let us use the two Calypso Rose&#8217;s songs.<\/p>","protected":false},"featured_media":132916,"template":"","meta":{"_acf_changed":false},"product_brand":[],"product_cat":[4131,20920,542],"product_tag":[],"class_list":{"0":"post-132912","1":"product","2":"type-product","3":"status-publish","4":"has-post-thumbnail","6":"product_cat-calypso","7":"product_cat-mento","8":"product_cat-ska","9":"pa_att_artist-various","10":"pa_att_format-lp-vinyl","11":"pa_att_genre-ska","12":"pa_att_jahr-86","13":"pa_att_label-maaula-records","14":"pa_att_land-france","16":"first","17":"outofstock","18":"taxable","19":"shipping-taxable","20":"purchasable","21":"product-type-simple"},"acf":[],"yoast_head":"<!-- This site is optimized with the Yoast SEO plugin v27.3 - https:\/\/yoast.com\/product\/yoast-seo-wordpress\/ -->\n<title>Various-Calypso Madame! (West Indian Female Singers 1954\u200b-1968)-LP Vinyl - Rockers Records<\/title>\n<meta name=\"robots\" content=\"index, follow, max-snippet:-1, max-image-preview:large, max-video-preview:-1\" \/>\n<link rel=\"canonical\" href=\"https:\/\/rockers.de\/en\/record\/various-calypso-madame-west-indian-female-singers-1954-1968-lp-vinyl\/\" \/>\n<meta property=\"og:locale\" content=\"en_US\" \/>\n<meta property=\"og:type\" content=\"article\" \/>\n<meta property=\"og:title\" content=\"Various-Calypso Madame! (West Indian Female Singers 1954\u200b-1968)-LP Vinyl - Rockers Records\" \/>\n<meta property=\"og:description\" content=\"alternative release including distributor credits on the back sleeve (on the lower right, between &quot;MaAuLa Records&quot; logo and barcode)  Release Dates: 1954: Tracks A6, B7 1956: Tracks A3, B5 1957: Tracks A1, A5, B2, B3 1960: Tracks A2, B4 1962: Tracks A7, B1 1968: Tracks A4, B6  Tom Stakhanov - Souvenirs: 1963, Nassau, Bahamas. Le c\u00e9l\u00e8bre hornythologue Tom Stakhanov, en d\u00e9placement dans les cara\u00efbes dans le cadre de ses observations d&#039;oiseaux, notamment de poulettes, tombe amoureux du calypso et plus pr\u00e9cis\u00e9ment de ses chanteuses. Il commence doucement \u00e0 accumuler des disques de musiques carib\u00e9ennes, ce qui lui permettra de se rem\u00e9morer le climat tropical lorsqu\u2019il devra rentrer \u00e0 Paris. Revenu de son voyage, le patron d&#039;un fameux bar tiki de la capitale fran\u00e7aise, Cedrico dit \u00ab le manager \u00bb, lui fait rencontrer les non moins fameux The Loire Valley Calypsos, orchestre nourrissant une passion commune pour la musique exotique. Apr\u00e8s quelques soir\u00e9es arros\u00e9es de \u00ab chartreuse \u00bb ou de \u00ab cr\u00e9mant \u00bb, ils sympathisent et ensemble, se convainquent qu&#039;il est n\u00e9cessaire de replacer dignement la chanteuse sur la carte du calypso. \u00ab Make calypso female singers great again \u00bb. Ainsi na\u00eetra \u00ab Calypso Madame ! \u00bb, la premi\u00e8re compilation de chanteuses de calypso.  1963, Nassau, Bahamas The well-known hornythologist Tom Stakhanov, traveling in the West Indies for bird watching, including chicks, fall in love with calypso music and, to be more specific, with the female singers. He starts to dig for Caribbean records to remind himself the tropical mood when he will be back in Paris. One night, back home in a famous tiki bar in the French capital, Cedrico AKA \u00ab The Manager \u00bb introduces him to the no less famous The Loire Valley Calypsos, a band very enthusiatic about exotic music. After drinking \u00ab chartreuse \u00bb and \u00ab cr\u00e9mant \u00bb, and becoming friends, they convice themselves that it is highly important to &quot;Make calypso female singers great again&quot;. This was born \u00ab Calypso Madame \u00bb.  Special thanks to Caribbean Music Group to let us use the two Calypso Rose&#039;s songs.\" \/>\n<meta property=\"og:url\" content=\"https:\/\/rockers.de\/en\/record\/various-calypso-madame-west-indian-female-singers-1954-1968-lp-vinyl\/\" \/>\n<meta property=\"og:site_name\" content=\"Rockers Records\" \/>\n<meta property=\"article:modified_time\" content=\"2024-03-13T15:08:01+00:00\" \/>\n<meta property=\"og:image\" content=\"https:\/\/rockers.de\/wp-content\/uploads\/2024\/03\/Various-Calypso-Madame-West-Indian-Female-Singers-1954-1968-LP-Vinyl-1.jpg\" \/>\n\t<meta property=\"og:image:width\" content=\"1800\" \/>\n\t<meta property=\"og:image:height\" content=\"1834\" \/>\n\t<meta property=\"og:image:type\" content=\"image\/jpeg\" \/>\n<meta name=\"twitter:card\" content=\"summary_large_image\" \/>\n<meta name=\"twitter:label1\" content=\"Est. reading time\" \/>\n\t<meta name=\"twitter:data1\" content=\"2 minutes\" \/>\n<script type=\"application\/ld+json\" class=\"yoast-schema-graph\">{\"@context\":\"https:\\\/\\\/schema.org\",\"@graph\":[{\"@type\":\"WebPage\",\"@id\":\"https:\\\/\\\/rockers.de\\\/record\\\/various-calypso-madame-west-indian-female-singers-1954-1968-lp-vinyl\\\/\",\"url\":\"https:\\\/\\\/rockers.de\\\/record\\\/various-calypso-madame-west-indian-female-singers-1954-1968-lp-vinyl\\\/\",\"name\":\"Various-Calypso Madame! (West Indian Female Singers 1954\u200b-1968)-LP Vinyl - Rockers Records\",\"isPartOf\":{\"@id\":\"https:\\\/\\\/rockers.de\\\/#website\"},\"primaryImageOfPage\":{\"@id\":\"https:\\\/\\\/rockers.de\\\/record\\\/various-calypso-madame-west-indian-female-singers-1954-1968-lp-vinyl\\\/#primaryimage\"},\"image\":{\"@id\":\"https:\\\/\\\/rockers.de\\\/record\\\/various-calypso-madame-west-indian-female-singers-1954-1968-lp-vinyl\\\/#primaryimage\"},\"thumbnailUrl\":\"https:\\\/\\\/rockers.de\\\/wp-content\\\/uploads\\\/2024\\\/03\\\/Various-Calypso-Madame-West-Indian-Female-Singers-1954-1968-LP-Vinyl-1.jpg\",\"datePublished\":\"2024-03-04T17:06:22+00:00\",\"dateModified\":\"2024-03-13T15:08:01+00:00\",\"breadcrumb\":{\"@id\":\"https:\\\/\\\/rockers.de\\\/record\\\/various-calypso-madame-west-indian-female-singers-1954-1968-lp-vinyl\\\/#breadcrumb\"},\"inLanguage\":\"en-US\",\"potentialAction\":[{\"@type\":\"ReadAction\",\"target\":[\"https:\\\/\\\/rockers.de\\\/record\\\/various-calypso-madame-west-indian-female-singers-1954-1968-lp-vinyl\\\/\"]}]},{\"@type\":\"ImageObject\",\"inLanguage\":\"en-US\",\"@id\":\"https:\\\/\\\/rockers.de\\\/record\\\/various-calypso-madame-west-indian-female-singers-1954-1968-lp-vinyl\\\/#primaryimage\",\"url\":\"https:\\\/\\\/rockers.de\\\/wp-content\\\/uploads\\\/2024\\\/03\\\/Various-Calypso-Madame-West-Indian-Female-Singers-1954-1968-LP-Vinyl-1.jpg\",\"contentUrl\":\"https:\\\/\\\/rockers.de\\\/wp-content\\\/uploads\\\/2024\\\/03\\\/Various-Calypso-Madame-West-Indian-Female-Singers-1954-1968-LP-Vinyl-1.jpg\",\"width\":1800,\"height\":1834,\"caption\":\"Various-Calypso Madame! (West Indian Female Singers 1954-1968)-LP Vinyl\"},{\"@type\":\"BreadcrumbList\",\"@id\":\"https:\\\/\\\/rockers.de\\\/record\\\/various-calypso-madame-west-indian-female-singers-1954-1968-lp-vinyl\\\/#breadcrumb\",\"itemListElement\":[{\"@type\":\"ListItem\",\"position\":1,\"name\":\"Startseite\",\"item\":\"https:\\\/\\\/rockers.de\\\/\"},{\"@type\":\"ListItem\",\"position\":2,\"name\":\"Shop\",\"item\":\"https:\\\/\\\/rockers.de\\\/shop\\\/\"},{\"@type\":\"ListItem\",\"position\":3,\"name\":\"Various-Calypso Madame! (West Indian Female Singers 1954\u200b-1968)-LP Vinyl\"}]},{\"@type\":\"WebSite\",\"@id\":\"https:\\\/\\\/rockers.de\\\/#website\",\"url\":\"https:\\\/\\\/rockers.de\\\/\",\"name\":\"Rockers Records\",\"description\":\"Dein Schallplatten Store in Hannover\",\"publisher\":{\"@id\":\"https:\\\/\\\/rockers.de\\\/#organization\"},\"potentialAction\":[{\"@type\":\"SearchAction\",\"target\":{\"@type\":\"EntryPoint\",\"urlTemplate\":\"https:\\\/\\\/rockers.de\\\/?s={search_term_string}\"},\"query-input\":{\"@type\":\"PropertyValueSpecification\",\"valueRequired\":true,\"valueName\":\"search_term_string\"}}],\"inLanguage\":\"en-US\"},{\"@type\":\"Organization\",\"@id\":\"https:\\\/\\\/rockers.de\\\/#organization\",\"name\":\"Rockers Records\",\"url\":\"https:\\\/\\\/rockers.de\\\/\",\"logo\":{\"@type\":\"ImageObject\",\"inLanguage\":\"en-US\",\"@id\":\"https:\\\/\\\/rockers.de\\\/#\\\/schema\\\/logo\\\/image\\\/\",\"url\":\"https:\\\/\\\/rockers.de\\\/wp-content\\\/uploads\\\/2022\\\/07\\\/Neue-Website-2022.jpg\",\"contentUrl\":\"https:\\\/\\\/rockers.de\\\/wp-content\\\/uploads\\\/2022\\\/07\\\/Neue-Website-2022.jpg\",\"width\":800,\"height\":800,\"caption\":\"Rockers Records\"},\"image\":{\"@id\":\"https:\\\/\\\/rockers.de\\\/#\\\/schema\\\/logo\\\/image\\\/\"}}]}<\/script>\n<!-- \/ Yoast SEO plugin. -->","yoast_head_json":{"title":"Various-Calypso Madame! (West Indian Female Singers 1954\u200b-1968)-LP Vinyl - Rockers Records","robots":{"index":"index","follow":"follow","max-snippet":"max-snippet:-1","max-image-preview":"max-image-preview:large","max-video-preview":"max-video-preview:-1"},"canonical":"https:\/\/rockers.de\/en\/record\/various-calypso-madame-west-indian-female-singers-1954-1968-lp-vinyl\/","og_locale":"en_US","og_type":"article","og_title":"Various-Calypso Madame! (West Indian Female Singers 1954\u200b-1968)-LP Vinyl - Rockers Records","og_description":"alternative release including distributor credits on the back sleeve (on the lower right, between \"MaAuLa Records\" logo and barcode)  Release Dates: 1954: Tracks A6, B7 1956: Tracks A3, B5 1957: Tracks A1, A5, B2, B3 1960: Tracks A2, B4 1962: Tracks A7, B1 1968: Tracks A4, B6  Tom Stakhanov - Souvenirs: 1963, Nassau, Bahamas. Le c\u00e9l\u00e8bre hornythologue Tom Stakhanov, en d\u00e9placement dans les cara\u00efbes dans le cadre de ses observations d'oiseaux, notamment de poulettes, tombe amoureux du calypso et plus pr\u00e9cis\u00e9ment de ses chanteuses. Il commence doucement \u00e0 accumuler des disques de musiques carib\u00e9ennes, ce qui lui permettra de se rem\u00e9morer le climat tropical lorsqu\u2019il devra rentrer \u00e0 Paris. Revenu de son voyage, le patron d'un fameux bar tiki de la capitale fran\u00e7aise, Cedrico dit \u00ab le manager \u00bb, lui fait rencontrer les non moins fameux The Loire Valley Calypsos, orchestre nourrissant une passion commune pour la musique exotique. Apr\u00e8s quelques soir\u00e9es arros\u00e9es de \u00ab chartreuse \u00bb ou de \u00ab cr\u00e9mant \u00bb, ils sympathisent et ensemble, se convainquent qu'il est n\u00e9cessaire de replacer dignement la chanteuse sur la carte du calypso. \u00ab Make calypso female singers great again \u00bb. Ainsi na\u00eetra \u00ab Calypso Madame ! \u00bb, la premi\u00e8re compilation de chanteuses de calypso.  1963, Nassau, Bahamas The well-known hornythologist Tom Stakhanov, traveling in the West Indies for bird watching, including chicks, fall in love with calypso music and, to be more specific, with the female singers. He starts to dig for Caribbean records to remind himself the tropical mood when he will be back in Paris. One night, back home in a famous tiki bar in the French capital, Cedrico AKA \u00ab The Manager \u00bb introduces him to the no less famous The Loire Valley Calypsos, a band very enthusiatic about exotic music. After drinking \u00ab chartreuse \u00bb and \u00ab cr\u00e9mant \u00bb, and becoming friends, they convice themselves that it is highly important to \"Make calypso female singers great again\". This was born \u00ab Calypso Madame \u00bb.  Special thanks to Caribbean Music Group to let us use the two Calypso Rose's songs.","og_url":"https:\/\/rockers.de\/en\/record\/various-calypso-madame-west-indian-female-singers-1954-1968-lp-vinyl\/","og_site_name":"Rockers Records","article_modified_time":"2024-03-13T15:08:01+00:00","og_image":[{"width":1800,"height":1834,"url":"https:\/\/rockers.de\/wp-content\/uploads\/2024\/03\/Various-Calypso-Madame-West-Indian-Female-Singers-1954-1968-LP-Vinyl-1.jpg","type":"image\/jpeg"}],"twitter_card":"summary_large_image","twitter_misc":{"Est. reading time":"2 minutes"},"schema":{"@context":"https:\/\/schema.org","@graph":[{"@type":"WebPage","@id":"https:\/\/rockers.de\/record\/various-calypso-madame-west-indian-female-singers-1954-1968-lp-vinyl\/","url":"https:\/\/rockers.de\/record\/various-calypso-madame-west-indian-female-singers-1954-1968-lp-vinyl\/","name":"Various-Calypso Madame! (West Indian Female Singers 1954\u200b-1968)-LP Vinyl - Rockers Records","isPartOf":{"@id":"https:\/\/rockers.de\/#website"},"primaryImageOfPage":{"@id":"https:\/\/rockers.de\/record\/various-calypso-madame-west-indian-female-singers-1954-1968-lp-vinyl\/#primaryimage"},"image":{"@id":"https:\/\/rockers.de\/record\/various-calypso-madame-west-indian-female-singers-1954-1968-lp-vinyl\/#primaryimage"},"thumbnailUrl":"https:\/\/rockers.de\/wp-content\/uploads\/2024\/03\/Various-Calypso-Madame-West-Indian-Female-Singers-1954-1968-LP-Vinyl-1.jpg","datePublished":"2024-03-04T17:06:22+00:00","dateModified":"2024-03-13T15:08:01+00:00","breadcrumb":{"@id":"https:\/\/rockers.de\/record\/various-calypso-madame-west-indian-female-singers-1954-1968-lp-vinyl\/#breadcrumb"},"inLanguage":"en-US","potentialAction":[{"@type":"ReadAction","target":["https:\/\/rockers.de\/record\/various-calypso-madame-west-indian-female-singers-1954-1968-lp-vinyl\/"]}]},{"@type":"ImageObject","inLanguage":"en-US","@id":"https:\/\/rockers.de\/record\/various-calypso-madame-west-indian-female-singers-1954-1968-lp-vinyl\/#primaryimage","url":"https:\/\/rockers.de\/wp-content\/uploads\/2024\/03\/Various-Calypso-Madame-West-Indian-Female-Singers-1954-1968-LP-Vinyl-1.jpg","contentUrl":"https:\/\/rockers.de\/wp-content\/uploads\/2024\/03\/Various-Calypso-Madame-West-Indian-Female-Singers-1954-1968-LP-Vinyl-1.jpg","width":1800,"height":1834,"caption":"Various-Calypso Madame! (West Indian Female Singers 1954-1968)-LP Vinyl"},{"@type":"BreadcrumbList","@id":"https:\/\/rockers.de\/record\/various-calypso-madame-west-indian-female-singers-1954-1968-lp-vinyl\/#breadcrumb","itemListElement":[{"@type":"ListItem","position":1,"name":"Startseite","item":"https:\/\/rockers.de\/"},{"@type":"ListItem","position":2,"name":"Shop","item":"https:\/\/rockers.de\/shop\/"},{"@type":"ListItem","position":3,"name":"Various-Calypso Madame! (West Indian Female Singers 1954\u200b-1968)-LP Vinyl"}]},{"@type":"WebSite","@id":"https:\/\/rockers.de\/#website","url":"https:\/\/rockers.de\/","name":"Rockers Records","description":"Your record store in Hanover","publisher":{"@id":"https:\/\/rockers.de\/#organization"},"potentialAction":[{"@type":"SearchAction","target":{"@type":"EntryPoint","urlTemplate":"https:\/\/rockers.de\/?s={search_term_string}"},"query-input":{"@type":"PropertyValueSpecification","valueRequired":true,"valueName":"search_term_string"}}],"inLanguage":"en-US"},{"@type":"Organization","@id":"https:\/\/rockers.de\/#organization","name":"Rockers Records","url":"https:\/\/rockers.de\/","logo":{"@type":"ImageObject","inLanguage":"en-US","@id":"https:\/\/rockers.de\/#\/schema\/logo\/image\/","url":"https:\/\/rockers.de\/wp-content\/uploads\/2022\/07\/Neue-Website-2022.jpg","contentUrl":"https:\/\/rockers.de\/wp-content\/uploads\/2022\/07\/Neue-Website-2022.jpg","width":800,"height":800,"caption":"Rockers Records"},"image":{"@id":"https:\/\/rockers.de\/#\/schema\/logo\/image\/"}}]}},"_links":{"self":[{"href":"https:\/\/rockers.de\/en\/wp-json\/wp\/v2\/product\/132912","targetHints":{"allow":["GET"]}}],"collection":[{"href":"https:\/\/rockers.de\/en\/wp-json\/wp\/v2\/product"}],"about":[{"href":"https:\/\/rockers.de\/en\/wp-json\/wp\/v2\/types\/product"}],"wp:featuredmedia":[{"embeddable":true,"href":"https:\/\/rockers.de\/en\/wp-json\/wp\/v2\/media\/132916"}],"wp:attachment":[{"href":"https:\/\/rockers.de\/en\/wp-json\/wp\/v2\/media?parent=132912"}],"wp:term":[{"taxonomy":"product_brand","embeddable":true,"href":"https:\/\/rockers.de\/en\/wp-json\/wp\/v2\/product_brand?post=132912"},{"taxonomy":"product_cat","embeddable":true,"href":"https:\/\/rockers.de\/en\/wp-json\/wp\/v2\/product_cat?post=132912"},{"taxonomy":"product_tag","embeddable":true,"href":"https:\/\/rockers.de\/en\/wp-json\/wp\/v2\/product_tag?post=132912"}],"curies":[{"name":"wp","href":"https:\/\/api.w.org\/{rel}","templated":true}]}}