{"id":127336,"date":"2023-11-28T15:05:26","date_gmt":"2023-11-28T14:05:26","guid":{"rendered":"https:\/\/rockers.de\/?post_type=product&#038;p=127336"},"modified":"2023-12-01T16:36:27","modified_gmt":"2023-12-01T15:36:27","slug":"sonic-youth-simon-werner-a-disparu-original-enregistrement-sonore-lp-vinyl","status":"publish","type":"product","link":"https:\/\/rockers.de\/en\/record\/sonic-youth-simon-werner-a-disparu-original-enregistrement-sonore-lp-vinyl\/","title":{"rendered":"Sonic Youth-Simon Werner A Disparu (Original Enregistrement Sonore)-LP Vinyl"},"content":{"rendered":"<p>Compos\u00e9, enregistr\u00e9 et mix\u00e9 pour le film en f\u00e9vrier-mars 2010 \u00e0 Echo Canyon West, New Jersey.<br \/>\nVersions BOF retravaill\u00e9es \u00e0 l&#8217;automne 2010.<br \/>\nUn film \u00e9crit et r\u00e9alis\u00e9 par Fabrice Gobert.<\/p>\n<p>\u00a9 2.4.7. Films 2010<\/p>\n<p>Sticker on sealed LP:<br \/>\nNew Soundtrack Recording by Sonic Youth<br \/>\nincludes Download Card and Bonus Track Download <\/p>\n<p>&#8218;Mastered at&#8216; RTI means here &#8218;Processed at&#8216;, identifified with matrix.<br \/>\nLacquer cut facility uncredited.<\/p>","protected":false},"excerpt":{"rendered":"<p>Compos\u00e9, enregistr\u00e9 et mix\u00e9 pour le film en f\u00e9vrier-mars 2010 \u00e0 Echo Canyon West, New Jersey.<br \/>\nVersions BOF retravaill\u00e9es \u00e0 l&#8217;automne 2010.<br \/>\nUn film \u00e9crit et r\u00e9alis\u00e9 par Fabrice Gobert.<\/p>\n<p>\u00a9 2.4.7. Films 2010<\/p>\n<p>Sticker on sealed LP:<br \/>\nNew Soundtrack Recording by Sonic Youth<br \/>\nincludes Download Card and Bonus Track Download<\/p>\n<p>&#8218;Mastered at&#8216; RTI means here &#8218;Processed at&#8216;, identifified with matrix.<br \/>\nLacquer cut facility uncredited.<\/p>","protected":false},"featured_media":127339,"template":"","meta":{"_acf_changed":false},"product_brand":[],"product_cat":[150],"product_tag":[],"class_list":{"0":"post-127336","1":"product","2":"type-product","3":"status-publish","4":"has-post-thumbnail","6":"product_cat-alternative-rock","7":"pa_att_artist-sonic-youth","8":"pa_att_format-lp-vinyl","9":"pa_att_genre-alternative-rock","10":"pa_att_jahr-534","11":"pa_att_label-sonic-youth-records","12":"pa_att_land-us","14":"first","15":"outofstock","16":"taxable","17":"shipping-taxable","18":"purchasable","19":"product-type-simple"},"acf":[],"yoast_head":"<!-- This site is optimized with the Yoast SEO plugin v27.3 - https:\/\/yoast.com\/product\/yoast-seo-wordpress\/ -->\n<title>Sonic Youth-Simon Werner A Disparu (Original Enregistrement Sonore)-LP Vinyl - Rockers Records<\/title>\n<meta name=\"robots\" content=\"index, follow, max-snippet:-1, max-image-preview:large, max-video-preview:-1\" \/>\n<link rel=\"canonical\" href=\"https:\/\/rockers.de\/en\/record\/sonic-youth-simon-werner-a-disparu-original-enregistrement-sonore-lp-vinyl\/\" \/>\n<meta property=\"og:locale\" content=\"en_US\" \/>\n<meta property=\"og:type\" content=\"article\" \/>\n<meta property=\"og:title\" content=\"Sonic Youth-Simon Werner A Disparu (Original Enregistrement Sonore)-LP Vinyl - Rockers Records\" \/>\n<meta property=\"og:description\" content=\"Compos\u00e9, enregistr\u00e9 et mix\u00e9 pour le film en f\u00e9vrier-mars 2010 \u00e0 Echo Canyon West, New Jersey. Versions BOF retravaill\u00e9es \u00e0 l&#039;automne 2010. Un film \u00e9crit et r\u00e9alis\u00e9 par Fabrice Gobert.  \u00a9 2.4.7. Films 2010  Sticker on sealed LP: New Soundtrack Recording by Sonic Youth includes Download Card and Bonus Track Download  &#039;Mastered at&#039; RTI means here &#039;Processed at&#039;, identifified with matrix. Lacquer cut facility uncredited.\" \/>\n<meta property=\"og:url\" content=\"https:\/\/rockers.de\/en\/record\/sonic-youth-simon-werner-a-disparu-original-enregistrement-sonore-lp-vinyl\/\" \/>\n<meta property=\"og:site_name\" content=\"Rockers Records\" \/>\n<meta property=\"article:modified_time\" content=\"2023-12-01T15:36:27+00:00\" \/>\n<meta property=\"og:image\" content=\"https:\/\/rockers.de\/wp-content\/uploads\/2023\/11\/Sonic-Youth-Simon-Werner-A-Disparu-Original-Enregistrement-Sonore-LP-Vinyl-1.jpg\" \/>\n\t<meta property=\"og:image:width\" content=\"1800\" \/>\n\t<meta property=\"og:image:height\" content=\"1828\" \/>\n\t<meta property=\"og:image:type\" content=\"image\/jpeg\" \/>\n<meta name=\"twitter:card\" content=\"summary_large_image\" \/>\n<meta name=\"twitter:label1\" content=\"Est. reading time\" \/>\n\t<meta name=\"twitter:data1\" content=\"1 minute\" \/>\n<script type=\"application\/ld+json\" class=\"yoast-schema-graph\">{\"@context\":\"https:\\\/\\\/schema.org\",\"@graph\":[{\"@type\":\"WebPage\",\"@id\":\"https:\\\/\\\/rockers.de\\\/record\\\/sonic-youth-simon-werner-a-disparu-original-enregistrement-sonore-lp-vinyl\\\/\",\"url\":\"https:\\\/\\\/rockers.de\\\/record\\\/sonic-youth-simon-werner-a-disparu-original-enregistrement-sonore-lp-vinyl\\\/\",\"name\":\"Sonic Youth-Simon Werner A Disparu (Original Enregistrement Sonore)-LP Vinyl - Rockers Records\",\"isPartOf\":{\"@id\":\"https:\\\/\\\/rockers.de\\\/#website\"},\"primaryImageOfPage\":{\"@id\":\"https:\\\/\\\/rockers.de\\\/record\\\/sonic-youth-simon-werner-a-disparu-original-enregistrement-sonore-lp-vinyl\\\/#primaryimage\"},\"image\":{\"@id\":\"https:\\\/\\\/rockers.de\\\/record\\\/sonic-youth-simon-werner-a-disparu-original-enregistrement-sonore-lp-vinyl\\\/#primaryimage\"},\"thumbnailUrl\":\"https:\\\/\\\/rockers.de\\\/wp-content\\\/uploads\\\/2023\\\/11\\\/Sonic-Youth-Simon-Werner-A-Disparu-Original-Enregistrement-Sonore-LP-Vinyl-1.jpg\",\"datePublished\":\"2023-11-28T14:05:26+00:00\",\"dateModified\":\"2023-12-01T15:36:27+00:00\",\"breadcrumb\":{\"@id\":\"https:\\\/\\\/rockers.de\\\/record\\\/sonic-youth-simon-werner-a-disparu-original-enregistrement-sonore-lp-vinyl\\\/#breadcrumb\"},\"inLanguage\":\"en-US\",\"potentialAction\":[{\"@type\":\"ReadAction\",\"target\":[\"https:\\\/\\\/rockers.de\\\/record\\\/sonic-youth-simon-werner-a-disparu-original-enregistrement-sonore-lp-vinyl\\\/\"]}]},{\"@type\":\"ImageObject\",\"inLanguage\":\"en-US\",\"@id\":\"https:\\\/\\\/rockers.de\\\/record\\\/sonic-youth-simon-werner-a-disparu-original-enregistrement-sonore-lp-vinyl\\\/#primaryimage\",\"url\":\"https:\\\/\\\/rockers.de\\\/wp-content\\\/uploads\\\/2023\\\/11\\\/Sonic-Youth-Simon-Werner-A-Disparu-Original-Enregistrement-Sonore-LP-Vinyl-1.jpg\",\"contentUrl\":\"https:\\\/\\\/rockers.de\\\/wp-content\\\/uploads\\\/2023\\\/11\\\/Sonic-Youth-Simon-Werner-A-Disparu-Original-Enregistrement-Sonore-LP-Vinyl-1.jpg\",\"width\":1800,\"height\":1828,\"caption\":\"Sonic Youth-Simon Werner A Disparu (Original Enregistrement Sonore)-LP Vinyl\"},{\"@type\":\"BreadcrumbList\",\"@id\":\"https:\\\/\\\/rockers.de\\\/record\\\/sonic-youth-simon-werner-a-disparu-original-enregistrement-sonore-lp-vinyl\\\/#breadcrumb\",\"itemListElement\":[{\"@type\":\"ListItem\",\"position\":1,\"name\":\"Startseite\",\"item\":\"https:\\\/\\\/rockers.de\\\/\"},{\"@type\":\"ListItem\",\"position\":2,\"name\":\"Shop\",\"item\":\"https:\\\/\\\/rockers.de\\\/shop\\\/\"},{\"@type\":\"ListItem\",\"position\":3,\"name\":\"Sonic Youth-Simon Werner A Disparu (Original Enregistrement Sonore)-LP Vinyl\"}]},{\"@type\":\"WebSite\",\"@id\":\"https:\\\/\\\/rockers.de\\\/#website\",\"url\":\"https:\\\/\\\/rockers.de\\\/\",\"name\":\"Rockers Records\",\"description\":\"Dein Schallplatten Store in Hannover\",\"publisher\":{\"@id\":\"https:\\\/\\\/rockers.de\\\/#organization\"},\"potentialAction\":[{\"@type\":\"SearchAction\",\"target\":{\"@type\":\"EntryPoint\",\"urlTemplate\":\"https:\\\/\\\/rockers.de\\\/?s={search_term_string}\"},\"query-input\":{\"@type\":\"PropertyValueSpecification\",\"valueRequired\":true,\"valueName\":\"search_term_string\"}}],\"inLanguage\":\"en-US\"},{\"@type\":\"Organization\",\"@id\":\"https:\\\/\\\/rockers.de\\\/#organization\",\"name\":\"Rockers Records\",\"url\":\"https:\\\/\\\/rockers.de\\\/\",\"logo\":{\"@type\":\"ImageObject\",\"inLanguage\":\"en-US\",\"@id\":\"https:\\\/\\\/rockers.de\\\/#\\\/schema\\\/logo\\\/image\\\/\",\"url\":\"https:\\\/\\\/rockers.de\\\/wp-content\\\/uploads\\\/2022\\\/07\\\/Neue-Website-2022.jpg\",\"contentUrl\":\"https:\\\/\\\/rockers.de\\\/wp-content\\\/uploads\\\/2022\\\/07\\\/Neue-Website-2022.jpg\",\"width\":800,\"height\":800,\"caption\":\"Rockers Records\"},\"image\":{\"@id\":\"https:\\\/\\\/rockers.de\\\/#\\\/schema\\\/logo\\\/image\\\/\"}}]}<\/script>\n<!-- \/ Yoast SEO plugin. -->","yoast_head_json":{"title":"Sonic Youth-Simon Werner A Disparu (Original Enregistrement Sonore)-LP Vinyl - Rockers Records","robots":{"index":"index","follow":"follow","max-snippet":"max-snippet:-1","max-image-preview":"max-image-preview:large","max-video-preview":"max-video-preview:-1"},"canonical":"https:\/\/rockers.de\/en\/record\/sonic-youth-simon-werner-a-disparu-original-enregistrement-sonore-lp-vinyl\/","og_locale":"en_US","og_type":"article","og_title":"Sonic Youth-Simon Werner A Disparu (Original Enregistrement Sonore)-LP Vinyl - Rockers Records","og_description":"Compos\u00e9, enregistr\u00e9 et mix\u00e9 pour le film en f\u00e9vrier-mars 2010 \u00e0 Echo Canyon West, New Jersey. Versions BOF retravaill\u00e9es \u00e0 l'automne 2010. Un film \u00e9crit et r\u00e9alis\u00e9 par Fabrice Gobert.  \u00a9 2.4.7. Films 2010  Sticker on sealed LP: New Soundtrack Recording by Sonic Youth includes Download Card and Bonus Track Download  'Mastered at' RTI means here 'Processed at', identifified with matrix. Lacquer cut facility uncredited.","og_url":"https:\/\/rockers.de\/en\/record\/sonic-youth-simon-werner-a-disparu-original-enregistrement-sonore-lp-vinyl\/","og_site_name":"Rockers Records","article_modified_time":"2023-12-01T15:36:27+00:00","og_image":[{"width":1800,"height":1828,"url":"https:\/\/rockers.de\/wp-content\/uploads\/2023\/11\/Sonic-Youth-Simon-Werner-A-Disparu-Original-Enregistrement-Sonore-LP-Vinyl-1.jpg","type":"image\/jpeg"}],"twitter_card":"summary_large_image","twitter_misc":{"Est. reading time":"1 minute"},"schema":{"@context":"https:\/\/schema.org","@graph":[{"@type":"WebPage","@id":"https:\/\/rockers.de\/record\/sonic-youth-simon-werner-a-disparu-original-enregistrement-sonore-lp-vinyl\/","url":"https:\/\/rockers.de\/record\/sonic-youth-simon-werner-a-disparu-original-enregistrement-sonore-lp-vinyl\/","name":"Sonic Youth-Simon Werner A Disparu (Original Enregistrement Sonore)-LP Vinyl - Rockers Records","isPartOf":{"@id":"https:\/\/rockers.de\/#website"},"primaryImageOfPage":{"@id":"https:\/\/rockers.de\/record\/sonic-youth-simon-werner-a-disparu-original-enregistrement-sonore-lp-vinyl\/#primaryimage"},"image":{"@id":"https:\/\/rockers.de\/record\/sonic-youth-simon-werner-a-disparu-original-enregistrement-sonore-lp-vinyl\/#primaryimage"},"thumbnailUrl":"https:\/\/rockers.de\/wp-content\/uploads\/2023\/11\/Sonic-Youth-Simon-Werner-A-Disparu-Original-Enregistrement-Sonore-LP-Vinyl-1.jpg","datePublished":"2023-11-28T14:05:26+00:00","dateModified":"2023-12-01T15:36:27+00:00","breadcrumb":{"@id":"https:\/\/rockers.de\/record\/sonic-youth-simon-werner-a-disparu-original-enregistrement-sonore-lp-vinyl\/#breadcrumb"},"inLanguage":"en-US","potentialAction":[{"@type":"ReadAction","target":["https:\/\/rockers.de\/record\/sonic-youth-simon-werner-a-disparu-original-enregistrement-sonore-lp-vinyl\/"]}]},{"@type":"ImageObject","inLanguage":"en-US","@id":"https:\/\/rockers.de\/record\/sonic-youth-simon-werner-a-disparu-original-enregistrement-sonore-lp-vinyl\/#primaryimage","url":"https:\/\/rockers.de\/wp-content\/uploads\/2023\/11\/Sonic-Youth-Simon-Werner-A-Disparu-Original-Enregistrement-Sonore-LP-Vinyl-1.jpg","contentUrl":"https:\/\/rockers.de\/wp-content\/uploads\/2023\/11\/Sonic-Youth-Simon-Werner-A-Disparu-Original-Enregistrement-Sonore-LP-Vinyl-1.jpg","width":1800,"height":1828,"caption":"Sonic Youth-Simon Werner A Disparu (Original Enregistrement Sonore)-LP Vinyl"},{"@type":"BreadcrumbList","@id":"https:\/\/rockers.de\/record\/sonic-youth-simon-werner-a-disparu-original-enregistrement-sonore-lp-vinyl\/#breadcrumb","itemListElement":[{"@type":"ListItem","position":1,"name":"Startseite","item":"https:\/\/rockers.de\/"},{"@type":"ListItem","position":2,"name":"Shop","item":"https:\/\/rockers.de\/shop\/"},{"@type":"ListItem","position":3,"name":"Sonic Youth-Simon Werner A Disparu (Original Enregistrement Sonore)-LP Vinyl"}]},{"@type":"WebSite","@id":"https:\/\/rockers.de\/#website","url":"https:\/\/rockers.de\/","name":"Rockers Records","description":"Your record store in Hanover","publisher":{"@id":"https:\/\/rockers.de\/#organization"},"potentialAction":[{"@type":"SearchAction","target":{"@type":"EntryPoint","urlTemplate":"https:\/\/rockers.de\/?s={search_term_string}"},"query-input":{"@type":"PropertyValueSpecification","valueRequired":true,"valueName":"search_term_string"}}],"inLanguage":"en-US"},{"@type":"Organization","@id":"https:\/\/rockers.de\/#organization","name":"Rockers Records","url":"https:\/\/rockers.de\/","logo":{"@type":"ImageObject","inLanguage":"en-US","@id":"https:\/\/rockers.de\/#\/schema\/logo\/image\/","url":"https:\/\/rockers.de\/wp-content\/uploads\/2022\/07\/Neue-Website-2022.jpg","contentUrl":"https:\/\/rockers.de\/wp-content\/uploads\/2022\/07\/Neue-Website-2022.jpg","width":800,"height":800,"caption":"Rockers Records"},"image":{"@id":"https:\/\/rockers.de\/#\/schema\/logo\/image\/"}}]}},"_links":{"self":[{"href":"https:\/\/rockers.de\/en\/wp-json\/wp\/v2\/product\/127336","targetHints":{"allow":["GET"]}}],"collection":[{"href":"https:\/\/rockers.de\/en\/wp-json\/wp\/v2\/product"}],"about":[{"href":"https:\/\/rockers.de\/en\/wp-json\/wp\/v2\/types\/product"}],"wp:featuredmedia":[{"embeddable":true,"href":"https:\/\/rockers.de\/en\/wp-json\/wp\/v2\/media\/127339"}],"wp:attachment":[{"href":"https:\/\/rockers.de\/en\/wp-json\/wp\/v2\/media?parent=127336"}],"wp:term":[{"taxonomy":"product_brand","embeddable":true,"href":"https:\/\/rockers.de\/en\/wp-json\/wp\/v2\/product_brand?post=127336"},{"taxonomy":"product_cat","embeddable":true,"href":"https:\/\/rockers.de\/en\/wp-json\/wp\/v2\/product_cat?post=127336"},{"taxonomy":"product_tag","embeddable":true,"href":"https:\/\/rockers.de\/en\/wp-json\/wp\/v2\/product_tag?post=127336"}],"curies":[{"name":"wp","href":"https:\/\/api.w.org\/{rel}","templated":true}]}}