{"id":124270,"date":"2023-10-10T13:10:31","date_gmt":"2023-10-10T11:10:31","guid":{"rendered":"https:\/\/rockers.de\/?post_type=product&#038;p=124270"},"modified":"2026-01-04T17:15:03","modified_gmt":"2026-01-04T16:15:03","slug":"the-church-after-everything-now-this-cd","status":"publish","type":"product","link":"https:\/\/rockers.de\/en\/record\/the-church-after-everything-now-this-cd\/","title":{"rendered":"The Church-After Everything Now This-CD"},"content":{"rendered":"<p>Track 1 recorded at Rancom St. Studios, Sydney. Guitar overdubs recorded at RPM Studios, New York.<br \/>\nTrack 2 recorded at Rancom St. Studios, Sydney. Vocal overdubs recorded at RPM Studios, New York.<br \/>\nTrack 3 recorded at The Blue Room, G\u00e5vle, Sweden. Vocal overdubs recorded at RPM Studios, New York.<br \/>\nTrack 4 recorded at Spacejunk. Drums recorded at Rancom St. Studios, Sydney.<br \/>\nTrack 5 recorded at The Blue Room, G\u00e5vle, Sweden.<br \/>\nTrack 6 recorded at Rancom St. Studios, Sydney. Some ambient treatments recorded at RPM Studios, New York.<br \/>\nTrack 7 recorded at Rancom St. Studios, Sydney.<br \/>\nTrack 8 recorded at The Blue Room, G\u00e5vle, Sweden. Guitar overdub recorded at Rancom St. Studios, Sydney.<br \/>\nTrack 9 recorded at The Blue Room, G\u00e5vle, Sweden.<br \/>\nTrack 10 recorded at The Blue Room, G\u00e5vle, Sweden. Drum overdub recorded at RPM Studios, New York.<br \/>\nMixed at Spacejunk. Mastered at 301 Sydney.<\/p>","protected":false},"excerpt":{"rendered":"<p>Track 1 recorded at Rancom St. Studios, Sydney. Guitar overdubs recorded at RPM Studios, New York.<br \/>\nTrack 2 recorded at Rancom St. Studios, Sydney. Vocal overdubs recorded at RPM Studios, New York.<br \/>\nTrack 3 recorded at The Blue Room, G\u00e5vle, Sweden. Vocal overdubs recorded at RPM Studios, New York.<br \/>\nTrack 4 recorded at Spacejunk. Drums recorded at Rancom St. Studios, Sydney.<br \/>\nTrack 5 recorded at The Blue Room, G\u00e5vle, Sweden.<br \/>\nTrack 6 recorded at Rancom St. Studios, Sydney. Some ambient treatments recorded at RPM Studios, New York.<br \/>\nTrack 7 recorded at Rancom St. Studios, Sydney.<br \/>\nTrack 8 recorded at The Blue Room, G\u00e5vle, Sweden. Guitar overdub recorded at Rancom St. Studios, Sydney.<br \/>\nTrack 9 recorded at The Blue Room, G\u00e5vle, Sweden.<br \/>\nTrack 10 recorded at The Blue Room, G\u00e5vle, Sweden. Drum overdub recorded at RPM Studios, New York.<br \/>\nMixed at Spacejunk. Mastered at 301 Sydney.<\/p>","protected":false},"featured_media":124272,"template":"","meta":{"_acf_changed":false},"product_brand":[],"product_cat":[150],"product_tag":[],"class_list":{"0":"post-124270","1":"product","2":"type-product","3":"status-publish","4":"has-post-thumbnail","6":"product_cat-alternative-rock","7":"pa_att_artist-the-church","8":"pa_att_format-cd","9":"pa_att_genre-alternative-rock","10":"pa_att_jahr-188","11":"pa_att_label-cooking-vinyl","12":"pa_att_land-uk","14":"first","15":"outofstock","16":"taxable","17":"shipping-taxable","18":"purchasable","19":"product-type-simple"},"acf":[],"yoast_head":"<!-- This site is optimized with the Yoast SEO plugin v27.3 - https:\/\/yoast.com\/product\/yoast-seo-wordpress\/ -->\n<title>The Church-After Everything Now This-CD - Rockers Records<\/title>\n<meta name=\"robots\" content=\"index, follow, max-snippet:-1, max-image-preview:large, max-video-preview:-1\" \/>\n<link rel=\"canonical\" href=\"https:\/\/rockers.de\/en\/record\/the-church-after-everything-now-this-cd\/\" \/>\n<meta property=\"og:locale\" content=\"en_US\" \/>\n<meta property=\"og:type\" content=\"article\" \/>\n<meta property=\"og:title\" content=\"The Church-After Everything Now This-CD - Rockers Records\" \/>\n<meta property=\"og:description\" content=\"Track 1 recorded at Rancom St. Studios, Sydney. Guitar overdubs recorded at RPM Studios, New York. Track 2 recorded at Rancom St. Studios, Sydney. Vocal overdubs recorded at RPM Studios, New York. Track 3 recorded at The Blue Room, G\u00e5vle, Sweden. Vocal overdubs recorded at RPM Studios, New York. Track 4 recorded at Spacejunk. Drums recorded at Rancom St. Studios, Sydney. Track 5 recorded at The Blue Room, G\u00e5vle, Sweden. Track 6 recorded at Rancom St. Studios, Sydney. Some ambient treatments recorded at RPM Studios, New York. Track 7 recorded at Rancom St. Studios, Sydney. Track 8 recorded at The Blue Room, G\u00e5vle, Sweden. Guitar overdub recorded at Rancom St. Studios, Sydney. Track 9 recorded at The Blue Room, G\u00e5vle, Sweden. Track 10 recorded at The Blue Room, G\u00e5vle, Sweden. Drum overdub recorded at RPM Studios, New York. Mixed at Spacejunk. Mastered at 301 Sydney.\" \/>\n<meta property=\"og:url\" content=\"https:\/\/rockers.de\/en\/record\/the-church-after-everything-now-this-cd\/\" \/>\n<meta property=\"og:site_name\" content=\"Rockers Records\" \/>\n<meta property=\"article:modified_time\" content=\"2026-01-04T16:15:03+00:00\" \/>\n<meta property=\"og:image\" content=\"https:\/\/rockers.de\/wp-content\/uploads\/2023\/10\/The-Church-After-Everything-Now-This-CD-1.jpg\" \/>\n\t<meta property=\"og:image:width\" content=\"854\" \/>\n\t<meta property=\"og:image:height\" content=\"741\" \/>\n\t<meta property=\"og:image:type\" content=\"image\/jpeg\" \/>\n<meta name=\"twitter:card\" content=\"summary_large_image\" \/>\n<meta name=\"twitter:label1\" content=\"Est. reading time\" \/>\n\t<meta name=\"twitter:data1\" content=\"1 minute\" \/>\n<script type=\"application\/ld+json\" class=\"yoast-schema-graph\">{\"@context\":\"https:\\\/\\\/schema.org\",\"@graph\":[{\"@type\":\"WebPage\",\"@id\":\"https:\\\/\\\/rockers.de\\\/record\\\/the-church-after-everything-now-this-cd\\\/\",\"url\":\"https:\\\/\\\/rockers.de\\\/record\\\/the-church-after-everything-now-this-cd\\\/\",\"name\":\"The Church-After Everything Now This-CD - Rockers Records\",\"isPartOf\":{\"@id\":\"https:\\\/\\\/rockers.de\\\/#website\"},\"primaryImageOfPage\":{\"@id\":\"https:\\\/\\\/rockers.de\\\/record\\\/the-church-after-everything-now-this-cd\\\/#primaryimage\"},\"image\":{\"@id\":\"https:\\\/\\\/rockers.de\\\/record\\\/the-church-after-everything-now-this-cd\\\/#primaryimage\"},\"thumbnailUrl\":\"https:\\\/\\\/rockers.de\\\/wp-content\\\/uploads\\\/2023\\\/10\\\/The-Church-After-Everything-Now-This-CD-1.jpg\",\"datePublished\":\"2023-10-10T11:10:31+00:00\",\"dateModified\":\"2026-01-04T16:15:03+00:00\",\"breadcrumb\":{\"@id\":\"https:\\\/\\\/rockers.de\\\/record\\\/the-church-after-everything-now-this-cd\\\/#breadcrumb\"},\"inLanguage\":\"en-US\",\"potentialAction\":[{\"@type\":\"ReadAction\",\"target\":[\"https:\\\/\\\/rockers.de\\\/record\\\/the-church-after-everything-now-this-cd\\\/\"]}]},{\"@type\":\"ImageObject\",\"inLanguage\":\"en-US\",\"@id\":\"https:\\\/\\\/rockers.de\\\/record\\\/the-church-after-everything-now-this-cd\\\/#primaryimage\",\"url\":\"https:\\\/\\\/rockers.de\\\/wp-content\\\/uploads\\\/2023\\\/10\\\/The-Church-After-Everything-Now-This-CD-1.jpg\",\"contentUrl\":\"https:\\\/\\\/rockers.de\\\/wp-content\\\/uploads\\\/2023\\\/10\\\/The-Church-After-Everything-Now-This-CD-1.jpg\",\"width\":854,\"height\":741,\"caption\":\"The Church-After Everything Now This-CD\"},{\"@type\":\"BreadcrumbList\",\"@id\":\"https:\\\/\\\/rockers.de\\\/record\\\/the-church-after-everything-now-this-cd\\\/#breadcrumb\",\"itemListElement\":[{\"@type\":\"ListItem\",\"position\":1,\"name\":\"Startseite\",\"item\":\"https:\\\/\\\/rockers.de\\\/\"},{\"@type\":\"ListItem\",\"position\":2,\"name\":\"Shop\",\"item\":\"https:\\\/\\\/rockers.de\\\/shop\\\/\"},{\"@type\":\"ListItem\",\"position\":3,\"name\":\"The Church-After Everything Now This-CD\"}]},{\"@type\":\"WebSite\",\"@id\":\"https:\\\/\\\/rockers.de\\\/#website\",\"url\":\"https:\\\/\\\/rockers.de\\\/\",\"name\":\"Rockers Records\",\"description\":\"Dein Schallplatten Store in Hannover\",\"publisher\":{\"@id\":\"https:\\\/\\\/rockers.de\\\/#organization\"},\"potentialAction\":[{\"@type\":\"SearchAction\",\"target\":{\"@type\":\"EntryPoint\",\"urlTemplate\":\"https:\\\/\\\/rockers.de\\\/?s={search_term_string}\"},\"query-input\":{\"@type\":\"PropertyValueSpecification\",\"valueRequired\":true,\"valueName\":\"search_term_string\"}}],\"inLanguage\":\"en-US\"},{\"@type\":\"Organization\",\"@id\":\"https:\\\/\\\/rockers.de\\\/#organization\",\"name\":\"Rockers Records\",\"url\":\"https:\\\/\\\/rockers.de\\\/\",\"logo\":{\"@type\":\"ImageObject\",\"inLanguage\":\"en-US\",\"@id\":\"https:\\\/\\\/rockers.de\\\/#\\\/schema\\\/logo\\\/image\\\/\",\"url\":\"https:\\\/\\\/rockers.de\\\/wp-content\\\/uploads\\\/2022\\\/07\\\/Neue-Website-2022.jpg\",\"contentUrl\":\"https:\\\/\\\/rockers.de\\\/wp-content\\\/uploads\\\/2022\\\/07\\\/Neue-Website-2022.jpg\",\"width\":800,\"height\":800,\"caption\":\"Rockers Records\"},\"image\":{\"@id\":\"https:\\\/\\\/rockers.de\\\/#\\\/schema\\\/logo\\\/image\\\/\"}}]}<\/script>\n<!-- \/ Yoast SEO plugin. -->","yoast_head_json":{"title":"The Church-After Everything Now This-CD - Rockers Records","robots":{"index":"index","follow":"follow","max-snippet":"max-snippet:-1","max-image-preview":"max-image-preview:large","max-video-preview":"max-video-preview:-1"},"canonical":"https:\/\/rockers.de\/en\/record\/the-church-after-everything-now-this-cd\/","og_locale":"en_US","og_type":"article","og_title":"The Church-After Everything Now This-CD - Rockers Records","og_description":"Track 1 recorded at Rancom St. Studios, Sydney. Guitar overdubs recorded at RPM Studios, New York. Track 2 recorded at Rancom St. Studios, Sydney. Vocal overdubs recorded at RPM Studios, New York. Track 3 recorded at The Blue Room, G\u00e5vle, Sweden. Vocal overdubs recorded at RPM Studios, New York. Track 4 recorded at Spacejunk. Drums recorded at Rancom St. Studios, Sydney. Track 5 recorded at The Blue Room, G\u00e5vle, Sweden. Track 6 recorded at Rancom St. Studios, Sydney. Some ambient treatments recorded at RPM Studios, New York. Track 7 recorded at Rancom St. Studios, Sydney. Track 8 recorded at The Blue Room, G\u00e5vle, Sweden. Guitar overdub recorded at Rancom St. Studios, Sydney. Track 9 recorded at The Blue Room, G\u00e5vle, Sweden. Track 10 recorded at The Blue Room, G\u00e5vle, Sweden. Drum overdub recorded at RPM Studios, New York. Mixed at Spacejunk. Mastered at 301 Sydney.","og_url":"https:\/\/rockers.de\/en\/record\/the-church-after-everything-now-this-cd\/","og_site_name":"Rockers Records","article_modified_time":"2026-01-04T16:15:03+00:00","og_image":[{"width":854,"height":741,"url":"https:\/\/rockers.de\/wp-content\/uploads\/2023\/10\/The-Church-After-Everything-Now-This-CD-1.jpg","type":"image\/jpeg"}],"twitter_card":"summary_large_image","twitter_misc":{"Est. reading time":"1 minute"},"schema":{"@context":"https:\/\/schema.org","@graph":[{"@type":"WebPage","@id":"https:\/\/rockers.de\/record\/the-church-after-everything-now-this-cd\/","url":"https:\/\/rockers.de\/record\/the-church-after-everything-now-this-cd\/","name":"The Church-After Everything Now This-CD - Rockers Records","isPartOf":{"@id":"https:\/\/rockers.de\/#website"},"primaryImageOfPage":{"@id":"https:\/\/rockers.de\/record\/the-church-after-everything-now-this-cd\/#primaryimage"},"image":{"@id":"https:\/\/rockers.de\/record\/the-church-after-everything-now-this-cd\/#primaryimage"},"thumbnailUrl":"https:\/\/rockers.de\/wp-content\/uploads\/2023\/10\/The-Church-After-Everything-Now-This-CD-1.jpg","datePublished":"2023-10-10T11:10:31+00:00","dateModified":"2026-01-04T16:15:03+00:00","breadcrumb":{"@id":"https:\/\/rockers.de\/record\/the-church-after-everything-now-this-cd\/#breadcrumb"},"inLanguage":"en-US","potentialAction":[{"@type":"ReadAction","target":["https:\/\/rockers.de\/record\/the-church-after-everything-now-this-cd\/"]}]},{"@type":"ImageObject","inLanguage":"en-US","@id":"https:\/\/rockers.de\/record\/the-church-after-everything-now-this-cd\/#primaryimage","url":"https:\/\/rockers.de\/wp-content\/uploads\/2023\/10\/The-Church-After-Everything-Now-This-CD-1.jpg","contentUrl":"https:\/\/rockers.de\/wp-content\/uploads\/2023\/10\/The-Church-After-Everything-Now-This-CD-1.jpg","width":854,"height":741,"caption":"The Church-After Everything Now This-CD"},{"@type":"BreadcrumbList","@id":"https:\/\/rockers.de\/record\/the-church-after-everything-now-this-cd\/#breadcrumb","itemListElement":[{"@type":"ListItem","position":1,"name":"Startseite","item":"https:\/\/rockers.de\/"},{"@type":"ListItem","position":2,"name":"Shop","item":"https:\/\/rockers.de\/shop\/"},{"@type":"ListItem","position":3,"name":"The Church-After Everything Now This-CD"}]},{"@type":"WebSite","@id":"https:\/\/rockers.de\/#website","url":"https:\/\/rockers.de\/","name":"Rockers Records","description":"Your record store in Hanover","publisher":{"@id":"https:\/\/rockers.de\/#organization"},"potentialAction":[{"@type":"SearchAction","target":{"@type":"EntryPoint","urlTemplate":"https:\/\/rockers.de\/?s={search_term_string}"},"query-input":{"@type":"PropertyValueSpecification","valueRequired":true,"valueName":"search_term_string"}}],"inLanguage":"en-US"},{"@type":"Organization","@id":"https:\/\/rockers.de\/#organization","name":"Rockers Records","url":"https:\/\/rockers.de\/","logo":{"@type":"ImageObject","inLanguage":"en-US","@id":"https:\/\/rockers.de\/#\/schema\/logo\/image\/","url":"https:\/\/rockers.de\/wp-content\/uploads\/2022\/07\/Neue-Website-2022.jpg","contentUrl":"https:\/\/rockers.de\/wp-content\/uploads\/2022\/07\/Neue-Website-2022.jpg","width":800,"height":800,"caption":"Rockers Records"},"image":{"@id":"https:\/\/rockers.de\/#\/schema\/logo\/image\/"}}]}},"_links":{"self":[{"href":"https:\/\/rockers.de\/en\/wp-json\/wp\/v2\/product\/124270","targetHints":{"allow":["GET"]}}],"collection":[{"href":"https:\/\/rockers.de\/en\/wp-json\/wp\/v2\/product"}],"about":[{"href":"https:\/\/rockers.de\/en\/wp-json\/wp\/v2\/types\/product"}],"wp:featuredmedia":[{"embeddable":true,"href":"https:\/\/rockers.de\/en\/wp-json\/wp\/v2\/media\/124272"}],"wp:attachment":[{"href":"https:\/\/rockers.de\/en\/wp-json\/wp\/v2\/media?parent=124270"}],"wp:term":[{"taxonomy":"product_brand","embeddable":true,"href":"https:\/\/rockers.de\/en\/wp-json\/wp\/v2\/product_brand?post=124270"},{"taxonomy":"product_cat","embeddable":true,"href":"https:\/\/rockers.de\/en\/wp-json\/wp\/v2\/product_cat?post=124270"},{"taxonomy":"product_tag","embeddable":true,"href":"https:\/\/rockers.de\/en\/wp-json\/wp\/v2\/product_tag?post=124270"}],"curies":[{"name":"wp","href":"https:\/\/api.w.org\/{rel}","templated":true}]}}