{"id":106994,"date":"2023-05-31T18:08:51","date_gmt":"2023-05-31T16:08:51","guid":{"rendered":"https:\/\/rockers.de\/?post_type=product&#038;p=106994"},"modified":"2024-03-12T18:37:09","modified_gmt":"2024-03-12T17:37:09","slug":"thirteen-moons-little-dreaming-boy-lp-vinyl","status":"publish","type":"product","link":"https:\/\/rockers.de\/en\/record\/thirteen-moons-little-dreaming-boy-lp-vinyl\/","title":{"rendered":"Thirteen Moons-Little Dreaming Boy-LP Vinyl"},"content":{"rendered":"<p>Recorded at Mistlur Studios Stockholm<br \/>\nAll songs except track B4 (Visa Music\/Leosongs) and B5 published by Red Herring Music 1986.<br \/>\n\u00a9 &#038; \u2117 Wire Records 1986<\/p>\n<p>Made in U.K.<\/p>\n<p>&#8222;Wasn&#8217;t There A Time&#8220; &#8230; dedicated to Staffan Hildebrand.<\/p>\n<p>Special thanks to:<br \/>\nOur fathers, Staffan Hildebrand, Anders Peters\u00e9n, Percy Gullstr\u00f6m, Lita Sanarach, Marlene Lingard, Anders Larsson, Ola Bj\u00f6remyr, Michael Wesstr\u00f6m, Anders Garsbring, Peter Lundstr\u00f6m, Ulf Persson, Elsa Sundh, Rosa Palm\u00e9r, Peder Nordin, Herzog &#038; Budtz, Kjell Ljung, Sam Samuelsson, Israel G. Young, Mats Adenb\u00e4ck, Thage Otterholm, M\u00e5sse &#038; Jorge, Leif R\u00e5back and very special thanks to Bill Buchanan and H\u00e5kan Almqvist.<\/p>\n<p>Dedicated to our mothers.<\/p>","protected":false},"excerpt":{"rendered":"<p>Recorded at Mistlur Studios Stockholm<br \/>\nAll songs except track B4 (Visa Music\/Leosongs) and B5 published by Red Herring Music 1986.<br \/>\n\u00a9 &amp; \u2117 Wire Records 1986<\/p>\n<p>Made in U.K.<\/p>\n<p>&#8222;Wasn&#8217;t There A Time&#8220; &#8230; dedicated to Staffan Hildebrand.<\/p>\n<p>Special thanks to:<br \/>\nOur fathers, Staffan Hildebrand, Anders Peters\u00e9n, Percy Gullstr\u00f6m, Lita Sanarach, Marlene Lingard, Anders Larsson, Ola Bj\u00f6remyr, Michael Wesstr\u00f6m, Anders Garsbring, Peter Lundstr\u00f6m, Ulf Persson, Elsa Sundh, Rosa Palm\u00e9r, Peder Nordin, Herzog &amp; Budtz, Kjell Ljung, Sam Samuelsson, Israel G. Young, Mats Adenb\u00e4ck, Thage Otterholm, M\u00e5sse &amp; Jorge, Leif R\u00e5back and very special thanks to Bill Buchanan and H\u00e5kan Almqvist.<\/p>\n<p>Dedicated to our mothers.<\/p>","protected":false},"featured_media":106999,"template":"","meta":{"_acf_changed":false},"product_brand":[],"product_cat":[548],"product_tag":[],"class_list":{"0":"post-106994","1":"product","2":"type-product","3":"status-publish","4":"has-post-thumbnail","6":"product_cat-new-wave-1980s-pop","7":"pa_att_artist-thirteen-moons","8":"pa_att_format-lp-vinyl","9":"pa_att_genre-new-wave-1980s-pop","10":"pa_att_jahr-267","11":"pa_att_label-wire-records","12":"pa_att_land-uk","14":"first","15":"outofstock","16":"taxable","17":"shipping-taxable","18":"purchasable","19":"product-type-simple"},"acf":[],"yoast_head":"<!-- This site is optimized with the Yoast SEO plugin v27.3 - https:\/\/yoast.com\/product\/yoast-seo-wordpress\/ -->\n<title>Thirteen Moons-Little Dreaming Boy-LP Vinyl - Rockers Records<\/title>\n<meta name=\"robots\" content=\"index, follow, max-snippet:-1, max-image-preview:large, max-video-preview:-1\" \/>\n<link rel=\"canonical\" href=\"https:\/\/rockers.de\/en\/record\/thirteen-moons-little-dreaming-boy-lp-vinyl\/\" \/>\n<meta property=\"og:locale\" content=\"en_US\" \/>\n<meta property=\"og:type\" content=\"article\" \/>\n<meta property=\"og:title\" content=\"Thirteen Moons-Little Dreaming Boy-LP Vinyl - Rockers Records\" \/>\n<meta property=\"og:description\" content=\"Recorded at Mistlur Studios Stockholm All songs except track B4 (Visa Music\/Leosongs) and B5 published by Red Herring Music 1986. \u00a9 &amp; \u2117 Wire Records 1986  Made in U.K.  &quot;Wasn&#039;t There A Time&quot; ... dedicated to Staffan Hildebrand.  Special thanks to: Our fathers, Staffan Hildebrand, Anders Peters\u00e9n, Percy Gullstr\u00f6m, Lita Sanarach, Marlene Lingard, Anders Larsson, Ola Bj\u00f6remyr, Michael Wesstr\u00f6m, Anders Garsbring, Peter Lundstr\u00f6m, Ulf Persson, Elsa Sundh, Rosa Palm\u00e9r, Peder Nordin, Herzog &amp; Budtz, Kjell Ljung, Sam Samuelsson, Israel G. Young, Mats Adenb\u00e4ck, Thage Otterholm, M\u00e5sse &amp; Jorge, Leif R\u00e5back and very special thanks to Bill Buchanan and H\u00e5kan Almqvist.  Dedicated to our mothers.\" \/>\n<meta property=\"og:url\" content=\"https:\/\/rockers.de\/en\/record\/thirteen-moons-little-dreaming-boy-lp-vinyl\/\" \/>\n<meta property=\"og:site_name\" content=\"Rockers Records\" \/>\n<meta property=\"article:modified_time\" content=\"2024-03-12T17:37:09+00:00\" \/>\n<meta property=\"og:image\" content=\"https:\/\/rockers.de\/wp-content\/uploads\/2023\/05\/Thirteen-Moons-Little-Dreaming-Boy-LP-Vinyl-1.jpg\" \/>\n\t<meta property=\"og:image:width\" content=\"1800\" \/>\n\t<meta property=\"og:image:height\" content=\"1846\" \/>\n\t<meta property=\"og:image:type\" content=\"image\/jpeg\" \/>\n<meta name=\"twitter:card\" content=\"summary_large_image\" \/>\n<meta name=\"twitter:label1\" content=\"Est. reading time\" \/>\n\t<meta name=\"twitter:data1\" content=\"1 minute\" \/>\n<script type=\"application\/ld+json\" class=\"yoast-schema-graph\">{\"@context\":\"https:\\\/\\\/schema.org\",\"@graph\":[{\"@type\":\"WebPage\",\"@id\":\"https:\\\/\\\/rockers.de\\\/record\\\/thirteen-moons-little-dreaming-boy-lp-vinyl\\\/\",\"url\":\"https:\\\/\\\/rockers.de\\\/record\\\/thirteen-moons-little-dreaming-boy-lp-vinyl\\\/\",\"name\":\"Thirteen Moons-Little Dreaming Boy-LP Vinyl - Rockers Records\",\"isPartOf\":{\"@id\":\"https:\\\/\\\/rockers.de\\\/#website\"},\"primaryImageOfPage\":{\"@id\":\"https:\\\/\\\/rockers.de\\\/record\\\/thirteen-moons-little-dreaming-boy-lp-vinyl\\\/#primaryimage\"},\"image\":{\"@id\":\"https:\\\/\\\/rockers.de\\\/record\\\/thirteen-moons-little-dreaming-boy-lp-vinyl\\\/#primaryimage\"},\"thumbnailUrl\":\"https:\\\/\\\/rockers.de\\\/wp-content\\\/uploads\\\/2023\\\/05\\\/Thirteen-Moons-Little-Dreaming-Boy-LP-Vinyl-1.jpg\",\"datePublished\":\"2023-05-31T16:08:51+00:00\",\"dateModified\":\"2024-03-12T17:37:09+00:00\",\"breadcrumb\":{\"@id\":\"https:\\\/\\\/rockers.de\\\/record\\\/thirteen-moons-little-dreaming-boy-lp-vinyl\\\/#breadcrumb\"},\"inLanguage\":\"en-US\",\"potentialAction\":[{\"@type\":\"ReadAction\",\"target\":[\"https:\\\/\\\/rockers.de\\\/record\\\/thirteen-moons-little-dreaming-boy-lp-vinyl\\\/\"]}]},{\"@type\":\"ImageObject\",\"inLanguage\":\"en-US\",\"@id\":\"https:\\\/\\\/rockers.de\\\/record\\\/thirteen-moons-little-dreaming-boy-lp-vinyl\\\/#primaryimage\",\"url\":\"https:\\\/\\\/rockers.de\\\/wp-content\\\/uploads\\\/2023\\\/05\\\/Thirteen-Moons-Little-Dreaming-Boy-LP-Vinyl-1.jpg\",\"contentUrl\":\"https:\\\/\\\/rockers.de\\\/wp-content\\\/uploads\\\/2023\\\/05\\\/Thirteen-Moons-Little-Dreaming-Boy-LP-Vinyl-1.jpg\",\"width\":1800,\"height\":1846,\"caption\":\"Thirteen Moons-Little Dreaming Boy-LP Vinyl\"},{\"@type\":\"BreadcrumbList\",\"@id\":\"https:\\\/\\\/rockers.de\\\/record\\\/thirteen-moons-little-dreaming-boy-lp-vinyl\\\/#breadcrumb\",\"itemListElement\":[{\"@type\":\"ListItem\",\"position\":1,\"name\":\"Startseite\",\"item\":\"https:\\\/\\\/rockers.de\\\/\"},{\"@type\":\"ListItem\",\"position\":2,\"name\":\"Shop\",\"item\":\"https:\\\/\\\/rockers.de\\\/shop\\\/\"},{\"@type\":\"ListItem\",\"position\":3,\"name\":\"Thirteen Moons-Little Dreaming Boy-LP Vinyl\"}]},{\"@type\":\"WebSite\",\"@id\":\"https:\\\/\\\/rockers.de\\\/#website\",\"url\":\"https:\\\/\\\/rockers.de\\\/\",\"name\":\"Rockers Records\",\"description\":\"Dein Schallplatten Store in Hannover\",\"publisher\":{\"@id\":\"https:\\\/\\\/rockers.de\\\/#organization\"},\"potentialAction\":[{\"@type\":\"SearchAction\",\"target\":{\"@type\":\"EntryPoint\",\"urlTemplate\":\"https:\\\/\\\/rockers.de\\\/?s={search_term_string}\"},\"query-input\":{\"@type\":\"PropertyValueSpecification\",\"valueRequired\":true,\"valueName\":\"search_term_string\"}}],\"inLanguage\":\"en-US\"},{\"@type\":\"Organization\",\"@id\":\"https:\\\/\\\/rockers.de\\\/#organization\",\"name\":\"Rockers Records\",\"url\":\"https:\\\/\\\/rockers.de\\\/\",\"logo\":{\"@type\":\"ImageObject\",\"inLanguage\":\"en-US\",\"@id\":\"https:\\\/\\\/rockers.de\\\/#\\\/schema\\\/logo\\\/image\\\/\",\"url\":\"https:\\\/\\\/rockers.de\\\/wp-content\\\/uploads\\\/2022\\\/07\\\/Neue-Website-2022.jpg\",\"contentUrl\":\"https:\\\/\\\/rockers.de\\\/wp-content\\\/uploads\\\/2022\\\/07\\\/Neue-Website-2022.jpg\",\"width\":800,\"height\":800,\"caption\":\"Rockers Records\"},\"image\":{\"@id\":\"https:\\\/\\\/rockers.de\\\/#\\\/schema\\\/logo\\\/image\\\/\"}}]}<\/script>\n<!-- \/ Yoast SEO plugin. -->","yoast_head_json":{"title":"Thirteen Moons-Little Dreaming Boy-LP Vinyl - Rockers Records","robots":{"index":"index","follow":"follow","max-snippet":"max-snippet:-1","max-image-preview":"max-image-preview:large","max-video-preview":"max-video-preview:-1"},"canonical":"https:\/\/rockers.de\/en\/record\/thirteen-moons-little-dreaming-boy-lp-vinyl\/","og_locale":"en_US","og_type":"article","og_title":"Thirteen Moons-Little Dreaming Boy-LP Vinyl - Rockers Records","og_description":"Recorded at Mistlur Studios Stockholm All songs except track B4 (Visa Music\/Leosongs) and B5 published by Red Herring Music 1986. \u00a9 &amp; \u2117 Wire Records 1986  Made in U.K.  \"Wasn't There A Time\" ... dedicated to Staffan Hildebrand.  Special thanks to: Our fathers, Staffan Hildebrand, Anders Peters\u00e9n, Percy Gullstr\u00f6m, Lita Sanarach, Marlene Lingard, Anders Larsson, Ola Bj\u00f6remyr, Michael Wesstr\u00f6m, Anders Garsbring, Peter Lundstr\u00f6m, Ulf Persson, Elsa Sundh, Rosa Palm\u00e9r, Peder Nordin, Herzog &amp; Budtz, Kjell Ljung, Sam Samuelsson, Israel G. Young, Mats Adenb\u00e4ck, Thage Otterholm, M\u00e5sse &amp; Jorge, Leif R\u00e5back and very special thanks to Bill Buchanan and H\u00e5kan Almqvist.  Dedicated to our mothers.","og_url":"https:\/\/rockers.de\/en\/record\/thirteen-moons-little-dreaming-boy-lp-vinyl\/","og_site_name":"Rockers Records","article_modified_time":"2024-03-12T17:37:09+00:00","og_image":[{"width":1800,"height":1846,"url":"https:\/\/rockers.de\/wp-content\/uploads\/2023\/05\/Thirteen-Moons-Little-Dreaming-Boy-LP-Vinyl-1.jpg","type":"image\/jpeg"}],"twitter_card":"summary_large_image","twitter_misc":{"Est. reading time":"1 minute"},"schema":{"@context":"https:\/\/schema.org","@graph":[{"@type":"WebPage","@id":"https:\/\/rockers.de\/record\/thirteen-moons-little-dreaming-boy-lp-vinyl\/","url":"https:\/\/rockers.de\/record\/thirteen-moons-little-dreaming-boy-lp-vinyl\/","name":"Thirteen Moons-Little Dreaming Boy-LP Vinyl - Rockers Records","isPartOf":{"@id":"https:\/\/rockers.de\/#website"},"primaryImageOfPage":{"@id":"https:\/\/rockers.de\/record\/thirteen-moons-little-dreaming-boy-lp-vinyl\/#primaryimage"},"image":{"@id":"https:\/\/rockers.de\/record\/thirteen-moons-little-dreaming-boy-lp-vinyl\/#primaryimage"},"thumbnailUrl":"https:\/\/rockers.de\/wp-content\/uploads\/2023\/05\/Thirteen-Moons-Little-Dreaming-Boy-LP-Vinyl-1.jpg","datePublished":"2023-05-31T16:08:51+00:00","dateModified":"2024-03-12T17:37:09+00:00","breadcrumb":{"@id":"https:\/\/rockers.de\/record\/thirteen-moons-little-dreaming-boy-lp-vinyl\/#breadcrumb"},"inLanguage":"en-US","potentialAction":[{"@type":"ReadAction","target":["https:\/\/rockers.de\/record\/thirteen-moons-little-dreaming-boy-lp-vinyl\/"]}]},{"@type":"ImageObject","inLanguage":"en-US","@id":"https:\/\/rockers.de\/record\/thirteen-moons-little-dreaming-boy-lp-vinyl\/#primaryimage","url":"https:\/\/rockers.de\/wp-content\/uploads\/2023\/05\/Thirteen-Moons-Little-Dreaming-Boy-LP-Vinyl-1.jpg","contentUrl":"https:\/\/rockers.de\/wp-content\/uploads\/2023\/05\/Thirteen-Moons-Little-Dreaming-Boy-LP-Vinyl-1.jpg","width":1800,"height":1846,"caption":"Thirteen Moons-Little Dreaming Boy-LP Vinyl"},{"@type":"BreadcrumbList","@id":"https:\/\/rockers.de\/record\/thirteen-moons-little-dreaming-boy-lp-vinyl\/#breadcrumb","itemListElement":[{"@type":"ListItem","position":1,"name":"Startseite","item":"https:\/\/rockers.de\/"},{"@type":"ListItem","position":2,"name":"Shop","item":"https:\/\/rockers.de\/shop\/"},{"@type":"ListItem","position":3,"name":"Thirteen Moons-Little Dreaming Boy-LP Vinyl"}]},{"@type":"WebSite","@id":"https:\/\/rockers.de\/#website","url":"https:\/\/rockers.de\/","name":"Rockers Records","description":"Your record store in Hanover","publisher":{"@id":"https:\/\/rockers.de\/#organization"},"potentialAction":[{"@type":"SearchAction","target":{"@type":"EntryPoint","urlTemplate":"https:\/\/rockers.de\/?s={search_term_string}"},"query-input":{"@type":"PropertyValueSpecification","valueRequired":true,"valueName":"search_term_string"}}],"inLanguage":"en-US"},{"@type":"Organization","@id":"https:\/\/rockers.de\/#organization","name":"Rockers Records","url":"https:\/\/rockers.de\/","logo":{"@type":"ImageObject","inLanguage":"en-US","@id":"https:\/\/rockers.de\/#\/schema\/logo\/image\/","url":"https:\/\/rockers.de\/wp-content\/uploads\/2022\/07\/Neue-Website-2022.jpg","contentUrl":"https:\/\/rockers.de\/wp-content\/uploads\/2022\/07\/Neue-Website-2022.jpg","width":800,"height":800,"caption":"Rockers Records"},"image":{"@id":"https:\/\/rockers.de\/#\/schema\/logo\/image\/"}}]}},"_links":{"self":[{"href":"https:\/\/rockers.de\/en\/wp-json\/wp\/v2\/product\/106994","targetHints":{"allow":["GET"]}}],"collection":[{"href":"https:\/\/rockers.de\/en\/wp-json\/wp\/v2\/product"}],"about":[{"href":"https:\/\/rockers.de\/en\/wp-json\/wp\/v2\/types\/product"}],"wp:featuredmedia":[{"embeddable":true,"href":"https:\/\/rockers.de\/en\/wp-json\/wp\/v2\/media\/106999"}],"wp:attachment":[{"href":"https:\/\/rockers.de\/en\/wp-json\/wp\/v2\/media?parent=106994"}],"wp:term":[{"taxonomy":"product_brand","embeddable":true,"href":"https:\/\/rockers.de\/en\/wp-json\/wp\/v2\/product_brand?post=106994"},{"taxonomy":"product_cat","embeddable":true,"href":"https:\/\/rockers.de\/en\/wp-json\/wp\/v2\/product_cat?post=106994"},{"taxonomy":"product_tag","embeddable":true,"href":"https:\/\/rockers.de\/en\/wp-json\/wp\/v2\/product_tag?post=106994"}],"curies":[{"name":"wp","href":"https:\/\/api.w.org\/{rel}","templated":true}]}}