{"id":106619,"date":"2023-05-25T17:48:22","date_gmt":"2023-05-25T15:48:22","guid":{"rendered":"https:\/\/rockers.de\/?post_type=product&#038;p=106619"},"modified":"2023-06-13T14:00:06","modified_gmt":"2023-06-13T12:00:06","slug":"the-blue-nile-a-walk-across-the-rooftops-lp-vinyl","status":"publish","type":"product","link":"https:\/\/rockers.de\/en\/record\/the-blue-nile-a-walk-across-the-rooftops-lp-vinyl\/","title":{"rendered":"The Blue Nile-A Walk Across The Rooftops-LP Vinyl"},"content":{"rendered":"<p>Recorded at Castlesound, Edinburgh. Mastered at Linn Records.<br \/>\nLinn Records labels with tiny Virgin logo. <\/p>\n<p>\u2117 1983 Linn Records \u00a9 1983 Linn Records<br \/>\nAll titles published by Flag 22.<br \/>\nRecorded at Castlesound, Edinburgh.<br \/>\nMastered by Linn Records. A Division of Linn Products, 235 Drakemire Drive, Glasgow UK <\/p>\n<p>Printed in Western Germany by Mohndruck Graphische Betriebe GmbH, G\u00fctersloh<br \/>\nImprim\u00e9 en R\u00e9publique F\u00e9d\u00e9rale d&#8217;Allemagne<br \/>\nTwo joint debossed, non-ink triangles stamped into the lower right area of the rear sleeve<\/p>","protected":false},"excerpt":{"rendered":"<p>Recorded at Castlesound, Edinburgh. Mastered at Linn Records.<br \/>\nLinn Records labels with tiny Virgin logo.<\/p>\n<p>\u2117 1983 Linn Records \u00a9 1983 Linn Records<br \/>\nAll titles published by Flag 22.<br \/>\nRecorded at Castlesound, Edinburgh.<br \/>\nMastered by Linn Records. A Division of Linn Products, 235 Drakemire Drive, Glasgow UK<\/p>\n<p>Printed in Western Germany by Mohndruck Graphische Betriebe GmbH, G\u00fctersloh<br \/>\nImprim\u00e9 en R\u00e9publique F\u00e9d\u00e9rale d&#8217;Allemagne<br \/>\nTwo joint debossed, non-ink triangles stamped into the lower right area of the rear sleeve<\/p>","protected":false},"featured_media":106624,"template":"","meta":{"_acf_changed":false},"product_brand":[],"product_cat":[548],"product_tag":[],"class_list":{"0":"post-106619","1":"product","2":"type-product","3":"status-publish","4":"has-post-thumbnail","6":"product_cat-new-wave-1980s-pop","7":"pa_att_artist-the-blue-nile","8":"pa_att_format-lp-vinyl","9":"pa_att_genre-new-wave-1980s-pop","10":"pa_att_jahr-531","11":"pa_att_label-linn-records","12":"pa_att_label-virgin","13":"pa_att_land-europe","15":"first","16":"outofstock","17":"taxable","18":"shipping-taxable","19":"purchasable","20":"product-type-simple"},"acf":[],"yoast_head":"<!-- This site is optimized with the Yoast SEO plugin v27.3 - https:\/\/yoast.com\/product\/yoast-seo-wordpress\/ -->\n<title>The Blue Nile-A Walk Across The Rooftops-LP Vinyl - Rockers Records<\/title>\n<meta name=\"robots\" content=\"index, follow, max-snippet:-1, max-image-preview:large, max-video-preview:-1\" \/>\n<link rel=\"canonical\" href=\"https:\/\/rockers.de\/en\/record\/the-blue-nile-a-walk-across-the-rooftops-lp-vinyl\/\" \/>\n<meta property=\"og:locale\" content=\"en_US\" \/>\n<meta property=\"og:type\" content=\"article\" \/>\n<meta property=\"og:title\" content=\"The Blue Nile-A Walk Across The Rooftops-LP Vinyl - Rockers Records\" \/>\n<meta property=\"og:description\" content=\"Recorded at Castlesound, Edinburgh. Mastered at Linn Records. Linn Records labels with tiny Virgin logo.  \u2117 1983 Linn Records \u00a9 1983 Linn Records All titles published by Flag 22. Recorded at Castlesound, Edinburgh. Mastered by Linn Records. A Division of Linn Products, 235 Drakemire Drive, Glasgow UK  Printed in Western Germany by Mohndruck Graphische Betriebe GmbH, G\u00fctersloh Imprim\u00e9 en R\u00e9publique F\u00e9d\u00e9rale d&#039;Allemagne Two joint debossed, non-ink triangles stamped into the lower right area of the rear sleeve\" \/>\n<meta property=\"og:url\" content=\"https:\/\/rockers.de\/en\/record\/the-blue-nile-a-walk-across-the-rooftops-lp-vinyl\/\" \/>\n<meta property=\"og:site_name\" content=\"Rockers Records\" \/>\n<meta property=\"article:modified_time\" content=\"2023-06-13T12:00:06+00:00\" \/>\n<meta property=\"og:image\" content=\"https:\/\/rockers.de\/wp-content\/uploads\/2023\/05\/The-Blue-Nile-A-Walk-Across-The-Rooftops-LP-Vinyl-1.jpg\" \/>\n\t<meta property=\"og:image:width\" content=\"1800\" \/>\n\t<meta property=\"og:image:height\" content=\"1818\" \/>\n\t<meta property=\"og:image:type\" content=\"image\/jpeg\" \/>\n<meta name=\"twitter:card\" content=\"summary_large_image\" \/>\n<meta name=\"twitter:label1\" content=\"Est. reading time\" \/>\n\t<meta name=\"twitter:data1\" content=\"1 minute\" \/>\n<script type=\"application\/ld+json\" class=\"yoast-schema-graph\">{\"@context\":\"https:\\\/\\\/schema.org\",\"@graph\":[{\"@type\":\"WebPage\",\"@id\":\"https:\\\/\\\/rockers.de\\\/record\\\/the-blue-nile-a-walk-across-the-rooftops-lp-vinyl\\\/\",\"url\":\"https:\\\/\\\/rockers.de\\\/record\\\/the-blue-nile-a-walk-across-the-rooftops-lp-vinyl\\\/\",\"name\":\"The Blue Nile-A Walk Across The Rooftops-LP Vinyl - Rockers Records\",\"isPartOf\":{\"@id\":\"https:\\\/\\\/rockers.de\\\/#website\"},\"primaryImageOfPage\":{\"@id\":\"https:\\\/\\\/rockers.de\\\/record\\\/the-blue-nile-a-walk-across-the-rooftops-lp-vinyl\\\/#primaryimage\"},\"image\":{\"@id\":\"https:\\\/\\\/rockers.de\\\/record\\\/the-blue-nile-a-walk-across-the-rooftops-lp-vinyl\\\/#primaryimage\"},\"thumbnailUrl\":\"https:\\\/\\\/rockers.de\\\/wp-content\\\/uploads\\\/2023\\\/05\\\/The-Blue-Nile-A-Walk-Across-The-Rooftops-LP-Vinyl-1.jpg\",\"datePublished\":\"2023-05-25T15:48:22+00:00\",\"dateModified\":\"2023-06-13T12:00:06+00:00\",\"breadcrumb\":{\"@id\":\"https:\\\/\\\/rockers.de\\\/record\\\/the-blue-nile-a-walk-across-the-rooftops-lp-vinyl\\\/#breadcrumb\"},\"inLanguage\":\"en-US\",\"potentialAction\":[{\"@type\":\"ReadAction\",\"target\":[\"https:\\\/\\\/rockers.de\\\/record\\\/the-blue-nile-a-walk-across-the-rooftops-lp-vinyl\\\/\"]}]},{\"@type\":\"ImageObject\",\"inLanguage\":\"en-US\",\"@id\":\"https:\\\/\\\/rockers.de\\\/record\\\/the-blue-nile-a-walk-across-the-rooftops-lp-vinyl\\\/#primaryimage\",\"url\":\"https:\\\/\\\/rockers.de\\\/wp-content\\\/uploads\\\/2023\\\/05\\\/The-Blue-Nile-A-Walk-Across-The-Rooftops-LP-Vinyl-1.jpg\",\"contentUrl\":\"https:\\\/\\\/rockers.de\\\/wp-content\\\/uploads\\\/2023\\\/05\\\/The-Blue-Nile-A-Walk-Across-The-Rooftops-LP-Vinyl-1.jpg\",\"width\":1800,\"height\":1818,\"caption\":\"The Blue Nile-A Walk Across The Rooftops-LP Vinyl\"},{\"@type\":\"BreadcrumbList\",\"@id\":\"https:\\\/\\\/rockers.de\\\/record\\\/the-blue-nile-a-walk-across-the-rooftops-lp-vinyl\\\/#breadcrumb\",\"itemListElement\":[{\"@type\":\"ListItem\",\"position\":1,\"name\":\"Startseite\",\"item\":\"https:\\\/\\\/rockers.de\\\/\"},{\"@type\":\"ListItem\",\"position\":2,\"name\":\"Shop\",\"item\":\"https:\\\/\\\/rockers.de\\\/shop\\\/\"},{\"@type\":\"ListItem\",\"position\":3,\"name\":\"The Blue Nile-A Walk Across The Rooftops-LP Vinyl\"}]},{\"@type\":\"WebSite\",\"@id\":\"https:\\\/\\\/rockers.de\\\/#website\",\"url\":\"https:\\\/\\\/rockers.de\\\/\",\"name\":\"Rockers Records\",\"description\":\"Dein Schallplatten Store in Hannover\",\"publisher\":{\"@id\":\"https:\\\/\\\/rockers.de\\\/#organization\"},\"potentialAction\":[{\"@type\":\"SearchAction\",\"target\":{\"@type\":\"EntryPoint\",\"urlTemplate\":\"https:\\\/\\\/rockers.de\\\/?s={search_term_string}\"},\"query-input\":{\"@type\":\"PropertyValueSpecification\",\"valueRequired\":true,\"valueName\":\"search_term_string\"}}],\"inLanguage\":\"en-US\"},{\"@type\":\"Organization\",\"@id\":\"https:\\\/\\\/rockers.de\\\/#organization\",\"name\":\"Rockers Records\",\"url\":\"https:\\\/\\\/rockers.de\\\/\",\"logo\":{\"@type\":\"ImageObject\",\"inLanguage\":\"en-US\",\"@id\":\"https:\\\/\\\/rockers.de\\\/#\\\/schema\\\/logo\\\/image\\\/\",\"url\":\"https:\\\/\\\/rockers.de\\\/wp-content\\\/uploads\\\/2022\\\/07\\\/Neue-Website-2022.jpg\",\"contentUrl\":\"https:\\\/\\\/rockers.de\\\/wp-content\\\/uploads\\\/2022\\\/07\\\/Neue-Website-2022.jpg\",\"width\":800,\"height\":800,\"caption\":\"Rockers Records\"},\"image\":{\"@id\":\"https:\\\/\\\/rockers.de\\\/#\\\/schema\\\/logo\\\/image\\\/\"}}]}<\/script>\n<!-- \/ Yoast SEO plugin. -->","yoast_head_json":{"title":"The Blue Nile-A Walk Across The Rooftops-LP Vinyl - Rockers Records","robots":{"index":"index","follow":"follow","max-snippet":"max-snippet:-1","max-image-preview":"max-image-preview:large","max-video-preview":"max-video-preview:-1"},"canonical":"https:\/\/rockers.de\/en\/record\/the-blue-nile-a-walk-across-the-rooftops-lp-vinyl\/","og_locale":"en_US","og_type":"article","og_title":"The Blue Nile-A Walk Across The Rooftops-LP Vinyl - Rockers Records","og_description":"Recorded at Castlesound, Edinburgh. Mastered at Linn Records. Linn Records labels with tiny Virgin logo.  \u2117 1983 Linn Records \u00a9 1983 Linn Records All titles published by Flag 22. Recorded at Castlesound, Edinburgh. Mastered by Linn Records. A Division of Linn Products, 235 Drakemire Drive, Glasgow UK  Printed in Western Germany by Mohndruck Graphische Betriebe GmbH, G\u00fctersloh Imprim\u00e9 en R\u00e9publique F\u00e9d\u00e9rale d'Allemagne Two joint debossed, non-ink triangles stamped into the lower right area of the rear sleeve","og_url":"https:\/\/rockers.de\/en\/record\/the-blue-nile-a-walk-across-the-rooftops-lp-vinyl\/","og_site_name":"Rockers Records","article_modified_time":"2023-06-13T12:00:06+00:00","og_image":[{"width":1800,"height":1818,"url":"https:\/\/rockers.de\/wp-content\/uploads\/2023\/05\/The-Blue-Nile-A-Walk-Across-The-Rooftops-LP-Vinyl-1.jpg","type":"image\/jpeg"}],"twitter_card":"summary_large_image","twitter_misc":{"Est. reading time":"1 minute"},"schema":{"@context":"https:\/\/schema.org","@graph":[{"@type":"WebPage","@id":"https:\/\/rockers.de\/record\/the-blue-nile-a-walk-across-the-rooftops-lp-vinyl\/","url":"https:\/\/rockers.de\/record\/the-blue-nile-a-walk-across-the-rooftops-lp-vinyl\/","name":"The Blue Nile-A Walk Across The Rooftops-LP Vinyl - Rockers Records","isPartOf":{"@id":"https:\/\/rockers.de\/#website"},"primaryImageOfPage":{"@id":"https:\/\/rockers.de\/record\/the-blue-nile-a-walk-across-the-rooftops-lp-vinyl\/#primaryimage"},"image":{"@id":"https:\/\/rockers.de\/record\/the-blue-nile-a-walk-across-the-rooftops-lp-vinyl\/#primaryimage"},"thumbnailUrl":"https:\/\/rockers.de\/wp-content\/uploads\/2023\/05\/The-Blue-Nile-A-Walk-Across-The-Rooftops-LP-Vinyl-1.jpg","datePublished":"2023-05-25T15:48:22+00:00","dateModified":"2023-06-13T12:00:06+00:00","breadcrumb":{"@id":"https:\/\/rockers.de\/record\/the-blue-nile-a-walk-across-the-rooftops-lp-vinyl\/#breadcrumb"},"inLanguage":"en-US","potentialAction":[{"@type":"ReadAction","target":["https:\/\/rockers.de\/record\/the-blue-nile-a-walk-across-the-rooftops-lp-vinyl\/"]}]},{"@type":"ImageObject","inLanguage":"en-US","@id":"https:\/\/rockers.de\/record\/the-blue-nile-a-walk-across-the-rooftops-lp-vinyl\/#primaryimage","url":"https:\/\/rockers.de\/wp-content\/uploads\/2023\/05\/The-Blue-Nile-A-Walk-Across-The-Rooftops-LP-Vinyl-1.jpg","contentUrl":"https:\/\/rockers.de\/wp-content\/uploads\/2023\/05\/The-Blue-Nile-A-Walk-Across-The-Rooftops-LP-Vinyl-1.jpg","width":1800,"height":1818,"caption":"The Blue Nile-A Walk Across The Rooftops-LP Vinyl"},{"@type":"BreadcrumbList","@id":"https:\/\/rockers.de\/record\/the-blue-nile-a-walk-across-the-rooftops-lp-vinyl\/#breadcrumb","itemListElement":[{"@type":"ListItem","position":1,"name":"Startseite","item":"https:\/\/rockers.de\/"},{"@type":"ListItem","position":2,"name":"Shop","item":"https:\/\/rockers.de\/shop\/"},{"@type":"ListItem","position":3,"name":"The Blue Nile-A Walk Across The Rooftops-LP Vinyl"}]},{"@type":"WebSite","@id":"https:\/\/rockers.de\/#website","url":"https:\/\/rockers.de\/","name":"Rockers Records","description":"Your record store in Hanover","publisher":{"@id":"https:\/\/rockers.de\/#organization"},"potentialAction":[{"@type":"SearchAction","target":{"@type":"EntryPoint","urlTemplate":"https:\/\/rockers.de\/?s={search_term_string}"},"query-input":{"@type":"PropertyValueSpecification","valueRequired":true,"valueName":"search_term_string"}}],"inLanguage":"en-US"},{"@type":"Organization","@id":"https:\/\/rockers.de\/#organization","name":"Rockers Records","url":"https:\/\/rockers.de\/","logo":{"@type":"ImageObject","inLanguage":"en-US","@id":"https:\/\/rockers.de\/#\/schema\/logo\/image\/","url":"https:\/\/rockers.de\/wp-content\/uploads\/2022\/07\/Neue-Website-2022.jpg","contentUrl":"https:\/\/rockers.de\/wp-content\/uploads\/2022\/07\/Neue-Website-2022.jpg","width":800,"height":800,"caption":"Rockers Records"},"image":{"@id":"https:\/\/rockers.de\/#\/schema\/logo\/image\/"}}]}},"_links":{"self":[{"href":"https:\/\/rockers.de\/en\/wp-json\/wp\/v2\/product\/106619","targetHints":{"allow":["GET"]}}],"collection":[{"href":"https:\/\/rockers.de\/en\/wp-json\/wp\/v2\/product"}],"about":[{"href":"https:\/\/rockers.de\/en\/wp-json\/wp\/v2\/types\/product"}],"wp:featuredmedia":[{"embeddable":true,"href":"https:\/\/rockers.de\/en\/wp-json\/wp\/v2\/media\/106624"}],"wp:attachment":[{"href":"https:\/\/rockers.de\/en\/wp-json\/wp\/v2\/media?parent=106619"}],"wp:term":[{"taxonomy":"product_brand","embeddable":true,"href":"https:\/\/rockers.de\/en\/wp-json\/wp\/v2\/product_brand?post=106619"},{"taxonomy":"product_cat","embeddable":true,"href":"https:\/\/rockers.de\/en\/wp-json\/wp\/v2\/product_cat?post=106619"},{"taxonomy":"product_tag","embeddable":true,"href":"https:\/\/rockers.de\/en\/wp-json\/wp\/v2\/product_tag?post=106619"}],"curies":[{"name":"wp","href":"https:\/\/api.w.org\/{rel}","templated":true}]}}