{"id":103920,"date":"2023-05-04T14:29:18","date_gmt":"2023-05-04T12:29:18","guid":{"rendered":"https:\/\/rockers.de\/?post_type=product&#038;p=103920"},"modified":"2024-11-04T21:15:08","modified_gmt":"2024-11-04T20:15:08","slug":"die-toten-hosen-kauf-mich-1993-2023-lp-vinyl","status":"publish","type":"product","link":"https:\/\/rockers.de\/en\/record\/die-toten-hosen-kauf-mich-1993-2023-lp-vinyl\/","title":{"rendered":"Die Toten Hosen-Kauf MICH!-LP Vinyl"},"content":{"rendered":"<p>Die 30 Jahre-Jubil\u00e4umsedition, limitiert und durchnummeriert, Box-Set mit Buch,<br \/>\nlimited numbered edition of 7.000 copies in hardcover book sleeve<\/p>","protected":false},"excerpt":{"rendered":"<p>\u201eKauf Mich!\u201c 1993 \u2013 2023: Die 30 Jahre-Jubil\u00e4umsedition<\/p>\n<p>Limited to 7.000<\/p>\n<p>&#8211; Hardcover Gatefold-Deluxe-Book<br \/>\n&#8211; 180g Vinyl<br \/>\n&#8211; 2 CDs (inkl. Bonus-CD)<br \/>\n&#8211; 32 Seiten Booklet im LP-Format mit vielen Worten und bunten Bildern!<\/p>\n<p>Im Mai vor 30 Jahren wurde \u201eKauf Mich!\u201c, das neunte Album der Toten Hosen ver\u00f6ffentlicht. Anl\u00e4sslich dieses runden Geburtstages erscheint der Longplayer endlich wieder als Vinyl in einer liebevoll aufgemachten Jubil\u00e4umsausgabe.<\/p>\n<p>Mit der Scheibe gelang der Band drei Jahre nach der Ver\u00f6ffentlichung von \u201eAuf dem Kreuzzug ins Gl\u00fcck\u201c zum zweiten Mal der Sprung auf Platz 1 der Charts. Das war der Beweis, dass man sich mit harter deutschsprachiger Rockmusik auch dauerhaft bei einem gro\u00dfen Publikum festbei\u00dfen konnte, was damals noch die absolute Ausnahme war. Die Toten Hosen hatten das Kunstst\u00fcck geschafft, sich nach ihren eigenen Regeln und mit ihrem eigenen Sound durchzusetzen. Mit Texten, die ein breites Spektrum von schwarzem Humor bis hin zu t\u00f6dlicher Liebe und brennender Leidenschaft abbildeten. Es war alles dabei.<\/p>\n<p>\u201eKauf Mich!\u201c enth\u00e4lt mit \u201eW\u00fcnsch DIR Was\u201c und \u201eAlles aus Liebe\u201c nicht nur zwei der gr\u00f6\u00dften Hits der Bandgeschichte, sondern mit \u201eSascha\u2026 ein aufrechter Deutscher\u201c und \u201eWillkommen in Deutschland\u201c auch zwei ihrer bekanntesten politischen Lieder, die bis heute leider nichts von ihrer Aktualit\u00e4t verloren haben. Zusammen mit den restlichen Songs des Albums entwarf die Band das grellbunte Sittengem\u00e4lde eines Landes, das sich f\u00fchlbar noch immer mit seiner \u00fcberraschenden Wiedervereinigung abm\u00fchte und den gegenseitigen Kennenlernprozess noch lange nicht abgeschlossen hatte. \u201eKauf Mich!\u201c war 1993 der Soundtrack zu diesen Geschehnissen. Eine irrwitzige Melange aus Stadion-, Glam- und Punkrock machte es zu einem ihrer wichtigsten Alben.<\/p>\n<p>\u201eKauf Mich! 1993 \u2013 2023: Die 30 Jahre-Jubil\u00e4umsedition&#8220; erscheint in einer auf 7.000 Exemplare limitierten und nummerierten Auflage. Das aufwendige Hardcover-Gatefold-Deluxe-Book enth\u00e4lt das Album als 180g-Vinylschallplatte und CD sowie eine Bonus-CD mit allen Single-B-Seiten des Albums. Das 32seitige Booklet enth\u00e4lt viele zum Teil noch nie gezeigte Fotos, Dokumente und Artefakte aus dem Archiv der Band. Zus\u00e4tzlich versucht sich K. Podkowik, einer der international versiertesten DTH-Sachverst\u00e4ndigen, in einem gro\u00dfen, mehrseitigen Interview gemeinsam mit den Hosen an einer musikhistorisch korrekten Einordnung dieser Ver\u00f6ffentlichung in das Gesamtwerk der Band.<\/p>","protected":false},"featured_media":103925,"template":"","meta":{"_acf_changed":false},"product_brand":[],"product_cat":[538],"product_tag":[],"class_list":{"0":"post-103920","1":"product","2":"type-product","3":"status-publish","4":"has-post-thumbnail","6":"product_cat-punk-deutschland","7":"pa_att_artist-die-toten-hosen","8":"pa_att_format-cd","9":"pa_att_format-lp-vinyl","10":"pa_att_genre-punk-deutschland","11":"pa_att_jahr-18232","12":"pa_att_label-jochens-kleine-plattenfirma-jkp","13":"pa_att_land-europe","15":"first","16":"outofstock","17":"taxable","18":"shipping-taxable","19":"purchasable","20":"product-type-simple"},"acf":[],"yoast_head":"<!-- This site is optimized with the Yoast SEO plugin v27.3 - https:\/\/yoast.com\/product\/yoast-seo-wordpress\/ -->\n<title>Die Toten Hosen-Kauf MICH!-LP Vinyl - Rockers Records<\/title>\n<meta name=\"robots\" content=\"index, follow, max-snippet:-1, max-image-preview:large, max-video-preview:-1\" \/>\n<link rel=\"canonical\" href=\"https:\/\/rockers.de\/en\/record\/die-toten-hosen-kauf-mich-1993-2023-lp-vinyl\/\" \/>\n<meta property=\"og:locale\" content=\"en_US\" \/>\n<meta property=\"og:type\" content=\"article\" \/>\n<meta property=\"og:title\" content=\"Die Toten Hosen-Kauf MICH!-LP Vinyl - Rockers Records\" \/>\n<meta property=\"og:description\" content=\"\u201eKauf Mich!\u201c 1993 \u2013 2023: Die 30 Jahre-Jubil\u00e4umsedition  Limited to 7.000  - Hardcover Gatefold-Deluxe-Book - 180g Vinyl - 2 CDs (inkl. Bonus-CD) - 32 Seiten Booklet im LP-Format mit vielen Worten und bunten Bildern!  Im Mai vor 30 Jahren wurde \u201eKauf Mich!\u201c, das neunte Album der Toten Hosen ver\u00f6ffentlicht. Anl\u00e4sslich dieses runden Geburtstages erscheint der Longplayer endlich wieder als Vinyl in einer liebevoll aufgemachten Jubil\u00e4umsausgabe.  Mit der Scheibe gelang der Band drei Jahre nach der Ver\u00f6ffentlichung von \u201eAuf dem Kreuzzug ins Gl\u00fcck\u201c zum zweiten Mal der Sprung auf Platz 1 der Charts. Das war der Beweis, dass man sich mit harter deutschsprachiger Rockmusik auch dauerhaft bei einem gro\u00dfen Publikum festbei\u00dfen konnte, was damals noch die absolute Ausnahme war. Die Toten Hosen hatten das Kunstst\u00fcck geschafft, sich nach ihren eigenen Regeln und mit ihrem eigenen Sound durchzusetzen. Mit Texten, die ein breites Spektrum von schwarzem Humor bis hin zu t\u00f6dlicher Liebe und brennender Leidenschaft abbildeten. Es war alles dabei.  \u201eKauf Mich!\u201c enth\u00e4lt mit \u201eW\u00fcnsch DIR Was\u201c und \u201eAlles aus Liebe\u201c nicht nur zwei der gr\u00f6\u00dften Hits der Bandgeschichte, sondern mit \u201eSascha\u2026 ein aufrechter Deutscher\u201c und \u201eWillkommen in Deutschland\u201c auch zwei ihrer bekanntesten politischen Lieder, die bis heute leider nichts von ihrer Aktualit\u00e4t verloren haben. Zusammen mit den restlichen Songs des Albums entwarf die Band das grellbunte Sittengem\u00e4lde eines Landes, das sich f\u00fchlbar noch immer mit seiner \u00fcberraschenden Wiedervereinigung abm\u00fchte und den gegenseitigen Kennenlernprozess noch lange nicht abgeschlossen hatte. \u201eKauf Mich!\u201c war 1993 der Soundtrack zu diesen Geschehnissen. Eine irrwitzige Melange aus Stadion-, Glam- und Punkrock machte es zu einem ihrer wichtigsten Alben.  \u201eKauf Mich! 1993 \u2013 2023: Die 30 Jahre-Jubil\u00e4umsedition&quot; erscheint in einer auf 7.000 Exemplare limitierten und nummerierten Auflage. Das aufwendige Hardcover-Gatefold-Deluxe-Book enth\u00e4lt das Album als 180g-Vinylschallplatte und CD sowie eine Bonus-CD mit allen Single-B-Seiten des Albums. Das 32seitige Booklet enth\u00e4lt viele zum Teil noch nie gezeigte Fotos, Dokumente und Artefakte aus dem Archiv der Band. Zus\u00e4tzlich versucht sich K. Podkowik, einer der international versiertesten DTH-Sachverst\u00e4ndigen, in einem gro\u00dfen, mehrseitigen Interview gemeinsam mit den Hosen an einer musikhistorisch korrekten Einordnung dieser Ver\u00f6ffentlichung in das Gesamtwerk der Band.\" \/>\n<meta property=\"og:url\" content=\"https:\/\/rockers.de\/en\/record\/die-toten-hosen-kauf-mich-1993-2023-lp-vinyl\/\" \/>\n<meta property=\"og:site_name\" content=\"Rockers Records\" \/>\n<meta property=\"article:modified_time\" content=\"2024-11-04T20:15:08+00:00\" \/>\n<meta property=\"og:image\" content=\"https:\/\/rockers.de\/wp-content\/uploads\/2023\/05\/Die-Toten-Hosen-Kauf-MICH-1993-\u2013-2023-LP-Vinyl-1.jpg\" \/>\n\t<meta property=\"og:image:width\" content=\"1800\" \/>\n\t<meta property=\"og:image:height\" content=\"1859\" \/>\n\t<meta property=\"og:image:type\" content=\"image\/jpeg\" \/>\n<meta name=\"twitter:card\" content=\"summary_large_image\" \/>\n<meta name=\"twitter:label1\" content=\"Est. reading time\" \/>\n\t<meta name=\"twitter:data1\" content=\"2 minutes\" \/>\n<script type=\"application\/ld+json\" class=\"yoast-schema-graph\">{\"@context\":\"https:\\\/\\\/schema.org\",\"@graph\":[{\"@type\":\"WebPage\",\"@id\":\"https:\\\/\\\/rockers.de\\\/record\\\/die-toten-hosen-kauf-mich-1993-2023-lp-vinyl\\\/\",\"url\":\"https:\\\/\\\/rockers.de\\\/record\\\/die-toten-hosen-kauf-mich-1993-2023-lp-vinyl\\\/\",\"name\":\"Die Toten Hosen-Kauf MICH!-LP Vinyl - Rockers Records\",\"isPartOf\":{\"@id\":\"https:\\\/\\\/rockers.de\\\/#website\"},\"primaryImageOfPage\":{\"@id\":\"https:\\\/\\\/rockers.de\\\/record\\\/die-toten-hosen-kauf-mich-1993-2023-lp-vinyl\\\/#primaryimage\"},\"image\":{\"@id\":\"https:\\\/\\\/rockers.de\\\/record\\\/die-toten-hosen-kauf-mich-1993-2023-lp-vinyl\\\/#primaryimage\"},\"thumbnailUrl\":\"https:\\\/\\\/rockers.de\\\/wp-content\\\/uploads\\\/2023\\\/05\\\/Die-Toten-Hosen-Kauf-MICH-1993-\u2013-2023-LP-Vinyl-1.jpg\",\"datePublished\":\"2023-05-04T12:29:18+00:00\",\"dateModified\":\"2024-11-04T20:15:08+00:00\",\"breadcrumb\":{\"@id\":\"https:\\\/\\\/rockers.de\\\/record\\\/die-toten-hosen-kauf-mich-1993-2023-lp-vinyl\\\/#breadcrumb\"},\"inLanguage\":\"en-US\",\"potentialAction\":[{\"@type\":\"ReadAction\",\"target\":[\"https:\\\/\\\/rockers.de\\\/record\\\/die-toten-hosen-kauf-mich-1993-2023-lp-vinyl\\\/\"]}]},{\"@type\":\"ImageObject\",\"inLanguage\":\"en-US\",\"@id\":\"https:\\\/\\\/rockers.de\\\/record\\\/die-toten-hosen-kauf-mich-1993-2023-lp-vinyl\\\/#primaryimage\",\"url\":\"https:\\\/\\\/rockers.de\\\/wp-content\\\/uploads\\\/2023\\\/05\\\/Die-Toten-Hosen-Kauf-MICH-1993-\u2013-2023-LP-Vinyl-1.jpg\",\"contentUrl\":\"https:\\\/\\\/rockers.de\\\/wp-content\\\/uploads\\\/2023\\\/05\\\/Die-Toten-Hosen-Kauf-MICH-1993-\u2013-2023-LP-Vinyl-1.jpg\",\"width\":1800,\"height\":1859,\"caption\":\"Die Toten Hosen-Kauf MICH! 1993 \u2013 2023-LP Vinyl\"},{\"@type\":\"BreadcrumbList\",\"@id\":\"https:\\\/\\\/rockers.de\\\/record\\\/die-toten-hosen-kauf-mich-1993-2023-lp-vinyl\\\/#breadcrumb\",\"itemListElement\":[{\"@type\":\"ListItem\",\"position\":1,\"name\":\"Startseite\",\"item\":\"https:\\\/\\\/rockers.de\\\/\"},{\"@type\":\"ListItem\",\"position\":2,\"name\":\"Shop\",\"item\":\"https:\\\/\\\/rockers.de\\\/shop\\\/\"},{\"@type\":\"ListItem\",\"position\":3,\"name\":\"Die Toten Hosen-Kauf MICH!-LP Vinyl\"}]},{\"@type\":\"WebSite\",\"@id\":\"https:\\\/\\\/rockers.de\\\/#website\",\"url\":\"https:\\\/\\\/rockers.de\\\/\",\"name\":\"Rockers Records\",\"description\":\"Dein Schallplatten Store in Hannover\",\"publisher\":{\"@id\":\"https:\\\/\\\/rockers.de\\\/#organization\"},\"potentialAction\":[{\"@type\":\"SearchAction\",\"target\":{\"@type\":\"EntryPoint\",\"urlTemplate\":\"https:\\\/\\\/rockers.de\\\/?s={search_term_string}\"},\"query-input\":{\"@type\":\"PropertyValueSpecification\",\"valueRequired\":true,\"valueName\":\"search_term_string\"}}],\"inLanguage\":\"en-US\"},{\"@type\":\"Organization\",\"@id\":\"https:\\\/\\\/rockers.de\\\/#organization\",\"name\":\"Rockers Records\",\"url\":\"https:\\\/\\\/rockers.de\\\/\",\"logo\":{\"@type\":\"ImageObject\",\"inLanguage\":\"en-US\",\"@id\":\"https:\\\/\\\/rockers.de\\\/#\\\/schema\\\/logo\\\/image\\\/\",\"url\":\"https:\\\/\\\/rockers.de\\\/wp-content\\\/uploads\\\/2022\\\/07\\\/Neue-Website-2022.jpg\",\"contentUrl\":\"https:\\\/\\\/rockers.de\\\/wp-content\\\/uploads\\\/2022\\\/07\\\/Neue-Website-2022.jpg\",\"width\":800,\"height\":800,\"caption\":\"Rockers Records\"},\"image\":{\"@id\":\"https:\\\/\\\/rockers.de\\\/#\\\/schema\\\/logo\\\/image\\\/\"}}]}<\/script>\n<!-- \/ Yoast SEO plugin. -->","yoast_head_json":{"title":"Die Toten Hosen-Kauf MICH!-LP Vinyl - Rockers Records","robots":{"index":"index","follow":"follow","max-snippet":"max-snippet:-1","max-image-preview":"max-image-preview:large","max-video-preview":"max-video-preview:-1"},"canonical":"https:\/\/rockers.de\/en\/record\/die-toten-hosen-kauf-mich-1993-2023-lp-vinyl\/","og_locale":"en_US","og_type":"article","og_title":"Die Toten Hosen-Kauf MICH!-LP Vinyl - Rockers Records","og_description":"\u201eKauf Mich!\u201c 1993 \u2013 2023: Die 30 Jahre-Jubil\u00e4umsedition  Limited to 7.000  - Hardcover Gatefold-Deluxe-Book - 180g Vinyl - 2 CDs (inkl. Bonus-CD) - 32 Seiten Booklet im LP-Format mit vielen Worten und bunten Bildern!  Im Mai vor 30 Jahren wurde \u201eKauf Mich!\u201c, das neunte Album der Toten Hosen ver\u00f6ffentlicht. Anl\u00e4sslich dieses runden Geburtstages erscheint der Longplayer endlich wieder als Vinyl in einer liebevoll aufgemachten Jubil\u00e4umsausgabe.  Mit der Scheibe gelang der Band drei Jahre nach der Ver\u00f6ffentlichung von \u201eAuf dem Kreuzzug ins Gl\u00fcck\u201c zum zweiten Mal der Sprung auf Platz 1 der Charts. Das war der Beweis, dass man sich mit harter deutschsprachiger Rockmusik auch dauerhaft bei einem gro\u00dfen Publikum festbei\u00dfen konnte, was damals noch die absolute Ausnahme war. Die Toten Hosen hatten das Kunstst\u00fcck geschafft, sich nach ihren eigenen Regeln und mit ihrem eigenen Sound durchzusetzen. Mit Texten, die ein breites Spektrum von schwarzem Humor bis hin zu t\u00f6dlicher Liebe und brennender Leidenschaft abbildeten. Es war alles dabei.  \u201eKauf Mich!\u201c enth\u00e4lt mit \u201eW\u00fcnsch DIR Was\u201c und \u201eAlles aus Liebe\u201c nicht nur zwei der gr\u00f6\u00dften Hits der Bandgeschichte, sondern mit \u201eSascha\u2026 ein aufrechter Deutscher\u201c und \u201eWillkommen in Deutschland\u201c auch zwei ihrer bekanntesten politischen Lieder, die bis heute leider nichts von ihrer Aktualit\u00e4t verloren haben. Zusammen mit den restlichen Songs des Albums entwarf die Band das grellbunte Sittengem\u00e4lde eines Landes, das sich f\u00fchlbar noch immer mit seiner \u00fcberraschenden Wiedervereinigung abm\u00fchte und den gegenseitigen Kennenlernprozess noch lange nicht abgeschlossen hatte. \u201eKauf Mich!\u201c war 1993 der Soundtrack zu diesen Geschehnissen. Eine irrwitzige Melange aus Stadion-, Glam- und Punkrock machte es zu einem ihrer wichtigsten Alben.  \u201eKauf Mich! 1993 \u2013 2023: Die 30 Jahre-Jubil\u00e4umsedition\" erscheint in einer auf 7.000 Exemplare limitierten und nummerierten Auflage. Das aufwendige Hardcover-Gatefold-Deluxe-Book enth\u00e4lt das Album als 180g-Vinylschallplatte und CD sowie eine Bonus-CD mit allen Single-B-Seiten des Albums. Das 32seitige Booklet enth\u00e4lt viele zum Teil noch nie gezeigte Fotos, Dokumente und Artefakte aus dem Archiv der Band. Zus\u00e4tzlich versucht sich K. Podkowik, einer der international versiertesten DTH-Sachverst\u00e4ndigen, in einem gro\u00dfen, mehrseitigen Interview gemeinsam mit den Hosen an einer musikhistorisch korrekten Einordnung dieser Ver\u00f6ffentlichung in das Gesamtwerk der Band.","og_url":"https:\/\/rockers.de\/en\/record\/die-toten-hosen-kauf-mich-1993-2023-lp-vinyl\/","og_site_name":"Rockers Records","article_modified_time":"2024-11-04T20:15:08+00:00","og_image":[{"width":1800,"height":1859,"url":"https:\/\/rockers.de\/wp-content\/uploads\/2023\/05\/Die-Toten-Hosen-Kauf-MICH-1993-\u2013-2023-LP-Vinyl-1.jpg","type":"image\/jpeg"}],"twitter_card":"summary_large_image","twitter_misc":{"Est. reading time":"2 minutes"},"schema":{"@context":"https:\/\/schema.org","@graph":[{"@type":"WebPage","@id":"https:\/\/rockers.de\/record\/die-toten-hosen-kauf-mich-1993-2023-lp-vinyl\/","url":"https:\/\/rockers.de\/record\/die-toten-hosen-kauf-mich-1993-2023-lp-vinyl\/","name":"Die Toten Hosen-Kauf MICH!-LP Vinyl - Rockers Records","isPartOf":{"@id":"https:\/\/rockers.de\/#website"},"primaryImageOfPage":{"@id":"https:\/\/rockers.de\/record\/die-toten-hosen-kauf-mich-1993-2023-lp-vinyl\/#primaryimage"},"image":{"@id":"https:\/\/rockers.de\/record\/die-toten-hosen-kauf-mich-1993-2023-lp-vinyl\/#primaryimage"},"thumbnailUrl":"https:\/\/rockers.de\/wp-content\/uploads\/2023\/05\/Die-Toten-Hosen-Kauf-MICH-1993-\u2013-2023-LP-Vinyl-1.jpg","datePublished":"2023-05-04T12:29:18+00:00","dateModified":"2024-11-04T20:15:08+00:00","breadcrumb":{"@id":"https:\/\/rockers.de\/record\/die-toten-hosen-kauf-mich-1993-2023-lp-vinyl\/#breadcrumb"},"inLanguage":"en-US","potentialAction":[{"@type":"ReadAction","target":["https:\/\/rockers.de\/record\/die-toten-hosen-kauf-mich-1993-2023-lp-vinyl\/"]}]},{"@type":"ImageObject","inLanguage":"en-US","@id":"https:\/\/rockers.de\/record\/die-toten-hosen-kauf-mich-1993-2023-lp-vinyl\/#primaryimage","url":"https:\/\/rockers.de\/wp-content\/uploads\/2023\/05\/Die-Toten-Hosen-Kauf-MICH-1993-\u2013-2023-LP-Vinyl-1.jpg","contentUrl":"https:\/\/rockers.de\/wp-content\/uploads\/2023\/05\/Die-Toten-Hosen-Kauf-MICH-1993-\u2013-2023-LP-Vinyl-1.jpg","width":1800,"height":1859,"caption":"Die Toten Hosen-Kauf MICH! 1993 \u2013 2023-LP Vinyl"},{"@type":"BreadcrumbList","@id":"https:\/\/rockers.de\/record\/die-toten-hosen-kauf-mich-1993-2023-lp-vinyl\/#breadcrumb","itemListElement":[{"@type":"ListItem","position":1,"name":"Startseite","item":"https:\/\/rockers.de\/"},{"@type":"ListItem","position":2,"name":"Shop","item":"https:\/\/rockers.de\/shop\/"},{"@type":"ListItem","position":3,"name":"Die Toten Hosen-Kauf MICH!-LP Vinyl"}]},{"@type":"WebSite","@id":"https:\/\/rockers.de\/#website","url":"https:\/\/rockers.de\/","name":"Rockers Records","description":"Your record store in Hanover","publisher":{"@id":"https:\/\/rockers.de\/#organization"},"potentialAction":[{"@type":"SearchAction","target":{"@type":"EntryPoint","urlTemplate":"https:\/\/rockers.de\/?s={search_term_string}"},"query-input":{"@type":"PropertyValueSpecification","valueRequired":true,"valueName":"search_term_string"}}],"inLanguage":"en-US"},{"@type":"Organization","@id":"https:\/\/rockers.de\/#organization","name":"Rockers Records","url":"https:\/\/rockers.de\/","logo":{"@type":"ImageObject","inLanguage":"en-US","@id":"https:\/\/rockers.de\/#\/schema\/logo\/image\/","url":"https:\/\/rockers.de\/wp-content\/uploads\/2022\/07\/Neue-Website-2022.jpg","contentUrl":"https:\/\/rockers.de\/wp-content\/uploads\/2022\/07\/Neue-Website-2022.jpg","width":800,"height":800,"caption":"Rockers Records"},"image":{"@id":"https:\/\/rockers.de\/#\/schema\/logo\/image\/"}}]}},"_links":{"self":[{"href":"https:\/\/rockers.de\/en\/wp-json\/wp\/v2\/product\/103920","targetHints":{"allow":["GET"]}}],"collection":[{"href":"https:\/\/rockers.de\/en\/wp-json\/wp\/v2\/product"}],"about":[{"href":"https:\/\/rockers.de\/en\/wp-json\/wp\/v2\/types\/product"}],"wp:featuredmedia":[{"embeddable":true,"href":"https:\/\/rockers.de\/en\/wp-json\/wp\/v2\/media\/103925"}],"wp:attachment":[{"href":"https:\/\/rockers.de\/en\/wp-json\/wp\/v2\/media?parent=103920"}],"wp:term":[{"taxonomy":"product_brand","embeddable":true,"href":"https:\/\/rockers.de\/en\/wp-json\/wp\/v2\/product_brand?post=103920"},{"taxonomy":"product_cat","embeddable":true,"href":"https:\/\/rockers.de\/en\/wp-json\/wp\/v2\/product_cat?post=103920"},{"taxonomy":"product_tag","embeddable":true,"href":"https:\/\/rockers.de\/en\/wp-json\/wp\/v2\/product_tag?post=103920"}],"curies":[{"name":"wp","href":"https:\/\/api.w.org\/{rel}","templated":true}]}}